{"id":3292,"date":"2021-06-30T12:23:45","date_gmt":"2021-06-30T10:23:45","guid":{"rendered":"http:\/\/www.ieslasmarinas.es\/?page_id=3292"},"modified":"2021-06-30T12:23:45","modified_gmt":"2021-06-30T10:23:45","slug":"matriculacion-eso-y-bach-curso-2021-2022","status":"publish","type":"page","link":"https:\/\/blogsaverroes.juntadeandalucia.es\/ieslasmarinas0\/matriculacion-eso-y-bach-curso-2021-2022\/","title":{"rendered":"MATRICULACI\u00d3N ESO Y BACH CURSO 2023\/2024"},"content":{"rendered":"\n<p class=\"has-medium-font-size\"><mark class=\"has-inline-color has-vivid-red-color\">Todo el alumnado del IES Las Marinas debe realizar su matr\u00edcula entre el 01\/07\/2023 y el 10\/07\/2023,<\/mark> ambos incluidos.<\/p>\n\n\n\n<p class=\"has-text-align-center has-vivid-purple-color has-text-color has-medium-font-size\"><a href=\"http:\/\/www.ieslasmarinas.es\/formacion-profesional-basica-2\/\" data-type=\"URL\" data-id=\"http:\/\/www.ieslasmarinas.es\/formacion-profesional-basica-2\/\">Matriculaci\u00f3n FPB curso 2023\/2024<\/a><\/p>\n\n\n\n<p class=\"has-medium-font-size\">Esta matriculaci\u00f3n incluye la matriculaci\u00f3n definitiva, para el alumnado que re\u00fana los requisitos acad\u00e9micos y la matriculaci\u00f3n provisional, para el alumnado de 1\u00ba de Bachillerato cuya matriculaci\u00f3n depende de las pruebas extraordinarias de septiembre.<\/p>\n\n\n\n<div class=\"wp-block-group is-layout-flow wp-block-group-is-layout-flow\"><div class=\"wp-block-group__inner-container\">\n<div class=\"wp-block-group is-vertical is-content-justification-left is-layout-flex wp-container-core-group-layout-1 wp-block-group-is-layout-flex\">\n<p class=\"has-medium-font-size\"><strong>ACLARACIONES:<\/strong><\/p>\n\n\n\n<p class=\"has-medium-font-size\">En el caso de la matriculaci\u00f3n provisional:<\/p>\n\n\n\n<p class=\"has-medium-font-size\"><strong>a.<\/strong> El alumnado que deba presentarse a las pruebas extraordinarias de septiembre con 4 asignaturas deber\u00e1 formalizar matr\u00edcula provisional en el curso siguiente al que est\u00e1 cursando.<\/p>\n\n\n\n<p class=\"has-medium-font-size\"><strong>b.<\/strong> El alumnado que deba presentarse a as pruebas extraordinarias de septiembre con m\u00e1s de 4 asignaturas deber\u00e1 formalizar matr\u00edcula provisional en el mismo curso que est\u00e1 cursando.<\/p>\n\n\n\n<p><\/p>\n<\/div>\n<\/div><\/div>\n\n\n\n<p class=\"has-medium-font-size\"><strong>El proceso es totalmente telem\u00e1tico<\/strong> y puede realizarse durante las 24h de esos d\u00edas en el siguiente enlace:<\/p>\n\n\n\n<p class=\"has-medium-font-size\"><a rel=\"noreferrer noopener\" href=\"https:\/\/www.juntadeandalucia.es\/educacion\/secretariavirtual\/solicitudes\/\" target=\"_blank\"><span class=\"has-inline-color has-vivid-cyan-blue-color\">https:\/\/www.juntadeandalucia.es\/educacion\/secretariavirtual\/solicitudes\/<\/span><\/a><\/p>\n\n\n\n<p class=\"has-medium-font-size\"><strong>El IES Las Marinas abrir\u00e1 al p\u00fablico en horario de 9.30h a 12.30h<\/strong> para la matriculaci\u00f3n de aquellas familias que no dispongan de ordenador con acceso a internet en casa. Por lo que deben acudir solo las familias que est\u00e9n en esa situaci\u00f3n, evitando as\u00ed colas y esperas innecesarias para hacer lo mismo que har\u00edan en sus casas.<\/p>\n\n\n\n<p class=\"has-medium-font-size\">Es absolutamente necesario el acceso a iPASEN y la clave iANDE.<\/p>\n\n\n\n<p class=\"has-pale-cyan-blue-background-color has-background\">Para acceder al <span class=\"has-inline-color has-vivid-red-color\">Identificador Andaluz Educativo (IANDE)<\/span>, entraremos en iPasen, en la esquina superior derecha encontraremos un bocadillo con puntos, pulsamos y en mensajes recibidos encontraremos dicho indicador.<\/p>\n\n\n\n<figure class=\"wp-block-gallery has-nested-images columns-default is-cropped wp-block-gallery-1 is-layout-flex wp-block-gallery-is-layout-flex\">\n<figure class=\"wp-block-image\"><img loading=\"lazy\" decoding=\"async\" width=\"169\" height=\"300\" data-id=\"3556\" src=\"https:\/\/blogsaverroes.juntadeandalucia.es\/ieslasmarinas0\/files\/2022\/07\/1-1-169x300.jpeg\" alt=\"\" class=\"wp-image-3556\" srcset=\"https:\/\/blogsaverroes.juntadeandalucia.es\/ieslasmarinas0\/files\/2022\/07\/1-1-169x300.jpeg 169w, https:\/\/blogsaverroes.juntadeandalucia.es\/ieslasmarinas0\/files\/2022\/07\/1-1-576x1024.jpeg 576w, https:\/\/blogsaverroes.juntadeandalucia.es\/ieslasmarinas0\/files\/2022\/07\/1-1.jpeg 750w\" sizes=\"(max-width: 169px) 100vw, 169px\" \/><\/figure>\n\n\n\n<figure class=\"wp-block-image\"><img decoding=\"async\" data-id=\"3564\" src=\"http:\/\/www.ieslasmarinas.es\/wp-content\/uploads\/2022\/07\/2-1-169x300.jpeg\" alt=\"\" class=\"wp-image-3564\" \/><\/figure>\n<\/figure>\n\n\n\n<p class=\"has-pale-cyan-blue-background-color has-background\">Desde iPasen tambi\u00e9n podemos acceder a la oficina virtual para matricular, la ruta es \u00abacceder a iPasen, pulsar icono personas ubicado en la barra inferior de la pantalla\/ tr\u00e1mites\/secretar\u00eda virtual.<\/p>\n\n\n\n<figure class=\"wp-block-gallery has-nested-images columns-default is-cropped wp-block-gallery-2 is-layout-flex wp-block-gallery-is-layout-flex\">\n<figure class=\"wp-block-image size-medium\"><img decoding=\"async\" data-id=\"3561\" src=\"http:\/\/www.ieslasmarinas.es\/wp-content\/uploads\/2022\/07\/3-169x300.jpeg\" alt=\"\" class=\"wp-image-3561\" \/><\/figure>\n\n\n\n<figure class=\"wp-block-image size-medium\"><img decoding=\"async\" data-id=\"3562\" src=\"http:\/\/www.ieslasmarinas.es\/wp-content\/uploads\/2022\/07\/4-169x300.jpeg\" alt=\"\" class=\"wp-image-3562\" \/><\/figure>\n<\/figure>\n\n\n\n<p class=\"has-medium-font-size\">El <span class=\"has-inline-color has-vivid-red-color\">pago es obligatorio del Seguro Escolar para el alumnado de 3\u00baESO a 2\u00baBachillerato<\/span>. Se debe realizar en el siguiente enlace:<\/p>\n\n\n\n<p style=\"font-size:18px\"><mark class=\"has-inline-color has-vivid-cyan-blue-color\"><a rel=\"noreferrer noopener\" href=\"https:\/\/www.juntadeandalucia.es\/educacion\/secretariavirtual\/seguroEscolar\/pagoSeguroEscolar\/\" target=\"_blank\">https:\/\/www.juntadeandalucia.es\/educacion\/secretariavirtual\/seguroEscolar\/pagoSeguroEscolar\/<\/a><\/mark><\/p>\n\n\n\n<p class=\"has-medium-font-size\">Toda la informaci\u00f3n est\u00e1 disponible en la WEB del IES Las<br>Marinas:<\/p>\n\n\n\n<p class=\"has-medium-font-size\"><a rel=\"noreferrer noopener\" href=\"http:\/\/www.ieslasmarinas.es\/\" target=\"_blank\"><span class=\"has-inline-color has-vivid-cyan-blue-color\">http:\/\/www.ieslasmarinas.es\/<\/span><\/a><\/p>\n","protected":false},"excerpt":{"rendered":"<p>Todo el alumnado del IES Las Marinas debe realizar su matr\u00edcula entre el 01\/07\/2023 y el 10\/07\/2023, ambos incluidos. Matriculaci\u00f3n FPB curso 2023\/2024 Esta matriculaci\u00f3n incluye la matriculaci\u00f3n definitiva, para el alumnado que re\u00fana&#46;&#46;&#46;<\/p>\n","protected":false},"author":2913,"featured_media":0,"parent":0,"menu_order":0,"comment_status":"closed","ping_status":"closed","template":"","meta":{"footnotes":""},"aioseo_notices":[],"_links":{"self":[{"href":"https:\/\/blogsaverroes.juntadeandalucia.es\/ieslasmarinas0\/wp-json\/wp\/v2\/pages\/3292"}],"collection":[{"href":"https:\/\/blogsaverroes.juntadeandalucia.es\/ieslasmarinas0\/wp-json\/wp\/v2\/pages"}],"about":[{"href":"https:\/\/blogsaverroes.juntadeandalucia.es\/ieslasmarinas0\/wp-json\/wp\/v2\/types\/page"}],"author":[{"embeddable":true,"href":"https:\/\/blogsaverroes.juntadeandalucia.es\/ieslasmarinas0\/wp-json\/wp\/v2\/users\/2913"}],"replies":[{"embeddable":true,"href":"https:\/\/blogsaverroes.juntadeandalucia.es\/ieslasmarinas0\/wp-json\/wp\/v2\/comments?post=3292"}],"version-history":[{"count":0,"href":"https:\/\/blogsaverroes.juntadeandalucia.es\/ieslasmarinas0\/wp-json\/wp\/v2\/pages\/3292\/revisions"}],"wp:attachment":[{"href":"https:\/\/blogsaverroes.juntadeandalucia.es\/ieslasmarinas0\/wp-json\/wp\/v2\/media?parent=3292"}],"curies":[{"name":"wp","href":"https:\/\/api.w.org\/{rel}","templated":true}]}}