{"id":56,"date":"2019-12-02T09:57:13","date_gmt":"2019-12-02T08:57:13","guid":{"rendered":"http:\/\/www.ieslasmarinas.es\/?page_id=56"},"modified":"2019-12-02T09:57:13","modified_gmt":"2019-12-02T08:57:13","slug":"cultura-clasica","status":"publish","type":"page","link":"https:\/\/blogsaverroes.juntadeandalucia.es\/ieslasmarinas0\/cultura-clasica\/","title":{"rendered":"Lenguas Cl\u00e1sicas"},"content":{"rendered":"\n<h3 class=\"wp-block-heading\">Componentes<\/h3>\n\n\n<p>Jefe de departamento: Jos\u00e9 Mar\u00eda Cara<\/p>\n<p>Jefe de Area: Inma Villaverde<\/p>\n\n\n<h3 class=\"wp-block-heading\">Programaciones<\/h3>\n\n\n\n<figure class=\"wp-block-image size-full is-resized\"><a href=\"https:\/\/blogsaverroes.juntadeandalucia.es\/ieslasmarinas0\/files\/2022\/11\/PD-Latin-4o-ESO-2022-23.pdf\"><img loading=\"lazy\" decoding=\"async\" src=\"https:\/\/blogsaverroes.juntadeandalucia.es\/ieslasmarinas0\/files\/2020\/11\/descarga.png\" alt=\"\" class=\"wp-image-3118\" width=\"112\" height=\"112\" srcset=\"https:\/\/blogsaverroes.juntadeandalucia.es\/ieslasmarinas0\/files\/2020\/11\/descarga.png 225w, https:\/\/blogsaverroes.juntadeandalucia.es\/ieslasmarinas0\/files\/2020\/11\/descarga-150x150.png 150w, https:\/\/blogsaverroes.juntadeandalucia.es\/ieslasmarinas0\/files\/2020\/11\/descarga-80x80.png 80w\" sizes=\"(max-width: 112px) 100vw, 112px\" \/><\/a><figcaption>Lat\u00edn 4\u00ba ESO<\/figcaption><\/figure>\n\n\n\n<figure class=\"wp-block-image size-full is-resized\"><a href=\"https:\/\/blogsaverroes.juntadeandalucia.es\/ieslasmarinas0\/files\/2022\/11\/PD-Latin-2o-Bach.-2022-23.pdf\"><img loading=\"lazy\" decoding=\"async\" src=\"https:\/\/blogsaverroes.juntadeandalucia.es\/ieslasmarinas0\/files\/2020\/11\/descarga.png\" alt=\"\" class=\"wp-image-3118\" width=\"113\" height=\"113\" srcset=\"https:\/\/blogsaverroes.juntadeandalucia.es\/ieslasmarinas0\/files\/2020\/11\/descarga.png 225w, https:\/\/blogsaverroes.juntadeandalucia.es\/ieslasmarinas0\/files\/2020\/11\/descarga-150x150.png 150w, https:\/\/blogsaverroes.juntadeandalucia.es\/ieslasmarinas0\/files\/2020\/11\/descarga-80x80.png 80w\" sizes=\"(max-width: 113px) 100vw, 113px\" \/><\/a><figcaption>Lat\u00edn 2\u00ba Bachillerato<\/figcaption><\/figure>\n\n\n\n<figure class=\"wp-block-image size-full is-resized\"><a href=\"https:\/\/blogsaverroes.juntadeandalucia.es\/ieslasmarinas0\/files\/2022\/11\/PD-Griego-2o-Bach-2022-23.pdf\"><img loading=\"lazy\" decoding=\"async\" src=\"https:\/\/blogsaverroes.juntadeandalucia.es\/ieslasmarinas0\/files\/2020\/11\/descarga.png\" alt=\"\" class=\"wp-image-3118\" width=\"113\" height=\"113\" srcset=\"https:\/\/blogsaverroes.juntadeandalucia.es\/ieslasmarinas0\/files\/2020\/11\/descarga.png 225w, https:\/\/blogsaverroes.juntadeandalucia.es\/ieslasmarinas0\/files\/2020\/11\/descarga-150x150.png 150w, https:\/\/blogsaverroes.juntadeandalucia.es\/ieslasmarinas0\/files\/2020\/11\/descarga-80x80.png 80w\" sizes=\"(max-width: 113px) 100vw, 113px\" \/><\/a><figcaption>Griego 2\u00ba Bachillerato<\/figcaption><\/figure>\n\n\n\n<p><\/p>\n","protected":false},"excerpt":{"rendered":"<p>Componentes Jefe de departamento: Jos\u00e9 Mar\u00eda Cara Jefe de Area: Inma Villaverde Programaciones Lat\u00edn 4\u00ba ESO Lat\u00edn 2\u00ba Bachillerato Griego 2\u00ba Bachillerato<\/p>\n","protected":false},"author":2913,"featured_media":0,"parent":0,"menu_order":0,"comment_status":"closed","ping_status":"closed","template":"","meta":{"footnotes":""},"aioseo_notices":[],"_links":{"self":[{"href":"https:\/\/blogsaverroes.juntadeandalucia.es\/ieslasmarinas0\/wp-json\/wp\/v2\/pages\/56"}],"collection":[{"href":"https:\/\/blogsaverroes.juntadeandalucia.es\/ieslasmarinas0\/wp-json\/wp\/v2\/pages"}],"about":[{"href":"https:\/\/blogsaverroes.juntadeandalucia.es\/ieslasmarinas0\/wp-json\/wp\/v2\/types\/page"}],"author":[{"embeddable":true,"href":"https:\/\/blogsaverroes.juntadeandalucia.es\/ieslasmarinas0\/wp-json\/wp\/v2\/users\/2913"}],"replies":[{"embeddable":true,"href":"https:\/\/blogsaverroes.juntadeandalucia.es\/ieslasmarinas0\/wp-json\/wp\/v2\/comments?post=56"}],"version-history":[{"count":0,"href":"https:\/\/blogsaverroes.juntadeandalucia.es\/ieslasmarinas0\/wp-json\/wp\/v2\/pages\/56\/revisions"}],"wp:attachment":[{"href":"https:\/\/blogsaverroes.juntadeandalucia.es\/ieslasmarinas0\/wp-json\/wp\/v2\/media?parent=56"}],"curies":[{"name":"wp","href":"https:\/\/api.w.org\/{rel}","templated":true}]}}