{"id":6033,"date":"2025-01-27T12:45:53","date_gmt":"2025-01-27T11:45:53","guid":{"rendered":"https:\/\/blogsaverroes.juntadeandalucia.es\/ieslasmarinas0\/?page_id=6033"},"modified":"2025-01-27T12:45:53","modified_gmt":"2025-01-27T11:45:53","slug":"aldea-mercadillo-solidario","status":"publish","type":"page","link":"https:\/\/blogsaverroes.juntadeandalucia.es\/ieslasmarinas0\/aldea-mercadillo-solidario\/","title":{"rendered":"Aldea: Mercadillo Solidario"},"content":{"rendered":"<p style=\"text-align: center\"><span style=\"font-size: 18pt\"><strong>Aldea: Mercadillo Solidario<\/strong><\/span><\/p>\n<p>Con el alumnado de 1\u00ba de Bachillerato, hemos llevado a cabo un mercado de segunda mano que logr\u00f3 recaudar <b>400 euros<\/b> para una ONG local en Senegal. Este proyecto form\u00f3 parte de una experiencia de aprendizaje significativa, en la que los estudiantes investigaron sobre la situaci\u00f3n de los <b>ni\u00f1os talib\u00e9s<\/b> en Senegal, visualizaron un documental y participaron en una videollamada con los responsables de la ONG para conocer de cerca su realidad y trabajo.<br \/>\nEl mercadillo se organiz\u00f3 gracias a las donaciones del profesorado, que aportaron libros, ropa, dispositivos electr\u00f3nicos e incluso una bicicleta que fue sorteada. Tanto alumnado como profesorado participaron activamente comprando los productos donados, lo que hizo posible alcanzar esta cantidad.<br \/>\nLa actividad no solo permiti\u00f3 ayudar a una causa importante, sino tambi\u00e9n sensibilizar al alumnado sobre problem\u00e1ticas globales y fomentar valores de solidaridad y empat\u00eda.<\/p>\n<p><img loading=\"lazy\" decoding=\"async\" class=\"alignnone size-medium wp-image-6034 aligncenter\" src=\"https:\/\/blogsaverroes.juntadeandalucia.es\/ieslasmarinas0\/files\/2025\/01\/1000157395-300x226.jpg\" alt=\"\" width=\"300\" height=\"226\" srcset=\"https:\/\/blogsaverroes.juntadeandalucia.es\/ieslasmarinas0\/files\/2025\/01\/1000157395-300x226.jpg 300w, https:\/\/blogsaverroes.juntadeandalucia.es\/ieslasmarinas0\/files\/2025\/01\/1000157395-1024x771.jpg 1024w, https:\/\/blogsaverroes.juntadeandalucia.es\/ieslasmarinas0\/files\/2025\/01\/1000157395-768x578.jpg 768w, https:\/\/blogsaverroes.juntadeandalucia.es\/ieslasmarinas0\/files\/2025\/01\/1000157395-1536x1156.jpg 1536w, https:\/\/blogsaverroes.juntadeandalucia.es\/ieslasmarinas0\/files\/2025\/01\/1000157395.jpg 1600w\" sizes=\"(max-width: 300px) 100vw, 300px\" \/><\/p>\n<div style=\"width: 1280px;\" class=\"wp-video\"><!--[if lt IE 9]><script>document.createElement('video');<\/script><![endif]-->\n<video class=\"wp-video-shortcode\" id=\"video-6033-1\" width=\"1280\" height=\"720\" preload=\"metadata\" controls=\"controls\"><source type=\"video\/mp4\" src=\"https:\/\/blogsaverroes.juntadeandalucia.es\/ieslasmarinas0\/files\/2025\/01\/1000157771-1.mp4?_=1\" \/><a href=\"https:\/\/blogsaverroes.juntadeandalucia.es\/ieslasmarinas0\/files\/2025\/01\/1000157771-1.mp4\">https:\/\/blogsaverroes.juntadeandalucia.es\/ieslasmarinas0\/files\/2025\/01\/1000157771-1.mp4<\/a><\/video><\/div>\n<div style=\"width: 1280px;\" class=\"wp-video\"><video class=\"wp-video-shortcode\" id=\"video-6033-2\" width=\"1280\" height=\"720\" preload=\"metadata\" controls=\"controls\"><source type=\"video\/mp4\" src=\"https:\/\/blogsaverroes.juntadeandalucia.es\/ieslasmarinas0\/files\/2025\/01\/1000157444-2.mp4?_=2\" \/><a href=\"https:\/\/blogsaverroes.juntadeandalucia.es\/ieslasmarinas0\/files\/2025\/01\/1000157444-2.mp4\">https:\/\/blogsaverroes.juntadeandalucia.es\/ieslasmarinas0\/files\/2025\/01\/1000157444-2.mp4<\/a><\/video><\/div>\n<p>&nbsp;<\/p>\n","protected":false},"excerpt":{"rendered":"<p>Aldea: Mercadillo Solidario Con el alumnado de 1\u00ba de Bachillerato, hemos llevado a cabo un mercado de segunda mano que logr\u00f3 recaudar 400 euros para una ONG local en Senegal. Este proyecto form\u00f3 parte&#46;&#46;&#46;<\/p>\n","protected":false},"author":2913,"featured_media":0,"parent":0,"menu_order":0,"comment_status":"closed","ping_status":"closed","template":"","meta":{"footnotes":""},"aioseo_notices":[],"_links":{"self":[{"href":"https:\/\/blogsaverroes.juntadeandalucia.es\/ieslasmarinas0\/wp-json\/wp\/v2\/pages\/6033"}],"collection":[{"href":"https:\/\/blogsaverroes.juntadeandalucia.es\/ieslasmarinas0\/wp-json\/wp\/v2\/pages"}],"about":[{"href":"https:\/\/blogsaverroes.juntadeandalucia.es\/ieslasmarinas0\/wp-json\/wp\/v2\/types\/page"}],"author":[{"embeddable":true,"href":"https:\/\/blogsaverroes.juntadeandalucia.es\/ieslasmarinas0\/wp-json\/wp\/v2\/users\/2913"}],"replies":[{"embeddable":true,"href":"https:\/\/blogsaverroes.juntadeandalucia.es\/ieslasmarinas0\/wp-json\/wp\/v2\/comments?post=6033"}],"version-history":[{"count":1,"href":"https:\/\/blogsaverroes.juntadeandalucia.es\/ieslasmarinas0\/wp-json\/wp\/v2\/pages\/6033\/revisions"}],"predecessor-version":[{"id":6040,"href":"https:\/\/blogsaverroes.juntadeandalucia.es\/ieslasmarinas0\/wp-json\/wp\/v2\/pages\/6033\/revisions\/6040"}],"wp:attachment":[{"href":"https:\/\/blogsaverroes.juntadeandalucia.es\/ieslasmarinas0\/wp-json\/wp\/v2\/media?parent=6033"}],"curies":[{"name":"wp","href":"https:\/\/api.w.org\/{rel}","templated":true}]}}