{"id":9,"date":"2019-11-29T08:52:40","date_gmt":"2019-11-29T07:52:40","guid":{"rendered":"http:\/\/www.ieslasmarinas.es\/?page_id=9"},"modified":"2019-11-29T08:52:40","modified_gmt":"2019-11-29T07:52:40","slug":"oferta-educativa","status":"publish","type":"page","link":"https:\/\/blogsaverroes.juntadeandalucia.es\/ieslasmarinas0\/oferta-educativa\/","title":{"rendered":"Oferta Educativa"},"content":{"rendered":"\n<ul><li><strong>Educaci\u00f3n B\u00e1sica Especial<\/strong>  <ul><li> Educaci\u00f3n Especial Unidad Espec\u00edfica <\/li><\/ul><\/li><li><strong>Educaci\u00f3n Secundaria Obligatoria<\/strong><ul><li>1\u00ba ESO<\/li><li>2\u00ba ESO<\/li><li>3\u00ba ESO<\/li><li>4\u00ba ESO<\/li><\/ul><\/li><li><strong>Formaci\u00f3n Profesional B\u00e1sica<\/strong><ul><li>Electricidad y Electr\u00f3nica<\/li><\/ul><\/li><li><strong>Bachillerato<\/strong><ul><li>Ciencias<\/li><li>Humanidades y Ciencias Sociales<\/li><\/ul><\/li><\/ul>\n\n\n\n<p><\/p>\n","protected":false},"excerpt":{"rendered":"<p>Educaci\u00f3n B\u00e1sica Especial Educaci\u00f3n Especial Unidad Espec\u00edfica Educaci\u00f3n Secundaria Obligatoria 1\u00ba ESO 2\u00ba ESO 3\u00ba ESO 4\u00ba ESO Formaci\u00f3n Profesional B\u00e1sica Electricidad y Electr\u00f3nica Bachillerato Ciencias Humanidades y Ciencias Sociales<\/p>\n","protected":false},"author":2913,"featured_media":0,"parent":0,"menu_order":0,"comment_status":"closed","ping_status":"closed","template":"","meta":{"footnotes":""},"aioseo_notices":[],"_links":{"self":[{"href":"https:\/\/blogsaverroes.juntadeandalucia.es\/ieslasmarinas0\/wp-json\/wp\/v2\/pages\/9"}],"collection":[{"href":"https:\/\/blogsaverroes.juntadeandalucia.es\/ieslasmarinas0\/wp-json\/wp\/v2\/pages"}],"about":[{"href":"https:\/\/blogsaverroes.juntadeandalucia.es\/ieslasmarinas0\/wp-json\/wp\/v2\/types\/page"}],"author":[{"embeddable":true,"href":"https:\/\/blogsaverroes.juntadeandalucia.es\/ieslasmarinas0\/wp-json\/wp\/v2\/users\/2913"}],"replies":[{"embeddable":true,"href":"https:\/\/blogsaverroes.juntadeandalucia.es\/ieslasmarinas0\/wp-json\/wp\/v2\/comments?post=9"}],"version-history":[{"count":0,"href":"https:\/\/blogsaverroes.juntadeandalucia.es\/ieslasmarinas0\/wp-json\/wp\/v2\/pages\/9\/revisions"}],"wp:attachment":[{"href":"https:\/\/blogsaverroes.juntadeandalucia.es\/ieslasmarinas0\/wp-json\/wp\/v2\/media?parent=9"}],"curies":[{"name":"wp","href":"https:\/\/api.w.org\/{rel}","templated":true}]}}