{"id":42,"date":"2015-03-13T08:40:47","date_gmt":"2015-03-13T08:40:47","guid":{"rendered":"http:\/\/blogsaverroes.juntadeandalucia.es\/pre\/ceip\/?page_id=42"},"modified":"2023-10-04T12:27:40","modified_gmt":"2023-10-04T10:27:40","slug":"equipo-directivo","status":"publish","type":"page","link":"https:\/\/blogsaverroes.juntadeandalucia.es\/ieslaspalomas\/equipo-directivo\/","title":{"rendered":"Equipo directivo"},"content":{"rendered":"<p>&nbsp;<\/p>\n<p><strong>Directora<\/strong>: Do\u00f1a Mar\u00eda del Pilar Abad Garc\u00eda<br \/>\n<strong>Jefa de Estudios<\/strong>: Do\u00f1a Alejandra Ortiz Quintero<br \/>\n<strong>Secretaria<\/strong>: Do\u00f1a Celia Iniesta Mar\u00edn<\/p>\n","protected":false},"excerpt":{"rendered":"<p>&nbsp; Directora: Do\u00f1a Mar\u00eda del Pilar Abad Garc\u00eda Jefa de Estudios: Do\u00f1a Alejandra Ortiz Quintero Secretaria: Do\u00f1a Celia Iniesta Mar\u00edn<\/p>\n","protected":false},"author":1,"featured_media":0,"parent":0,"menu_order":0,"comment_status":"closed","ping_status":"open","template":"","meta":{"ngg_post_thumbnail":0,"footnotes":"","_mc_calendar":[]},"aioseo_notices":[],"_links":{"self":[{"href":"https:\/\/blogsaverroes.juntadeandalucia.es\/ieslaspalomas\/wp-json\/wp\/v2\/pages\/42"}],"collection":[{"href":"https:\/\/blogsaverroes.juntadeandalucia.es\/ieslaspalomas\/wp-json\/wp\/v2\/pages"}],"about":[{"href":"https:\/\/blogsaverroes.juntadeandalucia.es\/ieslaspalomas\/wp-json\/wp\/v2\/types\/page"}],"author":[{"embeddable":true,"href":"https:\/\/blogsaverroes.juntadeandalucia.es\/ieslaspalomas\/wp-json\/wp\/v2\/users\/1"}],"replies":[{"embeddable":true,"href":"https:\/\/blogsaverroes.juntadeandalucia.es\/ieslaspalomas\/wp-json\/wp\/v2\/comments?post=42"}],"version-history":[{"count":8,"href":"https:\/\/blogsaverroes.juntadeandalucia.es\/ieslaspalomas\/wp-json\/wp\/v2\/pages\/42\/revisions"}],"predecessor-version":[{"id":3086,"href":"https:\/\/blogsaverroes.juntadeandalucia.es\/ieslaspalomas\/wp-json\/wp\/v2\/pages\/42\/revisions\/3086"}],"wp:attachment":[{"href":"https:\/\/blogsaverroes.juntadeandalucia.es\/ieslaspalomas\/wp-json\/wp\/v2\/media?parent=42"}],"curies":[{"name":"wp","href":"https:\/\/api.w.org\/{rel}","templated":true}]}}