{"id":44,"date":"2015-03-13T08:42:15","date_gmt":"2015-03-13T08:42:15","guid":{"rendered":"http:\/\/blogsaverroes.juntadeandalucia.es\/pre\/ceip\/?page_id=44"},"modified":"2019-10-23T12:23:31","modified_gmt":"2019-10-23T10:23:31","slug":"planes-y-proyectos","status":"publish","type":"page","link":"https:\/\/blogsaverroes.juntadeandalucia.es\/ieslaspalomas\/planes-y-proyectos\/","title":{"rendered":"Planes y Programas"},"content":{"rendered":"<p><a href=\"https:\/\/blogsaverroes.juntadeandalucia.es\/ieslaspalomas\/files\/2015\/03\/planesyprogramas.png\"><img loading=\"lazy\" decoding=\"async\" class=\"aligncenter wp-image-2679 size-medium\" src=\"https:\/\/blogsaverroes.juntadeandalucia.es\/ieslaspalomas\/files\/2015\/03\/planesyprogramas-300x122.png\" alt=\"\" width=\"300\" height=\"122\" srcset=\"https:\/\/blogsaverroes.juntadeandalucia.es\/ieslaspalomas\/files\/2015\/03\/planesyprogramas-300x122.png 300w, https:\/\/blogsaverroes.juntadeandalucia.es\/ieslaspalomas\/files\/2015\/03\/planesyprogramas-24x10.png 24w, https:\/\/blogsaverroes.juntadeandalucia.es\/ieslaspalomas\/files\/2015\/03\/planesyprogramas-36x15.png 36w, https:\/\/blogsaverroes.juntadeandalucia.es\/ieslaspalomas\/files\/2015\/03\/planesyprogramas-48x19.png 48w, https:\/\/blogsaverroes.juntadeandalucia.es\/ieslaspalomas\/files\/2015\/03\/planesyprogramas.png 370w\" sizes=\"(max-width: 300px) 100vw, 300px\" \/><\/a><\/p>\n<p>En nuestro centro se desarrollan los siguientes&nbsp;<strong>Planes y Programas<\/strong> promovidos desde la Consejer\u00eda de Educaci\u00f3n, Cultura y Deporte.<\/p>\n<ul>\n<li><strong><a href=\"http:\/\/www.juntadeandalucia.es\/educacion\/webportal\/web\/portal-de-igualdad\">Plan de igualdad<\/a> coordinado por Noem\u00ed Rodr\u00edguez.<\/strong><\/li>\n<li><strong><a href=\"http:\/\/www.juntadeandalucia.es\/educacion\/webportal\/web\/convivencia-escolar\/eep\">Escuela espacio de paz<\/a>&nbsp;coordinado por Noem\u00ed Rodr\u00edguez.<\/strong><\/li>\n<li><a href=\"http:\/\/www.formajoven.org\/\">Forma Joven<\/a>&nbsp;<strong>coordinado por Mariluz Canas.<\/strong><\/li>\n<li><a href=\"http:\/\/www.iseandalucia.es\/web\/guest\/ciudadania\/tecnologia-en-los-centros-educativos\/escuela-tic-2.0\">Escuela TIC 2.0<\/a>&nbsp;<strong>coordinado por M\u00e1ximo Cruz.<\/strong><\/li>\n<li>Plan de Autoprotecci\u00f3n y Riesgos Laborales&nbsp;<strong>coordinado por Celia Iniesta.<\/strong><\/li>\n<li><a href=\"http:\/\/www.juntadeandalucia.es\/educacion\/webportal\/web\/planes-y-programas\/auladjaque\">AuladJaque <\/a>coordinado por <strong>Sergio Rom\u00e1n<\/strong>.<\/li>\n<li><a href=\"http:\/\/www.cma.junta-andalucia.es\/medioambiente\/site\/portalweb\/menuitem.220de8226575045b25f09a105510e1ca\/?vgnextoid=dabed756d6359310VgnVCM1000001325e50aRCRD&amp;vgnextchannel=f34be156217d4310VgnVCM2000000624e50aRCRD\">Aldea<\/a>: Recapacicla y Ecohuerto coordinado por <strong>Alejandra Ortiz<\/strong>.<\/li>\n<li><a href=\"http:\/\/www.juntadeandalucia.es\/educacion\/webportal\/web\/lecturas-y-bibliotecas-escolares\/bibliotecas-escolares\">Biblioteca Escolares<\/a> coordinado por <strong>Rosario Pecino<\/strong>.<\/li>\n<\/ul>\n<p>&nbsp;<\/p>\n<p>&nbsp;<\/p>\n","protected":false},"excerpt":{"rendered":"<p>En nuestro centro se desarrollan los siguientes&nbsp;Planes y Programas promovidos desde la Consejer\u00eda de Educaci\u00f3n, Cultura y Deporte. Plan de igualdad coordinado por Noem\u00ed Rodr\u00edguez. Escuela espacio de paz&nbsp;coordinado por Noem\u00ed Rodr\u00edguez. Forma Joven&nbsp;coordinado&#46;&#46;&#46;<\/p>\n","protected":false},"author":1,"featured_media":0,"parent":0,"menu_order":0,"comment_status":"closed","ping_status":"closed","template":"","meta":{"ngg_post_thumbnail":0,"footnotes":"","_mc_calendar":[]},"aioseo_notices":[],"_links":{"self":[{"href":"https:\/\/blogsaverroes.juntadeandalucia.es\/ieslaspalomas\/wp-json\/wp\/v2\/pages\/44"}],"collection":[{"href":"https:\/\/blogsaverroes.juntadeandalucia.es\/ieslaspalomas\/wp-json\/wp\/v2\/pages"}],"about":[{"href":"https:\/\/blogsaverroes.juntadeandalucia.es\/ieslaspalomas\/wp-json\/wp\/v2\/types\/page"}],"author":[{"embeddable":true,"href":"https:\/\/blogsaverroes.juntadeandalucia.es\/ieslaspalomas\/wp-json\/wp\/v2\/users\/1"}],"replies":[{"embeddable":true,"href":"https:\/\/blogsaverroes.juntadeandalucia.es\/ieslaspalomas\/wp-json\/wp\/v2\/comments?post=44"}],"version-history":[{"count":7,"href":"https:\/\/blogsaverroes.juntadeandalucia.es\/ieslaspalomas\/wp-json\/wp\/v2\/pages\/44\/revisions"}],"predecessor-version":[{"id":2727,"href":"https:\/\/blogsaverroes.juntadeandalucia.es\/ieslaspalomas\/wp-json\/wp\/v2\/pages\/44\/revisions\/2727"}],"wp:attachment":[{"href":"https:\/\/blogsaverroes.juntadeandalucia.es\/ieslaspalomas\/wp-json\/wp\/v2\/media?parent=44"}],"curies":[{"name":"wp","href":"https:\/\/api.w.org\/{rel}","templated":true}]}}