{"id":49,"date":"2015-03-13T08:47:05","date_gmt":"2015-03-13T08:47:05","guid":{"rendered":"http:\/\/blogsaverroes.juntadeandalucia.es\/pre\/ceip\/?page_id=49"},"modified":"2020-11-14T16:56:05","modified_gmt":"2020-11-14T15:56:05","slug":"proyecto-educativo","status":"publish","type":"page","link":"https:\/\/blogsaverroes.juntadeandalucia.es\/ieslaspalomas\/proyecto-educativo\/","title":{"rendered":"Plan de Centro"},"content":{"rendered":"<p><img loading=\"lazy\" decoding=\"async\" class=\"alignnone size-medium wp-image-1662\" src=\"http:\/\/blogsaverroes.juntadeandalucia.es\/ieslaspalomas\/files\/2015\/03\/proyecto-300x266.png\" alt=\"proyecto\" width=\"300\" height=\"266\" srcset=\"https:\/\/blogsaverroes.juntadeandalucia.es\/ieslaspalomas\/files\/2015\/03\/proyecto-300x266.png 300w, https:\/\/blogsaverroes.juntadeandalucia.es\/ieslaspalomas\/files\/2015\/03\/proyecto.png 640w\" sizes=\"(max-width: 300px) 100vw, 300px\" \/><\/p>\n<p><a href=\"https:\/\/blogsaverroes.juntadeandalucia.es\/ieslaspalomas\/files\/2020\/11\/Plan-de-Centro-2020-2021.pdf\">Plan de Centro 2020-2021<\/a><\/p>\n<p><a href=\"https:\/\/blogsaverroes.juntadeandalucia.es\/ieslaspalomas\/files\/2020\/11\/2020_21-Plan-Formaci\u00f3n-.pdf\">2020_21 Plan Formaci\u00f3n<\/a><\/p>\n<p><a href=\"https:\/\/blogsaverroes.juntadeandalucia.es\/ieslaspalomas\/files\/2020\/11\/Orientaci\u00f3n-programaci\u00f3n.pdf\">Orientaci\u00f3n (programaci\u00f3n)<\/a><\/p>\n<p><a href=\"https:\/\/blogsaverroes.juntadeandalucia.es\/ieslaspalomas\/files\/2020\/11\/Plan-de-Contigencia.pdf\">Plan de Contigencia<\/a><\/p>\n<p><a href=\"https:\/\/blogsaverroes.juntadeandalucia.es\/ieslaspalomas\/files\/2020\/11\/Plan_de_Mejora._Propuestas_de_mejora-20-21.pdf\">Plan_de_Mejora._Propuestas_de_mejora 20-21<\/a><\/p>\n<p><a href=\"https:\/\/blogsaverroes.juntadeandalucia.es\/ieslaspalomas\/files\/2020\/11\/Proyecto-de-Gestion-20-21.pdf\">Proyecto de Gestion 20-21<\/a><\/p>\n<p><a href=\"https:\/\/blogsaverroes.juntadeandalucia.es\/ieslaspalomas\/files\/2020\/11\/ROF-20-21.pdf\">ROF 20-21<\/a><\/p>\n<p>&nbsp;<\/p>\n","protected":false},"excerpt":{"rendered":"<p>Plan de Centro 2020-2021 2020_21 Plan Formaci\u00f3n Orientaci\u00f3n (programaci\u00f3n) Plan de Contigencia Plan_de_Mejora._Propuestas_de_mejora 20-21 Proyecto de Gestion 20-21 ROF 20-21 &nbsp;<\/p>\n","protected":false},"author":1,"featured_media":0,"parent":0,"menu_order":0,"comment_status":"closed","ping_status":"open","template":"","meta":{"ngg_post_thumbnail":0,"footnotes":"","_mc_calendar":[]},"aioseo_notices":[],"_links":{"self":[{"href":"https:\/\/blogsaverroes.juntadeandalucia.es\/ieslaspalomas\/wp-json\/wp\/v2\/pages\/49"}],"collection":[{"href":"https:\/\/blogsaverroes.juntadeandalucia.es\/ieslaspalomas\/wp-json\/wp\/v2\/pages"}],"about":[{"href":"https:\/\/blogsaverroes.juntadeandalucia.es\/ieslaspalomas\/wp-json\/wp\/v2\/types\/page"}],"author":[{"embeddable":true,"href":"https:\/\/blogsaverroes.juntadeandalucia.es\/ieslaspalomas\/wp-json\/wp\/v2\/users\/1"}],"replies":[{"embeddable":true,"href":"https:\/\/blogsaverroes.juntadeandalucia.es\/ieslaspalomas\/wp-json\/wp\/v2\/comments?post=49"}],"version-history":[{"count":7,"href":"https:\/\/blogsaverroes.juntadeandalucia.es\/ieslaspalomas\/wp-json\/wp\/v2\/pages\/49\/revisions"}],"predecessor-version":[{"id":2963,"href":"https:\/\/blogsaverroes.juntadeandalucia.es\/ieslaspalomas\/wp-json\/wp\/v2\/pages\/49\/revisions\/2963"}],"wp:attachment":[{"href":"https:\/\/blogsaverroes.juntadeandalucia.es\/ieslaspalomas\/wp-json\/wp\/v2\/media?parent=49"}],"curies":[{"name":"wp","href":"https:\/\/api.w.org\/{rel}","templated":true}]}}