{"id":871,"date":"2015-03-16T07:25:46","date_gmt":"2015-03-16T07:25:46","guid":{"rendered":"http:\/\/blogsaverroes.juntadeandalucia.es\/pre\/ceip\/?page_id=106"},"modified":"2023-10-06T10:25:56","modified_gmt":"2023-10-06T08:25:56","slug":"actividades-extraescolares","status":"publish","type":"page","link":"https:\/\/blogsaverroes.juntadeandalucia.es\/ieslaspalomas\/actividades-extraescolares\/","title":{"rendered":"Actividades extraescolares"},"content":{"rendered":"<p style=\"text-align: left\"><a href=\"http:\/\/blogsaverroes.juntadeandalucia.es\/ieslaspalomas\/files\/2015\/03\/talleres.jpg\"><img loading=\"lazy\" decoding=\"async\" class=\"aligncenter wp-image-228 size-medium\" src=\"http:\/\/blogsaverroes.juntadeandalucia.es\/ieslaspalomas\/files\/2015\/03\/talleres-300x199.jpg\" alt=\"\" width=\"300\" height=\"199\" srcset=\"https:\/\/blogsaverroes.juntadeandalucia.es\/ieslaspalomas\/files\/2015\/03\/talleres-300x199.jpg 300w, https:\/\/blogsaverroes.juntadeandalucia.es\/ieslaspalomas\/files\/2015\/03\/talleres-1024x682.jpg 1024w, https:\/\/blogsaverroes.juntadeandalucia.es\/ieslaspalomas\/files\/2015\/03\/talleres.jpg 1280w\" sizes=\"(max-width: 300px) 100vw, 300px\" \/><\/a><\/p>\n<h4>Informaci\u00f3n sobre las actividades extraescolares<\/h4>\n<p style=\"text-align: left\">Las actividades extraescolares tienen lugar en horario de tarde, hasta las 18.00, y abarcan aspectos como la lectura, el deporte, la m\u00fasica, la inform\u00e1tica, los idiomas, la danza o el teatro, entre otras actividades l\u00fadicas y formativas. Para hacer posible la realizaci\u00f3n de estas actividades fuera del horario lectivo, los Centros pueden abrir sus instalaciones hasta las 18.00 todos los d\u00edas lectivos con excepci\u00f3n de los viernes, en los que el cierre se establece a las 16.00.<\/p>\n<p>Las clases son impartidas por empresas privadas independientes del Centro, con las obligaciones legales impuestas por la Junta de Andaluc\u00eda para las mismas.<\/p>\n<p>La oferta de las mismas corresponde a las Direcciones de los Centros. En la actualidad el IES Las Palomas no oferta ninguna actividad extraescolar.<\/p>\n<p>&nbsp;<\/p>\n<p>&nbsp;<\/p>\n<p>&nbsp;<\/p>\n<p>&nbsp;<\/p>\n<p>&nbsp;<\/p>\n<p>&nbsp;<\/p>\n<p>&nbsp;<\/p>\n","protected":false},"excerpt":{"rendered":"<p>Informaci\u00f3n sobre las actividades extraescolares Las actividades extraescolares tienen lugar en horario de tarde, hasta las 18.00, y abarcan aspectos como la lectura, el deporte, la m\u00fasica, la inform\u00e1tica, los idiomas, la danza o&#46;&#46;&#46;<\/p>\n","protected":false},"author":1,"featured_media":0,"parent":0,"menu_order":0,"comment_status":"closed","ping_status":"open","template":"","meta":{"ngg_post_thumbnail":0,"footnotes":"","_mc_calendar":[]},"aioseo_notices":[],"_links":{"self":[{"href":"https:\/\/blogsaverroes.juntadeandalucia.es\/ieslaspalomas\/wp-json\/wp\/v2\/pages\/871"}],"collection":[{"href":"https:\/\/blogsaverroes.juntadeandalucia.es\/ieslaspalomas\/wp-json\/wp\/v2\/pages"}],"about":[{"href":"https:\/\/blogsaverroes.juntadeandalucia.es\/ieslaspalomas\/wp-json\/wp\/v2\/types\/page"}],"author":[{"embeddable":true,"href":"https:\/\/blogsaverroes.juntadeandalucia.es\/ieslaspalomas\/wp-json\/wp\/v2\/users\/1"}],"replies":[{"embeddable":true,"href":"https:\/\/blogsaverroes.juntadeandalucia.es\/ieslaspalomas\/wp-json\/wp\/v2\/comments?post=871"}],"version-history":[{"count":6,"href":"https:\/\/blogsaverroes.juntadeandalucia.es\/ieslaspalomas\/wp-json\/wp\/v2\/pages\/871\/revisions"}],"predecessor-version":[{"id":3108,"href":"https:\/\/blogsaverroes.juntadeandalucia.es\/ieslaspalomas\/wp-json\/wp\/v2\/pages\/871\/revisions\/3108"}],"wp:attachment":[{"href":"https:\/\/blogsaverroes.juntadeandalucia.es\/ieslaspalomas\/wp-json\/wp\/v2\/media?parent=871"}],"curies":[{"name":"wp","href":"https:\/\/api.w.org\/{rel}","templated":true}]}}