{"id":1121,"date":"2023-05-01T20:44:17","date_gmt":"2023-05-01T19:44:17","guid":{"rendered":"https:\/\/blogsaverroes.juntadeandalucia.es\/ieslassalinasfg\/?page_id=1121"},"modified":"2025-11-13T18:13:32","modified_gmt":"2025-11-13T17:13:32","slug":"bachillerato","status":"publish","type":"page","link":"https:\/\/blogsaverroes.juntadeandalucia.es\/ieslassalinas\/bachillerato\/","title":{"rendered":"Bachillerato"},"content":{"rendered":"<p>[et_pb_section fb_built=&#8221;1&#8243; custom_padding_last_edited=&#8221;on|desktop&#8221; next_background_color=&#8221;#ffffff&#8221; admin_label=&#8221;Header&#8221; _builder_version=&#8221;4.16&#8243; use_background_color_gradient=&#8221;on&#8221; background_color_gradient_direction=&#8221;130deg&#8221; background_color_gradient_stops=&#8221;#8624E1 25%|#3607A6 100%&#8221; background_color_gradient_start=&#8221;#8624E1&#8243; background_color_gradient_start_position=&#8221;25%&#8221; background_color_gradient_end=&#8221;#3607A6&#8243; background_image=&#8221;https:\/\/blogsaverroes.juntadeandalucia.es\/ieslassalinas\/files\/2023\/04\/cabeceraSalinas.png&#8221; parallax=&#8221;on&#8221; custom_padding=&#8221;4vw||16vw|&#8221; custom_padding_tablet=&#8221;100px||100px||true&#8221; custom_padding_phone=&#8221;||||true&#8221; bottom_divider_style=&#8221;ramp2&#8243; bottom_divider_height=&#8221;250px&#8221; bottom_divider_flip=&#8221;horizontal&#8221; bottom_divider_height_tablet=&#8221;150px&#8221; bottom_divider_height_phone=&#8221;110px&#8221; bottom_divider_height_last_edited=&#8221;on|phone&#8221; z_index_tablet=&#8221;500&#8243; box_shadow_horizontal_tablet=&#8221;0px&#8221; box_shadow_vertical_tablet=&#8221;0px&#8221; box_shadow_blur_tablet=&#8221;40px&#8221; box_shadow_spread_tablet=&#8221;0px&#8221; saved_tabs=&#8221;all&#8221; global_colors_info=&#8221;{}&#8221;][et_pb_row _builder_version=&#8221;4.16&#8243; width_phone=&#8221;50px&#8221; max_width_phone=&#8221;1280px&#8221; custom_margin=&#8221;-20px|||&#8221; custom_padding=&#8221;||80px|&#8221; z_index_tablet=&#8221;500&#8243; box_shadow_horizontal_tablet=&#8221;0px&#8221; box_shadow_vertical_tablet=&#8221;0px&#8221; box_shadow_blur_tablet=&#8221;40px&#8221; box_shadow_spread_tablet=&#8221;0px&#8221; global_colors_info=&#8221;{}&#8221;][et_pb_column type=&#8221;4_4&#8243; _builder_version=&#8221;4.16&#8243; custom_padding=&#8221;|||&#8221; global_colors_info=&#8221;{}&#8221; custom_padding__hover=&#8221;|||&#8221;][et_pb_text admin_label=&#8221;Portada. Imagen, t\u00edtulo, nombre del centro y ciudad&#8221; _builder_version=&#8221;4.16&#8243; text_font=&#8221;Roboto||||||||&#8221; text_line_height=&#8221;1.8em&#8221; header_font=&#8221;Roboto|700|||||||&#8221; header_text_align=&#8221;center&#8221; header_font_size=&#8221;80px&#8221; header_line_height=&#8221;1.2em&#8221; header_3_font=&#8221;Roboto|700||on|||||&#8221; header_3_text_align=&#8221;center&#8221; header_3_text_color=&#8221;#ffffff&#8221; header_3_font_size=&#8221;24px&#8221; header_3_letter_spacing=&#8221;10px&#8221; header_3_line_height=&#8221;2em&#8221; text_orientation=&#8221;center&#8221; background_layout=&#8221;dark&#8221; module_alignment=&#8221;center&#8221; custom_margin=&#8221;-50px|||&#8221; animation_style=&#8221;fade&#8221; hover_enabled=&#8221;0&#8243; text_font_size_last_edited=&#8221;off|desktop&#8221; header_font_size_tablet=&#8221;40px&#8221; header_font_size_phone=&#8221;32px&#8221; header_font_size_last_edited=&#8221;on|phone&#8221; header_3_font_size_tablet=&#8221;16px&#8221; header_3_font_size_phone=&#8221;14px&#8221; header_3_font_size_last_edited=&#8221;on|phone&#8221; header_3_letter_spacing_tablet=&#8221;5px&#8221; header_3_letter_spacing_phone=&#8221;&#8221; header_3_letter_spacing_last_edited=&#8221;on|tablet&#8221; z_index_tablet=&#8221;500&#8243; text_text_shadow_horizontal_length_tablet=&#8221;0px&#8221; text_text_shadow_vertical_length_tablet=&#8221;0px&#8221; text_text_shadow_blur_strength_tablet=&#8221;1px&#8221; link_text_shadow_horizontal_length_tablet=&#8221;0px&#8221; link_text_shadow_vertical_length_tablet=&#8221;0px&#8221; link_text_shadow_blur_strength_tablet=&#8221;1px&#8221; ul_text_shadow_horizontal_length_tablet=&#8221;0px&#8221; ul_text_shadow_vertical_length_tablet=&#8221;0px&#8221; ul_text_shadow_blur_strength_tablet=&#8221;1px&#8221; ol_text_shadow_horizontal_length_tablet=&#8221;0px&#8221; ol_text_shadow_vertical_length_tablet=&#8221;0px&#8221; ol_text_shadow_blur_strength_tablet=&#8221;1px&#8221; quote_text_shadow_horizontal_length_tablet=&#8221;0px&#8221; quote_text_shadow_vertical_length_tablet=&#8221;0px&#8221; quote_text_shadow_blur_strength_tablet=&#8221;1px&#8221; header_text_shadow_horizontal_length_tablet=&#8221;0px&#8221; header_text_shadow_vertical_length_tablet=&#8221;0px&#8221; header_text_shadow_blur_strength_tablet=&#8221;1px&#8221; header_2_text_shadow_horizontal_length_tablet=&#8221;0px&#8221; header_2_text_shadow_vertical_length_tablet=&#8221;0px&#8221; header_2_text_shadow_blur_strength_tablet=&#8221;1px&#8221; header_3_text_shadow_horizontal_length_tablet=&#8221;0px&#8221; header_3_text_shadow_vertical_length_tablet=&#8221;0px&#8221; header_3_text_shadow_blur_strength_tablet=&#8221;1px&#8221; header_4_text_shadow_horizontal_length_tablet=&#8221;0px&#8221; header_4_text_shadow_vertical_length_tablet=&#8221;0px&#8221; header_4_text_shadow_blur_strength_tablet=&#8221;1px&#8221; header_5_text_shadow_horizontal_length_tablet=&#8221;0px&#8221; header_5_text_shadow_vertical_length_tablet=&#8221;0px&#8221; header_5_text_shadow_blur_strength_tablet=&#8221;1px&#8221; header_6_text_shadow_horizontal_length_tablet=&#8221;0px&#8221; header_6_text_shadow_vertical_length_tablet=&#8221;0px&#8221; header_6_text_shadow_blur_strength_tablet=&#8221;1px&#8221; box_shadow_horizontal_tablet=&#8221;0px&#8221; box_shadow_vertical_tablet=&#8221;0px&#8221; box_shadow_blur_tablet=&#8221;40px&#8221; box_shadow_spread_tablet=&#8221;0px&#8221; global_colors_info=&#8221;{}&#8221; sticky_enabled=&#8221;0&#8243;]<\/p>\n<h1>IES Las Salinas<\/h1>\n<h3>Fuengirola<\/h3>\n<p>[\/et_pb_text][\/et_pb_column][\/et_pb_row][\/et_pb_section][et_pb_section fb_built=&#8221;1&#8243; _builder_version=&#8221;4.16&#8243; _module_preset=&#8221;default&#8221; global_colors_info=&#8221;{}&#8221;][et_pb_row _builder_version=&#8221;4.16&#8243; _module_preset=&#8221;default&#8221; global_colors_info=&#8221;{}&#8221;][et_pb_column type=&#8221;4_4&#8243; _builder_version=&#8221;4.16&#8243; _module_preset=&#8221;default&#8221; global_colors_info=&#8221;{}&#8221;][et_pb_text _builder_version=&#8221;4.16&#8243; _module_preset=&#8221;default&#8221; hover_enabled=&#8221;0&#8243; global_colors_info=&#8221;{}&#8221; sticky_enabled=&#8221;0&#8243;]<\/p>\n<p style=\"text-align: center\"><strong><span style=\"font-size: 36pt\">Bachillerato<\/span><\/strong><\/p>\n<p>[\/et_pb_text][\/et_pb_column][\/et_pb_row][et_pb_row _builder_version=&#8221;4.16&#8243; _module_preset=&#8221;default&#8221; global_colors_info=&#8221;{}&#8221;][et_pb_column type=&#8221;4_4&#8243; _builder_version=&#8221;4.16&#8243; _module_preset=&#8221;default&#8221; global_colors_info=&#8221;{}&#8221;][et_pb_text _builder_version=&#8221;4.24.2&#8243; _module_preset=&#8221;default&#8221; text_orientation=&#8221;justified&#8221; hover_enabled=&#8221;0&#8243; global_colors_info=&#8221;{}&#8221; sticky_enabled=&#8221;0&#8243;]<\/p>\n<p><span style=\"font-size: 12pt\">El Bachillerato es una etapa educativa voluntaria, ya que el sistema educativo andaluz deja de ser obligatorio al finalizar la Educaci\u00f3n Secundaria Obligatoria. A partir de este momento el alumnado puede complementar su formaci\u00f3n durante dos cursos, acad\u00e9micos en una de las tres modalidades de bachillerato, con el objetivo de empezar a especializarse en funci\u00f3n de la trayectoria profesional en la que est\u00e9n interesados.<\/span><\/p>\n<p><span style=\"font-size: 12pt\">En el Portal de la Consejer\u00eda de Desarrollo Educativo y Formaci\u00f3n Profesional puedes encontrar informaci\u00f3n sobre las modalidades, las asignaturas impartidas y las orientaciones para la descripci\u00f3n del nivel competencial adquirido por el alumnado en esta etapa educativa<\/span><\/p>\n<p style=\"text-align: center\"><span style=\"font-size: 12pt;color: #333399\"><a style=\"color: #333399\" href=\"https:\/\/www.juntadeandalucia.es\/organismos\/desarrolloeducativoyformacionprofesional\/areas\/ensenanzas-escolarizacion\/bachillerato.html\">Informaci\u00f3n sobre el Bachillerato (Consejer\u00eda de Desarrollo Educativo y Formaci\u00f3n Profesional)<\/a><\/span><\/p>\n<p>[\/et_pb_text][\/et_pb_column][\/et_pb_row][et_pb_row _builder_version=&#8221;4.16&#8243; _module_preset=&#8221;default&#8221; global_colors_info=&#8221;{}&#8221;][et_pb_column type=&#8221;4_4&#8243; _builder_version=&#8221;4.16&#8243; _module_preset=&#8221;default&#8221; global_colors_info=&#8221;{}&#8221;][et_pb_text _builder_version=&#8221;4.16&#8243; _module_preset=&#8221;default&#8221; global_colors_info=&#8221;{}&#8221;]<\/p>\n<p style=\"text-align: center\"><strong><span style=\"font-size: 18pt\">Cuadro de materias por curso<\/span><\/strong><\/p>\n<p>[\/et_pb_text][et_pb_tabs _builder_version=&#8221;4.24.2&#8243; _module_preset=&#8221;default&#8221; global_colors_info=&#8221;{}&#8221;][et_pb_tab title=&#8221;1\u00ba Bach &#8221; _builder_version=&#8221;4.24.2&#8243; _module_preset=&#8221;default&#8221; global_colors_info=&#8221;{}&#8221;]<\/p>\n<p><img loading=\"lazy\" decoding=\"async\" class=\"size-full wp-image-1938 aligncenter\" src=\"https:\/\/blogsaverroes.juntadeandalucia.es\/ieslassalinas\/files\/2025\/01\/1bach1.png\" alt=\"\" width=\"870\" height=\"370\" srcset=\"https:\/\/blogsaverroes.juntadeandalucia.es\/ieslassalinas\/files\/2025\/01\/1bach1.png 870w, https:\/\/blogsaverroes.juntadeandalucia.es\/ieslassalinas\/files\/2025\/01\/1bach1-480x204.png 480w\" sizes=\"(min-width: 0px) and (max-width: 480px) 480px, (min-width: 481px) 870px, 100vw\" \/> <img loading=\"lazy\" decoding=\"async\" class=\"size-full wp-image-1939 aligncenter\" src=\"https:\/\/blogsaverroes.juntadeandalucia.es\/ieslassalinas\/files\/2025\/01\/1bach2.png\" alt=\"\" width=\"870\" height=\"740\" srcset=\"https:\/\/blogsaverroes.juntadeandalucia.es\/ieslassalinas\/files\/2025\/01\/1bach2.png 870w, https:\/\/blogsaverroes.juntadeandalucia.es\/ieslassalinas\/files\/2025\/01\/1bach2-480x408.png 480w\" sizes=\"(min-width: 0px) and (max-width: 480px) 480px, (min-width: 481px) 870px, 100vw\" \/><\/p>\n<p>[\/et_pb_tab][et_pb_tab title=&#8221;2\u00ba Bach&#8221; _builder_version=&#8221;4.24.2&#8243; _module_preset=&#8221;default&#8221; global_colors_info=&#8221;{}&#8221;]<\/p>\n<p style=\"text-align: center\"><strong><span style=\"font-size: 14pt\">CIENCIAS<\/span><\/strong><\/p>\n<p><img loading=\"lazy\" decoding=\"async\" class=\"size-full wp-image-1940 aligncenter\" src=\"https:\/\/blogsaverroes.juntadeandalucia.es\/ieslassalinas\/files\/2025\/01\/2bachCiencias1.png\" alt=\"\" width=\"980\" height=\"448\" srcset=\"https:\/\/blogsaverroes.juntadeandalucia.es\/ieslassalinas\/files\/2025\/01\/2bachCiencias1.png 980w, https:\/\/blogsaverroes.juntadeandalucia.es\/ieslassalinas\/files\/2025\/01\/2bachCiencias1-480x219.png 480w\" sizes=\"(min-width: 0px) and (max-width: 480px) 480px, (min-width: 481px) 980px, 100vw\" \/> <img loading=\"lazy\" decoding=\"async\" class=\"size-full wp-image-1941 aligncenter\" src=\"https:\/\/blogsaverroes.juntadeandalucia.es\/ieslassalinas\/files\/2025\/01\/2bachCiencias2.png\" alt=\"\" width=\"981\" height=\"414\" srcset=\"https:\/\/blogsaverroes.juntadeandalucia.es\/ieslassalinas\/files\/2025\/01\/2bachCiencias2.png 981w, https:\/\/blogsaverroes.juntadeandalucia.es\/ieslassalinas\/files\/2025\/01\/2bachCiencias2-480x203.png 480w\" sizes=\"(min-width: 0px) and (max-width: 480px) 480px, (min-width: 481px) 981px, 100vw\" \/><\/p>\n<p style=\"text-align: center\"><strong><span style=\"font-size: 14pt\">CIENCIAS SOCIALES Y HUMANIDADES<\/span><\/strong><\/p>\n<p><img loading=\"lazy\" decoding=\"async\" class=\"size-full wp-image-1942 aligncenter\" src=\"https:\/\/blogsaverroes.juntadeandalucia.es\/ieslassalinas\/files\/2025\/01\/2bachHum1.png\" alt=\"\" width=\"983\" height=\"507\" srcset=\"https:\/\/blogsaverroes.juntadeandalucia.es\/ieslassalinas\/files\/2025\/01\/2bachHum1.png 983w, https:\/\/blogsaverroes.juntadeandalucia.es\/ieslassalinas\/files\/2025\/01\/2bachHum1-980x505.png 980w, https:\/\/blogsaverroes.juntadeandalucia.es\/ieslassalinas\/files\/2025\/01\/2bachHum1-480x248.png 480w\" sizes=\"(min-width: 0px) and (max-width: 480px) 480px, (min-width: 481px) and (max-width: 980px) 980px, (min-width: 981px) 983px, 100vw\" \/> <img loading=\"lazy\" decoding=\"async\" class=\"size-full wp-image-1943 aligncenter\" src=\"https:\/\/blogsaverroes.juntadeandalucia.es\/ieslassalinas\/files\/2025\/01\/2bachHum2.png\" alt=\"\" width=\"999\" height=\"420\" srcset=\"https:\/\/blogsaverroes.juntadeandalucia.es\/ieslassalinas\/files\/2025\/01\/2bachHum2.png 999w, https:\/\/blogsaverroes.juntadeandalucia.es\/ieslassalinas\/files\/2025\/01\/2bachHum2-980x412.png 980w, https:\/\/blogsaverroes.juntadeandalucia.es\/ieslassalinas\/files\/2025\/01\/2bachHum2-480x202.png 480w\" sizes=\"(min-width: 0px) and (max-width: 480px) 480px, (min-width: 481px) and (max-width: 980px) 980px, (min-width: 981px) 999px, 100vw\" \/><\/p>\n<p>&nbsp;<\/p>\n<p>&nbsp;<\/p>\n<p>&nbsp;<\/p>\n<p>&nbsp;<\/p>\n<p>&nbsp;<\/p>\n<p>[\/et_pb_tab][\/et_pb_tabs][\/et_pb_column][\/et_pb_row][\/et_pb_section]<\/p>\n","protected":false},"excerpt":{"rendered":"<p>IES Las Salinas FuengirolaBachilleratoEl Bachillerato es una etapa educativa voluntaria, ya que el sistema educativo andaluz deja de ser obligatorio al finalizar la Educaci\u00f3n Secundaria Obligatoria. A partir de este momento el alumnado puede complementar su formaci\u00f3n durante dos cursos, acad\u00e9micos en una de las tres modalidades de bachillerato, con el objetivo de empezar a [&hellip;]<\/p>\n","protected":false},"author":14321,"featured_media":0,"parent":0,"menu_order":0,"comment_status":"closed","ping_status":"closed","template":"","meta":{"_et_pb_use_builder":"on","_et_pb_old_content":"","_et_gb_content_width":"","ngg_post_thumbnail":0,"footnotes":""},"aioseo_notices":[],"_links":{"self":[{"href":"https:\/\/blogsaverroes.juntadeandalucia.es\/ieslassalinas\/wp-json\/wp\/v2\/pages\/1121"}],"collection":[{"href":"https:\/\/blogsaverroes.juntadeandalucia.es\/ieslassalinas\/wp-json\/wp\/v2\/pages"}],"about":[{"href":"https:\/\/blogsaverroes.juntadeandalucia.es\/ieslassalinas\/wp-json\/wp\/v2\/types\/page"}],"author":[{"embeddable":true,"href":"https:\/\/blogsaverroes.juntadeandalucia.es\/ieslassalinas\/wp-json\/wp\/v2\/users\/14321"}],"replies":[{"embeddable":true,"href":"https:\/\/blogsaverroes.juntadeandalucia.es\/ieslassalinas\/wp-json\/wp\/v2\/comments?post=1121"}],"version-history":[{"count":5,"href":"https:\/\/blogsaverroes.juntadeandalucia.es\/ieslassalinas\/wp-json\/wp\/v2\/pages\/1121\/revisions"}],"predecessor-version":[{"id":2047,"href":"https:\/\/blogsaverroes.juntadeandalucia.es\/ieslassalinas\/wp-json\/wp\/v2\/pages\/1121\/revisions\/2047"}],"wp:attachment":[{"href":"https:\/\/blogsaverroes.juntadeandalucia.es\/ieslassalinas\/wp-json\/wp\/v2\/media?parent=1121"}],"curies":[{"name":"wp","href":"https:\/\/api.w.org\/{rel}","templated":true}]}}