{"id":113,"date":"2015-03-16T08:06:00","date_gmt":"2015-03-16T08:06:00","guid":{"rendered":"http:\/\/blogsaverroes.juntadeandalucia.es\/pre\/ceip\/?page_id=113"},"modified":"2021-03-01T15:23:53","modified_gmt":"2021-03-01T15:23:53","slug":"biblioteca","status":"publish","type":"page","link":"https:\/\/blogsaverroes.juntadeandalucia.es\/ieslasvinas\/biblioteca\/","title":{"rendered":"Biblioteca"},"content":{"rendered":"<p><iframe title=\"Biblioteca IES LAS VI\u00d1AS\" width=\"500\" height=\"281\" src=\"https:\/\/www.youtube.com\/embed\/AEGmiGtP41E?feature=oembed&#038;wmode=opaque\" frameborder=\"0\" allow=\"accelerometer; autoplay; clipboard-write; encrypted-media; gyroscope; picture-in-picture\" allowfullscreen><\/iframe><\/p>\n<p>Nos encontramos en la biblioteca del Instituto. Este es un espacio donde se puede consultar y buscar informaci\u00f3n en los libros que veis en las vitrinas. Tambi\u00e9n sirve como lugar de ESTUDIO en el RECREO. Cuando se viene a la biblioteca es fundamental permanecer en silencio para no molestar a los posibles compa\u00f1eros y compa\u00f1eras que puedan estar concentrados estudiando, tambi\u00e9n est\u00e1 prohibido subir con comida.<br \/>\nEn ocasiones se viene a la Biblioteca para dar algunas clases o ver alg\u00fan video.<\/p>\n<p><a href=\"https:\/\/docs.google.com\/forms\/d\/e\/1FAIpQLSeGhz3qC80xcZ8Y8Tz0RSQZw-ifn1Q9yDz3S6GlmBHF7FJOeQ\/viewform\"><img fetchpriority=\"high\" decoding=\"async\" class=\"size-medium wp-image-2743 alignleft\" src=\"https:\/\/blogsaverroes.juntadeandalucia.es\/ieslasvinas\/files\/2021\/03\/Instagram_jefaerosol_51023172_421079061982466_2206763898978009489_n_1-300x300.jpg\" alt=\"\" width=\"300\" height=\"300\" srcset=\"https:\/\/blogsaverroes.juntadeandalucia.es\/ieslasvinas\/files\/2021\/03\/Instagram_jefaerosol_51023172_421079061982466_2206763898978009489_n_1-300x300.jpg 300w, https:\/\/blogsaverroes.juntadeandalucia.es\/ieslasvinas\/files\/2021\/03\/Instagram_jefaerosol_51023172_421079061982466_2206763898978009489_n_1-150x150.jpg 150w, https:\/\/blogsaverroes.juntadeandalucia.es\/ieslasvinas\/files\/2021\/03\/Instagram_jefaerosol_51023172_421079061982466_2206763898978009489_n_1-80x80.jpg 80w, https:\/\/blogsaverroes.juntadeandalucia.es\/ieslasvinas\/files\/2021\/03\/Instagram_jefaerosol_51023172_421079061982466_2206763898978009489_n_1-320x320.jpg 320w, https:\/\/blogsaverroes.juntadeandalucia.es\/ieslasvinas\/files\/2021\/03\/Instagram_jefaerosol_51023172_421079061982466_2206763898978009489_n_1.jpg 600w\" sizes=\"(max-width: 300px) 100vw, 300px\" \/><\/a><\/p>\n<p>&nbsp;&nbsp;<\/p>\n<p>&nbsp;<\/p>\n<p>&nbsp;<\/p>\n<p style=\"text-align: justify\">Pulsando sobre LA IMAGEN acceder\u00e1s al formulario donde podr\u00e1s realizar el pr\u00e9stamo de libros de la Biblioteca del IES. Cualquier duda sobre el pr\u00e9stamo y devoluci\u00f3n puedes consultarla a trav\u00e9s del correo electr\u00f3nico <strong>biblioteca@iesmoriles.com<\/strong><\/p>\n<p>&nbsp;<\/p>\n<p>@jefaerosol<\/p>\n<p>&nbsp;<\/p>\n<p><a title=\"Bibliotecas escolares\" href=\"http:\/\/www.juntadeandalucia.es\/educacion\/webportal\/web\/lecturas-y-bibliotecas-escolares\/bibliotecas-escolares\" target=\"_blank\" rel=\"noopener noreferrer\">Enlace al portal sobre las Bibliotecas Escolares.<\/a><\/p>\n","protected":false},"excerpt":{"rendered":"<p>Nos encontramos en la biblioteca del Instituto. Este es un espacio donde se puede consultar y buscar informaci\u00f3n en los libros que veis en las vitrinas. Tambi\u00e9n sirve como lugar de ESTUDIO en el&#46;&#46;&#46;<\/p>\n","protected":false},"author":1,"featured_media":0,"parent":0,"menu_order":0,"comment_status":"open","ping_status":"open","template":"page-templates\/child-menu.php","meta":{"ngg_post_thumbnail":0,"footnotes":"","_mc_calendar":[]},"aioseo_notices":[],"_links":{"self":[{"href":"https:\/\/blogsaverroes.juntadeandalucia.es\/ieslasvinas\/wp-json\/wp\/v2\/pages\/113"}],"collection":[{"href":"https:\/\/blogsaverroes.juntadeandalucia.es\/ieslasvinas\/wp-json\/wp\/v2\/pages"}],"about":[{"href":"https:\/\/blogsaverroes.juntadeandalucia.es\/ieslasvinas\/wp-json\/wp\/v2\/types\/page"}],"author":[{"embeddable":true,"href":"https:\/\/blogsaverroes.juntadeandalucia.es\/ieslasvinas\/wp-json\/wp\/v2\/users\/1"}],"replies":[{"embeddable":true,"href":"https:\/\/blogsaverroes.juntadeandalucia.es\/ieslasvinas\/wp-json\/wp\/v2\/comments?post=113"}],"version-history":[{"count":14,"href":"https:\/\/blogsaverroes.juntadeandalucia.es\/ieslasvinas\/wp-json\/wp\/v2\/pages\/113\/revisions"}],"predecessor-version":[{"id":2751,"href":"https:\/\/blogsaverroes.juntadeandalucia.es\/ieslasvinas\/wp-json\/wp\/v2\/pages\/113\/revisions\/2751"}],"wp:attachment":[{"href":"https:\/\/blogsaverroes.juntadeandalucia.es\/ieslasvinas\/wp-json\/wp\/v2\/media?parent=113"}],"curies":[{"name":"wp","href":"https:\/\/api.w.org\/{rel}","templated":true}]}}