{"id":150,"date":"2015-03-17T07:48:04","date_gmt":"2015-03-17T07:48:04","guid":{"rendered":"http:\/\/blogsaverroes.juntadeandalucia.es\/pre\/ceip\/?page_id=150"},"modified":"2024-10-28T17:05:46","modified_gmt":"2024-10-28T17:05:46","slug":"frances","status":"publish","type":"page","link":"https:\/\/blogsaverroes.juntadeandalucia.es\/ieslasvinas\/frances\/","title":{"rendered":"Franc\u00e9s"},"content":{"rendered":"<h1 class=\"entry-title\"><a href=\"https:\/\/blogsaverroes.juntadeandalucia.es\/iessalvadorserrano\/frances\/\">Franc\u00e9s<\/a><\/h1>\n<table style=\"width: 68.0197%\">\n<tbody>\n<tr>\n<td style=\"width: 57.203%\" colspan=\"2\">&nbsp;<\/td>\n<td style=\"background-color: #8cc5de;width: 30.216%\"><strong>Puesto o Especialidad<\/strong><\/td>\n<\/tr>\n<tr>\n<td style=\"background-color: #8cc5de;width: 24.4253%\">\n<h5><strong>Jefatura de Departamento<\/strong><\/h5>\n<\/td>\n<td style=\"width: 32.7777%\" width=\"261\">Mar\u00eda Sierra Espinar Rey<\/td>\n<td style=\"width: 30.216%\" width=\"247\">Franc\u00e9s P.E.S.<\/td>\n<\/tr>\n<tr>\n<td style=\"width: 87.419%;text-align: left\" colspan=\"3\">\n<h3><span style=\"color: #ffffff\"><strong>&nbsp;<\/strong><\/span><\/h3>\n<\/td>\n<\/tr>\n<tr>\n<td style=\"background-color: #2c8cf2;text-align: left;width: 87.419%\" colspan=\"3\">\n<h3><span style=\"color: #ffffff\"><strong>Criterios de Evaluaci\u00f3n Curso 24-25<\/strong><\/span><\/h3>\n<\/td>\n<\/tr>\n<tr>\n<td style=\"text-align: left;width: 87.419%\" colspan=\"3\"><a href=\"https:\/\/blogsaverroes.juntadeandalucia.es\/iessalvadorserrano\/files\/2020\/11\/Programaci%C3%B3n_Dpto_GeH_2020_2021_bis.pdf\"><img decoding=\"async\" class=\"size-full wp-image-2788 alignleft\" src=\"https:\/\/blogsaverroes.juntadeandalucia.es\/iessalvadorserrano\/files\/2015\/03\/PDFd-e1510255886258.jpg\" alt=\"\" width=\"45\" height=\"24\"><\/a><a href=\"https:\/\/blogsaverroes.juntadeandalucia.es\/ieslasvinas\/files\/2022\/12\/FR2-3\u00ba-ESO.pdf\">FR2 &#8211; 3\u00ba ESO<\/a> <a href=\"https:\/\/blogsaverroes.juntadeandalucia.es\/ieslasvinas\/files\/2022\/12\/FR2-1\u00ba-ESO.pdf\">FR2 &#8211; 1\u00ba ESO <\/a><a href=\"https:\/\/blogsaverroes.juntadeandalucia.es\/ieslasvinas\/files\/2023\/12\/FR2-2A\u0302\u00ba-ESO-criterios.pdf\">FR2 &#8211; 2A\u0302\u00ba ESO criterios<\/a><a href=\"https:\/\/blogsaverroes.juntadeandalucia.es\/ieslasvinas\/files\/2023\/12\/FR2-4A\u0302\u00ba-ESO-criterios.pdf\">FR2 &#8211; 4A\u0302\u00ba ESO criterios<\/a><\/td>\n<\/tr>\n<\/tbody>\n<\/table>\n<p>&nbsp;<\/p>\n<p>&nbsp;<\/p>\n<p><img decoding=\"async\" class=\"aligncenter size-medium wp-image-2099\" src=\"http:\/\/blogsaverroes.juntadeandalucia.es\/temahuemanies\/files\/2015\/03\/frances-300x160.jpg\" alt=\"frances\" width=\"300\" height=\"160\" srcset=\"https:\/\/blogsaverroes.juntadeandalucia.es\/ieslasvinas\/files\/2015\/03\/frances-300x160.jpg 300w, https:\/\/blogsaverroes.juntadeandalucia.es\/ieslasvinas\/files\/2015\/03\/frances.jpg 640w\" sizes=\"(max-width: 300px) 100vw, 300px\" \/><\/p>\n<p><span style=\"font-size: medium;font-family: sans-serif\"><br \/>\nEl pluriling\u00fcismo es una de las se\u00f1as de identidad de la ciudadan\u00eda en una Europa multiling\u00fce y multicultural, cuya diversidad no debe suponer un obst\u00e1culo a la movilidad y la cooperaci\u00f3n sino constituir una fuente de riqueza personal, social y cultural y un factor de progreso. A este fin, el Consejo Europeo reunido en Barcelona en 2002 recoge entre sus conclusiones la necesidad de coordinar esfuerzos en pos de una econom\u00eda competitiva basada en el conocimiento, e insta a los Estados miembros de la Uni\u00f3n Europea a desarrollar acciones educativas conducentes a la mejora del dominio de las competencias clave, en particular mediante la ense\u00f1anza de al menos dos lenguas extranjeras desde una edad muy temprana.<\/span><strong><span style=\"font-family: sans-serif\"><span style=\"font-size: medium\"><br \/>\nSegunda Lengua Extranjera <\/span><\/span><\/strong><\/p>\n","protected":false},"excerpt":{"rendered":"<p>Franc\u00e9s &nbsp; Puesto o Especialidad Jefatura de Departamento Mar\u00eda Sierra Espinar Rey Franc\u00e9s P.E.S. &nbsp; Criterios de Evaluaci\u00f3n Curso 24-25 FR2 &#8211; 3\u00ba ESO FR2 &#8211; 1\u00ba ESO FR2 &#8211; 2A\u0302\u00ba ESO criteriosFR2 &#8211;&#46;&#46;&#46;<\/p>\n","protected":false},"author":1,"featured_media":0,"parent":0,"menu_order":0,"comment_status":"open","ping_status":"open","template":"page-templates\/child-menu.php","meta":{"ngg_post_thumbnail":0,"footnotes":"","_mc_calendar":[]},"aioseo_notices":[],"_links":{"self":[{"href":"https:\/\/blogsaverroes.juntadeandalucia.es\/ieslasvinas\/wp-json\/wp\/v2\/pages\/150"}],"collection":[{"href":"https:\/\/blogsaverroes.juntadeandalucia.es\/ieslasvinas\/wp-json\/wp\/v2\/pages"}],"about":[{"href":"https:\/\/blogsaverroes.juntadeandalucia.es\/ieslasvinas\/wp-json\/wp\/v2\/types\/page"}],"author":[{"embeddable":true,"href":"https:\/\/blogsaverroes.juntadeandalucia.es\/ieslasvinas\/wp-json\/wp\/v2\/users\/1"}],"replies":[{"embeddable":true,"href":"https:\/\/blogsaverroes.juntadeandalucia.es\/ieslasvinas\/wp-json\/wp\/v2\/comments?post=150"}],"version-history":[{"count":17,"href":"https:\/\/blogsaverroes.juntadeandalucia.es\/ieslasvinas\/wp-json\/wp\/v2\/pages\/150\/revisions"}],"predecessor-version":[{"id":4268,"href":"https:\/\/blogsaverroes.juntadeandalucia.es\/ieslasvinas\/wp-json\/wp\/v2\/pages\/150\/revisions\/4268"}],"wp:attachment":[{"href":"https:\/\/blogsaverroes.juntadeandalucia.es\/ieslasvinas\/wp-json\/wp\/v2\/media?parent=150"}],"curies":[{"name":"wp","href":"https:\/\/api.w.org\/{rel}","templated":true}]}}