{"id":158,"date":"2015-03-17T07:50:33","date_gmt":"2015-03-17T07:50:33","guid":{"rendered":"http:\/\/blogsaverroes.juntadeandalucia.es\/pre\/ceip\/?page_id=158"},"modified":"2024-10-28T17:06:27","modified_gmt":"2024-10-28T17:06:27","slug":"matematicas","status":"publish","type":"page","link":"https:\/\/blogsaverroes.juntadeandalucia.es\/ieslasvinas\/matematicas\/","title":{"rendered":"Matem\u00e1ticas"},"content":{"rendered":"<header class=\"entry-header cf\">\n<h1 class=\"entry-title\"><a href=\"https:\/\/blogsaverroes.juntadeandalucia.es\/ieslasvinas\/matematicas\/\">Matem\u00e1ticas<\/a><\/h1>\n<\/header>\n<div class=\"entry-byline cf\">&nbsp;<\/div>\n<div class=\"entry-content cf\">\n<table style=\"width: 76.8909%;height: 202px\">\n<tbody>\n<tr style=\"height: 24px\">\n<td style=\"width: 59.7163%;height: 24px\" colspan=\"2\">&nbsp;<\/td>\n<td style=\"width: 38.8652%;height: 24px;background-color: #8cc5de\"><strong>Puesto o Especialidad<br \/>\n<\/strong><\/td>\n<\/tr>\n<tr style=\"height: 82px\">\n<td style=\"width: 23.6879%;height: 82px;background-color: #8cc5de\">\n<h5><strong>Jefatura de Departamento<\/strong><\/h5>\n<\/td>\n<td style=\"width: 36.0284%;height: 82px\" width=\"250\">Rafael&nbsp; Quintana Villalba<\/td>\n<td style=\"width: 38.8652%;height: 82px\" width=\"270\">Matem\u00e1ticas P.E.S.<\/td>\n<\/tr>\n<tr style=\"height: 24px\">\n<td style=\"width: 23.6879%;height: 96px;background-color: #8cc5de\" rowspan=\"2\">\n<h5><strong>Componentes<\/strong><\/h5>\n<\/td>\n<td style=\"width: 36.0284%;height: 24px\" width=\"250\">Agustina Fontiveros Guerrero<\/td>\n<td style=\"width: 38.8652%;height: 24px\" width=\"270\">Matem\u00e1ticas P.E.S..<\/td>\n<\/tr>\n<tr style=\"height: 24px\">\n<td style=\"width: 36.0284%;height: 24px\" width=\"250\">Antonio Trujillo Flores<\/td>\n<td style=\"width: 38.8652%;height: 24px\" width=\"270\">Matem\u00e1ticas P.E.S.<\/td>\n<\/tr>\n<\/tbody>\n<\/table>\n<table class=\" alignleft\" style=\"width: 76.9078%;border-color: #000000\">\n<tbody>\n<tr>\n<td style=\"width: 100%;background-color: #2c8cf2;text-align: left\">\n<h3><strong><span style=\"color: #ffffff\">Criterios de Evaluaci\u00f3n Curso 24-25<\/span><\/strong><\/h3>\n<\/td>\n<\/tr>\n<tr>\n<td style=\"width: 100%;text-align: left\"><a href=\"https:\/\/blogsaverroes.juntadeandalucia.es\/iessalvadorserrano\/files\/2020\/11\/PROGRAMACI%C3%93N-GENERAL-DPTO-LENGUA-2020-2021.pdf\"><img decoding=\"async\" class=\"size-full wp-image-2788 alignleft\" src=\"https:\/\/blogsaverroes.juntadeandalucia.es\/iessalvadorserrano\/files\/2015\/03\/PDFd-e1510255886258.jpg\" alt=\"\" width=\"45\" height=\"24\"><\/a><a href=\"https:\/\/blogsaverroes.juntadeandalucia.es\/ieslasvinas\/files\/2022\/12\/MAT-3\u00ba-ESO.pdf\">MAT &#8211; 3\u00ba ESO<\/a> <a href=\"https:\/\/blogsaverroes.juntadeandalucia.es\/ieslasvinas\/files\/2022\/12\/MAT-1\u00ba-ESO.pdf\">MAT &#8211; 1\u00ba ESO<\/a> <a href=\"https:\/\/blogsaverroes.juntadeandalucia.es\/ieslasvinas\/files\/2023\/12\/MAT-B-4A\u0302\u00baESO.pdf\">MAT B 4\u00baESO<\/a> <a href=\"https:\/\/blogsaverroes.juntadeandalucia.es\/ieslasvinas\/files\/2023\/12\/MAT-A-4A\u0302\u00baESO.pdf\">MAT A 4\u00baESO<\/a> <a href=\"https:\/\/blogsaverroes.juntadeandalucia.es\/ieslasvinas\/files\/2023\/12\/MAT-2A\u0302\u00baESO.pdf\">MAT 2\u00baESO<\/a> <a href=\"https:\/\/blogsaverroes.juntadeandalucia.es\/ieslasvinas\/files\/2023\/12\/ACT-4A\u0302\u00baDIVER.pdf\">ACT 4\u00baDIVER<\/a><\/td>\n<\/tr>\n<\/tbody>\n<\/table>\n<\/div>\n<p>&nbsp;<\/p>\n<p>&nbsp;<\/p>\n<p>&nbsp;<\/p>\n<p>&nbsp;<\/p>\n<p>&nbsp;<\/p>\n<p>&nbsp;<\/p>\n<p>&nbsp;<\/p>\n<p><img fetchpriority=\"high\" decoding=\"async\" class=\"aligncenter size-medium wp-image-2135\" src=\"http:\/\/blogsaverroes.juntadeandalucia.es\/temahuemanies\/files\/2015\/03\/matematicas-300x210.jpg\" alt=\"matematicas\" width=\"300\" height=\"210\" srcset=\"https:\/\/blogsaverroes.juntadeandalucia.es\/ieslasvinas\/files\/2015\/03\/matematicas-300x210.jpg 300w, https:\/\/blogsaverroes.juntadeandalucia.es\/ieslasvinas\/files\/2015\/03\/matematicas.jpg 640w\" sizes=\"(max-width: 300px) 100vw, 300px\" \/><\/p>\n<p><strong><span style=\"font-family: sans-serif\"><span style=\"font-size: medium\">Matem\u00e1ticas <\/span><\/span><\/strong><\/p>\n<p><span style=\"font-family: sans-serif\"><span style=\"font-size: medium\">Las matem\u00e1ticas constituyen una forma de mirar e interpretar el mundo que nos rodea, reflejan la capacidad creativa, expresan con precisi\u00f3n conceptos y argumentos, favorecen la capacidad para aprender a aprender y contienen elementos de gran belleza; sin olvidar adem\u00e1s el car\u00e1cter instrumental que las matem\u00e1ticas tienen como base fundamental para la adquisici\u00f3n de nuevos conocimientos en otras disciplinas, especialmente en el proceso cient\u00edfico y tecnol\u00f3gico y como fuerza conductora en el desarrollo de la cultura y las civilizaciones. <\/span><\/span><\/p>\n","protected":false},"excerpt":{"rendered":"<p>Matem\u00e1ticas &nbsp; &nbsp; Puesto o Especialidad Jefatura de Departamento Rafael&nbsp; Quintana Villalba Matem\u00e1ticas P.E.S. Componentes Agustina Fontiveros Guerrero Matem\u00e1ticas P.E.S.. Antonio Trujillo Flores Matem\u00e1ticas P.E.S. Criterios de Evaluaci\u00f3n Curso 24-25 MAT &#8211; 3\u00ba ESO&#46;&#46;&#46;<\/p>\n","protected":false},"author":1,"featured_media":0,"parent":0,"menu_order":0,"comment_status":"open","ping_status":"open","template":"page-templates\/child-menu.php","meta":{"ngg_post_thumbnail":0,"footnotes":"","_mc_calendar":[]},"aioseo_notices":[],"_links":{"self":[{"href":"https:\/\/blogsaverroes.juntadeandalucia.es\/ieslasvinas\/wp-json\/wp\/v2\/pages\/158"}],"collection":[{"href":"https:\/\/blogsaverroes.juntadeandalucia.es\/ieslasvinas\/wp-json\/wp\/v2\/pages"}],"about":[{"href":"https:\/\/blogsaverroes.juntadeandalucia.es\/ieslasvinas\/wp-json\/wp\/v2\/types\/page"}],"author":[{"embeddable":true,"href":"https:\/\/blogsaverroes.juntadeandalucia.es\/ieslasvinas\/wp-json\/wp\/v2\/users\/1"}],"replies":[{"embeddable":true,"href":"https:\/\/blogsaverroes.juntadeandalucia.es\/ieslasvinas\/wp-json\/wp\/v2\/comments?post=158"}],"version-history":[{"count":17,"href":"https:\/\/blogsaverroes.juntadeandalucia.es\/ieslasvinas\/wp-json\/wp\/v2\/pages\/158\/revisions"}],"predecessor-version":[{"id":4269,"href":"https:\/\/blogsaverroes.juntadeandalucia.es\/ieslasvinas\/wp-json\/wp\/v2\/pages\/158\/revisions\/4269"}],"wp:attachment":[{"href":"https:\/\/blogsaverroes.juntadeandalucia.es\/ieslasvinas\/wp-json\/wp\/v2\/media?parent=158"}],"curies":[{"name":"wp","href":"https:\/\/api.w.org\/{rel}","templated":true}]}}