{"id":162,"date":"2015-03-17T07:51:10","date_gmt":"2015-03-17T07:51:10","guid":{"rendered":"http:\/\/blogsaverroes.juntadeandalucia.es\/pre\/ceip\/?page_id=162"},"modified":"2024-10-29T09:21:07","modified_gmt":"2024-10-29T09:21:07","slug":"tecnologia","status":"publish","type":"page","link":"https:\/\/blogsaverroes.juntadeandalucia.es\/ieslasvinas\/tecnologia\/","title":{"rendered":"Tecnolog\u00eda"},"content":{"rendered":"<header class=\"entry-header cf\">\n<h2 class=\"entry-title\"><span style=\"text-decoration: underline\">Tecnolog\u00eda<\/span><\/h2>\n<\/header>\n<div class=\"entry-byline cf\">&nbsp;<\/div>\n<div class=\"entry-content cf\">\n<table style=\"width: 69.9634%\">\n<tbody>\n<tr>\n<td style=\"width: 63.8847%\" colspan=\"2\">&nbsp;<\/td>\n<td style=\"background-color: #8cc5de;width: 32.8431%\"><strong>Puesto o Especialidad<\/strong><\/td>\n<\/tr>\n<tr>\n<td style=\"background-color: #8cc5de;width: 24.8862%\">\n<h5><strong>Jefatura de Departamento<\/strong><\/h5>\n<\/td>\n<td style=\"width: 38.9985%\" width=\"253\">Faustino Mu\u00f1oz Pancorbo<\/td>\n<td style=\"width: 32.8431%\" width=\"224\">Tecnolog\u00eda P.E.S.<\/td>\n<\/tr>\n<tr>\n<td style=\"background-color: #8cc5de;width: 24.8862%\">\n<h5><strong>Componentes<\/strong><\/h5>\n<\/td>\n<td style=\"width: 38.9985%\" width=\"253\">Jos\u00e9 Alfonso Rojas Molina<\/td>\n<td style=\"width: 32.8431%\" width=\"224\">Tecnolog\u00eda P.E.S.<\/td>\n<\/tr>\n<tr>\n<td style=\"background-color: #ffffff;width: 96.7278%\" colspan=\"3\">\n<h3><span style=\"color: #ffffff\"><strong> #FFFFFF<\/strong><\/span><\/h3>\n<\/td>\n<\/tr>\n<tr>\n<td style=\"background-color: #2c8cf2;text-align: left;width: 96.7278%\" colspan=\"3\">\n<h3><span style=\"color: #ffffff\"><strong>Criterios de evaluaci\u00f3n Curso 24-25<\/strong><\/span><\/h3>\n<\/td>\n<\/tr>\n<tr>\n<td style=\"text-align: left;width: 96.7278%\" colspan=\"3\">\n<h5><strong><a href=\"https:\/\/blogsaverroes.juntadeandalucia.es\/iessalvadorserrano\/files\/2020\/11\/Gen%C3%A9rica-de-departamento-Tecnolog%C3%ADa20-21.pdf\"><img decoding=\"async\" class=\"size-full wp-image-2788 alignleft\" src=\"https:\/\/blogsaverroes.juntadeandalucia.es\/iessalvadorserrano\/files\/2015\/03\/PDFd-e1510255886258.jpg\" alt=\"\" width=\"45\" height=\"24\"><\/a><\/strong> &nbsp; &nbsp;<\/h5>\n<table style=\"border-collapse: collapse;width: 100%\">\n<tbody>\n<tr>\n<td style=\"width: 33.3333%;text-align: center\">\n<h5><a href=\"https:\/\/blogsaverroes.juntadeandalucia.es\/ieslasvinas\/files\/2022\/12\/CyR-1\u00ba-y-3\u00ba-ESO.pdf\">Computaci\u00f3n y Rob\u00f3tica<br \/>\n1\u00ba y 3\u00ba ESO<\/a><\/h5>\n<\/td>\n<td style=\"width: 33.3333%;text-align: center\">\n<h5><a href=\"https:\/\/blogsaverroes.juntadeandalucia.es\/ieslasvinas\/files\/2023\/12\/CyR2A\u0302\u00baESO.pdf\">Computaci\u00f3n y Rob\u00f3tica<br \/>\n2\u00baESO<\/a><\/h5>\n<\/td>\n<td style=\"width: 33.3333%;text-align: center\">\n<h5><a href=\"https:\/\/blogsaverroes.juntadeandalucia.es\/ieslasvinas\/files\/2023\/12\/Criterios2A\u0302\u00baTyD.pdf\">Tecnolog\u00eda y Digitalizaci\u00f3n<br \/>\n2\u00ba ESO<\/a><\/h5>\n<\/td>\n<\/tr>\n<tr>\n<td style=\"width: 33.3333%;text-align: center\">\n<h5><a href=\"https:\/\/blogsaverroes.juntadeandalucia.es\/ieslasvinas\/files\/2022\/12\/TyD-3\u00ba-ESO.pdf\">Tecnolog\u00eda y Digitalizaci\u00f3n<br \/>\n3\u00ba ESO<\/a> &nbsp;<\/h5>\n<\/td>\n<td style=\"width: 33.3333%;text-align: center\">\n<h5 style=\"text-align: center\"><a href=\"https:\/\/blogsaverroes.juntadeandalucia.es\/ieslasvinas\/files\/2023\/12\/Criterios-TecnologiI\u0300\u0081a-4A\u0302\u00baESO.pdf\">Tecnolog\u00eda<br \/>\n4\u00baESO&nbsp; <\/a><\/h5>\n<\/td>\n<td style=\"width: 33.3333%;text-align: center\">\n<h5><a href=\"https:\/\/blogsaverroes.juntadeandalucia.es\/ieslasvinas\/files\/2023\/12\/Criterios-4A\u0302\u00baDigitalizacioI\u0300\u0081n.pdf\">Digitalizaci\u00f3n<br \/>\n4\u00ba ESO<\/a><\/h5>\n<\/td>\n<\/tr>\n<\/tbody>\n<\/table>\n<h5><strong>&nbsp;<\/strong><\/h5>\n<\/td>\n<\/tr>\n<\/tbody>\n<\/table>\n<\/div>\n<p>&nbsp;<\/p>\n<p><img fetchpriority=\"high\" decoding=\"async\" class=\"aligncenter size-medium wp-image-2163\" src=\"http:\/\/blogsaverroes.juntadeandalucia.es\/temahuemanies\/files\/2015\/03\/tecnologia-300x225.jpg\" alt=\"tecnologia\" width=\"300\" height=\"225\" srcset=\"https:\/\/blogsaverroes.juntadeandalucia.es\/ieslasvinas\/files\/2015\/03\/tecnologia-300x225.jpg 300w, https:\/\/blogsaverroes.juntadeandalucia.es\/ieslasvinas\/files\/2015\/03\/tecnologia.jpg 640w\" sizes=\"(max-width: 300px) 100vw, 300px\" \/><\/p>\n<p><strong><span style=\"font-family: sans-serif\"><span style=\"font-size: medium\">Tecnolog\u00eda <\/span><\/span><\/strong><\/p>\n<p><span style=\"font-family: sans-serif\"><span style=\"font-size: medium\">El desarrollo tecnol\u00f3gico configura el mundo actual que conocemos. En muchas ocasiones la tecnolog\u00eda interact\u00faa en nuestra vida, aunque pasa desapercibida por lo habituados que estamos a ella. Este contexto hace necesaria la formaci\u00f3n de ciudadanos en la toma de decisiones relacionadas con procesos tecnol\u00f3gicos, con sentido cr\u00edtico, con capacidad de resolver problemas relacionados con ellos y, en definitiva, para utilizar y conocer materiales, procesos y objetos tecnol\u00f3gicos que facilitan la capacidad de actuar en un entorno tecnificado que mejora la calidad de vida. <\/span><\/span><\/p>\n<p><span style=\"font-family: sans-serif\"><span style=\"font-size: medium\">A lo largo de los siglos, el desarrollo tecnol\u00f3gico se ha visto motivado por las necesidades que la sociedad de cada \u00e9poca ha demandado, por sus tradiciones y su cultura, sin olvidar aspectos econ\u00f3micos y de mercado. La innovaci\u00f3n y b\u00fasqueda de soluciones alternativas han facilitado avances y la necesidad de cambio ha estado ligada siempre al ser humano. Por este motivo, la sociedad en la que vivimos necesita una educaci\u00f3n tecnol\u00f3gica amplia que facilite el conocimiento de las diversas tecnolog\u00edas, as\u00ed como las t\u00e9cnicas y los conocimientos cient\u00edficos que los sustentan. El desarrollo tecnol\u00f3gico se fundamenta en principios elementales y m\u00e1quinas simples que, sumados convenientemente, crean nuevas m\u00e1quinas y generan la realidad que nos rodea. <\/span><\/span><\/p>\n","protected":false},"excerpt":{"rendered":"<p>Tecnolog\u00eda &nbsp; &nbsp; Puesto o Especialidad Jefatura de Departamento Faustino Mu\u00f1oz Pancorbo Tecnolog\u00eda P.E.S. Componentes Jos\u00e9 Alfonso Rojas Molina Tecnolog\u00eda P.E.S. #FFFFFF Criterios de evaluaci\u00f3n Curso 24-25 &nbsp; &nbsp; Computaci\u00f3n y Rob\u00f3tica 1\u00ba y&#46;&#46;&#46;<\/p>\n","protected":false},"author":1,"featured_media":0,"parent":0,"menu_order":0,"comment_status":"open","ping_status":"open","template":"page-templates\/child-menu.php","meta":{"ngg_post_thumbnail":0,"footnotes":"","_mc_calendar":[]},"aioseo_notices":[],"_links":{"self":[{"href":"https:\/\/blogsaverroes.juntadeandalucia.es\/ieslasvinas\/wp-json\/wp\/v2\/pages\/162"}],"collection":[{"href":"https:\/\/blogsaverroes.juntadeandalucia.es\/ieslasvinas\/wp-json\/wp\/v2\/pages"}],"about":[{"href":"https:\/\/blogsaverroes.juntadeandalucia.es\/ieslasvinas\/wp-json\/wp\/v2\/types\/page"}],"author":[{"embeddable":true,"href":"https:\/\/blogsaverroes.juntadeandalucia.es\/ieslasvinas\/wp-json\/wp\/v2\/users\/1"}],"replies":[{"embeddable":true,"href":"https:\/\/blogsaverroes.juntadeandalucia.es\/ieslasvinas\/wp-json\/wp\/v2\/comments?post=162"}],"version-history":[{"count":21,"href":"https:\/\/blogsaverroes.juntadeandalucia.es\/ieslasvinas\/wp-json\/wp\/v2\/pages\/162\/revisions"}],"predecessor-version":[{"id":4279,"href":"https:\/\/blogsaverroes.juntadeandalucia.es\/ieslasvinas\/wp-json\/wp\/v2\/pages\/162\/revisions\/4279"}],"wp:attachment":[{"href":"https:\/\/blogsaverroes.juntadeandalucia.es\/ieslasvinas\/wp-json\/wp\/v2\/media?parent=162"}],"curies":[{"name":"wp","href":"https:\/\/api.w.org\/{rel}","templated":true}]}}