{"id":164,"date":"2015-03-17T07:52:28","date_gmt":"2015-03-17T07:52:28","guid":{"rendered":"http:\/\/blogsaverroes.juntadeandalucia.es\/pre\/ceip\/?page_id=164"},"modified":"2024-10-28T17:03:45","modified_gmt":"2024-10-28T17:03:45","slug":"ingles-2","status":"publish","type":"page","link":"https:\/\/blogsaverroes.juntadeandalucia.es\/ieslasvinas\/ingles-2\/","title":{"rendered":"Ingl\u00e9s"},"content":{"rendered":"<header class=\"entry-header cf\">\n<h1 class=\"entry-title\"><a href=\"https:\/\/blogsaverroes.juntadeandalucia.es\/ieslasvinas\/ingles-2\/\">Ingl\u00e9s<\/a><\/h1>\n<\/header>\n<div class=\"entry-byline cf\">&nbsp;<\/div>\n<div class=\"entry-content cf\">\n<table style=\"width: 77.6736%;height: 150px\">\n<tbody>\n<tr style=\"height: 24px\">\n<td style=\"height: 24px\" colspan=\"2\">&nbsp;<\/td>\n<td style=\"height: 24px;background-color: #8cc5de\"><strong>Puesto o Especialidad<\/strong><\/td>\n<\/tr>\n<tr style=\"height: 82px\">\n<td style=\"background-color: #8cc5de;height: 69px\">\n<h5><strong>Jefatura de Departamento<\/strong><\/h5>\n<\/td>\n<td style=\"height: 69px\" width=\"265\">Sandra Galisteo Rubio<\/td>\n<td style=\"height: 69px\" width=\"266\">Ingl\u00e9s P.E.S.<\/td>\n<\/tr>\n<tr style=\"height: 28px\">\n<td style=\"background-color: #8cc5de;height: 57px\">\n<h5><strong>Componentes<\/strong><\/h5>\n<\/td>\n<td style=\"height: 28px\" width=\"265\">Ana Isabel Delgado Pedrosa<\/td>\n<td style=\"height: 28px\" width=\"266\">Ingl\u00e9s P.E.S.<\/td>\n<\/tr>\n<\/tbody>\n<\/table>\n<table style=\"width: 77.9338%\">\n<tbody>\n<tr>\n<td style=\"width: 100%\">\n<h3><span style=\"color: #ffffff\"><strong>&nbsp;<\/strong><\/span><\/h3>\n<\/td>\n<\/tr>\n<tr>\n<td style=\"width: 100%;background-color: #2c8cf2;text-align: left\">\n<h3><span style=\"color: #ffffff\"><strong>Criterios de Evaluaci\u00f3n Curso 24-25<\/strong><\/span><\/h3>\n<\/td>\n<\/tr>\n<tr>\n<td style=\"width: 100%;text-align: left\"><a href=\"https:\/\/blogsaverroes.juntadeandalucia.es\/ieslasvinas\/files\/2022\/12\/Criterios-Lengua-Extranjera-ING-1\u00ba-y-3\u00ba-ESO.pdf\">Criterios &#8211; Lengua Extranjera (ING) &#8211; 1\u00ba y 3\u00ba ESO&nbsp; <\/a><a href=\"https:\/\/blogsaverroes.juntadeandalucia.es\/ieslasvinas\/files\/2023\/12\/CRITERIOS-ING-2A\u0302\u00ba-ESO.pdf\">CRITERIOS ING 2\u00ba ESO <\/a><a href=\"https:\/\/blogsaverroes.juntadeandalucia.es\/ieslasvinas\/files\/2023\/12\/CRITERIOS-ING-4A\u0302\u00ba-ESO.pdf\">CRITERIOS ING 4\u00ba ESO<\/a><a href=\"https:\/\/blogsaverroes.juntadeandalucia.es\/iessalvadorserrano\/files\/2020\/11\/programacion-de-departamento-2020-21.pdf\"><img decoding=\"async\" class=\" wp-image-2788 alignleft\" src=\"https:\/\/blogsaverroes.juntadeandalucia.es\/iessalvadorserrano\/files\/2015\/03\/PDFd-e1510255886258.jpg\" alt=\"\" width=\"51\" height=\"27\"><\/a><\/td>\n<\/tr>\n<\/tbody>\n<\/table>\n<\/div>\n<p>&nbsp;<\/p>\n<p>&nbsp;<\/p>\n<p>&nbsp;<\/p>\n<p>&nbsp;<\/p>\n<p>&nbsp;<\/p>\n<p><img decoding=\"async\" class=\"aligncenter size-medium wp-image-2116\" src=\"http:\/\/blogsaverroes.juntadeandalucia.es\/temahuemanies\/files\/2015\/03\/ingles-300x80.png\" alt=\"ingles\" width=\"300\" height=\"80\" srcset=\"https:\/\/blogsaverroes.juntadeandalucia.es\/ieslasvinas\/files\/2015\/03\/ingles-300x80.png 300w, https:\/\/blogsaverroes.juntadeandalucia.es\/ieslasvinas\/files\/2015\/03\/ingles.png 640w\" sizes=\"(max-width: 300px) 100vw, 300px\" \/><\/p>\n<p><strong><span style=\"font-family: sans-serif\"><span style=\"font-size: medium\">Primera Lengua Extranjera <\/span><\/span><\/strong><\/p>\n<p><span style=\"font-family: sans-serif\"><span style=\"font-size: medium\">La lengua es el instrumento por excelencia del aprendizaje y la comunicaci\u00f3n. Tanto las lenguas primeras como las lenguas extranjeras forman parte en la actualidad, y cada vez lo har\u00e1n m\u00e1s en el futuro, del bagaje vital de las personas en un mundo en continua expansi\u00f3n en el que, a la vez, las relaciones entre individuos, pa\u00edses, organismos y corporaciones se hacen m\u00e1s frecuentes y m\u00e1s estrechas. En la medida en que ese bagaje comprende diversos conocimientos, destrezas y actitudes en diversas lenguas, es decir un perfil pluriling\u00fce e intercultural, el individuo est\u00e1 mejor preparado para integrarse y participar en una variedad de contextos y de situaciones que suponen un est\u00edmulo para su desarrollo, y mejores oportunidades, en los \u00e1mbitos personal, p\u00fablico, educativo o acad\u00e9mico, ocupacional y profesional. <\/span><\/span><\/p>\n","protected":false},"excerpt":{"rendered":"<p>Ingl\u00e9s &nbsp; &nbsp; Puesto o Especialidad Jefatura de Departamento Sandra Galisteo Rubio Ingl\u00e9s P.E.S. Componentes Ana Isabel Delgado Pedrosa Ingl\u00e9s P.E.S. &nbsp; Criterios de Evaluaci\u00f3n Curso 24-25 Criterios &#8211; Lengua Extranjera (ING) &#8211; 1\u00ba&#46;&#46;&#46;<\/p>\n","protected":false},"author":1,"featured_media":0,"parent":0,"menu_order":0,"comment_status":"open","ping_status":"open","template":"page-templates\/child-menu.php","meta":{"ngg_post_thumbnail":0,"footnotes":"","_mc_calendar":[]},"aioseo_notices":[],"_links":{"self":[{"href":"https:\/\/blogsaverroes.juntadeandalucia.es\/ieslasvinas\/wp-json\/wp\/v2\/pages\/164"}],"collection":[{"href":"https:\/\/blogsaverroes.juntadeandalucia.es\/ieslasvinas\/wp-json\/wp\/v2\/pages"}],"about":[{"href":"https:\/\/blogsaverroes.juntadeandalucia.es\/ieslasvinas\/wp-json\/wp\/v2\/types\/page"}],"author":[{"embeddable":true,"href":"https:\/\/blogsaverroes.juntadeandalucia.es\/ieslasvinas\/wp-json\/wp\/v2\/users\/1"}],"replies":[{"embeddable":true,"href":"https:\/\/blogsaverroes.juntadeandalucia.es\/ieslasvinas\/wp-json\/wp\/v2\/comments?post=164"}],"version-history":[{"count":18,"href":"https:\/\/blogsaverroes.juntadeandalucia.es\/ieslasvinas\/wp-json\/wp\/v2\/pages\/164\/revisions"}],"predecessor-version":[{"id":4266,"href":"https:\/\/blogsaverroes.juntadeandalucia.es\/ieslasvinas\/wp-json\/wp\/v2\/pages\/164\/revisions\/4266"}],"wp:attachment":[{"href":"https:\/\/blogsaverroes.juntadeandalucia.es\/ieslasvinas\/wp-json\/wp\/v2\/media?parent=164"}],"curies":[{"name":"wp","href":"https:\/\/api.w.org\/{rel}","templated":true}]}}