{"id":172,"date":"2015-03-17T07:55:49","date_gmt":"2015-03-17T07:55:49","guid":{"rendered":"http:\/\/blogsaverroes.juntadeandalucia.es\/pre\/ceip\/?page_id=172"},"modified":"2024-10-28T17:07:11","modified_gmt":"2024-10-28T17:07:11","slug":"ciencias","status":"publish","type":"page","link":"https:\/\/blogsaverroes.juntadeandalucia.es\/ieslasvinas\/ciencias\/","title":{"rendered":"Ciencias"},"content":{"rendered":"<header class=\"entry-header cf\">\n<h1 class=\"entry-title\"><a href=\"https:\/\/blogsaverroes.juntadeandalucia.es\/ieslasvinas\/files\/2024\/05\/CULTURA-CIENTIFICA-4o-ESO.pdf\">CULTURA CIENTI\u0301FICA 4\u00ba ESO<\/a><a href=\"https:\/\/blogsaverroes.juntadeandalucia.es\/ieslasvinas\/ciencias\/\">Ciencias<\/a><\/h1>\n<\/header>\n<div class=\"entry-byline cf\">&nbsp;<\/div>\n<div class=\"entry-content cf\">\n<table style=\"width: 77.3291%;height: 144px\">\n<tbody>\n<tr style=\"height: 24px\">\n<td style=\"height: 24px\" colspan=\"2\">&nbsp;<\/td>\n<td style=\"height: 24px;background-color: #8cc5de\"><strong>Puesto o Especialidad<\/strong><\/td>\n<\/tr>\n<tr style=\"height: 63px\">\n<td style=\"background-color: #8cc5de;height: 63px\">\n<h5><strong>Jefatura de Departamento<\/strong><\/h5>\n<\/td>\n<td style=\"height: 63px\" width=\"240\">Mar\u00eda Jos\u00e9 Exp\u00f3sito Varo<\/td>\n<td style=\"height: 63px\" width=\"225\">F\u00edsica y Qu\u00edmica P.E.S.<\/td>\n<\/tr>\n<tr style=\"height: 28px\">\n<td style=\"height: 57px;background-color: #8cc5de\">\n<h5><strong>Componentes<\/strong><\/h5>\n<\/td>\n<td style=\"height: 28px\" width=\"240\">\u00c1ngel Luis Fern\u00e1ndez Suanes<\/td>\n<td style=\"height: 28px\" width=\"225\">Biolog\u00eda y Geolog\u00eda P.E.S.<\/td>\n<\/tr>\n<\/tbody>\n<\/table>\n<table style=\"width: 77.3889%\">\n<tbody>\n<tr>\n<td style=\"width: 100%\">\n<h3><span style=\"color: #ffffff\"><strong>&nbsp;<\/strong><\/span><\/h3>\n<\/td>\n<\/tr>\n<tr>\n<td style=\"width: 100%;background-color: #2c8cf2;text-align: left\">\n<h3><span style=\"color: #ffffff\"><strong>Criterios de Evaluaci\u00f3n Curso 24-25<\/strong><\/span><\/h3>\n<\/td>\n<\/tr>\n<tr>\n<td style=\"width: 100%;text-align: left\"><a href=\"https:\/\/blogsaverroes.juntadeandalucia.es\/iessalvadorserrano\/files\/2020\/11\/PROG.-GRAL-DE-DEPARTAMENTO.pdf\"><img decoding=\"async\" class=\"size-full wp-image-2788 alignleft\" src=\"https:\/\/blogsaverroes.juntadeandalucia.es\/iessalvadorserrano\/files\/2015\/03\/PDFd-e1510255886258.jpg\" alt=\"\" width=\"45\" height=\"24\"><\/a><a href=\"https:\/\/blogsaverroes.juntadeandalucia.es\/ieslasvinas\/files\/2022\/12\/FyQ-3\u00ba-ESO.pdf\">FyQ &#8211; 3\u00ba ESO<\/a><a href=\"https:\/\/blogsaverroes.juntadeandalucia.es\/ieslasvinas\/files\/2022\/12\/Criterios-2\u00ba-ESO-FyQ.pdf\"> &#8211; FyQ. &nbsp;<\/a><a href=\"https:\/\/blogsaverroes.juntadeandalucia.es\/ieslasvinas\/files\/2022\/12\/ByG-3\u00ba-ESO.pdf\">ByG &#8211; 3\u00ba ESO. &nbsp;<\/a><a href=\"https:\/\/blogsaverroes.juntadeandalucia.es\/ieslasvinas\/files\/2022\/12\/ByG-1\u00ba-ESO.pdf\">ByG &#8211; 1\u00ba ESO &nbsp; <\/a><a href=\"https:\/\/blogsaverroes.juntadeandalucia.es\/ieslasvinas\/files\/2023\/12\/FYQ-2A\u0302\u00baESO.pdf\">FYQ 2\u00baESO. &nbsp;<\/a><a href=\"https:\/\/blogsaverroes.juntadeandalucia.es\/ieslasvinas\/files\/2023\/12\/FYQ-4A\u0302\u00baESO.pdf\">FYQ 4\u00baESO <\/a><a href=\"https:\/\/blogsaverroes.juntadeandalucia.es\/ieslasvinas\/files\/2024\/05\/CULTURA-CIENTIFICA-4o-ESO.pdf\">CULTURA CIENTI\u0301FICA 4\u00ba ESO<\/a><\/td>\n<\/tr>\n<\/tbody>\n<\/table>\n<\/div>\n<p>&nbsp;<\/p>\n<p><img fetchpriority=\"high\" decoding=\"async\" class=\"aligncenter size-medium wp-image-2082\" src=\"http:\/\/blogsaverroes.juntadeandalucia.es\/temahuemanies\/files\/2015\/03\/fisica_quimica-300x212.jpg\" alt=\"fisica_quimica\" width=\"300\" height=\"212\" srcset=\"https:\/\/blogsaverroes.juntadeandalucia.es\/ieslasvinas\/files\/2015\/03\/fisica_quimica-300x212.jpg 300w, https:\/\/blogsaverroes.juntadeandalucia.es\/ieslasvinas\/files\/2015\/03\/fisica_quimica.jpg 640w\" sizes=\"(max-width: 300px) 100vw, 300px\" \/><\/p>\n<p><span style=\"font-family: sans-serif\"><span style=\"font-size: medium\"><strong>F\u00edsica y Qu\u00edmica<\/strong> <\/span><\/span><\/p>\n<p><span style=\"font-family: sans-serif\"><span style=\"font-size: medium\">La ense\u00f1anza de la F\u00edsica y la Qu\u00edmica juega un papel central en el desarrollo intelectual de los alumnos y las alumnas, y comparte con el resto de las disciplinas la responsabilidad de promover en ellos la adquisici\u00f3n de las competencias necesarias para que puedan integrarse en la sociedad de forma activa. Como disciplina cient\u00edfica, tiene el compromiso a\u00f1adido de dotar al alumno de herramientas espec\u00edficas que le permitan afrontar el futuro con garant\u00edas, participando en el desarrollo econ\u00f3mico y social al que est\u00e1 ligada la capacidad cient\u00edfica, tecnol\u00f3gica e innovadora de la propia sociedad. Para que estas expectativas se concreten, la ense\u00f1anza de esta materia debe incentivar un aprendizaje contextualizado que relacione los principios en vigor con la evoluci\u00f3n hist\u00f3rica del conocimiento cient\u00edfico; que establezca la relaci\u00f3n entre ciencia, tecnolog\u00eda y sociedad; que potencie la argumentaci\u00f3n verbal, la capacidad de establecer relaciones cuantitativas y espaciales, as\u00ed como la de resolver problemas con precisi\u00f3n y rigor.<\/span><\/span><\/p>\n<p><span style=\"font-family: sans-serif\"><span style=\"font-size: medium\"><strong>Biolog\u00eda y Geolog\u00eda<\/strong><\/span><\/span><\/p>\n<p><img decoding=\"async\" class=\"aligncenter size-medium wp-image-1992\" src=\"http:\/\/blogsaverroes.juntadeandalucia.es\/temahuemanies\/files\/2015\/03\/biologia-300x169.jpg\" alt=\"biologia\" width=\"300\" height=\"169\" srcset=\"https:\/\/blogsaverroes.juntadeandalucia.es\/ieslasvinas\/files\/2015\/03\/biologia-300x169.jpg 300w, https:\/\/blogsaverroes.juntadeandalucia.es\/ieslasvinas\/files\/2015\/03\/biologia.jpg 640w\" sizes=\"(max-width: 300px) 100vw, 300px\" \/><\/p>\n<p>La asignatura de Biolog\u00eda y Geolog\u00eda debe contribuir durante la Educaci\u00f3n Secundaria Obligatoria (ESO) a que el alumnado adquiera unos conocimientos y destrezas b\u00e1sicas que le permitan adquirir una cultura cient\u00edfica; los alumnos y alumnas debe identificarse como agentes activos, y reconocer que de sus actuaciones y conocimientos depender\u00e1 el desarrollo de su entorno.<\/p>\n<p>Durante esta etapa se persigue asentar los conocimientos ya adquiridos, para ir construyendo curso a curso conocimientos y destrezas que permitan a alumnos y alumnas ser ciudadanos respetuosos consigo mismos, con los dem\u00e1s y con el medio, con el material que utilizan o que est\u00e1 a su disposici\u00f3n, responsables, capaces de tener criterios propios y de no perder el inter\u00e9s que tienen desde el comienzo de su temprana actividad escolar por no dejar de aprender.<\/p>\n<p>En el Bachillerato, la materia de Biolog\u00eda y Geolog\u00eda profundiza en los conocimientos adquiridos en la ESO, analizando con mayor detalle la organizaci\u00f3n de los seres vivos, su biodiversidad, su distribuci\u00f3n y los factores que en ella influyen, as\u00ed como el comportamiento de la Tierra como un planeta en continua actividad.<\/p>\n","protected":false},"excerpt":{"rendered":"<p>CULTURA CIENTI\u0301FICA 4\u00ba ESOCiencias &nbsp; &nbsp; Puesto o Especialidad Jefatura de Departamento Mar\u00eda Jos\u00e9 Exp\u00f3sito Varo F\u00edsica y Qu\u00edmica P.E.S. Componentes \u00c1ngel Luis Fern\u00e1ndez Suanes Biolog\u00eda y Geolog\u00eda P.E.S. &nbsp; Criterios de Evaluaci\u00f3n Curso&#46;&#46;&#46;<\/p>\n","protected":false},"author":1,"featured_media":0,"parent":0,"menu_order":0,"comment_status":"open","ping_status":"open","template":"page-templates\/child-menu.php","meta":{"ngg_post_thumbnail":0,"footnotes":"","_mc_calendar":[]},"aioseo_notices":[],"_links":{"self":[{"href":"https:\/\/blogsaverroes.juntadeandalucia.es\/ieslasvinas\/wp-json\/wp\/v2\/pages\/172"}],"collection":[{"href":"https:\/\/blogsaverroes.juntadeandalucia.es\/ieslasvinas\/wp-json\/wp\/v2\/pages"}],"about":[{"href":"https:\/\/blogsaverroes.juntadeandalucia.es\/ieslasvinas\/wp-json\/wp\/v2\/types\/page"}],"author":[{"embeddable":true,"href":"https:\/\/blogsaverroes.juntadeandalucia.es\/ieslasvinas\/wp-json\/wp\/v2\/users\/1"}],"replies":[{"embeddable":true,"href":"https:\/\/blogsaverroes.juntadeandalucia.es\/ieslasvinas\/wp-json\/wp\/v2\/comments?post=172"}],"version-history":[{"count":19,"href":"https:\/\/blogsaverroes.juntadeandalucia.es\/ieslasvinas\/wp-json\/wp\/v2\/pages\/172\/revisions"}],"predecessor-version":[{"id":4270,"href":"https:\/\/blogsaverroes.juntadeandalucia.es\/ieslasvinas\/wp-json\/wp\/v2\/pages\/172\/revisions\/4270"}],"wp:attachment":[{"href":"https:\/\/blogsaverroes.juntadeandalucia.es\/ieslasvinas\/wp-json\/wp\/v2\/media?parent=172"}],"curies":[{"name":"wp","href":"https:\/\/api.w.org\/{rel}","templated":true}]}}