{"id":2561,"date":"2021-02-25T20:56:53","date_gmt":"2021-02-25T20:56:53","guid":{"rendered":"https:\/\/blogsaverroes.juntadeandalucia.es\/ieslasvinas\/?page_id=2561"},"modified":"2021-06-13T14:21:31","modified_gmt":"2021-06-13T14:21:31","slug":"pasen-e-ipasen","status":"publish","type":"page","link":"https:\/\/blogsaverroes.juntadeandalucia.es\/ieslasvinas\/pasen-e-ipasen\/","title":{"rendered":"Pasen e iPasen"},"content":{"rendered":"<p><strong>PASEN&nbsp;<\/strong>es servicio de la Consejer\u00eda de Educaci\u00f3n&nbsp;que permite la&nbsp;comunicaci\u00f3n entre los distintos miembros de la comunidad educativa&nbsp;(tutores\/as legales, alumnado, cargos directivos y profesorado).&nbsp;<\/p>\n<table>\n<tbody>\n<tr>\n<td><span class=\"embed-youtube\">[youtube https:\/\/www.youtube.com\/watch?v=7ShGT1uK_Wg?version=3&amp;rel=1&amp;fs=1&amp;autohide=2&amp;showsearch=0&amp;showinfo=1&amp;iv_load_policy=1&amp;wmode=transparent]<\/span><\/td>\n<\/tr>\n<\/tbody>\n<\/table>\n<p>PASEN es el m\u00f3dulo de S\u00e9neca que permite la comunicaci\u00f3n entre los centros educativos y las familias, tutores legales y alumnado.<\/p>\n<p>&nbsp; &nbsp;Pueden descargarse las versiones de&nbsp;<strong>iPasen&nbsp;<\/strong>para iOS y Android. Ambas est\u00e1n disponibles en sus respectivos repositorios de la&nbsp;<strong>AppStore&nbsp;<\/strong>y&nbsp;<strong>Google Play<\/strong><\/p>\n<p><strong>Funcionalidades:<\/strong><\/p>\n<ul>\n<li>Acceso con el mismo usuario\/contrase\u00f1a que a la aplicaci\u00f3n web PASEN.<\/li>\n<li>Cambio de contrase\u00f1a y acceso a \u2018Mis datos\u2019 con toda la informaci\u00f3n de usuario relevante para el sistema.<\/li>\n<li>Acceso a la Mensajer\u00eda interna.<\/li>\n<li>Acceso a la Agenda personal.<\/li>\n<li>Consultas de los datos del centro educativo.<\/li>\n<li>Consulta del Calendario escolar oficial.<\/li>\n<li>Consulta del Tabl\u00f3n de anuncios.<\/li>\n<li>Consulta del Horario escolar de sus hijos.<\/li>\n<li>Consulta, justificaci\u00f3n y comunicaci\u00f3n de ausencias de sus hijos.<\/li>\n<li>Consulta de las Calificaciones en cualquier materia.<\/li>\n<li>Consulta de las actividades evaluables, tareas, controles, etc, creados en los Cuadernos de clase del profesorado.<\/li>\n<li>Consulta de las Observaciones que se hayan introducido por parte del profesorado sobre la marcha de sus hijos.<\/li>\n<li>Recepci\u00f3n de Notificaciones enviadas desde S\u00e9neca por ausencias de sus hijos o cualquier otro tipo de mensaje.<\/li>\n<li>Subida de la foto del alumnado a su ficha.<\/li>\n<\/ul>\n<p><strong>Si no puede acceder a Pasen:<\/strong><\/p>\n<p>&nbsp; &nbsp; Est\u00e1 disponible un nuevo procedimiento de \u00abautologin\u00bb para usuarios con perfiles tutor\/a legal y alumnado (tanto emancipado como no), mediante el cual cualquier padre\/madre o alumno\/a podr\u00e1 realizar un proceso de \u00abautologin\u00bb para obtener las credenciales de acceso a PASEN.<\/p>\n<p>&nbsp; &nbsp; Para realizar el \u00abautologin\u00bb a trav\u00e9s de la aplicaci\u00f3n web o de la app iPasen, las familias deber\u00e1n pinchar en el enlace \u2018No tengo acceso\u2019 de la pantalla de login. Se requerir\u00e1n tres datos: El NIF, una fecha de nacimiento (de algunos de sus hijos\/as o la suya propia) y un n\u00famero de tel\u00e9fono m\u00f3vil donde recibir\u00e1 por SMS las credenciales. Este \u00faltimo deber\u00e1 coincidir con el que consta en S\u00e9neca para los tutores legales o para el alumnado.<\/p>\n<div class=\"container-wrapper-genially\" style=\"min-height: 400px;max-width: 100%\">\n<p>&nbsp;<\/p>\n<div style=\"width: 100%\">\n<div style=\"padding-bottom: 141.4%;padding-top: 0;height: 0\"><iframe src=\"https:\/\/view.genial.ly\/5fdc65a74f179c0cf95e12af\" width=\"1000px\" height=\"1414px\" frameborder=\"0\" scrolling=\"yes\"><\/iframe><\/div>\n<\/div>\n<\/div>\n","protected":false},"excerpt":{"rendered":"<p>PASEN&nbsp;es servicio de la Consejer\u00eda de Educaci\u00f3n&nbsp;que permite la&nbsp;comunicaci\u00f3n entre los distintos miembros de la comunidad educativa&nbsp;(tutores\/as legales, alumnado, cargos directivos y profesorado).&nbsp; [youtube https:\/\/www.youtube.com\/watch?v=7ShGT1uK_Wg?version=3&amp;rel=1&amp;fs=1&amp;autohide=2&amp;showsearch=0&amp;showinfo=1&amp;iv_load_policy=1&amp;wmode=transparent] PASEN es el m\u00f3dulo de S\u00e9neca que permite la&#46;&#46;&#46;<\/p>\n","protected":false},"author":7609,"featured_media":0,"parent":0,"menu_order":0,"comment_status":"closed","ping_status":"closed","template":"","meta":{"ngg_post_thumbnail":0,"footnotes":"","_mc_calendar":[]},"aioseo_notices":[],"_links":{"self":[{"href":"https:\/\/blogsaverroes.juntadeandalucia.es\/ieslasvinas\/wp-json\/wp\/v2\/pages\/2561"}],"collection":[{"href":"https:\/\/blogsaverroes.juntadeandalucia.es\/ieslasvinas\/wp-json\/wp\/v2\/pages"}],"about":[{"href":"https:\/\/blogsaverroes.juntadeandalucia.es\/ieslasvinas\/wp-json\/wp\/v2\/types\/page"}],"author":[{"embeddable":true,"href":"https:\/\/blogsaverroes.juntadeandalucia.es\/ieslasvinas\/wp-json\/wp\/v2\/users\/7609"}],"replies":[{"embeddable":true,"href":"https:\/\/blogsaverroes.juntadeandalucia.es\/ieslasvinas\/wp-json\/wp\/v2\/comments?post=2561"}],"version-history":[{"count":5,"href":"https:\/\/blogsaverroes.juntadeandalucia.es\/ieslasvinas\/wp-json\/wp\/v2\/pages\/2561\/revisions"}],"predecessor-version":[{"id":3332,"href":"https:\/\/blogsaverroes.juntadeandalucia.es\/ieslasvinas\/wp-json\/wp\/v2\/pages\/2561\/revisions\/3332"}],"wp:attachment":[{"href":"https:\/\/blogsaverroes.juntadeandalucia.es\/ieslasvinas\/wp-json\/wp\/v2\/media?parent=2561"}],"curies":[{"name":"wp","href":"https:\/\/api.w.org\/{rel}","templated":true}]}}