{"id":2562,"date":"2021-02-25T20:56:53","date_gmt":"2021-02-25T20:56:53","guid":{"rendered":"https:\/\/blogsaverroes.juntadeandalucia.es\/ieslasvinas\/?page_id=2562"},"modified":"2021-04-12T20:31:05","modified_gmt":"2021-04-12T20:31:05","slug":"tde","status":"publish","type":"page","link":"https:\/\/blogsaverroes.juntadeandalucia.es\/ieslasvinas\/tde\/","title":{"rendered":"TDE"},"content":{"rendered":"<p>El 31 de julio de 2020, la Consejer\u00eda de Educaci\u00f3n y Deporte de la Junta de Andaluc\u00eda dicta una&nbsp;<a href=\"https:\/\/www.juntadeandalucia.es\/export\/drupaljda\/otras_disposiciones\/20\/08\/Instruccion%2031_07_2020_transformacion_digital_centros.pdf\" target=\"_blank\" rel=\"noreferrer noopener\" aria-label=\" (abre en una nueva pesta\u00f1a)\">instrucci\u00f3n sobre las medidas de Transformaci\u00f3n Digital Educativa<\/a>&nbsp;(TDE) en los centros p\u00fablicos no universitarios, para el curso 20-21.<\/p>\n<p>Este programa de Transformaci\u00f3n Digital Educativa es el sucesor del programa #PRODIG, que ya estuvimos trabajando en el centro durante los cursos 18-19 y 19-20, y se basa en los&nbsp;<a href=\"https:\/\/www.juntadeandalucia.es\/educacion\/portals\/abaco-portlet\/content\/7f9245a0-0e96-4fcd-a5e5-89bfe984c215\" target=\"_blank\" rel=\"noreferrer noopener\" aria-label=\"marcos europeos de competencia digital (abre en una nueva pesta\u00f1a)\">marcos europeos de competencia digital<\/a>&nbsp;(DigCompOrg, DigCompEdu y DigComp), que pretenden convertir a los centros educativos en centros digitalmente competentes, teniendo en cuenta tres l\u00edneas fundamentales:<\/p>\n<ul>\n<li>Organizaci\u00f3n y gesti\u00f3n del centro.<\/li>\n<li>Procesos de ense\u00f1anza-aprendizaje.<\/li>\n<li>Informaci\u00f3n y comunicaci\u00f3n.<\/li>\n<\/ul>\n<p>En esta instrucci\u00f3n sobre medidas de TDE se habla de que se proporcionar\u00e1 equipamiento digital a los centros para que puedan reducir la denominada \u201cbrecha digital\u201d del alumnado y el profesorado, y se insta a los centros a fomentar que el alumnado aporte sus propios dispositivos (Bring Your Own Device \u2013 BYOD), teniendo en cuenta las medidas sanitarias adoptadas para el curso 20-21, y la recomendaci\u00f3n de no compartir material personal debido a la crisis sanitaria por el COVID 19, para lo que el centro deber\u00e1 regular esta posibilidad.<\/p>\n<p>La TDE conlleva la inclusi\u00f3n en el Plan de Centro de un&nbsp;<strong>Plan de Actuaci\u00f3n Digital<\/strong>&nbsp;(<strong>PAD<\/strong>), que debe realizarse durante la primera quincena de octubre, y en el que se indicar\u00e1n: las l\u00edneas de actuaci\u00f3n, las tareas en las que se concretan, la temporalizaci\u00f3n, los grupos de responsables y participantes, y la evaluaci\u00f3n prevista. El PAD debe contener las sugerencias de toda la comunidad educativa, y debe revisarse peri\u00f3dicamente.<\/p>\n<h4><strong>Este es nuestro PAD<\/strong><\/h4>\n<div style=\"width: 100%\">\n<div style=\"padding-bottom: 56.25%;padding-top: 0;height: 0\"><iframe src=\"https:\/\/view.genial.ly\/5f8dea8a3b51820d032c762a\" width=\"950px\" height=\"500px\" frameborder=\"0\" scrolling=\"yes\"><\/iframe><\/div>\n<\/div>\n<p>&nbsp;<\/p>\n<p>&nbsp;<\/p>\n","protected":false},"excerpt":{"rendered":"<p>El 31 de julio de 2020, la Consejer\u00eda de Educaci\u00f3n y Deporte de la Junta de Andaluc\u00eda dicta una&nbsp;instrucci\u00f3n sobre las medidas de Transformaci\u00f3n Digital Educativa&nbsp;(TDE) en los centros p\u00fablicos no universitarios, para el&#46;&#46;&#46;<\/p>\n","protected":false},"author":7609,"featured_media":0,"parent":0,"menu_order":0,"comment_status":"closed","ping_status":"closed","template":"","meta":{"ngg_post_thumbnail":0,"footnotes":"","_mc_calendar":[]},"aioseo_notices":[],"_links":{"self":[{"href":"https:\/\/blogsaverroes.juntadeandalucia.es\/ieslasvinas\/wp-json\/wp\/v2\/pages\/2562"}],"collection":[{"href":"https:\/\/blogsaverroes.juntadeandalucia.es\/ieslasvinas\/wp-json\/wp\/v2\/pages"}],"about":[{"href":"https:\/\/blogsaverroes.juntadeandalucia.es\/ieslasvinas\/wp-json\/wp\/v2\/types\/page"}],"author":[{"embeddable":true,"href":"https:\/\/blogsaverroes.juntadeandalucia.es\/ieslasvinas\/wp-json\/wp\/v2\/users\/7609"}],"replies":[{"embeddable":true,"href":"https:\/\/blogsaverroes.juntadeandalucia.es\/ieslasvinas\/wp-json\/wp\/v2\/comments?post=2562"}],"version-history":[{"count":8,"href":"https:\/\/blogsaverroes.juntadeandalucia.es\/ieslasvinas\/wp-json\/wp\/v2\/pages\/2562\/revisions"}],"predecessor-version":[{"id":3257,"href":"https:\/\/blogsaverroes.juntadeandalucia.es\/ieslasvinas\/wp-json\/wp\/v2\/pages\/2562\/revisions\/3257"}],"wp:attachment":[{"href":"https:\/\/blogsaverroes.juntadeandalucia.es\/ieslasvinas\/wp-json\/wp\/v2\/media?parent=2562"}],"curies":[{"name":"wp","href":"https:\/\/api.w.org\/{rel}","templated":true}]}}