{"id":2576,"date":"2021-02-25T21:25:14","date_gmt":"2021-02-25T21:25:14","guid":{"rendered":"https:\/\/blogsaverroes.juntadeandalucia.es\/ieslasvinas\/?page_id=2576"},"modified":"2021-02-26T09:49:04","modified_gmt":"2021-02-26T09:49:04","slug":"proteccion-de-datos","status":"publish","type":"page","link":"https:\/\/blogsaverroes.juntadeandalucia.es\/ieslasvinas\/proteccion-de-datos\/","title":{"rendered":"Protecci\u00f3n de datos"},"content":{"rendered":"<p><img decoding=\"async\" class=\"alignnone size-full wp-image-489\" src=\"http:\/\/wp.catedu.es\/inspeccioneducacionteruel\/wp-content\/uploads\/sites\/108\/2018\/06\/SeguridadMenor5.png\" alt=\"\" width=\"154\" height=\"215\"><\/p>\n<p style=\"text-align: justify\">El 25 de mayo de 2018 entr\u00f3 en vigor el Reglamento General de Protecci\u00f3n de Datos. La Agencia Espa\u00f1ola de Protecci\u00f3n de Datos pone a disposici\u00f3n de los usuarios interesados una completa <a href=\"http:\/\/www.tudecideseninternet.es\/agpd1\/images\/guias\/GuiaCentros\/GuiaCentrosEducativos.pdf\">Gu\u00eda para centros educativos<\/a> para facilitar, especialmente, la intervenci\u00f3n de los equipos directivos ante determinadas situaciones que pueden generar dudas en las actuaciones cotidianas con los datos de nuestros alumnos y alumnas.<\/p>\n<p style=\"text-align: justify\">Tambi\u00e9n puedes encontrar m\u00e1s informaci\u00f3n y recursos en la siguiente p\u00e1gina web del <a href=\"https:\/\/intef.es\/tecnologia-educativa\/seguridad-del-menor-en-internet\/\">Instituto Nacional de Tecnolog\u00edas Educativas y Formaci\u00f3n del Profesorado<\/a>(INTEF).<\/p>\n<p style=\"text-align: justify\">Canal prioritario para comunicar la difusi\u00f3n de contenido sensible en internet y solicitar su retirada <a href=\"https:\/\/www.aepd.es\/canalprioritario\/\">https:\/\/www.aepd.es\/canalprioritario\/<\/a><\/p>\n<p style=\"text-align: justify\">Completamos la informaci\u00f3n con un documento con enlaces a la normativa en vigor en materia de protecci\u00f3n de datos, as\u00ed como a los informes, infograf\u00edas, portales web, gu\u00edas y canal prioritario de denuncia sobre publicaciones en Internet de contenidos sexuales o violentos: <a href=\"http:\/\/wp.catedu.es\/inspeccioneducacionteruel\/wp-content\/uploads\/sites\/108\/2018\/06\/Normas-y-materiales-PDCP-Centros-docentes-Febrero-2020.pdf\">Normas y materiales \u2013 PDCP Centros docentes \u2013 Febrero 2020<\/a><\/p>\n<p style=\"text-align: justify\">Esperamos que esta informaci\u00f3n te resulte de utilidad.<\/p>\n","protected":false},"excerpt":{"rendered":"<p>El 25 de mayo de 2018 entr\u00f3 en vigor el Reglamento General de Protecci\u00f3n de Datos. La Agencia Espa\u00f1ola de Protecci\u00f3n de Datos pone a disposici\u00f3n de los usuarios interesados una completa Gu\u00eda para&#46;&#46;&#46;<\/p>\n","protected":false},"author":7609,"featured_media":2584,"parent":0,"menu_order":0,"comment_status":"closed","ping_status":"closed","template":"","meta":{"ngg_post_thumbnail":0,"footnotes":"","_mc_calendar":[]},"aioseo_notices":[],"_links":{"self":[{"href":"https:\/\/blogsaverroes.juntadeandalucia.es\/ieslasvinas\/wp-json\/wp\/v2\/pages\/2576"}],"collection":[{"href":"https:\/\/blogsaverroes.juntadeandalucia.es\/ieslasvinas\/wp-json\/wp\/v2\/pages"}],"about":[{"href":"https:\/\/blogsaverroes.juntadeandalucia.es\/ieslasvinas\/wp-json\/wp\/v2\/types\/page"}],"author":[{"embeddable":true,"href":"https:\/\/blogsaverroes.juntadeandalucia.es\/ieslasvinas\/wp-json\/wp\/v2\/users\/7609"}],"replies":[{"embeddable":true,"href":"https:\/\/blogsaverroes.juntadeandalucia.es\/ieslasvinas\/wp-json\/wp\/v2\/comments?post=2576"}],"version-history":[{"count":5,"href":"https:\/\/blogsaverroes.juntadeandalucia.es\/ieslasvinas\/wp-json\/wp\/v2\/pages\/2576\/revisions"}],"predecessor-version":[{"id":2587,"href":"https:\/\/blogsaverroes.juntadeandalucia.es\/ieslasvinas\/wp-json\/wp\/v2\/pages\/2576\/revisions\/2587"}],"wp:featuredmedia":[{"embeddable":true,"href":"https:\/\/blogsaverroes.juntadeandalucia.es\/ieslasvinas\/wp-json\/wp\/v2\/media\/2584"}],"wp:attachment":[{"href":"https:\/\/blogsaverroes.juntadeandalucia.es\/ieslasvinas\/wp-json\/wp\/v2\/media?parent=2576"}],"curies":[{"name":"wp","href":"https:\/\/api.w.org\/{rel}","templated":true}]}}