{"id":2589,"date":"2021-02-26T12:04:22","date_gmt":"2021-02-26T12:04:22","guid":{"rendered":"https:\/\/blogsaverroes.juntadeandalucia.es\/ieslasvinas\/?page_id=2589"},"modified":"2021-02-27T15:32:37","modified_gmt":"2021-02-27T15:32:37","slug":"orientaline","status":"publish","type":"page","link":"https:\/\/blogsaverroes.juntadeandalucia.es\/ieslasvinas\/orientacion-2\/orientaline\/","title":{"rendered":"Orientaline"},"content":{"rendered":"<header>\n<h1>Programa OrientaLine<\/h1>\n<h5><span class=\"\">El&nbsp;<\/span><span class=\"\">Programa Orienta<\/span>&nbsp;es el programa de&nbsp;<strong><span class=\"\">Orientaci\u00f3n Escolar<\/span>&nbsp;<\/strong>dirigido a los alumnos y alumnas del centro que quieran informarse sobre su futuro acad\u00e9mico. Tiene las siguientes caracter\u00edsticas:<\/h5>\n<\/header>\n<header>\n<ul>\n<li><span class=\"\">Muestra datos actualizados sobre los distintos itinerarios educativos desde 4\u00ba de la ESO hasta estudios superiores.<\/span><\/li>\n<li><span class=\"\">Informaci\u00f3n seg\u00fan normativa vigente.<\/span><\/li>\n<li><span class=\"\">Varios cuestionarios de Orientaci\u00f3n Escolar adaptados a la edad y al tipo de estudios.<\/span><\/li>\n<li><span class=\"\">Cuestionario de profesiones, que completa la informaci\u00f3n sobre las perspectivas profesionales de nuestros alumnos y alumnas.<\/span><\/li>\n<li><span class=\"\">Todo ello presentado de forma atractiva, sencilla e intuitiva, y personalizado a nuestro centro escolar.<\/span><\/li>\n<\/ul>\n<\/header>\n<div>&nbsp;<\/div>\n<div>\n<h3><a href=\"https:\/\/www.elorienta.com\/movil\/?yafxb=08954\">Accede a su versi\u00f3n Online (OrientaLine) a trav\u00e9s de este enlace<\/a><\/h3>\n<\/div>\n<p>&nbsp;<\/p>\n<p><a href=\"https:\/\/blogsaverroes.juntadeandalucia.es\/ieslasvinas\/files\/2021\/02\/orientaline.png\"><img fetchpriority=\"high\" decoding=\"async\" class=\"aligncenter wp-image-2726 size-full\" src=\"https:\/\/blogsaverroes.juntadeandalucia.es\/ieslasvinas\/files\/2021\/02\/orientaline.png\" alt=\"\" width=\"500\" height=\"500\" srcset=\"https:\/\/blogsaverroes.juntadeandalucia.es\/ieslasvinas\/files\/2021\/02\/orientaline.png 500w, https:\/\/blogsaverroes.juntadeandalucia.es\/ieslasvinas\/files\/2021\/02\/orientaline-300x300.png 300w, https:\/\/blogsaverroes.juntadeandalucia.es\/ieslasvinas\/files\/2021\/02\/orientaline-150x150.png 150w, https:\/\/blogsaverroes.juntadeandalucia.es\/ieslasvinas\/files\/2021\/02\/orientaline-80x80.png 80w, https:\/\/blogsaverroes.juntadeandalucia.es\/ieslasvinas\/files\/2021\/02\/orientaline-320x320.png 320w\" sizes=\"(max-width: 500px) 100vw, 500px\" \/><\/a><\/p>\n","protected":false},"excerpt":{"rendered":"<p>Programa OrientaLine El&nbsp;Programa Orienta&nbsp;es el programa de&nbsp;Orientaci\u00f3n Escolar&nbsp;dirigido a los alumnos y alumnas del centro que quieran informarse sobre su futuro acad\u00e9mico. Tiene las siguientes caracter\u00edsticas: Muestra datos actualizados sobre los distintos itinerarios educativos&#46;&#46;&#46;<\/p>\n","protected":false},"author":7609,"featured_media":0,"parent":1806,"menu_order":0,"comment_status":"closed","ping_status":"closed","template":"page-templates\/child-menu.php","meta":{"ngg_post_thumbnail":0,"footnotes":"","_mc_calendar":[]},"aioseo_notices":[],"_links":{"self":[{"href":"https:\/\/blogsaverroes.juntadeandalucia.es\/ieslasvinas\/wp-json\/wp\/v2\/pages\/2589"}],"collection":[{"href":"https:\/\/blogsaverroes.juntadeandalucia.es\/ieslasvinas\/wp-json\/wp\/v2\/pages"}],"about":[{"href":"https:\/\/blogsaverroes.juntadeandalucia.es\/ieslasvinas\/wp-json\/wp\/v2\/types\/page"}],"author":[{"embeddable":true,"href":"https:\/\/blogsaverroes.juntadeandalucia.es\/ieslasvinas\/wp-json\/wp\/v2\/users\/7609"}],"replies":[{"embeddable":true,"href":"https:\/\/blogsaverroes.juntadeandalucia.es\/ieslasvinas\/wp-json\/wp\/v2\/comments?post=2589"}],"version-history":[{"count":4,"href":"https:\/\/blogsaverroes.juntadeandalucia.es\/ieslasvinas\/wp-json\/wp\/v2\/pages\/2589\/revisions"}],"predecessor-version":[{"id":2727,"href":"https:\/\/blogsaverroes.juntadeandalucia.es\/ieslasvinas\/wp-json\/wp\/v2\/pages\/2589\/revisions\/2727"}],"up":[{"embeddable":true,"href":"https:\/\/blogsaverroes.juntadeandalucia.es\/ieslasvinas\/wp-json\/wp\/v2\/pages\/1806"}],"wp:attachment":[{"href":"https:\/\/blogsaverroes.juntadeandalucia.es\/ieslasvinas\/wp-json\/wp\/v2\/media?parent=2589"}],"curies":[{"name":"wp","href":"https:\/\/api.w.org\/{rel}","templated":true}]}}