{"id":2762,"date":"2021-03-02T16:18:32","date_gmt":"2021-03-02T16:18:32","guid":{"rendered":"https:\/\/blogsaverroes.juntadeandalucia.es\/ieslasvinas\/?page_id=2762"},"modified":"2022-07-28T17:10:34","modified_gmt":"2022-07-28T17:10:34","slug":"planes-y-programas","status":"publish","type":"page","link":"https:\/\/blogsaverroes.juntadeandalucia.es\/ieslasvinas\/planes-y-programas\/","title":{"rendered":"Planes y Programas"},"content":{"rendered":"<p style=\"text-align: justify\">En el IES Las Vi\u00f1as creemos que la educaci\u00f3n se debe de sustentar en los cuatro pilares b\u00e1sicos que Jacques Delors recogi\u00f3 en el Informe para la Unesco \u201cLa educaci\u00f3n encierra un tesoro\u201d:<\/p>\n<ul style=\"text-align: justify\">\n<li>APRENDER A CONOCER<\/li>\n<li>APRENDER A HACER<\/li>\n<li>APRENDER A CONVIVIR<\/li>\n<li>APRENDER A SER PERSONA<\/li>\n<\/ul>\n<p style=\"text-align: justify\">Por ello, intentamos que estos aprendizajes est\u00e9n presentes en todas las materias y en las actividades complementarias y extraescolares que se organizan tanto desde los departamentos como desde los diferentes Planes y Programas en los que participa nuestro centro. Creemos que ello enriquece la formaci\u00f3n de nuestro alumnado.<\/p>\n<div class=\"entry-content cf\">\n<p><img decoding=\"async\" class=\"alignright wp-image-1667\" src=\"https:\/\/blogsaverroes.juntadeandalucia.es\/iessalvadorserrano\/files\/2015\/03\/planes-300x150.png\" alt=\"planes\" width=\"250\" height=\"125\" srcset=\"https:\/\/blogsaverroes.juntadeandalucia.es\/ieslasvinas\/files\/2015\/03\/planes-300x150.png 300w, https:\/\/blogsaverroes.juntadeandalucia.es\/ieslasvinas\/files\/2015\/03\/planes.png 640w\" sizes=\"(max-width: 250px) 100vw, 250px\" \/><\/p>\n<p>&nbsp; &nbsp;En el IES LAS VI\u00d1AS, los Planes y Proyectos vigentes para el curso 2021-22 son los siguientes:<\/p>\n<table>\n<tbody>\n<tr>\n<td style=\"background-color: #95a8db\"><strong>NOMBRE<\/strong><\/td>\n<td style=\"background-color: #95a8db\"><strong>COORDINADOR\/A<\/strong><\/td>\n<td style=\"background-color: #95a8db\"><strong>PARTICIPANTES<\/strong><\/td>\n<td style=\"background-color: #95a8db\"><strong>Blog\/Web<\/strong><\/td>\n<\/tr>\n<tr>\n<td><strong>Plan de Igualdad de g\u00e9nero en educaci\u00f3n<\/strong><\/td>\n<td>S\u00e1nchez L\u00f3pez, Alejandro<\/td>\n<td>Claustro<\/td>\n<td><img decoding=\"async\" class=\"alignnone wp-image-5549\" src=\"https:\/\/blogsaverroes.juntadeandalucia.es\/iessalvadorserrano\/files\/2020\/02\/coeducaci%C3%B3n.png\" alt=\"\" width=\"90\" height=\"47\"><\/p>\n<p>Coeducaci\u00f3n<\/td>\n<\/tr>\n<tr>\n<td><strong>Plan de Salud Laboral y P.R.L.<\/strong><\/td>\n<td>Parl\u00f3n, Rafael<\/td>\n<td>Claustro<\/td>\n<td>&nbsp;<\/td>\n<\/tr>\n<tr>\n<td><strong>Transformaci\u00f3n Digital Educativa<\/strong><\/td>\n<td>Pedraza Luna, M\u00aa Jos\u00e9<\/td>\n<td>Coordinadora<br \/>\nProfesorado<\/td>\n<td><a href=\"https:\/\/blogsaverroes.juntadeandalucia.es\/iessalvadorserrano\/proyecto-tde\/\"><img decoding=\"async\" class=\"alignnone wp-image-6275\" src=\"https:\/\/blogsaverroes.juntadeandalucia.es\/iessalvadorserrano\/files\/2020\/10\/logo_TDE.png\" alt=\"\" width=\"77\" height=\"79\"><\/a><br \/>\n<a href=\"https:\/\/blogsaverroes.juntadeandalucia.es\/ieslasvinas\/tde\/\">Proyecto TDE<\/a><\/td>\n<\/tr>\n<tr>\n<td><strong>Red Escuela: <\/strong><\/p>\n<p><strong>\u201cEspacio de Paz\u201d<\/strong><\/td>\n<td>Ruiz , Leonor<\/td>\n<td>Claustro<\/td>\n<td>&nbsp;<\/td>\n<\/tr>\n<tr>\n<td><strong>Biblioteca<\/strong><\/td>\n<td>Rold\u00e1n, Josefina<\/td>\n<td>Coordinadora<br \/>\nEquipo de Apoyo<\/td>\n<td>&nbsp;<\/td>\n<\/tr>\n<tr>\n<td><strong>Programa STEAM: Rob\u00f3tica aplicada al aula<\/strong><\/td>\n<td>Faustino Mu\u00f1oz Pancorbo<\/td>\n<td>Coordinador<\/td>\n<td>&nbsp;<\/td>\n<\/tr>\n<\/tbody>\n<\/table>\n<\/div>\n","protected":false},"excerpt":{"rendered":"<p>En el IES Las Vi\u00f1as creemos que la educaci\u00f3n se debe de sustentar en los cuatro pilares b\u00e1sicos que Jacques Delors recogi\u00f3 en el Informe para la Unesco \u201cLa educaci\u00f3n encierra un tesoro\u201d: APRENDER&#46;&#46;&#46;<\/p>\n","protected":false},"author":7609,"featured_media":0,"parent":0,"menu_order":0,"comment_status":"closed","ping_status":"closed","template":"page-templates\/child-menu.php","meta":{"ngg_post_thumbnail":0,"footnotes":"","_mc_calendar":[]},"aioseo_notices":[],"_links":{"self":[{"href":"https:\/\/blogsaverroes.juntadeandalucia.es\/ieslasvinas\/wp-json\/wp\/v2\/pages\/2762"}],"collection":[{"href":"https:\/\/blogsaverroes.juntadeandalucia.es\/ieslasvinas\/wp-json\/wp\/v2\/pages"}],"about":[{"href":"https:\/\/blogsaverroes.juntadeandalucia.es\/ieslasvinas\/wp-json\/wp\/v2\/types\/page"}],"author":[{"embeddable":true,"href":"https:\/\/blogsaverroes.juntadeandalucia.es\/ieslasvinas\/wp-json\/wp\/v2\/users\/7609"}],"replies":[{"embeddable":true,"href":"https:\/\/blogsaverroes.juntadeandalucia.es\/ieslasvinas\/wp-json\/wp\/v2\/comments?post=2762"}],"version-history":[{"count":12,"href":"https:\/\/blogsaverroes.juntadeandalucia.es\/ieslasvinas\/wp-json\/wp\/v2\/pages\/2762\/revisions"}],"predecessor-version":[{"id":4035,"href":"https:\/\/blogsaverroes.juntadeandalucia.es\/ieslasvinas\/wp-json\/wp\/v2\/pages\/2762\/revisions\/4035"}],"wp:attachment":[{"href":"https:\/\/blogsaverroes.juntadeandalucia.es\/ieslasvinas\/wp-json\/wp\/v2\/media?parent=2762"}],"curies":[{"name":"wp","href":"https:\/\/api.w.org\/{rel}","templated":true}]}}