{"id":2933,"date":"2021-03-12T15:52:12","date_gmt":"2021-03-12T15:52:12","guid":{"rendered":"https:\/\/blogsaverroes.juntadeandalucia.es\/ieslasvinas\/?page_id=2933"},"modified":"2021-03-12T15:52:12","modified_gmt":"2021-03-12T15:52:12","slug":"biblioteca-catalogo","status":"publish","type":"page","link":"https:\/\/blogsaverroes.juntadeandalucia.es\/ieslasvinas\/biblioteca-catalogo\/","title":{"rendered":"Sistema Biblioweb S\u00e9neca"},"content":{"rendered":"<h1><a href=\"https:\/\/blogsaverroes.juntadeandalucia.es\/ieslasvinas\/files\/2015\/03\/lengua.jpg\"><img fetchpriority=\"high\" decoding=\"async\" class=\"alignnone size-medium wp-image-2126\" src=\"https:\/\/blogsaverroes.juntadeandalucia.es\/ieslasvinas\/files\/2015\/03\/lengua-300x200.jpg\" alt=\"\" width=\"300\" height=\"200\" srcset=\"https:\/\/blogsaverroes.juntadeandalucia.es\/ieslasvinas\/files\/2015\/03\/lengua-300x200.jpg 300w, https:\/\/blogsaverroes.juntadeandalucia.es\/ieslasvinas\/files\/2015\/03\/lengua.jpg 640w\" sizes=\"(max-width: 300px) 100vw, 300px\" \/> <strong>BIBLIOWEB<\/strong><\/a><\/h1>\n<p>Desde hace unas semanas nuestra biblioteca se gestiona con Biblioweb S\u00e9neca. En el siguiente enlace podr\u00e9is consultar el cat\u00e1logo con los t\u00edtulos disponibles.<\/p>\n<p>https:\/\/www.juntadeandalucia.es\/educacion\/senecav2\/seneca\/biblioweb\/portal\/1400626<\/p>\n","protected":false},"excerpt":{"rendered":"<p>BIBLIOWEB Desde hace unas semanas nuestra biblioteca se gestiona con Biblioweb S\u00e9neca. En el siguiente enlace podr\u00e9is consultar el cat\u00e1logo con los t\u00edtulos disponibles. https:\/\/www.juntadeandalucia.es\/educacion\/senecav2\/seneca\/biblioweb\/portal\/1400626<\/p>\n","protected":false},"author":7609,"featured_media":0,"parent":0,"menu_order":0,"comment_status":"closed","ping_status":"closed","template":"page-templates\/child-menu.php","meta":{"ngg_post_thumbnail":0,"footnotes":"","_mc_calendar":[]},"aioseo_notices":[],"_links":{"self":[{"href":"https:\/\/blogsaverroes.juntadeandalucia.es\/ieslasvinas\/wp-json\/wp\/v2\/pages\/2933"}],"collection":[{"href":"https:\/\/blogsaverroes.juntadeandalucia.es\/ieslasvinas\/wp-json\/wp\/v2\/pages"}],"about":[{"href":"https:\/\/blogsaverroes.juntadeandalucia.es\/ieslasvinas\/wp-json\/wp\/v2\/types\/page"}],"author":[{"embeddable":true,"href":"https:\/\/blogsaverroes.juntadeandalucia.es\/ieslasvinas\/wp-json\/wp\/v2\/users\/7609"}],"replies":[{"embeddable":true,"href":"https:\/\/blogsaverroes.juntadeandalucia.es\/ieslasvinas\/wp-json\/wp\/v2\/comments?post=2933"}],"version-history":[{"count":1,"href":"https:\/\/blogsaverroes.juntadeandalucia.es\/ieslasvinas\/wp-json\/wp\/v2\/pages\/2933\/revisions"}],"predecessor-version":[{"id":2934,"href":"https:\/\/blogsaverroes.juntadeandalucia.es\/ieslasvinas\/wp-json\/wp\/v2\/pages\/2933\/revisions\/2934"}],"wp:attachment":[{"href":"https:\/\/blogsaverroes.juntadeandalucia.es\/ieslasvinas\/wp-json\/wp\/v2\/media?parent=2933"}],"curies":[{"name":"wp","href":"https:\/\/api.w.org\/{rel}","templated":true}]}}