{"id":2997,"date":"2021-03-16T14:44:19","date_gmt":"2021-03-16T14:44:19","guid":{"rendered":"https:\/\/blogsaverroes.juntadeandalucia.es\/ieslasvinas\/?page_id=2997"},"modified":"2021-04-14T13:05:50","modified_gmt":"2021-04-14T13:05:50","slug":"programaciones-departamentos","status":"publish","type":"page","link":"https:\/\/blogsaverroes.juntadeandalucia.es\/ieslasvinas\/programaciones-departamentos\/","title":{"rendered":"Programaciones departamentos"},"content":{"rendered":"<h1 style=\"text-align: center\"><strong>Programaciones Curso 2020-2021<\/strong><\/h1>\n<p>&nbsp;<\/p>\n<ul>\n<li style=\"list-style-type: none\">\n<ul>\n<li>\n<h4><strong>&nbsp;Programaciones<\/strong><\/h4>\n<p>&nbsp;<\/p>\n<ul>\n<li><a href=\"https:\/\/blogsaverroes.juntadeandalucia.es\/ieslasvinas\/dibujo\/\">Programaci\u00f3n Dpto. EPV<\/a><\/li>\n<li><a href=\"https:\/\/blogsaverroes.juntadeandalucia.es\/ieslasvinas\/musica\/\">Programaci\u00f3n Dpto. M\u00fasica.<\/a><\/li>\n<li><a href=\"https:\/\/blogsaverroes.juntadeandalucia.es\/ieslasvinas\/ciencias\/\">Programaci\u00f3n Dpto. Ciencias.<\/a><\/li>\n<li><a href=\"https:\/\/blogsaverroes.juntadeandalucia.es\/ieslasvinas\/matematicas\/\">Programaci\u00f3n Dpto. Matem\u00e1ticas.<\/a><\/li>\n<li><a href=\"https:\/\/blogsaverroes.juntadeandalucia.es\/ieslasvinas\/tecnologia\/\">Programaci\u00f3n Dpto.Tecnolog\u00eda<\/a>.<\/li>\n<li><a href=\"https:\/\/blogsaverroes.juntadeandalucia.es\/ieslasvinas\/frances\/\">Programaci\u00f3n Dpto. Franc\u00e9s<\/a>.<\/li>\n<li><a href=\"https:\/\/blogsaverroes.juntadeandalucia.es\/ieslasvinas\/geografia-e-historia\/\">Programaci\u00f3n Dpto. Geograf\u00eda e Historia.<\/a><\/li>\n<li><a href=\"https:\/\/blogsaverroes.juntadeandalucia.es\/ieslasvinas\/ingles-2\/\">Programaci\u00f3n Dpto. Ingl\u00e9s<\/a>.<\/li>\n<li><a href=\"https:\/\/blogsaverroes.juntadeandalucia.es\/ieslasvinas\/lengua\/\">Programaci\u00f3n Dpto. Lengua y Literatura<\/a><a href=\"https:\/\/blogsaverroes.juntadeandalucia.es\/ieslasvinas\/lengua\/\">.<\/a><\/li>\n<li><a href=\"https:\/\/blogsaverroes.juntadeandalucia.es\/ieslasvinas\/educacion-fisica\/\">Programaci\u00f3n Dpto. Educaci\u00f3n F\u00edsica<\/a><\/li>\n<li><a href=\"https:\/\/blogsaverroes.juntadeandalucia.es\/ieslasvinas\/orientacion-2\/\">Programaci\u00f3n Dpto. Orientaci\u00f3n<\/a><\/li>\n<\/ul>\n<\/li>\n<\/ul>\n<\/li>\n<\/ul>\n","protected":false},"excerpt":{"rendered":"<p>Programaciones Curso 2020-2021 &nbsp; &nbsp;Programaciones &nbsp; Programaci\u00f3n Dpto. EPV Programaci\u00f3n Dpto. M\u00fasica. Programaci\u00f3n Dpto. Ciencias. Programaci\u00f3n Dpto. Matem\u00e1ticas. Programaci\u00f3n Dpto.Tecnolog\u00eda. Programaci\u00f3n Dpto. Franc\u00e9s. Programaci\u00f3n Dpto. Geograf\u00eda e Historia. Programaci\u00f3n Dpto. Ingl\u00e9s. Programaci\u00f3n Dpto. Lengua&#46;&#46;&#46;<\/p>\n","protected":false},"author":7609,"featured_media":0,"parent":0,"menu_order":0,"comment_status":"closed","ping_status":"closed","template":"","meta":{"ngg_post_thumbnail":0,"footnotes":"","_mc_calendar":[]},"aioseo_notices":[],"_links":{"self":[{"href":"https:\/\/blogsaverroes.juntadeandalucia.es\/ieslasvinas\/wp-json\/wp\/v2\/pages\/2997"}],"collection":[{"href":"https:\/\/blogsaverroes.juntadeandalucia.es\/ieslasvinas\/wp-json\/wp\/v2\/pages"}],"about":[{"href":"https:\/\/blogsaverroes.juntadeandalucia.es\/ieslasvinas\/wp-json\/wp\/v2\/types\/page"}],"author":[{"embeddable":true,"href":"https:\/\/blogsaverroes.juntadeandalucia.es\/ieslasvinas\/wp-json\/wp\/v2\/users\/7609"}],"replies":[{"embeddable":true,"href":"https:\/\/blogsaverroes.juntadeandalucia.es\/ieslasvinas\/wp-json\/wp\/v2\/comments?post=2997"}],"version-history":[{"count":14,"href":"https:\/\/blogsaverroes.juntadeandalucia.es\/ieslasvinas\/wp-json\/wp\/v2\/pages\/2997\/revisions"}],"predecessor-version":[{"id":3270,"href":"https:\/\/blogsaverroes.juntadeandalucia.es\/ieslasvinas\/wp-json\/wp\/v2\/pages\/2997\/revisions\/3270"}],"wp:attachment":[{"href":"https:\/\/blogsaverroes.juntadeandalucia.es\/ieslasvinas\/wp-json\/wp\/v2\/media?parent=2997"}],"curies":[{"name":"wp","href":"https:\/\/api.w.org\/{rel}","templated":true}]}}