{"id":3467,"date":"2021-08-06T15:32:14","date_gmt":"2021-08-06T15:32:14","guid":{"rendered":"https:\/\/blogsaverroes.juntadeandalucia.es\/ieslasvinas\/?page_id=3467"},"modified":"2022-04-06T14:20:27","modified_gmt":"2022-04-06T14:20:27","slug":"documentacion-profesorado","status":"publish","type":"page","link":"https:\/\/blogsaverroes.juntadeandalucia.es\/ieslasvinas\/secretaria\/documentacion-profesorado\/","title":{"rendered":"Documentaci\u00f3n profesorado"},"content":{"rendered":"<table class=\" aligncenter\" style=\"border-collapse: collapse;width: 100%\">\n<tbody>\n<tr>\n<td style=\"width: 50%;text-align: center;background-color: #d3e5f2\"><strong>DOCUMENTACI\u00d3N<\/strong><\/td>\n<td style=\"width: 50%;text-align: center;background-color: #d3e5f2\">\n<p dir=\"ltr\" role=\"presentation\">&nbsp;<strong>C\u00d3MO PRESENTAR LA DOCUMENTACI\u00d3N <\/strong><\/p>\n<p dir=\"ltr\" role=\"presentation\"><strong>EN EL CENTRO<\/strong><\/p>\n<\/td>\n<\/tr>\n<tr>\n<td style=\"width: 50%;text-align: left;border-style: solid;border-color: #000000;background-color: #ffffff\">\n<ol>\n<li><a href=\"https:\/\/www.juntadeandalucia.es\/educacion\/portals\/delegate\/content\/19169456-b3c2-45e9-827f-933ae186acee\/Anexo%20I\">Anexo_I Permisos<\/a><\/li>\n<li><a href=\"https:\/\/drive.google.com\/drive\/folders\/1-GNyedwnk5-SdLrP-qJnf43q2z8K-7Oc\">Anexo II Grados de parentesco<\/a><\/li>\n<li><a href=\"https:\/\/www.juntadeandalucia.es\/educacion\/portals\/delegate\/content\/1dad2c94-2b01-407a-b93b-1991bcf03718\/Anexo%20II%20-%20Cuadro%20Resumen%20de%20permisos,%20licencias%20y%20reducciones%20de%20jornada\">Cuadro resumen de permisos y licencias(AnexoII)&nbsp;<\/a><\/li>\n<li><a href=\"https:\/\/www.juntadeandalucia.es\/educacion\/portals\/delegate\/content\/d8d1df29-ef8c-492f-90af-91bc72b4797e\/Circular%20de%2011%20de%20junio%20de%202021%20sobre%20permisos,%20licencias%20y%20reducciones%20de%20jornada%20del%20personal%20docente\">Circular de 11 de junio sobre permisos, licencias y reducciones de jornada.<\/a><\/li>\n<li><a href=\"https:\/\/blogsaverroes.juntadeandalucia.es\/ieslasvinas\/files\/2021\/08\/Solicitud-de-Conciliacio\u0301n-Familiar_1-1.pdf\">Solicitud-de-Conciliacio\u0301n-Familiar<\/a><\/li>\n<\/ol>\n<\/td>\n<td style=\"width: 50%;text-align: left;border-style: solid;border-color: #000000;background-color: #ffffff\">\n<ol>\n<li>\n<p dir=\"ltr\" role=\"presentation\"><strong>Cumplimentar el Anexo I (o documento a presentar) y reunir la documentaci\u00f3n en PDF. Los documentos deben estar presentados:<\/strong><\/p>\n<\/li>\n<\/ol>\n<ul>\n<li>\n<p dir=\"ltr\" role=\"presentation\">Legibles y con la orientaci\u00f3n en el sentido de la lectura.<\/p>\n<\/li>\n<li>\n<p dir=\"ltr\" role=\"presentation\">PDF que no supere 5MB de capacidad.<\/p>\n<\/li>\n<\/ul>\n<ol start=\"2\">\n<li>\n<p dir=\"ltr\" role=\"presentation\"><strong>Enviar a bandeja de firmas de S\u00e9neca para ser firmados por direcci\u00f3n(solo si es necesario) y por el interesado\/a.<\/strong><\/p>\n<\/li>\n<li>\n<p dir=\"ltr\" role=\"presentation\"><strong>Dar entrada al documento en <a href=\"https:\/\/youtu.be\/pcmCoFANULg\">Secretar\u00eda virtual de la Junta de Andaluc\u00eda<\/a> (pulsa <a href=\"https:\/\/www.juntadeandalucia.es\/educacion\/secretariavirtual\/accesoTramite\/462\/\">aqu\u00ed<\/a>)<\/strong><\/p>\n<\/li>\n<\/ol>\n<ul>\n<li>\n<p dir=\"ltr\" role=\"presentation\">Cumplimentar los datos personales.<\/p>\n<\/li>\n<li>\n<p dir=\"ltr\" role=\"presentation\">Seleccionar el centro en el que se presenta la documentaci\u00f3n.<\/p>\n<\/li>\n<li>\n<p dir=\"ltr\" role=\"presentation\">Cumplimentar la carta de oficio(expone y solicita).<\/p>\n<\/li>\n<li>\n<p dir=\"ltr\" role=\"presentation\">Adjuntar la documentaci\u00f3n a presentar.<\/p>\n<\/li>\n<li>\n<p dir=\"ltr\" role=\"presentation\">Firmar la solicitud.<\/p>\n<\/li>\n<\/ul>\n<\/td>\n<\/tr>\n<tr>\n<td style=\"width: 50%;text-align: center;border-style: solid;border-color: #000000;background-color: #ffffff\" colspan=\"2\">[youtube https:\/\/www.youtube.com\/watch?v=pcmCoFANULg]\n<p dir=\"ltr\" role=\"presentation\">TUTORIAL PARA LA PRESENTACI\u00d3N ELECTR\u00d3NICA MEDIANTE LA<\/p>\n<p dir=\"ltr\" role=\"presentation\">SECRETAR\u00cdA VIRTUAL<\/p>\n<\/td>\n<\/tr>\n<\/tbody>\n<\/table>\n","protected":false},"excerpt":{"rendered":"<p>DOCUMENTACI\u00d3N &nbsp;C\u00d3MO PRESENTAR LA DOCUMENTACI\u00d3N EN EL CENTRO Anexo_I Permisos Anexo II Grados de parentesco Cuadro resumen de permisos y licencias(AnexoII)&nbsp; Circular de 11 de junio sobre permisos, licencias y reducciones de jornada. Solicitud-de-Conciliacio\u0301n-Familiar&#46;&#46;&#46;<\/p>\n","protected":false},"author":7609,"featured_media":3468,"parent":77,"menu_order":0,"comment_status":"closed","ping_status":"closed","template":"","meta":{"ngg_post_thumbnail":0,"footnotes":"","_mc_calendar":[]},"aioseo_notices":[],"_links":{"self":[{"href":"https:\/\/blogsaverroes.juntadeandalucia.es\/ieslasvinas\/wp-json\/wp\/v2\/pages\/3467"}],"collection":[{"href":"https:\/\/blogsaverroes.juntadeandalucia.es\/ieslasvinas\/wp-json\/wp\/v2\/pages"}],"about":[{"href":"https:\/\/blogsaverroes.juntadeandalucia.es\/ieslasvinas\/wp-json\/wp\/v2\/types\/page"}],"author":[{"embeddable":true,"href":"https:\/\/blogsaverroes.juntadeandalucia.es\/ieslasvinas\/wp-json\/wp\/v2\/users\/7609"}],"replies":[{"embeddable":true,"href":"https:\/\/blogsaverroes.juntadeandalucia.es\/ieslasvinas\/wp-json\/wp\/v2\/comments?post=3467"}],"version-history":[{"count":12,"href":"https:\/\/blogsaverroes.juntadeandalucia.es\/ieslasvinas\/wp-json\/wp\/v2\/pages\/3467\/revisions"}],"predecessor-version":[{"id":3936,"href":"https:\/\/blogsaverroes.juntadeandalucia.es\/ieslasvinas\/wp-json\/wp\/v2\/pages\/3467\/revisions\/3936"}],"up":[{"embeddable":true,"href":"https:\/\/blogsaverroes.juntadeandalucia.es\/ieslasvinas\/wp-json\/wp\/v2\/pages\/77"}],"wp:featuredmedia":[{"embeddable":true,"href":"https:\/\/blogsaverroes.juntadeandalucia.es\/ieslasvinas\/wp-json\/wp\/v2\/media\/3468"}],"wp:attachment":[{"href":"https:\/\/blogsaverroes.juntadeandalucia.es\/ieslasvinas\/wp-json\/wp\/v2\/media?parent=3467"}],"curies":[{"name":"wp","href":"https:\/\/api.w.org\/{rel}","templated":true}]}}