{"id":35,"date":"2015-03-13T08:21:43","date_gmt":"2015-03-13T08:21:43","guid":{"rendered":"http:\/\/blogsaverroes.juntadeandalucia.es\/pre\/ceip\/?page_id=35"},"modified":"2022-07-20T10:52:55","modified_gmt":"2022-07-20T10:52:55","slug":"el-centro","status":"publish","type":"page","link":"https:\/\/blogsaverroes.juntadeandalucia.es\/ieslasvinas\/el-centro\/","title":{"rendered":"Datos del centro"},"content":{"rendered":"<h4>El IES Las Vi\u00f1as se encuentra situado en la localidad de&nbsp;<a class=\"titulo2\" href=\"http:\/\/es.wikipedia.org\/wiki\/Moriles\">Moriles<\/a>, en la&nbsp;<a class=\"titulo2\" href=\"http:\/\/es.wikipedia.org\/wiki\/Campi%C3%B1a_Sur_Cordobesa\">campi\u00f1a cordobesa<\/a>.<\/h4>\n<p style=\"text-align: justify\">El instituto empez\u00f3 a funcionar el curso 97-98, impartiendo el primer ciclo de ESO, en las instalaciones del colegio y en la casa de la cultura. En el curso 2001-2002 estrenamos las actuales modernas instalaciones, se podr\u00eda decir que este hecho ha influido positivamente en aspectos acad\u00e9micos y en el clima de convivencia (aulas m\u00e1s grandes, espacios m\u00e1s abiertos, mayor luminosidad, etc.)<\/p>\n<p><strong>Se encuentra en un extremo de Moriles, enfrente del Pabell\u00f3n Deportivo y al lado del C.E.I.P. Garc\u00eda de Le\u00e1niz.<\/strong><\/p>\n<p><iframe src=\"https:\/\/www.google.com\/maps\/embed?pb=!1m18!1m12!1m3!1d6335.957217211502!2d-4.607867431842058!3d37.43761010460592!2m3!1f0!2f0!3f0!3m2!1i1024!2i768!4f13.1!3m3!1m2!1s0xd6d6ef688eebd97%3A0xbb2ceb746e17092c!2sIES%20Las%20Vi%C3%B1as!5e0!3m2!1ses!2ses!4v1658314242746!5m2!1ses!2ses\" width=\"400\" height=\"300\"><\/iframe><\/p>\n<h4>Datos de contacto<\/h4>\n<p>IES LAS VI\u00d1AS&nbsp;<\/p>\n<p><strong>Direcci\u00f3n:<\/strong>&nbsp; Avda. del deporte S\/N. CP: 14510 Moriles (C\u00f3rdoba)<\/p>\n<p><strong>Tel\u00e9fono \/ FAX:957596575<\/strong><\/p>\n<p><strong>M\u00f3vil:<\/strong> <strong>697950290<\/strong><\/p>\n<p><strong>Email:<\/strong> 14700626.edu@juntadeandalucia.com<\/p>\n<h4><strong>Horarios<\/strong><\/h4>\n<p>8:00h a 15:00h de lunes a viernes.<\/p>\n<h4><strong>Oferta educativa<\/strong><\/h4>\n<p>Ense\u00f1anza secundaria obligatoria.<\/p>\n<h4><strong>Instalaciones<\/strong><\/h4>\n<p><iframe title=\"IES LAS VIN\u0303AS\" width=\"500\" height=\"281\" src=\"https:\/\/www.youtube.com\/embed\/wbtniN6klQQ?feature=oembed&#038;wmode=opaque\" frameborder=\"0\" allow=\"accelerometer; autoplay; clipboard-write; encrypted-media; gyroscope; picture-in-picture\" allowfullscreen><\/iframe><\/p>\n","protected":false},"excerpt":{"rendered":"<p>El IES Las Vi\u00f1as se encuentra situado en la localidad de&nbsp;Moriles, en la&nbsp;campi\u00f1a cordobesa. El instituto empez\u00f3 a funcionar el curso 97-98, impartiendo el primer ciclo de ESO, en las instalaciones del colegio y&#46;&#46;&#46;<\/p>\n","protected":false},"author":1,"featured_media":0,"parent":0,"menu_order":0,"comment_status":"open","ping_status":"open","template":"","meta":{"ngg_post_thumbnail":0,"footnotes":"","_mc_calendar":[]},"aioseo_notices":[],"_links":{"self":[{"href":"https:\/\/blogsaverroes.juntadeandalucia.es\/ieslasvinas\/wp-json\/wp\/v2\/pages\/35"}],"collection":[{"href":"https:\/\/blogsaverroes.juntadeandalucia.es\/ieslasvinas\/wp-json\/wp\/v2\/pages"}],"about":[{"href":"https:\/\/blogsaverroes.juntadeandalucia.es\/ieslasvinas\/wp-json\/wp\/v2\/types\/page"}],"author":[{"embeddable":true,"href":"https:\/\/blogsaverroes.juntadeandalucia.es\/ieslasvinas\/wp-json\/wp\/v2\/users\/1"}],"replies":[{"embeddable":true,"href":"https:\/\/blogsaverroes.juntadeandalucia.es\/ieslasvinas\/wp-json\/wp\/v2\/comments?post=35"}],"version-history":[{"count":31,"href":"https:\/\/blogsaverroes.juntadeandalucia.es\/ieslasvinas\/wp-json\/wp\/v2\/pages\/35\/revisions"}],"predecessor-version":[{"id":4024,"href":"https:\/\/blogsaverroes.juntadeandalucia.es\/ieslasvinas\/wp-json\/wp\/v2\/pages\/35\/revisions\/4024"}],"wp:attachment":[{"href":"https:\/\/blogsaverroes.juntadeandalucia.es\/ieslasvinas\/wp-json\/wp\/v2\/media?parent=35"}],"curies":[{"name":"wp","href":"https:\/\/api.w.org\/{rel}","templated":true}]}}