{"id":3999,"date":"2022-07-05T07:35:59","date_gmt":"2022-07-05T07:35:59","guid":{"rendered":"https:\/\/blogsaverroes.juntadeandalucia.es\/ieslasvinas\/?page_id=3999"},"modified":"2025-10-28T18:14:56","modified_gmt":"2025-10-28T18:14:56","slug":"curso-escolar-2022-2023","status":"publish","type":"page","link":"https:\/\/blogsaverroes.juntadeandalucia.es\/ieslasvinas\/calendario-escolar\/curso-escolar-2022-2023\/","title":{"rendered":"Calendario curso escolar 2025-2026"},"content":{"rendered":"<p><strong>CURSO ESCOLAR 2025-2026.<\/strong><\/p>\n<p>\u2013 Las clases comienzan el d\u00eda&nbsp;<strong>15 de septiembre de 2025<\/strong>&nbsp;para el alumnado de ESO, Bachillerato y Formaci\u00f3n Profesional.<\/p>\n<p>\u2013 Las clases finalizan el<strong> 23 de junio de 2026<\/strong><\/p>\n<p><strong>PERIODOS VACACIONALES:<\/strong>&nbsp;<\/p>\n<p>\u2013 Vacaciones de Navidad:<strong> del 23 de diciembre de 2025 al 8 de enero de 2026<\/strong>&nbsp;(ambos inclusive)<\/p>\n<p>\u2013 Vacaciones de Semana Santa:&nbsp;<strong>del 23 al 31 de marzo de 2024<\/strong>&nbsp;(ambos inclusive)<\/p>\n<p><strong>D\u00cdAS FESTIVOS DE \u00c1MBITO NACIONAL Y AUTON\u00d3MICO:<\/strong><\/p>\n<p>\u2013&nbsp;<strong>12 octubre<\/strong>. Fiesta nacional.<\/p>\n<p>\u2013 <strong>1 de noviembre<\/strong>. Fiesta de Todos los Santos.<\/p>\n<p>\u2013 <strong>6 de diciembre<\/strong>. D\u00eda de La Constituci\u00f3n.<\/p>\n<p>\u2013 <strong>8 de diciembre<\/strong>. D\u00eda de La Inmaculada.<\/p>\n<p>\u2013 <strong>28 de febrero<\/strong>. D\u00eda de Andaluc\u00eda.<\/p>\n<p>\u2013 <strong>1 de mayo<\/strong>. D\u00eda del Trabajo.<\/p>\n<p><strong>D\u00cdAS NO LECTIVOS:<\/strong><\/p>\n<p>\u2013&nbsp; D\u00eda de la Comunidad Educativa. <strong>27 de febrero<\/strong> de 2026.<\/p>\n<p>\u2013&nbsp; D\u00eda no lectivo provincial. <strong>13 de octubre<\/strong> y <strong>7&nbsp;de diciembre<\/strong> de 2025.<\/p>\n<p>\u2013&nbsp;&nbsp;D\u00edas no lectivos locales: <strong>6 y 7 de octubre de 2023, 2 y 3 de mayo <\/strong>de 2026.<\/p>\n<p>&nbsp;<\/p>\n<p style=\"text-align: center\"><a href=\"https:\/\/blogsaverroes.juntadeandalucia.es\/ieslasvinas\/files\/2023\/08\/Calendario-Escolar_IES_LAS_VIN\u0303AS-20232024.pdf\">Calendario Escolar_IES_LAS_VIN\u0303AS_23-24<\/a><\/p>\n<p><a href=\"https:\/\/blogsaverroes.juntadeandalucia.es\/ieslasvinas\/files\/2023\/08\/Calendario-Escolar_IES_LAS_VIN%CC%83AS-20232024.pdf\"><img fetchpriority=\"high\" decoding=\"async\" class=\"aligncenter size-full wp-image-4147\" src=\"https:\/\/blogsaverroes.juntadeandalucia.es\/ieslasvinas\/files\/2023\/08\/Calendario-Escolar_IES_LAS_VIN\u0303AS-20232024.jpg\" alt=\"\" width=\"595\" height=\"841\" srcset=\"https:\/\/blogsaverroes.juntadeandalucia.es\/ieslasvinas\/files\/2023\/08\/Calendario-Escolar_IES_LAS_VIN\u0303AS-20232024.jpg 595w, https:\/\/blogsaverroes.juntadeandalucia.es\/ieslasvinas\/files\/2023\/08\/Calendario-Escolar_IES_LAS_VIN\u0303AS-20232024-212x300.jpg 212w\" sizes=\"(max-width: 595px) 100vw, 595px\" \/><\/a><\/p>\n","protected":false},"excerpt":{"rendered":"<p>CURSO ESCOLAR 2025-2026. \u2013 Las clases comienzan el d\u00eda&nbsp;15 de septiembre de 2025&nbsp;para el alumnado de ESO, Bachillerato y Formaci\u00f3n Profesional. \u2013 Las clases finalizan el 23 de junio de 2026 PERIODOS VACACIONALES:&nbsp; \u2013&#46;&#46;&#46;<\/p>\n","protected":false},"author":7609,"featured_media":4001,"parent":869,"menu_order":0,"comment_status":"closed","ping_status":"closed","template":"","meta":{"ngg_post_thumbnail":0,"footnotes":"","_mc_calendar":[]},"aioseo_notices":[],"_links":{"self":[{"href":"https:\/\/blogsaverroes.juntadeandalucia.es\/ieslasvinas\/wp-json\/wp\/v2\/pages\/3999"}],"collection":[{"href":"https:\/\/blogsaverroes.juntadeandalucia.es\/ieslasvinas\/wp-json\/wp\/v2\/pages"}],"about":[{"href":"https:\/\/blogsaverroes.juntadeandalucia.es\/ieslasvinas\/wp-json\/wp\/v2\/types\/page"}],"author":[{"embeddable":true,"href":"https:\/\/blogsaverroes.juntadeandalucia.es\/ieslasvinas\/wp-json\/wp\/v2\/users\/7609"}],"replies":[{"embeddable":true,"href":"https:\/\/blogsaverroes.juntadeandalucia.es\/ieslasvinas\/wp-json\/wp\/v2\/comments?post=3999"}],"version-history":[{"count":7,"href":"https:\/\/blogsaverroes.juntadeandalucia.es\/ieslasvinas\/wp-json\/wp\/v2\/pages\/3999\/revisions"}],"predecessor-version":[{"id":4008,"href":"https:\/\/blogsaverroes.juntadeandalucia.es\/ieslasvinas\/wp-json\/wp\/v2\/pages\/3999\/revisions\/4008"}],"up":[{"embeddable":true,"href":"https:\/\/blogsaverroes.juntadeandalucia.es\/ieslasvinas\/wp-json\/wp\/v2\/pages\/869"}],"wp:featuredmedia":[{"embeddable":true,"href":"https:\/\/blogsaverroes.juntadeandalucia.es\/ieslasvinas\/wp-json\/wp\/v2\/media\/4001"}],"wp:attachment":[{"href":"https:\/\/blogsaverroes.juntadeandalucia.es\/ieslasvinas\/wp-json\/wp\/v2\/media?parent=3999"}],"curies":[{"name":"wp","href":"https:\/\/api.w.org\/{rel}","templated":true}]}}