{"id":77,"date":"2015-03-16T06:54:56","date_gmt":"2015-03-16T06:54:56","guid":{"rendered":"http:\/\/blogsaverroes.juntadeandalucia.es\/pre\/ceip\/?page_id=77"},"modified":"2021-03-06T16:22:24","modified_gmt":"2021-03-06T16:22:24","slug":"secretaria","status":"publish","type":"page","link":"https:\/\/blogsaverroes.juntadeandalucia.es\/ieslasvinas\/secretaria\/","title":{"rendered":"Secretar\u00eda"},"content":{"rendered":"<p><a href=\"https:\/\/blogsaverroes.juntadeandalucia.es\/ieslasvinas\/files\/2021\/02\/Captura-de-pantalla-2021-02-25-a-las-17.43.53.png\"><img decoding=\"async\" class=\"alignnone size-medium wp-image-2549 aligncenter\" src=\"https:\/\/blogsaverroes.juntadeandalucia.es\/ieslasvinas\/files\/2021\/02\/Captura-de-pantalla-2021-02-25-a-las-17.43.53-300x155.png\" alt=\"\" width=\"300\" height=\"155\" srcset=\"https:\/\/blogsaverroes.juntadeandalucia.es\/ieslasvinas\/files\/2021\/02\/Captura-de-pantalla-2021-02-25-a-las-17.43.53-300x155.png 300w, https:\/\/blogsaverroes.juntadeandalucia.es\/ieslasvinas\/files\/2021\/02\/Captura-de-pantalla-2021-02-25-a-las-17.43.53.png 625w\" sizes=\"(max-width: 300px) 100vw, 300px\" \/><\/a><\/p>\n<p style=\"text-align: justify\">La&nbsp;<strong>Secretar\u00eda<\/strong>&nbsp;desarrolla muchas funciones importantes en la vida de un centro, especialmente en la relaci\u00f3n que mantiene con las familias en los diferentes tr\u00e1mites administrativos a lo largo de la escolarizaci\u00f3n: admisi\u00f3n, matr\u00edcula, &nbsp;becas, etc. En esta p\u00e1gina encontrar\u00e1s enlaces para poder acceder a dichos tr\u00e1mites.<\/p>\n<table class=\" aligncenter\" style=\"width: 45.2044%;height: 92px\">\n<tbody>\n<tr>\n<td><strong>Horario de atenci\u00f3n al p\u00fablico:<\/strong>&nbsp;9:00 a 14:00<\/td>\n<\/tr>\n<tr>\n<td><strong>Tel\u00e9fono de contacto:&nbsp;<\/strong>957596575 \u2013 697950290<\/td>\n<\/tr>\n<tr>\n<td><strong>Fax: 957596575<\/strong><\/td>\n<\/tr>\n<\/tbody>\n<\/table>\n<p>&nbsp;<\/p>\n<p>&nbsp;<\/p>\n<hr>\n<p><strong>Becas y Ayudas<\/strong><\/p>\n<hr>\n<ul>\n<li><a href=\"http:\/\/www.juntadeandalucia.es\/educacion\/portals\/web\/becas-y-ayudas\">Portal de Becas y Ayudas al Estudio (Junta de Andaluc\u00eda).<\/a><\/li>\n<li><a href=\"https:\/\/www.juntadeandalucia.es\/educacion\/becasweb\/consultawebbecas\/\">Consulta personalizada.<\/a><\/li>\n<\/ul>\n<hr>\n<p><strong>Enlace a la Secretar\u00eda Virtual de los centros educativos<\/strong><\/p>\n<hr>\n<p><a href=\"https:\/\/www.juntadeandalucia.es\/educacion\/secretariavirtual\/\"><img decoding=\"async\" class=\"wp-image-6042 aligncenter\" src=\"https:\/\/blogsaverroes.juntadeandalucia.es\/iessalvadorserrano\/files\/2020\/06\/Secretar%C3%ADa-virtual.png\" alt=\"\" width=\"486\" height=\"66\"><\/a><\/p>\n","protected":false},"excerpt":{"rendered":"<p>La&nbsp;Secretar\u00eda&nbsp;desarrolla muchas funciones importantes en la vida de un centro, especialmente en la relaci\u00f3n que mantiene con las familias en los diferentes tr\u00e1mites administrativos a lo largo de la escolarizaci\u00f3n: admisi\u00f3n, matr\u00edcula, &nbsp;becas, etc.&#46;&#46;&#46;<\/p>\n","protected":false},"author":1,"featured_media":0,"parent":0,"menu_order":0,"comment_status":"open","ping_status":"open","template":"page-templates\/child-menu.php","meta":{"ngg_post_thumbnail":0,"footnotes":"","_mc_calendar":[]},"aioseo_notices":[],"_links":{"self":[{"href":"https:\/\/blogsaverroes.juntadeandalucia.es\/ieslasvinas\/wp-json\/wp\/v2\/pages\/77"}],"collection":[{"href":"https:\/\/blogsaverroes.juntadeandalucia.es\/ieslasvinas\/wp-json\/wp\/v2\/pages"}],"about":[{"href":"https:\/\/blogsaverroes.juntadeandalucia.es\/ieslasvinas\/wp-json\/wp\/v2\/types\/page"}],"author":[{"embeddable":true,"href":"https:\/\/blogsaverroes.juntadeandalucia.es\/ieslasvinas\/wp-json\/wp\/v2\/users\/1"}],"replies":[{"embeddable":true,"href":"https:\/\/blogsaverroes.juntadeandalucia.es\/ieslasvinas\/wp-json\/wp\/v2\/comments?post=77"}],"version-history":[{"count":12,"href":"https:\/\/blogsaverroes.juntadeandalucia.es\/ieslasvinas\/wp-json\/wp\/v2\/pages\/77\/revisions"}],"predecessor-version":[{"id":2769,"href":"https:\/\/blogsaverroes.juntadeandalucia.es\/ieslasvinas\/wp-json\/wp\/v2\/pages\/77\/revisions\/2769"}],"wp:attachment":[{"href":"https:\/\/blogsaverroes.juntadeandalucia.es\/ieslasvinas\/wp-json\/wp\/v2\/media?parent=77"}],"curies":[{"name":"wp","href":"https:\/\/api.w.org\/{rel}","templated":true}]}}