{"id":10473,"date":"2025-02-05T15:34:08","date_gmt":"2025-02-05T15:34:08","guid":{"rendered":"https:\/\/blogsaverroes.juntadeandalucia.es\/ieslaureldelareina\/?page_id=10473"},"modified":"2025-02-05T15:35:38","modified_gmt":"2025-02-05T15:35:38","slug":"netiqueta","status":"publish","type":"page","link":"https:\/\/blogsaverroes.juntadeandalucia.es\/ieslaureldelareina\/netiqueta\/","title":{"rendered":"Netiqueta"},"content":{"rendered":"<h1><b>Netiqueta, una apuesta por la buena educaci\u00f3n en la red<\/b><\/h1>\n<p><span style=\"font-weight: 400\">Si salir a la calle implica asumir que hay unas normas de educaci\u00f3n y unas reglas sociales que facilitan la convivencia, navegar por Internet no queda al margen.<\/span><b>&nbsp;<\/b><\/p>\n<p><b>La netiqueta es ese conjunto de normas de educaci\u00f3n online no escritas pero que deber\u00edan ser de obligado cumplimiento por todos los usuarios de redes sociales e Internet.<\/b><\/p>\n<p><span style=\"font-weight: 400\">Tiene su origen en la palabra francesa \u201c<\/span><i><span style=\"font-weight: 400\">etiquette<\/span><\/i><span style=\"font-weight: 400\">\u201d (etiqueta) y en la inglesa \u201c<\/span><i><span style=\"font-weight: 400\">net<\/span><\/i><span style=\"font-weight: 400\">\u201d (red).<\/span><\/p>\n<h2><b>Reglas b\u00e1sicas de netiqueta<\/b><\/h2>\n<ol>\n<li><strong> Identificaci\u00f3n Personal<\/strong><\/li>\n<\/ol>\n<p><span style=\"font-weight: 400\">Siempre que te comuniques por correo electr\u00f3nico con un profesor, compa\u00f1ero o personal del centro, aseg\u00farate de identificarte de manera clara. Incluye tu nombre completo, curso y cualquier dato relevante para que quien reciba tu mensaje pueda saber qui\u00e9n eres y c\u00f3mo localizarte. En plataformas educativas o redes sociales vinculadas a la escuela, personaliza tu perfil para que sea f\u00e1cil saber qui\u00e9n eres. Evita los avatares misteriosos o nombres de usuario confusos. En un entorno escolar, la transparencia es clave.<\/span><\/p>\n<ol start=\"2\">\n<li><strong> Trato Educado y Personalizado<\/strong><\/li>\n<\/ol>\n<p><span style=\"font-weight: 400\">Recuerda que la educaci\u00f3n empieza en el trato. Siempre saluda a la persona a la que te diriges y, si es posible, usa su nombre. Aunque las comunicaciones digitales a menudo son r\u00e1pidas, un saludo cordial y personalizado demuestra respeto y crea una atm\u00f3sfera de confianza y colaboraci\u00f3n.<\/span><\/p>\n<ol start=\"3\">\n<li><strong> Cero Insultos y Actitudes Despectivas<\/strong><\/li>\n<\/ol>\n<p><span style=\"font-weight: 400\">Los insultos y comentarios negativos no tienen cabida en ning\u00fan \u00e1mbito, ni en el instituto ni en la red. Piensa bien antes de publicar o enviar algo, ya que una vez que lo haces, pierdes el control sobre ello. En un entorno escolar, el respeto mutuo debe ser siempre la prioridad. Evita comentarios que puedan da\u00f1ar a los dem\u00e1s y fomenta un ambiente inclusivo y respetuoso.<\/span><\/p>\n<ol start=\"4\">\n<li><strong> Cuidado con la Ortograf\u00eda y la Gram\u00e1tica<\/strong><\/li>\n<\/ol>\n<p><span style=\"font-weight: 400\">Es importante cuidar la ortograf\u00eda y la gram\u00e1tica, especialmente en correos electr\u00f3nicos o tareas acad\u00e9micas. Aunque las redes sociales permiten una escritura m\u00e1s informal, no uses abreviaturas excesivas ni descuides las normas gramaticales. La buena escritura transmite seriedad y respeto por el receptor.<\/span><\/p>\n<ol start=\"5\">\n<li><strong> Uso Moderado de las May\u00fasculas<\/strong><\/li>\n<\/ol>\n<p><span style=\"font-weight: 400\">Escribir en may\u00fasculas en Internet se interpreta como \u00abgritar\u00bb. En un contexto educativo, es fundamental mantener un tono adecuado. Usa may\u00fasculas s\u00f3lo cuando sea necesario, como en t\u00edtulos o para resaltar algo importante, pero evita escribir todo en may\u00fasculas o usar colores y letras extravagantes que dificulten la lectura.<\/span><\/p>\n<ol start=\"6\">\n<li><strong> Respeto por el Tiempo de los Dem\u00e1s&nbsp;<\/strong><\/li>\n<\/ol>\n<p><span style=\"font-weight: 400\">Entiende que tanto t\u00fa como tus compa\u00f1eros y profesores tienen agendas ocupadas. Si necesitas hacer una consulta o escribir un correo, s\u00e9 claro y directo. No es necesario escribir largos p\u00e1rrafos o agregar informaci\u00f3n irrelevante. Ve al grano y resalta lo m\u00e1s importante para facilitar la comunicaci\u00f3n. Respeta tambi\u00e9n los tiempos de respuesta y s\u00e9 paciente.<\/span><\/p>\n<ol start=\"7\">\n<li><strong> Respeto por la Privacidad de los Dem\u00e1s<\/strong><\/li>\n<\/ol>\n<p><span style=\"font-weight: 400\">Si alguien te comparte algo de forma privada, resp\u00e9talo. No publiques ni compartas fotograf\u00edas, mensajes o informaci\u00f3n sin el permiso de la otra persona. Si un compa\u00f1ero no quiere ser etiquetado en una publicaci\u00f3n o prefiere que su privacidad sea respetada, debes seguir su voluntad. Lo mismo se aplica a ti: aseg\u00farate de que tus propios l\u00edmites sean respetados.<\/span><\/p>\n<ol start=\"8\">\n<li><strong> Uso Adecuado de Emoticonos&nbsp;<\/strong><\/li>\n<\/ol>\n<p><span style=\"font-weight: 400\">Los emoticonos pueden ayudarte a expresar emociones en tus mensajes escritos, pero no abuses de ellos. En un entorno acad\u00e9mico, es importante que la comunicaci\u00f3n escrita sea clara, por lo que los emoticonos deben usarse s\u00f3lo cuando realmente aporten algo al mensaje. Recuerda que el contexto escolar requiere un tono respetuoso y formal.<\/span><\/p>\n<ol start=\"9\">\n<li><strong> Paciencia y Empat\u00eda con los dem\u00e1s<\/strong><\/li>\n<\/ol>\n<p><span style=\"font-weight: 400\">Cada estudiante tiene un ritmo de aprendizaje diferente, y no todos tienen los mismos conocimientos digitales. S\u00e9 paciente con tus compa\u00f1eros que puedan necesitar ayuda o explicaciones adicionales. La empat\u00eda y la colaboraci\u00f3n son esenciales para el buen ambiente de la escuela. Ayudar a los dem\u00e1s beneficia a toda la comunidad educativa.<\/span><\/p>\n<ol start=\"10\">\n<li><strong> La Importancia de Decir \u00abGracias\u00bb<\/strong><\/li>\n<\/ol>\n<p><span style=\"font-weight: 400\">No olvides utilizar la palabra \u00abgracias\u00bb en tus interacciones diarias, tanto en la vida online como offline. Un simple \u00abgracias\u00bb puede abrir puertas, fortalecer relaciones y mostrar respeto. Aprecia el esfuerzo de los dem\u00e1s, ya sea en la escuela o en una conversaci\u00f3n en l\u00ednea.<\/span><\/p>\n<ol start=\"11\">\n<li><strong> Verifica la informaci\u00f3n<\/strong><\/li>\n<\/ol>\n<p><span style=\"font-weight: 400\">Antes de compartir informaci\u00f3n, aseg\u00farate de que sea veraz y relevante. Evita difundir rumores, noticias falsas o datos que no est\u00e9n confirmados. En un entorno educativo, es importante fomentar el pensamiento cr\u00edtico y la responsabilidad digital.<\/span><\/p>\n<p>&nbsp;<\/p>\n<p>&nbsp;<\/p>\n<p><span style=\"font-weight: 400\">Estas normas tienen como objetivo fomentar un ambiente respetuoso, colaborativo y constructivo, tanto dentro del aula como en las plataformas educativas digitales.&nbsp;<\/span><\/p>\n<p><span style=\"font-weight: 400\">\u00a1Recuerda que el respeto y la cortes\u00eda siempre abren puertas!<\/span><\/p>\n<p>&nbsp;<\/p>\n<p>&nbsp;<\/p>\n<p><img loading=\"lazy\" decoding=\"async\" class=\"aligncenter size-full wp-image-10475\" src=\"https:\/\/blogsaverroes.juntadeandalucia.es\/ieslaureldelareina\/files\/2025\/02\/Netiqueta-3.png\" alt=\"\" width=\"800\" height=\"2000\" srcset=\"https:\/\/blogsaverroes.juntadeandalucia.es\/ieslaureldelareina\/files\/2025\/02\/Netiqueta-3.png 800w, https:\/\/blogsaverroes.juntadeandalucia.es\/ieslaureldelareina\/files\/2025\/02\/Netiqueta-3-120x300.png 120w, https:\/\/blogsaverroes.juntadeandalucia.es\/ieslaureldelareina\/files\/2025\/02\/Netiqueta-3-410x1024.png 410w, https:\/\/blogsaverroes.juntadeandalucia.es\/ieslaureldelareina\/files\/2025\/02\/Netiqueta-3-768x1920.png 768w, https:\/\/blogsaverroes.juntadeandalucia.es\/ieslaureldelareina\/files\/2025\/02\/Netiqueta-3-614x1536.png 614w\" sizes=\"(max-width: 800px) 100vw, 800px\" \/><\/p>\n","protected":false},"excerpt":{"rendered":"<p>&#46;&#46;&#46;<\/p>\n","protected":false},"author":6756,"featured_media":0,"parent":0,"menu_order":0,"comment_status":"closed","ping_status":"closed","template":"","meta":{"ngg_post_thumbnail":0,"footnotes":"","_mc_calendar":[]},"aioseo_notices":[],"_links":{"self":[{"href":"https:\/\/blogsaverroes.juntadeandalucia.es\/ieslaureldelareina\/wp-json\/wp\/v2\/pages\/10473"}],"collection":[{"href":"https:\/\/blogsaverroes.juntadeandalucia.es\/ieslaureldelareina\/wp-json\/wp\/v2\/pages"}],"about":[{"href":"https:\/\/blogsaverroes.juntadeandalucia.es\/ieslaureldelareina\/wp-json\/wp\/v2\/types\/page"}],"author":[{"embeddable":true,"href":"https:\/\/blogsaverroes.juntadeandalucia.es\/ieslaureldelareina\/wp-json\/wp\/v2\/users\/6756"}],"replies":[{"embeddable":true,"href":"https:\/\/blogsaverroes.juntadeandalucia.es\/ieslaureldelareina\/wp-json\/wp\/v2\/comments?post=10473"}],"version-history":[{"count":3,"href":"https:\/\/blogsaverroes.juntadeandalucia.es\/ieslaureldelareina\/wp-json\/wp\/v2\/pages\/10473\/revisions"}],"predecessor-version":[{"id":10477,"href":"https:\/\/blogsaverroes.juntadeandalucia.es\/ieslaureldelareina\/wp-json\/wp\/v2\/pages\/10473\/revisions\/10477"}],"wp:attachment":[{"href":"https:\/\/blogsaverroes.juntadeandalucia.es\/ieslaureldelareina\/wp-json\/wp\/v2\/media?parent=10473"}],"curies":[{"name":"wp","href":"https:\/\/api.w.org\/{rel}","templated":true}]}}