{"id":11086,"date":"2025-10-30T08:47:29","date_gmt":"2025-10-30T08:47:29","guid":{"rendered":"https:\/\/blogsaverroes.juntadeandalucia.es\/ieslaureldelareina\/?page_id=11086"},"modified":"2025-10-30T08:47:29","modified_gmt":"2025-10-30T08:47:29","slug":"ampa-arco-del-canamo","status":"publish","type":"page","link":"https:\/\/blogsaverroes.juntadeandalucia.es\/ieslaureldelareina\/ampa-arco-del-canamo\/","title":{"rendered":"AMPA Arco del C\u00e1\u00f1amo"},"content":{"rendered":"<p><img loading=\"lazy\" decoding=\"async\" class=\"aligncenter wp-image-11087 size-medium\" src=\"https:\/\/blogsaverroes.juntadeandalucia.es\/ieslaureldelareina\/files\/2025\/10\/LOGO-SIN-FONDO-300x295.png\" alt=\"\" width=\"300\" height=\"295\" srcset=\"https:\/\/blogsaverroes.juntadeandalucia.es\/ieslaureldelareina\/files\/2025\/10\/LOGO-SIN-FONDO-300x295.png 300w, https:\/\/blogsaverroes.juntadeandalucia.es\/ieslaureldelareina\/files\/2025\/10\/LOGO-SIN-FONDO-1024x1008.png 1024w, https:\/\/blogsaverroes.juntadeandalucia.es\/ieslaureldelareina\/files\/2025\/10\/LOGO-SIN-FONDO-768x756.png 768w, https:\/\/blogsaverroes.juntadeandalucia.es\/ieslaureldelareina\/files\/2025\/10\/LOGO-SIN-FONDO-80x80.png 80w, https:\/\/blogsaverroes.juntadeandalucia.es\/ieslaureldelareina\/files\/2025\/10\/LOGO-SIN-FONDO.png 1026w\" sizes=\"(max-width: 300px) 100vw, 300px\" \/><\/p>\n<div class=\"page\" title=\"Page 1\">\n<div class=\"section\">\n<div class=\"layoutArea\">\n<div class=\"column\">\n<div class=\"page\" title=\"Page 1\">\n<div class=\"section\">\n<div class=\"layoutArea\">\n<div class=\"column\">\n<p>&nbsp;<\/p>\n<p><span data-usefontface=\"true\" data-contrast=\"none\">Os damos la bienvenida, a nuestra incorporaci\u00f3n a la p\u00e1gina <\/span><span data-usefontface=\"true\" data-contrast=\"none\">Web del Instituto.<\/span>\u200b<\/p>\n<p><span data-usefontface=\"true\" data-contrast=\"none\">Aqu\u00ed podr\u00e9is tener informaci\u00f3n sobre el AMPA, las actividades <\/span><span data-usefontface=\"true\" data-contrast=\"none\">que realizamos con nuestro centro y nuestro alumnado.<\/span>\u200b<\/p>\n<p><span data-usefontface=\"true\" data-contrast=\"none\">Este grupo de AMPA est\u00e1 formado por un grupo de <\/span><span data-usefontface=\"true\" data-contrast=\"none\">padr@s<\/span> <span data-usefontface=\"true\" data-contrast=\"none\">interesados y preocupados por la educaci\u00f3n de nuestros <\/span><span data-usefontface=\"true\" data-contrast=\"none\">hij@s<\/span><span data-usefontface=\"true\" data-contrast=\"none\">, <\/span><span data-usefontface=\"true\" data-contrast=\"none\">sirviendo de enlace con las familias y el centro y manteniendo <\/span><span data-usefontface=\"true\" data-contrast=\"none\">una estrecha colaboraci\u00f3n con la direcci\u00f3n y el profesorado.<\/span>\u200b<\/p>\n<p><span data-usefontface=\"true\" data-contrast=\"none\">Somos un eslab\u00f3n muy importante y fundamental para la <\/span><span data-usefontface=\"true\" data-contrast=\"none\">mejora de la convivencia educativa.<\/span><\/p>\n<\/div>\n<\/div>\n<\/div>\n<\/div>\n<\/div>\n<\/div>\n<\/div>\n<\/div>\n","protected":false},"excerpt":{"rendered":"<p>&#46;&#46;&#46;<\/p>\n","protected":false},"author":6756,"featured_media":11087,"parent":0,"menu_order":0,"comment_status":"closed","ping_status":"closed","template":"","meta":{"ngg_post_thumbnail":0,"footnotes":"","_mc_calendar":[]},"aioseo_notices":[],"_links":{"self":[{"href":"https:\/\/blogsaverroes.juntadeandalucia.es\/ieslaureldelareina\/wp-json\/wp\/v2\/pages\/11086"}],"collection":[{"href":"https:\/\/blogsaverroes.juntadeandalucia.es\/ieslaureldelareina\/wp-json\/wp\/v2\/pages"}],"about":[{"href":"https:\/\/blogsaverroes.juntadeandalucia.es\/ieslaureldelareina\/wp-json\/wp\/v2\/types\/page"}],"author":[{"embeddable":true,"href":"https:\/\/blogsaverroes.juntadeandalucia.es\/ieslaureldelareina\/wp-json\/wp\/v2\/users\/6756"}],"replies":[{"embeddable":true,"href":"https:\/\/blogsaverroes.juntadeandalucia.es\/ieslaureldelareina\/wp-json\/wp\/v2\/comments?post=11086"}],"version-history":[{"count":1,"href":"https:\/\/blogsaverroes.juntadeandalucia.es\/ieslaureldelareina\/wp-json\/wp\/v2\/pages\/11086\/revisions"}],"predecessor-version":[{"id":11088,"href":"https:\/\/blogsaverroes.juntadeandalucia.es\/ieslaureldelareina\/wp-json\/wp\/v2\/pages\/11086\/revisions\/11088"}],"wp:featuredmedia":[{"embeddable":true,"href":"https:\/\/blogsaverroes.juntadeandalucia.es\/ieslaureldelareina\/wp-json\/wp\/v2\/media\/11087"}],"wp:attachment":[{"href":"https:\/\/blogsaverroes.juntadeandalucia.es\/ieslaureldelareina\/wp-json\/wp\/v2\/media?parent=11086"}],"curies":[{"name":"wp","href":"https:\/\/api.w.org\/{rel}","templated":true}]}}