{"id":11089,"date":"2025-10-30T08:50:23","date_gmt":"2025-10-30T08:50:23","guid":{"rendered":"https:\/\/blogsaverroes.juntadeandalucia.es\/ieslaureldelareina\/?page_id=11089"},"modified":"2025-10-30T08:50:23","modified_gmt":"2025-10-30T08:50:23","slug":"junta-directiva-del-ampa-arco-del-canamo","status":"publish","type":"page","link":"https:\/\/blogsaverroes.juntadeandalucia.es\/ieslaureldelareina\/junta-directiva-del-ampa-arco-del-canamo\/","title":{"rendered":"Junta Directiva del AMPA \u00abArco del C\u00e1\u00f1amo\u00bb"},"content":{"rendered":"<p><img loading=\"lazy\" decoding=\"async\" class=\"aligncenter size-medium wp-image-11087\" src=\"https:\/\/blogsaverroes.juntadeandalucia.es\/ieslaureldelareina\/files\/2025\/10\/LOGO-SIN-FONDO-300x295.png\" alt=\"\" width=\"300\" height=\"295\" srcset=\"https:\/\/blogsaverroes.juntadeandalucia.es\/ieslaureldelareina\/files\/2025\/10\/LOGO-SIN-FONDO-300x295.png 300w, https:\/\/blogsaverroes.juntadeandalucia.es\/ieslaureldelareina\/files\/2025\/10\/LOGO-SIN-FONDO-1024x1008.png 1024w, https:\/\/blogsaverroes.juntadeandalucia.es\/ieslaureldelareina\/files\/2025\/10\/LOGO-SIN-FONDO-768x756.png 768w, https:\/\/blogsaverroes.juntadeandalucia.es\/ieslaureldelareina\/files\/2025\/10\/LOGO-SIN-FONDO-80x80.png 80w, https:\/\/blogsaverroes.juntadeandalucia.es\/ieslaureldelareina\/files\/2025\/10\/LOGO-SIN-FONDO.png 1026w\" sizes=\"(max-width: 300px) 100vw, 300px\" \/><\/p>\n<p>&nbsp;<\/p>\n<p>PRESIDENTA: D\u00f1a. Carmen Mar\u00eda L\u00f3pez Jim\u00e9nez<\/p>\n<p>SECRETARIA: &nbsp;D\u00f1a. Ana Bel\u00e9n Garc\u00eda Camacho<\/p>\n<p>VICESECRETARIA: D\u00f1a. Margarita Valdivia Molina<\/p>\n<p>TESORERA: D\u00d1A. Ana Bel\u00e9n De la Torre Moreno<\/p>\n","protected":false},"excerpt":{"rendered":"<p>&#46;&#46;&#46;<\/p>\n","protected":false},"author":6756,"featured_media":0,"parent":0,"menu_order":0,"comment_status":"closed","ping_status":"closed","template":"","meta":{"ngg_post_thumbnail":0,"footnotes":"","_mc_calendar":[]},"aioseo_notices":[],"_links":{"self":[{"href":"https:\/\/blogsaverroes.juntadeandalucia.es\/ieslaureldelareina\/wp-json\/wp\/v2\/pages\/11089"}],"collection":[{"href":"https:\/\/blogsaverroes.juntadeandalucia.es\/ieslaureldelareina\/wp-json\/wp\/v2\/pages"}],"about":[{"href":"https:\/\/blogsaverroes.juntadeandalucia.es\/ieslaureldelareina\/wp-json\/wp\/v2\/types\/page"}],"author":[{"embeddable":true,"href":"https:\/\/blogsaverroes.juntadeandalucia.es\/ieslaureldelareina\/wp-json\/wp\/v2\/users\/6756"}],"replies":[{"embeddable":true,"href":"https:\/\/blogsaverroes.juntadeandalucia.es\/ieslaureldelareina\/wp-json\/wp\/v2\/comments?post=11089"}],"version-history":[{"count":1,"href":"https:\/\/blogsaverroes.juntadeandalucia.es\/ieslaureldelareina\/wp-json\/wp\/v2\/pages\/11089\/revisions"}],"predecessor-version":[{"id":11090,"href":"https:\/\/blogsaverroes.juntadeandalucia.es\/ieslaureldelareina\/wp-json\/wp\/v2\/pages\/11089\/revisions\/11090"}],"wp:attachment":[{"href":"https:\/\/blogsaverroes.juntadeandalucia.es\/ieslaureldelareina\/wp-json\/wp\/v2\/media?parent=11089"}],"curies":[{"name":"wp","href":"https:\/\/api.w.org\/{rel}","templated":true}]}}