{"id":164,"date":"2015-03-17T07:52:28","date_gmt":"2015-03-17T07:52:28","guid":{"rendered":"http:\/\/blogsaverroes.juntadeandalucia.es\/pre\/ceip\/?page_id=164"},"modified":"2025-11-16T11:26:56","modified_gmt":"2025-11-16T11:26:56","slug":"ingles","status":"publish","type":"page","link":"https:\/\/blogsaverroes.juntadeandalucia.es\/ieslaureldelareina\/ingles\/","title":{"rendered":"Ingl\u00e9s"},"content":{"rendered":"<h3>Componentes<\/h3>\n<p>Pilar \u00c1lvarez Garc\u00eda (Jefa de Departamento)<br \/>\nJonatan Carmona Quesada<br \/>\nAlfredo Garc\u00eda Agea<br \/>\nYolanda Garc\u00eda Mansilla<br \/>\nVirginia Garc\u00eda Serrano<br \/>\nMercedes Lara Liceras<br \/>\nTrinidad Padilla Rojas<br \/>\nGloria Ruiz Cabello<br \/>\nAna Tenorio Camacho<\/p>\n<h3>Programaci\u00f3n Did\u00e1ctica<\/h3>\n<p><a href=\"https:\/\/blogsaverroes.juntadeandalucia.es\/ieslaureldelareina\/files\/2025\/11\/PROGRAMACION-ESO-2025-2026.pdf\" target=\"_blank\" rel=\"noopener\">PROGRAMACI\u00d3N ESO 2025 &#8211; 2026<\/a><\/p>\n<p><a href=\"https:\/\/blogsaverroes.juntadeandalucia.es\/ieslaureldelareina\/files\/2025\/11\/PROGRAMACION-BACHILLERATO-2025-2026.pdf\" target=\"_blank\" rel=\"noopener\">PROGRAMACI\u00d3N BACHILLERATO 2025- 2026<\/a><\/p>\n<p><a href=\"https:\/\/blogsaverroes.juntadeandalucia.es\/ieslaureldelareina\/files\/2025\/11\/Programacion-Ambito-Linguistico-y-Social-3o-ESO.pdf\" target=\"_blank\" rel=\"noopener\">Programaci\u00f3n \u00c1mbito Ling\u00fc\u00edstico y Social &#8211; 3\u00ba ESO<\/a><\/p>\n<p><a href=\"https:\/\/blogsaverroes.juntadeandalucia.es\/ieslaureldelareina\/files\/2025\/11\/PROGRAMACION-AMBITO-SOCIOLINGUISTICO-4o-ESO.pdf\" target=\"_blank\" rel=\"noopener\">PROGRAMACI\u00d3N \u00c1MBITO SOCIOLING\u00dc\u00cdSTICO 4\u00ba ESO<\/a><\/p>\n","protected":false},"excerpt":{"rendered":"<p>&#46;&#46;&#46;<\/p>\n","protected":false},"author":1,"featured_media":0,"parent":0,"menu_order":0,"comment_status":"closed","ping_status":"open","template":"","meta":{"ngg_post_thumbnail":0,"footnotes":"","_mc_calendar":[]},"aioseo_notices":[],"_links":{"self":[{"href":"https:\/\/blogsaverroes.juntadeandalucia.es\/ieslaureldelareina\/wp-json\/wp\/v2\/pages\/164"}],"collection":[{"href":"https:\/\/blogsaverroes.juntadeandalucia.es\/ieslaureldelareina\/wp-json\/wp\/v2\/pages"}],"about":[{"href":"https:\/\/blogsaverroes.juntadeandalucia.es\/ieslaureldelareina\/wp-json\/wp\/v2\/types\/page"}],"author":[{"embeddable":true,"href":"https:\/\/blogsaverroes.juntadeandalucia.es\/ieslaureldelareina\/wp-json\/wp\/v2\/users\/1"}],"replies":[{"embeddable":true,"href":"https:\/\/blogsaverroes.juntadeandalucia.es\/ieslaureldelareina\/wp-json\/wp\/v2\/comments?post=164"}],"version-history":[{"count":27,"href":"https:\/\/blogsaverroes.juntadeandalucia.es\/ieslaureldelareina\/wp-json\/wp\/v2\/pages\/164\/revisions"}],"predecessor-version":[{"id":11240,"href":"https:\/\/blogsaverroes.juntadeandalucia.es\/ieslaureldelareina\/wp-json\/wp\/v2\/pages\/164\/revisions\/11240"}],"wp:attachment":[{"href":"https:\/\/blogsaverroes.juntadeandalucia.es\/ieslaureldelareina\/wp-json\/wp\/v2\/media?parent=164"}],"curies":[{"name":"wp","href":"https:\/\/api.w.org\/{rel}","templated":true}]}}