{"id":172,"date":"2015-03-17T07:55:49","date_gmt":"2015-03-17T07:55:49","guid":{"rendered":"http:\/\/blogsaverroes.juntadeandalucia.es\/pre\/ceip\/?page_id=172"},"modified":"2025-11-16T10:58:33","modified_gmt":"2025-11-16T10:58:33","slug":"fisica-y-quimica","status":"publish","type":"page","link":"https:\/\/blogsaverroes.juntadeandalucia.es\/ieslaureldelareina\/fisica-y-quimica\/","title":{"rendered":"F\u00edsica y Qu\u00edmica"},"content":{"rendered":"<h3>Componentes<\/h3>\n<p>Norberto Garc\u00eda G\u00f3mez<br \/>\nGabino Mar\u00edn Garc\u00eda&nbsp;<br \/>\nAlicia Moral L\u00f3pez (Jefa de Departamento)<\/p>\n<h3>Programaci\u00f3n Did\u00e1ctica<\/h3>\n<p><a href=\"https:\/\/blogsaverroes.juntadeandalucia.es\/ieslaureldelareina\/files\/2025\/11\/PROGRAMACION-DEP-FISICA-Y-QUIMICA-25-26.pdf\" target=\"_blank\" rel=\"noopener\">PROGRAMACI\u00d3N DEP F\u00cdSICA Y QU\u00cdMICA 25-26<\/a><\/p>\n<h3>Blog del departamento<\/h3>\n<p><a href=\"http:\/\/norgargo.blogspot.com\" target=\"_blank\" rel=\"noopener noreferrer\">Blog \u00abF\u00edsica y Qu\u00edmica\u00bb de Norberto Garc\u00eda G\u00f3mez<\/a>.<\/p>\n","protected":false},"excerpt":{"rendered":"<p>&#46;&#46;&#46;<\/p>\n","protected":false},"author":7577,"featured_media":0,"parent":0,"menu_order":0,"comment_status":"closed","ping_status":"closed","template":"","meta":{"ngg_post_thumbnail":0,"footnotes":"","_mc_calendar":[]},"aioseo_notices":[],"_links":{"self":[{"href":"https:\/\/blogsaverroes.juntadeandalucia.es\/ieslaureldelareina\/wp-json\/wp\/v2\/pages\/172"}],"collection":[{"href":"https:\/\/blogsaverroes.juntadeandalucia.es\/ieslaureldelareina\/wp-json\/wp\/v2\/pages"}],"about":[{"href":"https:\/\/blogsaverroes.juntadeandalucia.es\/ieslaureldelareina\/wp-json\/wp\/v2\/types\/page"}],"author":[{"embeddable":true,"href":"https:\/\/blogsaverroes.juntadeandalucia.es\/ieslaureldelareina\/wp-json\/wp\/v2\/users\/7577"}],"replies":[{"embeddable":true,"href":"https:\/\/blogsaverroes.juntadeandalucia.es\/ieslaureldelareina\/wp-json\/wp\/v2\/comments?post=172"}],"version-history":[{"count":26,"href":"https:\/\/blogsaverroes.juntadeandalucia.es\/ieslaureldelareina\/wp-json\/wp\/v2\/pages\/172\/revisions"}],"predecessor-version":[{"id":11195,"href":"https:\/\/blogsaverroes.juntadeandalucia.es\/ieslaureldelareina\/wp-json\/wp\/v2\/pages\/172\/revisions\/11195"}],"wp:attachment":[{"href":"https:\/\/blogsaverroes.juntadeandalucia.es\/ieslaureldelareina\/wp-json\/wp\/v2\/media?parent=172"}],"curies":[{"name":"wp","href":"https:\/\/api.w.org\/{rel}","templated":true}]}}