{"id":1806,"date":"2015-03-17T07:46:28","date_gmt":"2015-03-17T07:46:28","guid":{"rendered":"http:\/\/blogsaverroes.juntadeandalucia.es\/pre\/ceip\/?page_id=144"},"modified":"2025-11-16T11:28:57","modified_gmt":"2025-11-16T11:28:57","slug":"orientacion","status":"publish","type":"page","link":"https:\/\/blogsaverroes.juntadeandalucia.es\/ieslaureldelareina\/orientacion\/","title":{"rendered":"Orientaci\u00f3n"},"content":{"rendered":"<h3>Componentes<\/h3>\n<p>Irene Cardenete Corpas (PTE aula TEA)<br \/>\nGin\u00e9s Gallardo Cano (Orientaci\u00f3n Educativa)<br \/>\nMar\u00eda Isabel Garc\u00eda \u00c1vila (Monitora Educaci\u00f3n Especial)<br \/>\nDavid Salvador Gonz\u00e1lez Serrano (Pedagog\u00eda Terap\u00e9utica)<br \/>\nMar\u00eda del Pilar Rodr\u00edguez Garc\u00eda (\u00c1rea Cient\u00edfico-Tecnol\u00f3gica (Z.T.S.)<br \/>\nRicardo Vicente Bujez (Pedagog\u00eda Terap\u00e9utica)<\/p>\n<h3>Programaci\u00f3n Did\u00e1ctica<\/h3>\n<p><a href=\"https:\/\/blogsaverroes.juntadeandalucia.es\/ieslaureldelareina\/files\/2025\/11\/Programacion-Departamento-Orientacion.pdf\" target=\"_blank\" rel=\"noopener\">Programacion Departamento Orientacion<\/a><\/p>\n<p><a href=\"https:\/\/blogsaverroes.juntadeandalucia.es\/ieslaureldelareina\/files\/2025\/11\/Plan-de-Atencion-a-la-Diversidad-25_26.pdf\" target=\"_blank\" rel=\"noopener\">Plan de Atenci\u00f3n a la Diversidad 25_26<\/a><\/p>\n<p><a href=\"https:\/\/blogsaverroes.juntadeandalucia.es\/ieslaureldelareina\/files\/2025\/11\/Programacion-Aula-TEA-25-26.pdf\" target=\"_blank\" rel=\"noopener\">Programaci\u00f3n Aula TEA 25-26<\/a><\/p>\n<h3>Orientaci\u00f3n Acad\u00e9mica Profesional<\/h3>\n<p><a href=\"https:\/\/elorienta.com\/laureldelareina\/\" target=\"_blank\" rel=\"noopener\">El Orienta &#8211; Laurel de la Reina<\/a><\/p>\n<h3>&nbsp;<\/h3>\n<h3>Todos los grados por ramas de conocimiento<\/h3>\n<p><a href=\"https:\/\/drive.google.com\/file\/d\/1LgZ4eaWT6rTq0c-mXck0e29gSC0F7zJY\/view?usp=sharing\" target=\"_blank\" rel=\"noopener noreferrer\">Artes y Humanidades<\/a>.<\/p>\n<p><a href=\"https:\/\/drive.google.com\/file\/d\/1K1QlCCHwZXB-6VIjhiY_s8gl4D3l6NIf\/view?usp=sharing\" target=\"_blank\" rel=\"noopener noreferrer\">Ciencias Sociales y Jur\u00eddicas<\/a>.<\/p>\n<p><a href=\"https:\/\/drive.google.com\/file\/d\/1HX2LEfvFmmZSKQqFzY0sESFzRKT9urfp\/view?usp=sharing\" target=\"_blank\" rel=\"noopener noreferrer\">Ciencias de la Salud<\/a>.<\/p>\n<p><a href=\"https:\/\/drive.google.com\/file\/d\/1xuAMKM-hL-l6MmPLL7ix9813vyLSm2Mr\/view?usp=sharing\" target=\"_blank\" rel=\"noopener noreferrer\">Ciencias<\/a>.<\/p>\n<p><a href=\"https:\/\/drive.google.com\/file\/d\/1E2lAs8h9sLQRk1Ca6STooqHprUcfHC52\/view?usp=sharing\" target=\"_blank\" rel=\"noopener noreferrer\">Ingenier\u00edas y Arquitecturas<\/a>.<\/p>\n<h3>Enlaces de inter\u00e9s<\/h3>\n<p><a href=\"https:\/\/view.genial.ly\/614f5b7c44ac680dd679d986\/presentation-fp-basica\" target=\"_blank\" rel=\"noopener noreferrer\">FP B\u00e1sica<\/a><\/p>\n<p><a href=\"https:\/\/view.genial.ly\/62418bd12e81840019b223a2\/interactive-content-formacion-profesional\" target=\"_blank\" rel=\"noopener noreferrer\">Formaci\u00f3n Profesional<\/a><\/p>\n<p><a href=\"http:\/\/www.todofp.es\/\" target=\"_blank\" rel=\"noopener noreferrer\">Todo FP<\/a><\/p>\n<p><a href=\"https:\/\/www.ugr.es\/\" target=\"_blank\" rel=\"noopener noreferrer\">Universidad de Granada<\/a><\/p>\n<p><a href=\"https:\/\/www.symbaloo.com\/mix\/orientaciongranada-aovp\" target=\"_blank\" rel=\"noopener noreferrer\">Symbaloo sobre orientaci\u00f3n<\/a><\/p>\n<p><a href=\"https:\/\/www.symbaloo.com\/mix\/recursosempleo\" target=\"_blank\" rel=\"noopener noreferrer\">Symbaloo sobre recursos de empleo<\/a><\/p>\n","protected":false},"excerpt":{"rendered":"<p>&#46;&#46;&#46;<\/p>\n","protected":false},"author":1,"featured_media":0,"parent":0,"menu_order":0,"comment_status":"closed","ping_status":"open","template":"","meta":{"ngg_post_thumbnail":0,"footnotes":"","_mc_calendar":[]},"aioseo_notices":[],"_links":{"self":[{"href":"https:\/\/blogsaverroes.juntadeandalucia.es\/ieslaureldelareina\/wp-json\/wp\/v2\/pages\/1806"}],"collection":[{"href":"https:\/\/blogsaverroes.juntadeandalucia.es\/ieslaureldelareina\/wp-json\/wp\/v2\/pages"}],"about":[{"href":"https:\/\/blogsaverroes.juntadeandalucia.es\/ieslaureldelareina\/wp-json\/wp\/v2\/types\/page"}],"author":[{"embeddable":true,"href":"https:\/\/blogsaverroes.juntadeandalucia.es\/ieslaureldelareina\/wp-json\/wp\/v2\/users\/1"}],"replies":[{"embeddable":true,"href":"https:\/\/blogsaverroes.juntadeandalucia.es\/ieslaureldelareina\/wp-json\/wp\/v2\/comments?post=1806"}],"version-history":[{"count":64,"href":"https:\/\/blogsaverroes.juntadeandalucia.es\/ieslaureldelareina\/wp-json\/wp\/v2\/pages\/1806\/revisions"}],"predecessor-version":[{"id":11244,"href":"https:\/\/blogsaverroes.juntadeandalucia.es\/ieslaureldelareina\/wp-json\/wp\/v2\/pages\/1806\/revisions\/11244"}],"wp:attachment":[{"href":"https:\/\/blogsaverroes.juntadeandalucia.es\/ieslaureldelareina\/wp-json\/wp\/v2\/media?parent=1806"}],"curies":[{"name":"wp","href":"https:\/\/api.w.org\/{rel}","templated":true}]}}