{"id":2441,"date":"2019-01-28T11:57:14","date_gmt":"2019-01-28T11:57:14","guid":{"rendered":"https:\/\/blogsaverroes.juntadeandalucia.es\/ieslaureldelareina\/?page_id=2441"},"modified":"2019-01-28T12:37:55","modified_gmt":"2019-01-28T12:37:55","slug":"bienvenida","status":"publish","type":"page","link":"https:\/\/blogsaverroes.juntadeandalucia.es\/ieslaureldelareina\/el-centro-2\/bienvenida\/","title":{"rendered":"Bienvenida"},"content":{"rendered":"<p><a href=\"https:\/\/blogsaverroes.juntadeandalucia.es\/ieslaureldelareina\/files\/2018\/11\/cropped-doc20181115103039_001.jpg\"><img loading=\"lazy\" decoding=\"async\" class=\"wp-image-2425 size-medium aligncenter\" src=\"https:\/\/blogsaverroes.juntadeandalucia.es\/ieslaureldelareina\/files\/2018\/11\/cropped-doc20181115103039_001-300x73.jpg\" alt=\"\" width=\"300\" height=\"73\"><\/a><\/p>\n<p>En nombre del IES Laurel de la Reina quiero daros la m\u00e1s cordial bienvenida al portal electr\u00f3nico de nuestro centro. Navegando por esta web conocer\u00e9is el Instituto, los servicios que ofrece y c\u00f3mo funciona. Aqu\u00ed encontrar\u00e9is la informaci\u00f3n m\u00e1s relevante sobre las instalaciones, la organizaci\u00f3n y la gesti\u00f3n del centro, las ense\u00f1anzas y proyectos educativos, as\u00ed como las actividades y novedades m\u00e1s significativas que surjan en nuestro d\u00eda a d\u00eda.<\/p>\n<p>El IES Laurel de la Reina es un centro p\u00fablico, fundado en 2003. Hasta el curso 2014\/15 s\u00f3lo se impart\u00eda ESO. A partir de 2015\/16 se imparte tambi\u00e9n Bachillerato de Ciencias y Humanidades-CIencias Sociales. Es un centro en permanente crecimiento, din\u00e1mico y que participa en programas de intercambio y en numerosos planes y programas educativos &nbsp;En la actualidad cuenta con m\u00e1s de 600 alumnos\/as matriculados y desde 2018\/2019 es centro biling\u00fce.<\/p>\n<p>El modelo de centro que pretendemos conseguir se basa en hacer posible un modelo de \u00e9xito educativo basado en la CALIDAD, EQUIDAD E INCLUSI\u00d3N.<\/p>\n<p>Para ello, afrontamos nuestra tarea diaria cargados de entusiasmo, profesionalidad, humildad, esfuerzo y vocaci\u00f3n de servicio &nbsp;pretendiendo conseguir un centro:<\/p>\n<ul>\n<li>Modelo de convivencia: los valores que sustentan nuestro proyecto son el consenso, el di\u00e1logo, el fomento de la convivencia, el respecto a todos\/as, as\u00ed como el trabajo en grupo, la eficiencia y la exigencia como principio b\u00e1sico del esfuerzo y de la calidad, exigencia que empieza por el propio trabajo. Hoy m\u00e1s que nunca, es necesario ense\u00f1ar a convivir. Es fundamental conseguir la implicaci\u00f3n del alumnado y las familias.<\/li>\n<li>Innovador e Inclusivo, tratando de dar respuesta a las necesidades de cada alumno y buscando que cada uno de ellos desarrolle al m\u00e1ximo sus potencialidades personales, en especial la creatividad, valorando el esfuerzo del alumnado y que capacite a su alumnado con un alto nivel de contenidos y competencias, buscando la excelencia.<\/li>\n<li>Cada d\u00eda m\u00e1s abierto a su entorno y que ejerza de referente cultural de la zona.<\/li>\n<li>Que potencie los intercambios de alumnado con otros pa\u00edses, impulsando el pluriling\u00fcismo.<\/li>\n<\/ul>\n<p>Como director, me siento orgulloso de esta comunidad educativa. Nuestro reto es mejorar d\u00eda a d\u00eda para satisfacer todas las expectativas del alumnado y sus familias.<\/p>\n<p>Os invitamos a visitar nuestra p\u00e1gina y a hacernos llegar vuestras sugerencias sobre su contenido o cualquier solicitud de informaci\u00f3n adicional.<\/p>\n","protected":false},"excerpt":{"rendered":"<p>&#46;&#46;&#46;<\/p>\n","protected":false},"author":6756,"featured_media":0,"parent":35,"menu_order":0,"comment_status":"closed","ping_status":"closed","template":"template-full-width.php","meta":{"ngg_post_thumbnail":0,"footnotes":"","_mc_calendar":[]},"aioseo_notices":[],"_links":{"self":[{"href":"https:\/\/blogsaverroes.juntadeandalucia.es\/ieslaureldelareina\/wp-json\/wp\/v2\/pages\/2441"}],"collection":[{"href":"https:\/\/blogsaverroes.juntadeandalucia.es\/ieslaureldelareina\/wp-json\/wp\/v2\/pages"}],"about":[{"href":"https:\/\/blogsaverroes.juntadeandalucia.es\/ieslaureldelareina\/wp-json\/wp\/v2\/types\/page"}],"author":[{"embeddable":true,"href":"https:\/\/blogsaverroes.juntadeandalucia.es\/ieslaureldelareina\/wp-json\/wp\/v2\/users\/6756"}],"replies":[{"embeddable":true,"href":"https:\/\/blogsaverroes.juntadeandalucia.es\/ieslaureldelareina\/wp-json\/wp\/v2\/comments?post=2441"}],"version-history":[{"count":2,"href":"https:\/\/blogsaverroes.juntadeandalucia.es\/ieslaureldelareina\/wp-json\/wp\/v2\/pages\/2441\/revisions"}],"predecessor-version":[{"id":2443,"href":"https:\/\/blogsaverroes.juntadeandalucia.es\/ieslaureldelareina\/wp-json\/wp\/v2\/pages\/2441\/revisions\/2443"}],"up":[{"embeddable":true,"href":"https:\/\/blogsaverroes.juntadeandalucia.es\/ieslaureldelareina\/wp-json\/wp\/v2\/pages\/35"}],"wp:attachment":[{"href":"https:\/\/blogsaverroes.juntadeandalucia.es\/ieslaureldelareina\/wp-json\/wp\/v2\/media?parent=2441"}],"curies":[{"name":"wp","href":"https:\/\/api.w.org\/{rel}","templated":true}]}}