{"id":3770,"date":"2019-09-18T13:05:54","date_gmt":"2019-09-18T13:05:54","guid":{"rendered":"https:\/\/blogsaverroes.juntadeandalucia.es\/ieslaureldelareina\/?page_id=3770"},"modified":"2025-09-11T10:50:32","modified_gmt":"2025-09-11T10:50:32","slug":"tutorias","status":"publish","type":"page","link":"https:\/\/blogsaverroes.juntadeandalucia.es\/ieslaureldelareina\/tutorias\/","title":{"rendered":"Tutor\u00edas"},"content":{"rendered":"<table class=\" aligncenter\" style=\"height: 600px;width: 60.548854%\">\n<tbody>\n<tr style=\"height: 24px\">\n<td style=\"width: 32.199546%;height: 24px\">GRUPO<\/td>\n<td style=\"width: 66.213152%;height: 24px\">TUTOR\/A<\/td>\n<\/tr>\n<tr style=\"height: 24px\">\n<td style=\"width: 32.199546%;height: 24px\">1\u00baA<\/td>\n<td style=\"width: 66.213152%;height: 24px\">\n<div class=\"page\" title=\"Page 9\">\n<div class=\"section\">\n<div class=\"layoutArea\">\n<div class=\"column\">\n<p>Nieto Cano, Mar\u00eda Francisca<\/p>\n<\/div>\n<\/div>\n<\/div>\n<\/div>\n<\/td>\n<\/tr>\n<tr style=\"height: 24px\">\n<td style=\"width: 32.199546%;height: 24px\">1\u00baB<\/td>\n<td style=\"width: 66.213152%;height: 24px\">\n<div class=\"page\" title=\"Page 9\">\n<div class=\"section\">\n<div class=\"layoutArea\">\n<div class=\"column\">\n<p>L\u00f3pez Plata, V\u00edctor Rub\u00e9n<\/p>\n<\/div>\n<\/div>\n<\/div>\n<\/div>\n<\/td>\n<\/tr>\n<tr style=\"height: 24px\">\n<td style=\"width: 32.199546%;height: 24px\">1\u00baC<\/td>\n<td style=\"width: 66.213152%;height: 24px\">\n<div class=\"page\" title=\"Page 9\">\n<div class=\"section\">\n<div class=\"layoutArea\">\n<div class=\"column\">\n<p>Fernandez Lafuente, Sandra<\/p>\n<\/div>\n<\/div>\n<\/div>\n<\/div>\n<\/td>\n<\/tr>\n<tr style=\"height: 24px\">\n<td style=\"width: 32.199546%;height: 24px\">1\u00baD<\/td>\n<td style=\"width: 66.213152%;height: 24px\">\n<div class=\"page\" title=\"Page 9\">\n<div class=\"section\">\n<div class=\"layoutArea\">\n<div class=\"column\">\n<p>Fernandez Barrio, Luis<\/p>\n<\/div>\n<\/div>\n<\/div>\n<\/div>\n<\/td>\n<\/tr>\n<tr style=\"height: 24px\">\n<td style=\"width: 32.199546%;height: 24px\">2\u00baA<\/td>\n<td style=\"width: 66.213152%;height: 24px\">\n<div class=\"page\" title=\"Page 9\">\n<div class=\"section\">\n<div class=\"layoutArea\">\n<div class=\"column\">\n<p>Amaro D\u00edez, Miguel \u00c1ngel<\/p>\n<\/div>\n<\/div>\n<\/div>\n<\/div>\n<\/td>\n<\/tr>\n<tr style=\"height: 24px\">\n<td style=\"width: 32.199546%;height: 24px\">2\u00baB<\/td>\n<td style=\"width: 66.213152%;height: 24px\">\n<div class=\"page\" title=\"Page 9\">\n<div class=\"section\">\n<div class=\"layoutArea\">\n<div class=\"column\">\n<p>Mar\u00edn Garc\u00eda, Gabino<\/p>\n<\/div>\n<\/div>\n<\/div>\n<\/div>\n<\/td>\n<\/tr>\n<tr style=\"height: 24px\">\n<td style=\"width: 32.199546%;height: 24px\">2\u00baC<\/td>\n<td style=\"width: 66.213152%;height: 24px\">\n<div class=\"page\" title=\"Page 9\">\n<div class=\"section\">\n<div class=\"layoutArea\">\n<div class=\"column\">\n<p>Tenorio Camacho, Ana Mar\u00eda<\/p>\n<\/div>\n<\/div>\n<\/div>\n<\/div>\n<\/td>\n<\/tr>\n<tr style=\"height: 24px\">\n<td style=\"width: 32.199546%;height: 24px\">2\u00baD<\/td>\n<td style=\"width: 66.213152%;height: 24px\">\n<div class=\"page\" title=\"Page 9\">\n<div class=\"section\">\n<div class=\"layoutArea\">\n<div class=\"column\">\n<p>Borja Exp\u00f3sito, Ra\u00fal<\/p>\n<\/div>\n<\/div>\n<\/div>\n<\/div>\n<\/td>\n<\/tr>\n<tr style=\"height: 24px\">\n<td style=\"width: 32.199546%;height: 24px\">3\u00baA<\/td>\n<td style=\"width: 66.213152%;height: 24px\">\n<div class=\"page\" title=\"Page 9\">\n<div class=\"section\">\n<div class=\"layoutArea\">\n<div class=\"column\">\n<p>Esteve Hurtado, Mar\u00eda Victoria<\/p>\n<\/div>\n<\/div>\n<\/div>\n<\/div>\n<\/td>\n<\/tr>\n<tr style=\"height: 24px\">\n<td style=\"width: 32.199546%;height: 24px\">3\u00baB<\/td>\n<td style=\"width: 66.213152%;height: 24px\">\n<div class=\"page\" title=\"Page 9\">\n<div class=\"section\">\n<div class=\"layoutArea\">\n<div class=\"column\">\n<p>Tapia Ramos, Jos\u00e9 Manuel<\/p>\n<\/div>\n<\/div>\n<\/div>\n<\/div>\n<\/td>\n<\/tr>\n<tr style=\"height: 24px\">\n<td style=\"width: 32.199546%;height: 24px\">3\u00baC<\/td>\n<td style=\"width: 66.213152%;height: 24px\">\n<div class=\"page\" title=\"Page 9\">\n<div class=\"section\">\n<div class=\"layoutArea\">\n<div class=\"column\">\n<p>Gil Crespo, Miguel \u00c1ngel<\/p>\n<\/div>\n<\/div>\n<\/div>\n<\/div>\n<\/td>\n<\/tr>\n<tr style=\"height: 24px\">\n<td style=\"width: 32.199546%;height: 24px\">3\u00baD<\/td>\n<td style=\"width: 66.213152%;height: 24px\">\n<div class=\"page\" title=\"Page 9\">\n<div class=\"section\">\n<div class=\"layoutArea\">\n<div class=\"column\">\n<p>Garc\u00eda Molina, Juan Manuel<\/p>\n<\/div>\n<\/div>\n<\/div>\n<\/div>\n<\/td>\n<\/tr>\n<tr style=\"height: 24px\">\n<td style=\"width: 32.199546%;height: 24px\">3\u00baE<\/td>\n<td style=\"width: 66.213152%;height: 24px\">\n<div class=\"page\" title=\"Page 9\">\n<div class=\"section\">\n<div class=\"layoutArea\">\n<div class=\"column\">\n<p>Travesi Cruz, Ana Mar\u00eda <\/p>\n<\/div>\n<\/div>\n<\/div>\n<\/div>\n<\/td>\n<\/tr>\n<tr style=\"height: 24px\">\n<td style=\"width: 32.199546%;height: 24px\">4\u00baA<\/td>\n<td style=\"width: 66.213152%;height: 24px\">\n<div class=\"page\" title=\"Page 9\">\n<div class=\"section\">\n<div class=\"layoutArea\">\n<div class=\"column\">\n<p>Segura Carretero, \u00c1ngeles<\/p>\n<\/div>\n<\/div>\n<\/div>\n<\/div>\n<\/td>\n<\/tr>\n<tr style=\"height: 24px\">\n<td style=\"width: 32.199546%;height: 24px\">4\u00baB<\/td>\n<td style=\"width: 66.213152%;height: 24px\">\n<div class=\"page\" title=\"Page 9\">\n<div class=\"section\">\n<div class=\"layoutArea\">\n<div class=\"column\">\n<p>Garc\u00eda Mansilla, Yolanda<\/p>\n<\/div>\n<\/div>\n<\/div>\n<\/div>\n<\/td>\n<\/tr>\n<tr style=\"height: 24px\">\n<td style=\"width: 32.199546%;height: 24px\">4\u00baC<\/td>\n<td style=\"width: 66.213152%;height: 24px\">\n<div class=\"page\" title=\"Page 9\">\n<div class=\"section\">\n<div class=\"layoutArea\">\n<div class=\"column\">\n<p>Carmona Quesada, Jonatan<\/p>\n<\/div>\n<\/div>\n<\/div>\n<\/div>\n<\/td>\n<\/tr>\n<tr style=\"height: 24px\">\n<td style=\"width: 32.199546%;height: 24px\">4\u00baD<\/td>\n<td style=\"width: 66.213152%;height: 24px\">\n<div class=\"page\" title=\"Page 9\">\n<div class=\"section\">\n<div class=\"layoutArea\">\n<div class=\"column\">\n<p>Garc\u00eda Agea, Alfredo<\/p>\n<\/div>\n<\/div>\n<\/div>\n<\/div>\n<\/td>\n<\/tr>\n<tr style=\"height: 24px\">\n<td style=\"width: 32.199546%;height: 24px\">4\u00baE<\/td>\n<td style=\"width: 66.213152%;height: 24px\">\n<div class=\"page\" title=\"Page 9\">\n<div class=\"section\">\n<div class=\"layoutArea\">\n<div class=\"column\">\n<p>Luna Rico, Agustina<\/p>\n<\/div>\n<\/div>\n<\/div>\n<\/div>\n<\/td>\n<\/tr>\n<tr style=\"height: 24px\">\n<td style=\"width: 32.199546%;height: 24px\">1\u00baBach-A<\/td>\n<td style=\"width: 66.213152%;height: 24px\">\n<div class=\"page\" title=\"Page 9\">\n<div class=\"section\">\n<div class=\"layoutArea\">\n<div class=\"column\">\n<p>Natucci Cortazzo, Juli\u00e1n Pablo<\/p>\n<\/div>\n<\/div>\n<\/div>\n<\/div>\n<\/td>\n<\/tr>\n<tr style=\"height: 24px\">\n<td style=\"width: 32.199546%;height: 24px\">1\u00baBach-B<\/td>\n<td style=\"width: 66.213152%;height: 24px\">\n<div class=\"page\" title=\"Page 9\">\n<div class=\"section\">\n<div class=\"layoutArea\">\n<div class=\"column\">\n<p>L\u00f3pez Le\u00f3n, Fernando<\/p>\n<\/div>\n<\/div>\n<\/div>\n<\/div>\n<\/td>\n<\/tr>\n<tr style=\"height: 24px\">\n<td style=\"width: 32.199546%;height: 24px\">1\u00baBach-C<\/td>\n<td style=\"width: 66.213152%;height: 24px\">\n<div class=\"page\" title=\"Page 9\">\n<div class=\"section\">\n<div class=\"layoutArea\">\n<div class=\"column\">\n<p>Fernandez Rodr\u00edguez, Alicia<\/p>\n<\/div>\n<\/div>\n<\/div>\n<\/div>\n<\/td>\n<\/tr>\n<tr style=\"height: 24px\">\n<td style=\"width: 32.199546%;height: 24px\">2\u00baBach-A<\/td>\n<td style=\"width: 66.213152%;height: 24px\">\n<div class=\"page\" title=\"Page 9\">\n<div class=\"section\">\n<div class=\"layoutArea\">\n<div class=\"column\">\n<p>Gonz\u00e1lez Fernandez, Raquel<\/p>\n<\/div>\n<\/div>\n<\/div>\n<\/div>\n<\/td>\n<\/tr>\n<tr style=\"height: 24px\">\n<td style=\"width: 32.199546%;height: 24px\">2\u00baBach-B<\/td>\n<td style=\"width: 66.213152%;height: 24px\">\n<div class=\"page\" title=\"Page 9\">\n<div class=\"section\">\n<div class=\"layoutArea\">\n<div class=\"column\">\n<p>Casado Olmos, Torcuato<\/p>\n<\/div>\n<\/div>\n<\/div>\n<\/div>\n<\/td>\n<\/tr>\n<tr style=\"height: 24px\">\n<td style=\"width: 32.199546%;height: 24px\">2\u00baBach-C<\/td>\n<td style=\"width: 66.213152%;height: 24px\">\n<div class=\"page\" title=\"Page 9\">\n<div class=\"section\">\n<div class=\"layoutArea\">\n<div class=\"column\">\n<p>Garc\u00eda Serrano, Virginia<\/p>\n<\/div>\n<\/div>\n<\/div>\n<\/div>\n<\/td>\n<\/tr>\n<\/tbody>\n<\/table>\n<p>&nbsp;<\/p>\n","protected":false},"excerpt":{"rendered":"<p>&#46;&#46;&#46;<\/p>\n","protected":false},"author":6756,"featured_media":0,"parent":0,"menu_order":0,"comment_status":"closed","ping_status":"closed","template":"","meta":{"ngg_post_thumbnail":0,"footnotes":"","_mc_calendar":[]},"aioseo_notices":[],"_links":{"self":[{"href":"https:\/\/blogsaverroes.juntadeandalucia.es\/ieslaureldelareina\/wp-json\/wp\/v2\/pages\/3770"}],"collection":[{"href":"https:\/\/blogsaverroes.juntadeandalucia.es\/ieslaureldelareina\/wp-json\/wp\/v2\/pages"}],"about":[{"href":"https:\/\/blogsaverroes.juntadeandalucia.es\/ieslaureldelareina\/wp-json\/wp\/v2\/types\/page"}],"author":[{"embeddable":true,"href":"https:\/\/blogsaverroes.juntadeandalucia.es\/ieslaureldelareina\/wp-json\/wp\/v2\/users\/6756"}],"replies":[{"embeddable":true,"href":"https:\/\/blogsaverroes.juntadeandalucia.es\/ieslaureldelareina\/wp-json\/wp\/v2\/comments?post=3770"}],"version-history":[{"count":16,"href":"https:\/\/blogsaverroes.juntadeandalucia.es\/ieslaureldelareina\/wp-json\/wp\/v2\/pages\/3770\/revisions"}],"predecessor-version":[{"id":11063,"href":"https:\/\/blogsaverroes.juntadeandalucia.es\/ieslaureldelareina\/wp-json\/wp\/v2\/pages\/3770\/revisions\/11063"}],"wp:attachment":[{"href":"https:\/\/blogsaverroes.juntadeandalucia.es\/ieslaureldelareina\/wp-json\/wp\/v2\/media?parent=3770"}],"curies":[{"name":"wp","href":"https:\/\/api.w.org\/{rel}","templated":true}]}}