{"id":6057,"date":"2021-01-18T08:49:28","date_gmt":"2021-01-18T08:49:28","guid":{"rendered":"https:\/\/blogsaverroes.juntadeandalucia.es\/ieslaureldelareina\/?page_id=6057"},"modified":"2021-01-18T08:56:23","modified_gmt":"2021-01-18T08:56:23","slug":"erasmus-padlet","status":"publish","type":"page","link":"https:\/\/blogsaverroes.juntadeandalucia.es\/ieslaureldelareina\/erasmus-padlet\/","title":{"rendered":"Erasmus-Padlet"},"content":{"rendered":"<p>El profesorado Erasmus estamos trabajando de forma colaborativa sobre las actividades&nbsp;del proyecto a trav\u00e9s de la plataforma PADLET. Aqu\u00ed os lo dejamos para que pod\u00e1is ver el&nbsp;desrrollo y el avance de cada una de ellas.<\/p>\n<div class=\"padlet-embed\" style=\"border-radius: 2px;overflow: hidden;width: 480px;height: 352px;max-width: 100%\"><iframe src=\"https:\/\/padlet.com\/padlets\/mafns8an8deq5cm8\/embeds\/preview_embed\" frameborder=\"0\"><\/iframe><\/div>\n","protected":false},"excerpt":{"rendered":"<p>&#46;&#46;&#46;<\/p>\n","protected":false},"author":6756,"featured_media":0,"parent":0,"menu_order":0,"comment_status":"closed","ping_status":"closed","template":"","meta":{"ngg_post_thumbnail":0,"footnotes":"","_mc_calendar":[]},"aioseo_notices":[],"_links":{"self":[{"href":"https:\/\/blogsaverroes.juntadeandalucia.es\/ieslaureldelareina\/wp-json\/wp\/v2\/pages\/6057"}],"collection":[{"href":"https:\/\/blogsaverroes.juntadeandalucia.es\/ieslaureldelareina\/wp-json\/wp\/v2\/pages"}],"about":[{"href":"https:\/\/blogsaverroes.juntadeandalucia.es\/ieslaureldelareina\/wp-json\/wp\/v2\/types\/page"}],"author":[{"embeddable":true,"href":"https:\/\/blogsaverroes.juntadeandalucia.es\/ieslaureldelareina\/wp-json\/wp\/v2\/users\/6756"}],"replies":[{"embeddable":true,"href":"https:\/\/blogsaverroes.juntadeandalucia.es\/ieslaureldelareina\/wp-json\/wp\/v2\/comments?post=6057"}],"version-history":[{"count":6,"href":"https:\/\/blogsaverroes.juntadeandalucia.es\/ieslaureldelareina\/wp-json\/wp\/v2\/pages\/6057\/revisions"}],"predecessor-version":[{"id":6064,"href":"https:\/\/blogsaverroes.juntadeandalucia.es\/ieslaureldelareina\/wp-json\/wp\/v2\/pages\/6057\/revisions\/6064"}],"wp:attachment":[{"href":"https:\/\/blogsaverroes.juntadeandalucia.es\/ieslaureldelareina\/wp-json\/wp\/v2\/media?parent=6057"}],"curies":[{"name":"wp","href":"https:\/\/api.w.org\/{rel}","templated":true}]}}