{"id":7954,"date":"2022-10-05T10:24:53","date_gmt":"2022-10-05T10:24:53","guid":{"rendered":"https:\/\/blogsaverroes.juntadeandalucia.es\/ieslaureldelareina\/?page_id=7954"},"modified":"2022-10-05T10:26:08","modified_gmt":"2022-10-05T10:26:08","slug":"clausula-de-exencion-de-responsabilidad","status":"publish","type":"page","link":"https:\/\/blogsaverroes.juntadeandalucia.es\/ieslaureldelareina\/clausula-de-exencion-de-responsabilidad\/","title":{"rendered":"Cl\u00e1usula de exenci\u00f3n de responsabilidad"},"content":{"rendered":"<p>El proyecto \u201cMi ciudad: de un rico pasado a un futuro mejor\u201d est\u00e1 cofinanciado por el programa Erasmus+ de la Uni\u00f3n Europea. El contenido de esea publicaci\u00f3n es responsabilidad exclusiva del&nbsp;IES Laurel de la Reina&nbsp;y ni la Comisi\u00f3n Europea, ni el Servicio Espa\u00f1ol para la Internacionalizaci\u00f3n de la Educaci\u00f3n (SEPIE) son responsables del uso que pueda hacerse de la informaci\u00f3n aqu\u00ed difundida.&nbsp;<\/p>\n","protected":false},"excerpt":{"rendered":"<p>&#46;&#46;&#46;<\/p>\n","protected":false},"author":6756,"featured_media":0,"parent":0,"menu_order":0,"comment_status":"closed","ping_status":"closed","template":"","meta":{"ngg_post_thumbnail":0,"footnotes":"","_mc_calendar":[]},"aioseo_notices":[],"_links":{"self":[{"href":"https:\/\/blogsaverroes.juntadeandalucia.es\/ieslaureldelareina\/wp-json\/wp\/v2\/pages\/7954"}],"collection":[{"href":"https:\/\/blogsaverroes.juntadeandalucia.es\/ieslaureldelareina\/wp-json\/wp\/v2\/pages"}],"about":[{"href":"https:\/\/blogsaverroes.juntadeandalucia.es\/ieslaureldelareina\/wp-json\/wp\/v2\/types\/page"}],"author":[{"embeddable":true,"href":"https:\/\/blogsaverroes.juntadeandalucia.es\/ieslaureldelareina\/wp-json\/wp\/v2\/users\/6756"}],"replies":[{"embeddable":true,"href":"https:\/\/blogsaverroes.juntadeandalucia.es\/ieslaureldelareina\/wp-json\/wp\/v2\/comments?post=7954"}],"version-history":[{"count":1,"href":"https:\/\/blogsaverroes.juntadeandalucia.es\/ieslaureldelareina\/wp-json\/wp\/v2\/pages\/7954\/revisions"}],"predecessor-version":[{"id":7955,"href":"https:\/\/blogsaverroes.juntadeandalucia.es\/ieslaureldelareina\/wp-json\/wp\/v2\/pages\/7954\/revisions\/7955"}],"wp:attachment":[{"href":"https:\/\/blogsaverroes.juntadeandalucia.es\/ieslaureldelareina\/wp-json\/wp\/v2\/media?parent=7954"}],"curies":[{"name":"wp","href":"https:\/\/api.w.org\/{rel}","templated":true}]}}