{"id":3048,"date":"2020-04-17T04:26:41","date_gmt":"2020-04-17T04:26:41","guid":{"rendered":"https:\/\/blogsaverroes.juntadeandalucia.es\/ieslauretum\/?page_id=3048"},"modified":"2021-02-21T07:21:24","modified_gmt":"2021-02-21T07:21:24","slug":"blog-del-centro","status":"publish","type":"page","link":"https:\/\/blogsaverroes.juntadeandalucia.es\/ieslauretum\/blog-del-centro\/","title":{"rendered":"BLOG DEL CENTRO"},"content":{"rendered":"<div id=\"contenido\" class=\"contenido\" style=\"text-align: center\">\n<div class=\"seccion\"><span class=\"nombreSeccion\"><img loading=\"lazy\" decoding=\"async\" class=\"alignnone wp-image-3495 \" src=\"https:\/\/blogsaverroes.juntadeandalucia.es\/ieslauretum\/files\/2020\/05\/IES-300x135.jpg\" alt=\"\" width=\"411\" height=\"185\" srcset=\"https:\/\/blogsaverroes.juntadeandalucia.es\/ieslauretum\/files\/2020\/05\/IES-300x135.jpg 300w, https:\/\/blogsaverroes.juntadeandalucia.es\/ieslauretum\/files\/2020\/05\/IES-24x11.jpg 24w, https:\/\/blogsaverroes.juntadeandalucia.es\/ieslauretum\/files\/2020\/05\/IES-36x16.jpg 36w, https:\/\/blogsaverroes.juntadeandalucia.es\/ieslauretum\/files\/2020\/05\/IES-48x22.jpg 48w, https:\/\/blogsaverroes.juntadeandalucia.es\/ieslauretum\/files\/2020\/05\/IES.jpg 319w\" sizes=\"(max-width: 411px) 100vw, 411px\" \/><\/span><\/div>\n<div id=\"tituloItem\" class=\"blockTituloItem\">\n<p>&nbsp;<\/p>\n<div style=\"text-align: center\"><span style=\"text-decoration: underline\"><span style=\"font-size: 14pt\"><em><strong><a href=\"http:\/\/www.juntadeandalucia.es\/averroes\/centros-tic\/41008398\/helvia\/bitacora\/\" target=\"_blank\" rel=\"noopener noreferrer\">BLOG ACTIVIDADES DEL IES LAURETUM (Desde el 2010 hasta el 2018)<\/a><\/strong><\/em><\/span><\/span><\/div>\n<div style=\"text-align: center\"><span style=\"font-size: 14pt;color: #800000\"><em><strong><a href=\"http:\/\/www.juntadeandalucia.es\/averroes\/centros-tic\/41008398\/helvia\/bitacora\/\" target=\"_blank\" rel=\"noopener noreferrer\"><img loading=\"lazy\" decoding=\"async\" class=\"aligncenter wp-image-4826\" src=\"https:\/\/blogsaverroes.juntadeandalucia.es\/ieslauretum\/files\/2021\/02\/Captura-4-300x38.jpg\" alt=\"\" width=\"561\" height=\"71\" srcset=\"https:\/\/blogsaverroes.juntadeandalucia.es\/ieslauretum\/files\/2021\/02\/Captura-4-300x38.jpg 300w, https:\/\/blogsaverroes.juntadeandalucia.es\/ieslauretum\/files\/2021\/02\/Captura-4.jpg 727w\" sizes=\"(max-width: 561px) 100vw, 561px\" \/><\/a><\/strong><\/em><\/span><\/div>\n<\/div>\n<div id=\"contenido_sitio\" class=\"tiny_personalizado\">\n<p style=\"text-align: center\"><span style=\"text-decoration: underline;color: #800000\"><span style=\"font-size: 14pt\"><em><strong><a href=\"https:\/\/ieslauretum.blogspot.com\/\" target=\"_blank\" rel=\"noopener noreferrer\">BLOG DE ACTIVIDADES DEL IES LAURETUM (Del 2019-2020)<\/a><\/strong><\/em><\/span><\/span><\/p>\n<p style=\"text-align: center\"><a href=\"https:\/\/ieslauretum.blogspot.com\/\" target=\"_blank\" rel=\"noopener noreferrer\"><img loading=\"lazy\" decoding=\"async\" class=\"aligncenter wp-image-4828\" src=\"https:\/\/blogsaverroes.juntadeandalucia.es\/ieslauretum\/files\/2021\/02\/retrato-estudiantes-hablar-parque_53419-6499-1-300x40.jpg\" alt=\"\" width=\"525\" height=\"70\" srcset=\"https:\/\/blogsaverroes.juntadeandalucia.es\/ieslauretum\/files\/2021\/02\/retrato-estudiantes-hablar-parque_53419-6499-1-300x40.jpg 300w, https:\/\/blogsaverroes.juntadeandalucia.es\/ieslauretum\/files\/2021\/02\/retrato-estudiantes-hablar-parque_53419-6499-1.jpg 633w\" sizes=\"(max-width: 525px) 100vw, 525px\" \/><\/a><\/p>\n<div style=\"text-align: center\"><span style=\"font-size: 14pt;color: #800000\"><em><strong>&nbsp;<\/strong><\/em><\/span><\/div>\n<h2><em><strong><span style=\"text-decoration: underline\"><span style=\"color: #800000;text-decoration: underline\">BLOG DE ACTIVIDADES DEL IES LAURETUM DESDE EL 2020\/2021<\/span><\/span><\/strong><\/em><\/h2>\n<\/div>\n<\/div>\n<div id=\"contenido\" class=\"contenido\" style=\"text-align: center\">\n<div style=\"clear: both\">&nbsp;<\/div>\n<\/div>\n<p style=\"text-align: center\"><!-- \/contenido --><\/p>\n<div class=\"pt-cv-wrapper\"><div class=\"pt-cv-view pt-cv-grid pt-cv-colsys\" id=\"pt-cv-view-4a3cda6opd\"><div data-id=\"pt-cv-page-1\" class=\"pt-cv-page\" data-cvc=\"2\"><div class=\"col-md-6 col-sm-6 col-xs-12 pt-cv-content-item pt-cv-1-col\" ><div class='pt-cv-ifield'><a href=\"https:\/\/blogsaverroes.juntadeandalucia.es\/ieslauretum\/2026\/02\/28\/jornadas-culturales-2026\/\" class=\"_self pt-cv-href-thumbnail pt-cv-thumb-default\" target=\"_self\" ><\/a>\n<h4 class=\"pt-cv-title\"><a href=\"https:\/\/blogsaverroes.juntadeandalucia.es\/ieslauretum\/2026\/02\/28\/jornadas-culturales-2026\/\" class=\"_self\" target=\"_self\" >JORNADAS CULTURALES 2026<\/a><\/h4>\n<div class=\"pt-cv-content\"> ...<br \/><div class=\"pt-cv-rmwrap\"><a href=\"https:\/\/blogsaverroes.juntadeandalucia.es\/ieslauretum\/2026\/02\/28\/jornadas-culturales-2026\/\" class=\"_self pt-cv-readmore btn btn-success\" target=\"_self\">Leer M\u00e1s<\/a><\/div><\/div><\/div><\/div>\n<div class=\"col-md-6 col-sm-6 col-xs-12 pt-cv-content-item pt-cv-1-col\" ><div class='pt-cv-ifield'><a href=\"https:\/\/blogsaverroes.juntadeandalucia.es\/ieslauretum\/2025\/03\/23\/jornadas-culturales-en-el-ies-lauretum-2025\/\" class=\"_self pt-cv-href-thumbnail pt-cv-thumb-default\" target=\"_self\" ><\/a>\n<h4 class=\"pt-cv-title\"><a href=\"https:\/\/blogsaverroes.juntadeandalucia.es\/ieslauretum\/2025\/03\/23\/jornadas-culturales-en-el-ies-lauretum-2025\/\" class=\"_self\" target=\"_self\" >JORNADAS CULTURALES EN EL IES LAURETUM 2025<\/a><\/h4>\n<div class=\"pt-cv-content\">El 25 y 26 de febrero se celebraron Las Jornadas Culturales del IES Lauretum. El hilo conductor de estas jornadas ...<br \/><div class=\"pt-cv-rmwrap\"><a href=\"https:\/\/blogsaverroes.juntadeandalucia.es\/ieslauretum\/2025\/03\/23\/jornadas-culturales-en-el-ies-lauretum-2025\/\" class=\"_self pt-cv-readmore btn btn-success\" target=\"_self\">Leer M\u00e1s<\/a><\/div><\/div><\/div><\/div>\n<div class=\"col-md-6 col-sm-6 col-xs-12 pt-cv-content-item pt-cv-1-col\" ><div class='pt-cv-ifield'><a href=\"https:\/\/blogsaverroes.juntadeandalucia.es\/ieslauretum\/2025\/01\/09\/no4-revista-escolar-diversidad-diciembre-2024\/\" class=\"_self pt-cv-href-thumbnail pt-cv-thumb-default\" target=\"_self\" ><\/a>\n<h4 class=\"pt-cv-title\"><a href=\"https:\/\/blogsaverroes.juntadeandalucia.es\/ieslauretum\/2025\/01\/09\/no4-revista-escolar-diversidad-diciembre-2024\/\" class=\"_self\" target=\"_self\" >N\u00ba4 REVISTA ESCOLAR \u00abDIVERSIDAD\u00bb diciembre 2024<\/a><\/h4>\n<div class=\"pt-cv-content\">Revista cultural escolar elaborada por los alumnos y alumnos de 4\u00ba de ESO del programa de diversificaci\u00f3n. https:\/\/www.calameo.com\/read\/0075134402ec669d95aee ...<br \/><div class=\"pt-cv-rmwrap\"><a href=\"https:\/\/blogsaverroes.juntadeandalucia.es\/ieslauretum\/2025\/01\/09\/no4-revista-escolar-diversidad-diciembre-2024\/\" class=\"_self pt-cv-readmore btn btn-success\" target=\"_self\">Leer M\u00e1s<\/a><\/div><\/div><\/div><\/div>\n<div class=\"col-md-6 col-sm-6 col-xs-12 pt-cv-content-item pt-cv-1-col\" ><div class='pt-cv-ifield'><a href=\"https:\/\/blogsaverroes.juntadeandalucia.es\/ieslauretum\/2025\/01\/09\/no-3-revista-escolar-diversidad-junio-2024\/\" class=\"_self pt-cv-href-thumbnail pt-cv-thumb-default\" target=\"_self\" ><\/a>\n<h4 class=\"pt-cv-title\"><a href=\"https:\/\/blogsaverroes.juntadeandalucia.es\/ieslauretum\/2025\/01\/09\/no-3-revista-escolar-diversidad-junio-2024\/\" class=\"_self\" target=\"_self\" >N\u00ba 3 REVISTA ESCOLAR \u00abDIVERSIDAD\u00bb junio 2024<\/a><\/h4>\n<div class=\"pt-cv-content\">Revista cultural escolar elaborada por los alumnos y alumnos de 4\u00ba de ESO del programa de diversificaci\u00f3n. https:\/\/www.calameo.com\/read\/0075134407405bdca8362 ...<br \/><div class=\"pt-cv-rmwrap\"><a href=\"https:\/\/blogsaverroes.juntadeandalucia.es\/ieslauretum\/2025\/01\/09\/no-3-revista-escolar-diversidad-junio-2024\/\" class=\"_self pt-cv-readmore btn btn-success\" target=\"_self\">Leer M\u00e1s<\/a><\/div><\/div><\/div><\/div>\n<div class=\"col-md-6 col-sm-6 col-xs-12 pt-cv-content-item pt-cv-1-col\" ><div class='pt-cv-ifield'><a href=\"https:\/\/blogsaverroes.juntadeandalucia.es\/ieslauretum\/2025\/01\/09\/no2-revista-escolar-diversidad-marzo-2024\/\" class=\"_self pt-cv-href-thumbnail pt-cv-thumb-default\" target=\"_self\" ><\/a>\n<h4 class=\"pt-cv-title\"><a href=\"https:\/\/blogsaverroes.juntadeandalucia.es\/ieslauretum\/2025\/01\/09\/no2-revista-escolar-diversidad-marzo-2024\/\" class=\"_self\" target=\"_self\" >N\u00ba2 REVISTA ESCOLAR \u00abDIVERSIDAD\u00bb marzo 2024<\/a><\/h4>\n<div class=\"pt-cv-content\">Revista cultural escolar elaborada por los alumnos y alumnos de 4\u00ba de ESO del programa de diversificaci\u00f3n. https:\/\/www.calameo.com\/read\/00751344057ed40aefd93 ...<br \/><div class=\"pt-cv-rmwrap\"><a href=\"https:\/\/blogsaverroes.juntadeandalucia.es\/ieslauretum\/2025\/01\/09\/no2-revista-escolar-diversidad-marzo-2024\/\" class=\"_self pt-cv-readmore btn btn-success\" target=\"_self\">Leer M\u00e1s<\/a><\/div><\/div><\/div><\/div>\n<div class=\"col-md-6 col-sm-6 col-xs-12 pt-cv-content-item pt-cv-1-col\" ><div class='pt-cv-ifield'><a href=\"https:\/\/blogsaverroes.juntadeandalucia.es\/ieslauretum\/2025\/01\/09\/no1-revista-escolar-diversidad-diciembre-2024\/\" class=\"_self pt-cv-href-thumbnail pt-cv-thumb-default\" target=\"_self\" ><\/a>\n<h4 class=\"pt-cv-title\"><a href=\"https:\/\/blogsaverroes.juntadeandalucia.es\/ieslauretum\/2025\/01\/09\/no1-revista-escolar-diversidad-diciembre-2024\/\" class=\"_self\" target=\"_self\" >N\u00ba1 REVISTA ESCOLAR \u00abDIVERSIDAD\u00bb diciembre 2023<\/a><\/h4>\n<div class=\"pt-cv-content\">Revista cultural escolar elaborada por los alumnos y alumnos de 4\u00ba de ESO del programa de diversificaci\u00f3n. https:\/\/www.calameo.com\/read\/0075134402038d9568499 ...<br \/><div class=\"pt-cv-rmwrap\"><a href=\"https:\/\/blogsaverroes.juntadeandalucia.es\/ieslauretum\/2025\/01\/09\/no1-revista-escolar-diversidad-diciembre-2024\/\" class=\"_self pt-cv-readmore btn btn-success\" target=\"_self\">Leer M\u00e1s<\/a><\/div><\/div><\/div><\/div>\n<div class=\"col-md-6 col-sm-6 col-xs-12 pt-cv-content-item pt-cv-1-col\" ><div class='pt-cv-ifield'><a href=\"https:\/\/blogsaverroes.juntadeandalucia.es\/ieslauretum\/2023\/03\/25\/v-olimpiada-de-ingenieros-de-caminos-canales-y-puertos-de-la-etsi-sevilla\/\" class=\"_self pt-cv-href-thumbnail pt-cv-thumb-default\" target=\"_self\" ><\/a>\n<h4 class=\"pt-cv-title\"><a href=\"https:\/\/blogsaverroes.juntadeandalucia.es\/ieslauretum\/2023\/03\/25\/v-olimpiada-de-ingenieros-de-caminos-canales-y-puertos-de-la-etsi-sevilla\/\" class=\"_self\" target=\"_self\" >V OLIMPIADA DE INGENIEROS DE CAMINOS, CANALES Y PUERTOS DE LA ETSI SEVILLA<\/a><\/h4>\n<div class=\"pt-cv-content\">Material audiovisual V Olimpiada de Caminos, 17 de marzo de 2023, ETSI, Sevilla Os dejo enlace al video que hemos ...<br \/><div class=\"pt-cv-rmwrap\"><a href=\"https:\/\/blogsaverroes.juntadeandalucia.es\/ieslauretum\/2023\/03\/25\/v-olimpiada-de-ingenieros-de-caminos-canales-y-puertos-de-la-etsi-sevilla\/\" class=\"_self pt-cv-readmore btn btn-success\" target=\"_self\">Leer M\u00e1s<\/a><\/div><\/div><\/div><\/div>\n<div class=\"col-md-6 col-sm-6 col-xs-12 pt-cv-content-item pt-cv-1-col\" ><div class='pt-cv-ifield'><a href=\"https:\/\/blogsaverroes.juntadeandalucia.es\/ieslauretum\/2022\/12\/15\/museo-virtual-de-2o-de-bachillerato\/\" class=\"_self pt-cv-href-thumbnail pt-cv-thumb-default\" target=\"_self\" ><\/a>\n<h4 class=\"pt-cv-title\"><a href=\"https:\/\/blogsaverroes.juntadeandalucia.es\/ieslauretum\/2022\/12\/15\/museo-virtual-de-2o-de-bachillerato\/\" class=\"_self\" target=\"_self\" >Museo virtual de 2\u00ba de Bachillerato<\/a><\/h4>\n<div class=\"pt-cv-content\">Bienvenidos al enlace que da paso al museo virtual de 2\u00ba de Bachillerato. http:\/\/bit.do\/ieslauretum-2bach ...<br \/><div class=\"pt-cv-rmwrap\"><a href=\"https:\/\/blogsaverroes.juntadeandalucia.es\/ieslauretum\/2022\/12\/15\/museo-virtual-de-2o-de-bachillerato\/\" class=\"_self pt-cv-readmore btn btn-success\" target=\"_self\">Leer M\u00e1s<\/a><\/div><\/div><\/div><\/div>\n<div class=\"col-md-6 col-sm-6 col-xs-12 pt-cv-content-item pt-cv-1-col\" ><div class='pt-cv-ifield'><a href=\"https:\/\/blogsaverroes.juntadeandalucia.es\/ieslauretum\/2022\/07\/10\/matriculas-de-honor-de-2o-de-bachillerato-2022\/\" class=\"_self pt-cv-href-thumbnail pt-cv-thumb-default\" target=\"_self\" ><\/a>\n<h4 class=\"pt-cv-title\"><a href=\"https:\/\/blogsaverroes.juntadeandalucia.es\/ieslauretum\/2022\/07\/10\/matriculas-de-honor-de-2o-de-bachillerato-2022\/\" class=\"_self\" target=\"_self\" >MATRICULAS DE HONOR DE 2\u00ba DE BACHILLERATO 2022<\/a><\/h4>\n<div class=\"pt-cv-content\">MATRICULAS DE HONOR DE 2\u00ba DE BACHILLERATO 2022 ...<br \/><div class=\"pt-cv-rmwrap\"><a href=\"https:\/\/blogsaverroes.juntadeandalucia.es\/ieslauretum\/2022\/07\/10\/matriculas-de-honor-de-2o-de-bachillerato-2022\/\" class=\"_self pt-cv-readmore btn btn-success\" target=\"_self\">Leer M\u00e1s<\/a><\/div><\/div><\/div><\/div>\n<div class=\"col-md-6 col-sm-6 col-xs-12 pt-cv-content-item pt-cv-1-col\" ><div class='pt-cv-ifield'><a href=\"https:\/\/blogsaverroes.juntadeandalucia.es\/ieslauretum\/2022\/07\/10\/acto-de-graduacion-de-4o-eso-2022\/\" class=\"_self pt-cv-href-thumbnail pt-cv-thumb-default\" target=\"_self\" ><\/a>\n<h4 class=\"pt-cv-title\"><a href=\"https:\/\/blogsaverroes.juntadeandalucia.es\/ieslauretum\/2022\/07\/10\/acto-de-graduacion-de-4o-eso-2022\/\" class=\"_self\" target=\"_self\" >ACTO DE GRADUACI\u00d3N DE 4\u00ba ESO 2022<\/a><\/h4>\n<div class=\"pt-cv-content\">GALER\u00cdA DE IM\u00c1GENES DEL ACTO DE GRADUACI\u00d3N DE 4\u00ba ESO 2022 ...<br \/><div class=\"pt-cv-rmwrap\"><a href=\"https:\/\/blogsaverroes.juntadeandalucia.es\/ieslauretum\/2022\/07\/10\/acto-de-graduacion-de-4o-eso-2022\/\" class=\"_self pt-cv-readmore btn btn-success\" target=\"_self\">Leer M\u00e1s<\/a><\/div><\/div><\/div><\/div><\/div><\/div><\/div>\n","protected":false},"excerpt":{"rendered":"<p>&nbsp; BLOG ACTIVIDADES DEL IES LAURETUM (Desde el 2010 hasta el 2018) BLOG DE ACTIVIDADES DEL IES LAURETUM (Del 2019-2020) &nbsp; BLOG DE ACTIVIDADES DEL&hellip;<\/p>\n","protected":false},"author":1966,"featured_media":0,"parent":0,"menu_order":0,"comment_status":"closed","ping_status":"closed","template":"","meta":{"ngg_post_thumbnail":0,"footnotes":""},"aioseo_notices":[],"_links":{"self":[{"href":"https:\/\/blogsaverroes.juntadeandalucia.es\/ieslauretum\/wp-json\/wp\/v2\/pages\/3048"}],"collection":[{"href":"https:\/\/blogsaverroes.juntadeandalucia.es\/ieslauretum\/wp-json\/wp\/v2\/pages"}],"about":[{"href":"https:\/\/blogsaverroes.juntadeandalucia.es\/ieslauretum\/wp-json\/wp\/v2\/types\/page"}],"author":[{"embeddable":true,"href":"https:\/\/blogsaverroes.juntadeandalucia.es\/ieslauretum\/wp-json\/wp\/v2\/users\/1966"}],"replies":[{"embeddable":true,"href":"https:\/\/blogsaverroes.juntadeandalucia.es\/ieslauretum\/wp-json\/wp\/v2\/comments?post=3048"}],"version-history":[{"count":10,"href":"https:\/\/blogsaverroes.juntadeandalucia.es\/ieslauretum\/wp-json\/wp\/v2\/pages\/3048\/revisions"}],"predecessor-version":[{"id":4832,"href":"https:\/\/blogsaverroes.juntadeandalucia.es\/ieslauretum\/wp-json\/wp\/v2\/pages\/3048\/revisions\/4832"}],"wp:attachment":[{"href":"https:\/\/blogsaverroes.juntadeandalucia.es\/ieslauretum\/wp-json\/wp\/v2\/media?parent=3048"}],"curies":[{"name":"wp","href":"https:\/\/api.w.org\/{rel}","templated":true}]}}