{"id":3097,"date":"2020-04-17T08:48:34","date_gmt":"2020-04-17T08:48:34","guid":{"rendered":"https:\/\/blogsaverroes.juntadeandalucia.es\/ieslauretum\/?page_id=3097"},"modified":"2025-07-05T09:08:57","modified_gmt":"2025-07-05T09:08:57","slug":"equipo-directivo","status":"publish","type":"page","link":"https:\/\/blogsaverroes.juntadeandalucia.es\/ieslauretum\/equipo-directivo\/","title":{"rendered":"COMUNIDAD EDUCATIVA"},"content":{"rendered":"<div id=\"contenido_sitio\" class=\"tiny_personalizado\" style=\"float: left\">\n<p style=\"text-align: center\"><span style=\"background-color: #c5f5c1\"><strong><em><span style=\"text-decoration: underline\"><span style=\"color: #993300\"><span style=\"font-family: Thorndale,serif\"><span style=\"font-size: 18pt\"><strong><span style=\"text-decoration: none\">IES Lauretum<\/span><\/strong><\/span><\/span><\/span><\/span><\/em><\/strong><\/span><\/p>\n<table style=\"width: 100%;height: 1100px\" border=\"1\" width=\"100%\" rules=\"cols\" cellspacing=\"0\" cellpadding=\"0\">\n<tbody>\n<tr style=\"height: 56px\" valign=\"top\">\n<td style=\"height: 56px\" bgcolor=\"#94bd5e\" width=\"50%\">&nbsp;<\/td>\n<td style=\"height: 56px\" bgcolor=\"#e6ff00\" width=\"50%\">\n<p style=\"font-style: normal;text-decoration: none;text-align: left\">&nbsp;<\/p>\n<\/td>\n<\/tr>\n<tr style=\"height: 416px\" valign=\"top\">\n<td style=\"text-align: center;height: 416px\" bgcolor=\"#94bd5e\" width=\"50%\">\n<p style=\"text-align: center\"><span style=\"text-decoration: underline;color: #993300;font-size: 14pt;font-family: georgia,palatino\"><strong><em>T\u00cdTULOS DE BACHILLERATO<\/em><\/strong><\/span><\/p>\n<p style=\"text-align: center\"><a href=\"https:\/\/drive.google.com\/file\/d\/162DKMW8dIl_E7eaG0ZVwZn9VmVe5Q4mY\/view?usp=sharing\" target=\"_blank\" rel=\"noopener noreferrer\">&nbsp;<span style=\"font-family: georgia,palatino;color: #0000ff\"><strong><em><span style=\"font-size: 12pt\">a) Instrucciones a seguir<\/span><\/em><\/strong><\/span><\/a><\/p>\n<p style=\"text-align: center\"><a href=\"https:\/\/drive.google.com\/file\/d\/1i6S3vaBSnNMglVvSkeFkCwuh2wkz7UBW\/view?usp=drive_link\" target=\"_blank\" rel=\"noopener noreferrer\"><span style=\"font-size: 12pt;font-family: georgia,palatino\"><em><strong><span style=\"color: #0000ff\">b) Solicitud de T\u00edtulo de Bachiller<\/span><\/strong><\/em><\/span><span style=\"font-size: 12pt;font-family: georgia,palatino\"><em><strong><span style=\"color: #0000ff\">&nbsp;<\/span><\/strong><\/em><\/span><\/a><\/p>\n<p><a href=\"https:\/\/www.juntadeandalucia.es\/economiayhacienda\/apl\/surweb\/modelos\/modelo046\/046.jsp\" target=\"_blank\" rel=\"noopener noreferrer\"><span style=\"font-size: 12pt;font-family: georgia,palatino\"><em><strong><span style=\"color: #0000ff\">c) Autoliquidaci\u00f3n del modelo 046<\/span><\/strong><\/em><\/span> <\/a><\/p>\n<p style=\"text-decoration: none;text-align: center\"><span style=\"font-size: 14pt\"><span style=\"text-decoration: underline\"><span style=\"color: #993300\"><span style=\"font-family: georgia,palatino\"><em><strong><span style=\"text-decoration: none\">DOCUMENTOS PARA LA COMUNIDAD EDUCATIVA<\/span><\/strong><\/em><\/span><\/span><\/span><\/span><\/p>\n<p style=\"text-decoration: none;text-align: center\"><a href=\"https:\/\/docs.google.com\/document\/d\/1HNkDuEXeGI1hZcRf8COL1yOi6hh1CR8lvIuzYH67eVg\/edit?usp=sharing\" target=\"_blank\" rel=\"noopener noreferrer\"><span style=\"color: #ff0000\"><span style=\"font-size: 12pt\"><span style=\"font-family: georgia,palatino\"><em><strong><span style=\"text-decoration: none\">1) Justificante oficial de falta de asistencia al Centro por parte del Alumnado.<\/span><\/strong><\/em><\/span><\/span><\/span><\/a><\/p>\n<p style=\"text-decoration: none;text-align: center\"><a href=\"https:\/\/docs.google.com\/document\/d\/1W0uzErKBOQ-HqhLY9EWnEwIobuiJcGOXpuAXSrw58mQ\/edit?usp=sharing\" target=\"_blank\" rel=\"noopener noreferrer\"><span style=\"font-size: 12pt\"><span style=\"font-family: georgia,palatino\"><span style=\"color: #0000ff\"><em><strong><span style=\"text-decoration: none\">2) Autorizaci\u00f3n del padre, madre&nbsp; o tutor\/a legal para realizar actividades complementarias y extraescolares.<\/span><\/strong><\/em><\/span><\/span><\/span><\/a><\/p>\n<p><a href=\"https:\/\/drive.google.com\/file\/d\/1TEaR0U-8XG8FS9MN9I4excqe3rpyljtL\/view?usp=sharing\" target=\"_blank\" rel=\"noopener noreferrer\"><span style=\"font-size: 12pt\"><span style=\"font-family: georgia,palatino\"><span style=\"color: #4c1900\"><em><span style=\"color: #ff0000\"><strong><span style=\"text-decoration: none\"><span style=\"color: #ff0000\">3) Solicitud&nbsp; de Certificaci\u00f3n Oficial<\/span><\/span><\/strong><\/span><\/em><em><span style=\"color: #ff0000\"><strong><span style=\"text-decoration: none\"><span style=\"color: #ff0000\">.<\/span><\/span><\/strong><\/span><\/em><\/span><\/span><\/span><\/a><\/td>\n<td style=\"text-align: center;height: 416px\" bgcolor=\"#e6ff00\" width=\"50%\">\n<p style=\"text-align: center\"><em><span style=\"color: #993300\"><span style=\"font-family: georgia,palatino\"><span style=\"font-size: 14pt\"><span style=\"text-decoration: underline\"><strong><span style=\"text-decoration: none\">SOLICITUDES AL PERSONAL DEL CENTRO<\/span><\/strong><\/span><\/span><\/span><\/span><\/em><\/p>\n<p><a href=\"https:\/\/docs.google.com\/document\/d\/1HWDgKt7bvSdRpiZx5vFAgigAgZCUYZIiEKSvItVN9cs\/edit?usp=sharing\" target=\"_blank\" rel=\"noopener noreferrer\"><span style=\"font-size: 12pt\"><span style=\"font-family: georgia,palatino\"><span style=\"color: #ff0000\"><em><span style=\"text-decoration: none\"><b style=\"color: #ff0000;font-family: georgia, palatino;font-size: 12pt\">1) Petici\u00f3n de cita al<\/b><b style=\"color: #ff0000;font-family: georgia, palatino;font-size: 12pt\"> Profesorado o al Equipo Directivo del Centro.<\/b><\/span><\/em><\/span><\/span><\/span><\/a><\/p>\n<p><span style=\"font-size: 12pt\"><span style=\"font-family: georgia,palatino\"><span style=\"color: #ff0000\"><em><strong><span style=\"text-decoration: none\"><span style=\"color: #993300\"><span style=\"font-size: 14pt\"><span style=\"text-decoration: underline\">SECRETARIA VIRTUAL DE LA CONSEJERIA DE EDUCACI\u00d3N<\/span><\/span><\/span><\/span><\/strong><\/em><\/span><\/span><\/span><\/p>\n<p><span style=\"font-size: 12pt\"><span style=\"font-family: georgia,palatino\"><span style=\"color: #ff0000\"><em><strong><span style=\"text-decoration: none\"><span style=\"color: #993300\"><span style=\"font-size: 14pt\"><span style=\"text-decoration: underline\"><a href=\"https:\/\/www.juntadeandalucia.es\/educacion\/secretariavirtual\/\" target=\"_blank\" rel=\"noopener noreferrer\"><img loading=\"lazy\" decoding=\"async\" class=\"alignnone\" src=\"http:\/\/www.juntadeandalucia.es\/averroes\/centros-tic\/41008398\/helvia\/sitio\/upload\/img\/capturada_1.jpg\" alt=\"\" width=\"434\" height=\"163\" border=\"0\"><\/a><br \/>\n<\/span><\/span><\/span><\/span><\/strong><\/em><\/span><\/span><\/span><\/td>\n<\/tr>\n<tr style=\"height: 364px\" valign=\"top\">\n<td style=\"text-align: center;background-color: #baf975;width: 50%;height: 364px\"><span style=\"color: #800000\"><span style=\"font-family: georgia,palatino;font-size: 12pt\"><em><span style=\"font-size: 10pt\"><span style=\"font-size: 14pt\"><span style=\"text-decoration: underline\"><span style=\"font-size: 18pt;font-family: Georgia\"><strong>DERECHO DE NO ASISTENCIA A CLASE PARA EL ALUMNADO DE 3\u00ba, 4\u00ba Y BACHILLERATO<\/strong><\/span><\/span><\/span><\/span><\/em><\/span><\/span><\/p>\n<p style=\"text-align: justify\"><span style=\"font-family: georgia,palatino\"><strong><span style=\"font-size: 12pt\"><span style=\"color: #800000\"><em><a title=\"PROTOCOLO\" href=\"https:\/\/drive.google.com\/file\/d\/1SbAun6h4R8tZSi3onBYzg8EJt_lxYYMr\/view?usp=sharing\" target=\"_blank\" rel=\"noopener noreferrer\">1) Protocolo a seguir.<\/a><\/em><\/span><\/span><\/strong><\/span><\/p>\n<p style=\"text-align: justify\"><span style=\"font-family: georgia,palatino\"><strong><span style=\"font-size: 12pt\"><span style=\"color: #800000\"><em><a href=\"https:\/\/drive.google.com\/file\/d\/1MDOvZYfNwBF8gR-f-otwZhfimaDKOM1l\/view?usp=sharing\" target=\"_blank\" rel=\"noopener noreferrer\">2) Actas de reuni\u00f3n de Delegados\/as de centro y Delegados\/as de Curso.<\/a><\/em><\/span><\/span><\/strong><\/span><\/p>\n<p style=\"text-align: justify\"><span style=\"font-family: georgia,palatino\"><span style=\"color: #993300\"><span style=\"font-size: 12pt\"><em><strong><span style=\"font-size: 10pt\"><span style=\"color: #ff0000\"><span style=\"font-size: 12pt\"><span style=\"color: #800000\">3<a href=\"https:\/\/drive.google.com\/file\/d\/1fykDS3Z6DOYbrajChLkZ9C3nLpwol2Uh\/view?usp=sharing\" target=\"_blank\" rel=\"noopener noreferrer\">) Sentencia del Tribunal Supremo de Valencia<\/a><\/span><\/span><\/span><\/span><\/strong><\/em><\/span><\/span><\/span><\/p>\n<hr>\n<h3><strong><span style=\"color: #800000\"><a style=\"color: #800000\" href=\"https:\/\/blogsaverroes.juntadeandalucia.es\/ieslauretum\/files\/2025\/07\/Documento-Blanco.pdf\">PROTOCOLO A SEGUIR EN RELACI\u00d3N CON LA PUBLICACI\u00d3N DE LAS CALIFICACIONES<\/a><\/span><\/strong><\/h3>\n<ol>\n<li><a href=\"https:\/\/blogsaverroes.juntadeandalucia.es\/ieslauretum\/files\/2025\/07\/Documento-Blanco.pdf\" target=\"_blank\" rel=\"noopener\">Convocatoria Ordinaria y Extraordinaria para ESO y Bachillerato<\/a><\/li>\n<\/ol>\n<p>&nbsp;<\/td>\n<td style=\"height: 364px\" bgcolor=\"#e6ff00\" width=\"50%\">\n<p style=\"font-style: normal;text-decoration: none;text-align: center\"><strong><em><span style=\"text-decoration: underline\"><span style=\"font-family: georgia,palatino\"><span style=\"font-size: 14pt\"><span style=\"color: #993300\">PROGRAMA DE GRATUIDAD DE LIBROS DE TEXTO<\/span><\/span><\/span><\/span><\/em><\/strong><\/p>\n<p style=\"text-align: center\"><a title=\"http:\/\/www.juntadeandalucia.es\/averroes\/centros-tic\/41008398\/helvia\/sitio\/upload\/anexo_I_renuncia_al_PGLT.pdf\" href=\"http:\/\/www.juntadeandalucia.es\/averroes\/centros-tic\/41008398\/helvia\/sitio\/upload\/anexo_I_renuncia_al_PGLT.pdf\"><span style=\"font-size: 12pt\"><span style=\"font-family: georgia,palatino\"><strong><em><span style=\"color: #0000ff\"><strong><em>1) Anexo I Renuncia al Programa de Gratuidad de Libros de Texto<\/em><\/strong><\/span><\/em><\/strong><\/span><\/span><\/a><\/p>\n<p style=\"text-align: center\"><span style=\"color: #ff0000\"><span style=\"font-family: georgia,palatino\"><span style=\"font-size: 12pt\"><strong><em><strong><em>2) Anexo II Comunicado del Deber de Reposici\u00f3n del Material&nbsp;<a title=\"http:\/\/www.juntadeandalucia.es\/averroes\/centros-tic\/41008398\/helvia\/sitio\/upload\/1244551123508_anexo_ii_comunicacixn_reposicixn_glt_200910.pdf\" href=\"https:\/\/drive.google.com\/file\/d\/1nIuEVFEwvExHOh-OelU5kGX29NfaP1CM\/view?usp=sharing\" target=\"_blank\" rel=\"noopener noreferrer\"><img decoding=\"async\" src=\"http:\/\/www.juntadeandalucia.es\/averroes\/centros-tic\/41008398\/helvia\/sitio\/upload\/img\/pdf.gif\" border=\"0\"><\/a> <\/em><\/strong><\/em><\/strong><\/span><\/span><\/span><\/p>\n<p style=\"text-align: center\"><a title=\"http:\/\/www.juntadeandalucia.es\/averroes\/centros-tic\/41008398\/helvia\/sitio\/upload\/1244551256140_anexo_iv_certificacixn_entrega_libros_trasladado_glt_2009x.pdf\" href=\"http:\/\/www.juntadeandalucia.es\/averroes\/centros-tic\/41008398\/helvia\/sitio\/upload\/1244551256140_anexo_iv_certificacixn_entrega_libros_trasladado_glt_2009x.pdf\"><span style=\"font-size: 12pt\"><span style=\"font-family: georgia,palatino\"><span style=\"color: #0000ff\"><strong><em>3) Anexo IV Certificado de Entrega&nbsp; de Libros Por Alumnado Trasladado<\/em><\/strong><\/span><\/span><\/span><\/a><\/p>\n<\/td>\n<\/tr>\n<tr style=\"height: 24px\">\n<td style=\"height: 24px\">&nbsp;<\/td>\n<td style=\"text-align: center;height: 24px\">&nbsp;<\/td>\n<\/tr>\n<tr style=\"height: 216px\" valign=\"top\">\n<td style=\"background-color: #f5f509;width: 50%;height: 216px\" colspan=\"2\">\n<p style=\"text-align: center\"><span style=\"text-decoration: underline\"><em><strong>DE LUNES A VIERNES<\/strong><\/em><\/span><\/p>\n<p style=\"text-align: center\"><em><strong><span style=\"color: #993300\">a) Horario de Administraci\u00f3n de lunes a viernes: <\/span><\/strong><\/em><\/p>\n<p style=\"text-align: center\"><em><strong><span style=\"color: #993300\">&nbsp;&nbsp;&nbsp;&nbsp; 1.- Atenci\u00f3n a padres\/madres: De 09:00 a 12:00H<\/span><\/strong><\/em><\/p>\n<p style=\"text-align: center\"><em><strong><span style=\"color: #993300\">&nbsp;&nbsp;&nbsp;&nbsp; 2.- Atenci\u00f3n al alumnado: De 11:15 a 11:45 H<\/span><\/strong><\/em><\/p>\n<p style=\"font-style: normal;text-decoration: none;text-align: center\"><em><strong><span style=\"color: #993300\">b) Horario de Direcci\u00f3n de lunes a viernes (Previa Cita)<\/span><\/strong><\/em><\/p>\n<\/td>\n<\/tr>\n<\/tbody>\n<tbody>\n<tr style=\"height: 24px\">\n<td style=\"height: 24px\">&nbsp;<\/td>\n<td style=\"height: 24px\">&nbsp;<\/td>\n<\/tr>\n<\/tbody>\n<\/table>\n<\/div>\n","protected":false},"excerpt":{"rendered":"<p>IES Lauretum &nbsp; &nbsp; T\u00cdTULOS DE BACHILLERATO &nbsp;a) Instrucciones a seguir b) Solicitud de T\u00edtulo de Bachiller&nbsp; c) Autoliquidaci\u00f3n del modelo 046 DOCUMENTOS PARA LA&hellip;<\/p>\n","protected":false},"author":1966,"featured_media":0,"parent":0,"menu_order":0,"comment_status":"closed","ping_status":"closed","template":"","meta":{"ngg_post_thumbnail":0,"footnotes":""},"aioseo_notices":[],"_links":{"self":[{"href":"https:\/\/blogsaverroes.juntadeandalucia.es\/ieslauretum\/wp-json\/wp\/v2\/pages\/3097"}],"collection":[{"href":"https:\/\/blogsaverroes.juntadeandalucia.es\/ieslauretum\/wp-json\/wp\/v2\/pages"}],"about":[{"href":"https:\/\/blogsaverroes.juntadeandalucia.es\/ieslauretum\/wp-json\/wp\/v2\/types\/page"}],"author":[{"embeddable":true,"href":"https:\/\/blogsaverroes.juntadeandalucia.es\/ieslauretum\/wp-json\/wp\/v2\/users\/1966"}],"replies":[{"embeddable":true,"href":"https:\/\/blogsaverroes.juntadeandalucia.es\/ieslauretum\/wp-json\/wp\/v2\/comments?post=3097"}],"version-history":[{"count":23,"href":"https:\/\/blogsaverroes.juntadeandalucia.es\/ieslauretum\/wp-json\/wp\/v2\/pages\/3097\/revisions"}],"predecessor-version":[{"id":8677,"href":"https:\/\/blogsaverroes.juntadeandalucia.es\/ieslauretum\/wp-json\/wp\/v2\/pages\/3097\/revisions\/8677"}],"wp:attachment":[{"href":"https:\/\/blogsaverroes.juntadeandalucia.es\/ieslauretum\/wp-json\/wp\/v2\/media?parent=3097"}],"curies":[{"name":"wp","href":"https:\/\/api.w.org\/{rel}","templated":true}]}}