{"id":3107,"date":"2020-04-17T09:24:38","date_gmt":"2020-04-17T09:24:38","guid":{"rendered":"https:\/\/blogsaverroes.juntadeandalucia.es\/ieslauretum\/?page_id=3107"},"modified":"2025-07-06T15:17:00","modified_gmt":"2025-07-06T15:17:00","slug":"orientacion-academica","status":"publish","type":"page","link":"https:\/\/blogsaverroes.juntadeandalucia.es\/ieslauretum\/orientacion-academica\/","title":{"rendered":"ORIENTACI\u00d3N ACAD\u00c9MICA Y PROFESIONAL. TR\u00c1NSITO"},"content":{"rendered":"<div id=\"contenido\" class=\"contenido \">\n<div style=\"clear: both\">\n<h1 style=\"text-align: center\"><em><span style=\"text-decoration: underline\"><strong><span style=\"color: #800000;text-decoration: underline\">&nbsp;ORIENTACI\u00d3N ACAD\u00c9MICA Y PROFESIONAL. TR\u00c1NSITO<\/span><\/strong><\/span><\/em><\/h1>\n<table style=\"height: 100px;width: 793px\" border=\"0\">\n<tbody>\n<tr>\n<td style=\"background-color: #f9f9a9;border: 1px solid #f3550b;width: 777px\" colspan=\"2\">\n<h2 style=\"text-align: center\"><span style=\"font-size: 14pt\"><span style=\"text-decoration: underline\"><em><strong><span style=\"color: #0000ff;text-decoration: underline\">PROGRAMA DE TR\u00c1NSITO DE 6\u00ba DE PRIMARIA A 1\u00ba ESO<\/span><\/strong><\/em><\/span><\/span><\/h2>\n<\/td>\n<\/tr>\n<tr>\n<td style=\"background-color: #f9f9a9;border: 1px solid #f54209;width: 482px\" colspan=\"2\"><a href=\"https:\/\/drive.google.com\/file\/d\/1-J0Jet9J33P3t0aPy7oMGxZAo_AWZUZX\/view?usp=sharing\" target=\"_blank\" rel=\"noopener\"><span style=\"color: #008000\"><em style=\"text-decoration: none\"><span style=\"text-decoration: underline\"><span style=\"font-family: book antiqua,palatino\"><span style=\"font-size: 12pt\"><span style=\"font-family: 'book antiqua', palatino\"><span style=\"font-size: 12pt\"><b>A) <\/b><\/span><\/span><span style=\"font-family: book antiqua, palatino\"><b>Gu\u00eda<\/b><\/span><span style=\"font-family: 'book antiqua', palatino\"><span style=\"font-size: 12pt\"><b>&nbsp;de orientaci\u00f3n para las familias de 6\u00ba de Primaria<\/b><\/span><\/span><\/span><\/span><\/span><\/em><\/span><\/a><\/p>\n<p><a href=\"https:\/\/drive.google.com\/file\/d\/15eKZMpVIbFaxIu-A-Q_VrJxS4eG41rFU\/view?usp=sharing\" target=\"_blank\" rel=\"noopener\"><strong><span style=\"color: #008000\">B) Materias optativas de la Comunidad Andaluza de 1\u00ba a 4\u00ba ESO<\/span><\/strong><\/a><\/td>\n<\/tr>\n<\/tbody>\n<\/table>\n<p style=\"text-align: center\">&nbsp;<\/p>\n<table style=\"height: 115px;width: 795px\" border=\"0\">\n<tbody>\n<tr>\n<td style=\"background-color: #ccff66;border: 1px solid #cc0099;width: 20px\" colspan=\"2\">\n<h2 style=\"margin-bottom: 0px;text-align: center\"><span style=\"font-size: 14pt\"><span style=\"text-decoration: underline\"><em><strong><span style=\"color: #0000ff;text-decoration: underline\"><span style=\"font-size: 12pt\">PROGRAMA DE TR\u00c1NSITO: DE 1\u00ba ESO A 4\u00ba ESO<\/span><br \/>\n<\/span><\/strong><\/em><\/span><\/span><\/h2>\n<p><a href=\"https:\/\/drive.google.com\/file\/d\/1-J0Jet9J33P3t0aPy7oMGxZAo_AWZUZX\/view?usp=drive_link\" target=\"_blank\" rel=\"noopener\"><span style=\"color: #008000\"><em style=\"text-decoration: none\"><span style=\"text-decoration: underline\"><span style=\"font-family: book antiqua,palatino\"><span style=\"font-size: 12pt\"><span style=\"font-family: 'book antiqua', palatino\"><b>A) <\/b><\/span><span style=\"font-family: book antiqua, palatino\"><b>Gu\u00eda<\/b><\/span><span style=\"font-family: 'book antiqua', palatino\"><b> de orientaci\u00f3n para las familias de 1\u00ba a 4\u00ba de ESO<\/b><\/span><\/span><\/span><\/span><\/em><\/span><\/a><\/p>\n<p><a href=\"https:\/\/drive.google.com\/file\/d\/15eKZMpVIbFaxIu-A-Q_VrJxS4eG41rFU\/view?usp=sharing\" target=\"_blank\" rel=\"noopener\"><span style=\"color: #008000\"><strong>B) Materias optativas de la Comunidad Andaluza de 1\u00ba a 4\u00ba ESO<\/strong><\/span><\/a><\/td>\n<\/tr>\n<\/tbody>\n<\/table>\n<p>&nbsp;<\/p>\n<table style=\"width: 69.123%;height: 539px\" border=\"0\">\n<tbody>\n<tr>\n<td style=\"width: 98.1108%\" colspan=\"2\">\n<p style=\"text-align: center\"><span style=\"color: #800000;font-size: 14pt\"><strong><em><span style=\"text-decoration: underline\">ORIENTACI\u00d3N DE SECUNDARIA A BACHILLERATO Y DE BACHILLERATO A LA UNIVERSIDAD<\/span><\/em><\/strong><\/span><\/p>\n<\/td>\n<\/tr>\n<tr>\n<td style=\"background-color: #afed11;width: 98.1108%\" colspan=\"2\">\n<p style=\"text-align: center\"><span style=\"text-decoration: underline\"><span style=\"font-size: 14pt;color: #800000;text-decoration: underline\"><em><strong>PRIMERO DE BACHILLERATO<\/strong><\/em><\/span><\/span><\/p>\n<p><a href=\"https:\/\/drive.google.com\/file\/d\/1vW2Jz4THHkKn5LtrWvAZBcHj-ZfiBtO2\/view?usp=sharing\" target=\"_blank\" rel=\"noopener\"><span style=\"font-size: 14pt\"><em><strong>1.-&nbsp;Gu\u00eda para el alumnado de 4\u00ba de ESO sobre 1\u00ba de bachillerato.<\/strong><\/em><\/span><\/a><\/p>\n<p><a href=\"https:\/\/drive.google.com\/file\/d\/1LAWCC2Uik4K2lHKUzDR3RqXcR3xf7dek\/view?usp=sharing\" target=\"_blank\" rel=\"noopener\"><span style=\"color: #0000ff\"><strong><em>2.- Orientaci\u00f3n sobre las materias de 1\u00ba y 2\u00ba de Bachillerato<\/em><\/strong><\/span><\/a><\/td>\n<\/tr>\n<tr>\n<td style=\"background-color: #f5af46;text-align: center;width: 98.1108%\" colspan=\"2\"><span style=\"text-decoration: underline;font-size: 14pt\"><span style=\"color: #800000;text-decoration: underline\"><strong><em>SEGUNDO DE BACHILLERATO<\/em><\/strong><\/span><\/span><\/p>\n<p><a href=\"https:\/\/view.genial.ly\/6447f1e211153600145f310c\/learning-experience-didactic-unit-orientacion-academica-y-profesional-2o-bachillerato\" target=\"_blank\" rel=\"noopener noreferrer\"><span style=\"color: #0000ff\"><strong>Orientaci\u00f3n acad\u00e9mica y profesional 22-23&nbsp;<\/strong><\/span><\/a><\/p>\n<h4 class=\"titulo-dua\"><span style=\"color: #0000ff\"><strong><a style=\"color: #0000ff\" href=\"https:\/\/www.juntadeandalucia.es\/economiaconocimientoempresasyuniversidad\/sguit\/?q=grados&amp;d=g_b_examenes_anteriores.php\" target=\"_blank\" rel=\"noopener noreferrer\">EX\u00c1MENES Y ORIENTACIONES SOBRE LA PRUEBA DE ACCESO Y\/O ADMISI\u00d3N A LA UNIVERSIDAD 23-24<\/a><\/strong><\/span><\/h4>\n<\/td>\n<\/tr>\n<tr>\n<td style=\"background-color: #f5af46;width: 19.6474%\">\n<p style=\"text-align: justify\"><span style=\"color: #0000ff\"><em><strong><a href=\"https:\/\/drive.google.com\/file\/d\/1vW2Jz4THHkKn5LtrWvAZBcHj-ZfiBtO2\/view?usp=sharing\" target=\"_blank\" rel=\"noopener\"><span style=\"font-size: 14pt\">a) Gu\u00eda para el alumnado de 1\u00ba Bachillerato sobre 2\u00ba de Bachillerato.<\/span><\/a><a style=\"color: #0000ff\" href=\"https:\/\/drive.google.com\/file\/d\/1JbrfGFeYshXC0uanCHYVvyU6SMku_gRJ\/view?usp=sharing\" target=\"_blank\" rel=\"noopener noreferrer\"><br \/>\n<\/a><\/strong><\/em><\/span><\/p>\n<p style=\"text-align: justify\"><a href=\"https:\/\/docs.google.com\/document\/d\/1rfuxVKmgEHsNMy6hioeyN0q3Vp0PB92ErHsQFEWduOE\/edit?usp=sharing\" target=\"_blank\" rel=\"noopener noreferrer\"><span style=\"color: #0000ff\"><strong>b) PROBLEMAS RESUELTOS DE TODAS LAS COMUNIDADES Y MATERIAS\u200b DE LA PEVAU<\/strong><\/span><\/a><\/p>\n<p>&nbsp;<\/p>\n<p>&nbsp;<\/td>\n<td style=\"background-color: #f5af46;width: 78.4635%\"><span style=\"color: #0000ff\"><a style=\"color: #0000ff\" href=\"https:\/\/www.juntadeandalucia.es\/economiaconocimientoempresasyuniversidad\/sguit\/?q=grados\" target=\"_blank\" rel=\"noopener noreferrer\"><img loading=\"lazy\" decoding=\"async\" class=\"aligncenter wp-image-5378 size-medium\" src=\"https:\/\/blogsaverroes.juntadeandalucia.es\/ieslauretum\/files\/2021\/06\/unnamed-file-300x122.jpg\" alt=\"\" width=\"300\" height=\"122\" srcset=\"https:\/\/blogsaverroes.juntadeandalucia.es\/ieslauretum\/files\/2021\/06\/unnamed-file-300x122.jpg 300w, https:\/\/blogsaverroes.juntadeandalucia.es\/ieslauretum\/files\/2021\/06\/unnamed-file.jpg 353w\" sizes=\"(max-width: 300px) 100vw, 300px\" \/><\/a><\/span><\/p>\n<p style=\"text-align: justify\"><span style=\"color: #0000ff\"><strong><span style=\"font-size: 12pt;font-family: arial, helvetica, sans-serif\"><em>1.- CONDICIONES DE ACCESO A LA UNIVERSIDAD. Y PARAMETROS a y b de PONDERACI\u00d3N DE LAS MATERIAS DE LA MODALIDAD DEL BACHILLERATO EN RELACI\u00d3N A LA UNIVERSIDAD.<\/em><\/span><\/strong><\/span><\/p>\n<p><span style=\"color: #0000ff\"><a style=\"color: #0000ff\" href=\"https:\/\/estudiantes.us.es\/\" target=\"_blank\" rel=\"noopener noreferrer\"><img loading=\"lazy\" decoding=\"async\" class=\"aligncenter wp-image-5380 size-medium\" src=\"https:\/\/blogsaverroes.juntadeandalucia.es\/ieslauretum\/files\/2021\/06\/maxresdefault-300x169.jpg\" alt=\"\" width=\"300\" height=\"169\" srcset=\"https:\/\/blogsaverroes.juntadeandalucia.es\/ieslauretum\/files\/2021\/06\/maxresdefault-300x169.jpg 300w, https:\/\/blogsaverroes.juntadeandalucia.es\/ieslauretum\/files\/2021\/06\/maxresdefault-1024x576.jpg 1024w, https:\/\/blogsaverroes.juntadeandalucia.es\/ieslauretum\/files\/2021\/06\/maxresdefault-768x432.jpg 768w, https:\/\/blogsaverroes.juntadeandalucia.es\/ieslauretum\/files\/2021\/06\/maxresdefault.jpg 1280w\" sizes=\"(max-width: 300px) 100vw, 300px\" \/><\/a><\/span><\/p>\n<p style=\"text-align: justify\"><span style=\"color: #0000ff\"><strong><span style=\"font-size: 12pt;font-family: arial, helvetica, sans-serif\"><em><a style=\"color: #0000ff\" href=\"http:\/\/estudiantes.us.es\/uvus\" target=\"_blank\" rel=\"noopener noreferrer\">2.- El \u201cUSUARIO VIRTUAL\u201d (UVUS).<\/a><\/em><\/span><\/strong><\/span><\/p>\n<p style=\"text-align: justify\"><span style=\"color: #0000ff\"><strong><span style=\"font-size: 12pt;font-family: arial, helvetica, sans-serif\"><a style=\"color: #0000ff\" href=\"https:\/\/estudiantes.us.es\/prueba-acceso-selecti\" target=\"_blank\" rel=\"noopener noreferrer\">3.- Prueba de Evaluaci\u00f3n de Bachillerato para el Acceso a la Universidad y Pruebas de Admisi\u00f3n<\/a><\/span><\/strong><\/span><\/p>\n<p><a href=\"http:\/\/cat.us.es\/\" target=\"_blank\" rel=\"noopener noreferrer\"><img loading=\"lazy\" decoding=\"async\" class=\"aligncenter wp-image-5381 \" src=\"https:\/\/blogsaverroes.juntadeandalucia.es\/ieslauretum\/files\/2021\/06\/CATUS-300x140.jpg\" alt=\"\" width=\"345\" height=\"161\" srcset=\"https:\/\/blogsaverroes.juntadeandalucia.es\/ieslauretum\/files\/2021\/06\/CATUS-300x140.jpg 300w, https:\/\/blogsaverroes.juntadeandalucia.es\/ieslauretum\/files\/2021\/06\/CATUS.jpg 329w\" sizes=\"(max-width: 345px) 100vw, 345px\" \/><\/a><\/p>\n<p style=\"text-align: justify\">&nbsp;<\/p>\n<\/td>\n<\/tr>\n<\/tbody>\n<\/table>\n<table style=\"border-collapse: collapse;width: 70.2371%\">\n<tbody>\n<tr>\n<td style=\"width: 39.6848%;text-align: center\">\n<h2><span style=\"text-decoration: underline\"><strong><span style=\"color: #003300;text-decoration: underline\">CICLOS FORMATIVOS DE FORMACI\u00d3N PROFESIONAL<\/span> <\/strong><\/span><\/h2>\n<\/td>\n<td style=\"width: 30.5523%\"><img loading=\"lazy\" decoding=\"async\" class=\"size-medium wp-image-5157 aligncenter\" src=\"https:\/\/blogsaverroes.juntadeandalucia.es\/ieslauretum\/files\/2021\/05\/1-300x60.jpg\" alt=\"\" width=\"300\" height=\"60\" srcset=\"https:\/\/blogsaverroes.juntadeandalucia.es\/ieslauretum\/files\/2021\/05\/1-300x60.jpg 300w, https:\/\/blogsaverroes.juntadeandalucia.es\/ieslauretum\/files\/2021\/05\/1.jpg 766w\" sizes=\"(max-width: 300px) 100vw, 300px\" \/> <a href=\"https:\/\/www.juntadeandalucia.es\/educacion\/portals\/web\/formacion-profesional-andaluza\/home\" target=\"_blank\" rel=\"noopener noreferrer\"><img loading=\"lazy\" decoding=\"async\" class=\"wp-image-5158 size-medium alignnone\" src=\"https:\/\/blogsaverroes.juntadeandalucia.es\/ieslauretum\/files\/2021\/05\/2-300x83.jpg\" alt=\"\" width=\"300\" height=\"83\" srcset=\"https:\/\/blogsaverroes.juntadeandalucia.es\/ieslauretum\/files\/2021\/05\/2-300x83.jpg 300w, https:\/\/blogsaverroes.juntadeandalucia.es\/ieslauretum\/files\/2021\/05\/2.jpg 444w\" sizes=\"(max-width: 300px) 100vw, 300px\" \/><\/a><\/td>\n<\/tr>\n<tr>\n<td style=\"width: 39.6848%\">\n<h4><strong><a href=\"https:\/\/youtu.be\/ezcBivjnMJw\" target=\"_blank\" rel=\"noopener noreferrer\"><span style=\"color: #0000ff\">1.- Tutorial C\u00f3mo solicitar admisi\u00f3n a ciclo formativo de oferta completa.<\/span><\/a><\/strong><\/h4>\n<h4><strong><a href=\"https:\/\/www.juntadeandalucia.es\/educacion\/portals\/web\/formacion-profesional-andaluza\/quiero-formarme\/necesito-orientacion\" target=\"_blank\" rel=\"noopener noreferrer\"><span style=\"text-decoration: underline\"><span style=\"color: #0000ff;text-decoration: underline\">2.- Elige el sector que m\u00e1s te interese para descubrir qu\u00e9 puedes esperar de la Formaci\u00f3n Profesional por V\u00eddeo tutoriales y por Provincias<\/span><\/span><\/a><\/strong><\/h4>\n<\/td>\n<td style=\"width: 30.5523%\">\n<h4 style=\"text-align: justify\"><strong><a href=\"http:\/\/agrega.juntadeandalucia.es\/taller\/mmoya\/06062022\/ODE-5e9bf557-d0fc-3df9-b1f4-22cd2a34d8b9\/demo7\/demo7\/mmoya.html\" target=\"_blank\" rel=\"noopener noreferrer\"><span style=\"color: #0000ff\">3.- Admisi\u00f3n y matriculaci\u00f3n en la FP<\/span><\/a><\/strong><\/h4>\n<h4 style=\"text-align: justify\"><strong><span style=\"text-decoration: underline\"><a href=\"https:\/\/blogsaverroes.juntadeandalucia.es\/ieslauretum\/files\/2021\/03\/GUIA_2021_V_4.pdf\" target=\"_blank\" rel=\"noopener noreferrer\"><span style=\"color: #0000ff;text-decoration: underline\">4.- Gu\u00eda de Orientaci\u00f3n Acad\u00e9mica y<\/span><\/a><\/span><span style=\"text-decoration: underline\"><a href=\"https:\/\/blogsaverroes.juntadeandalucia.es\/ieslauretum\/files\/2021\/03\/GUIA_2021_V_4.pdf\" target=\"_blank\" rel=\"noopener noreferrer\"><span style=\"color: #0000ff;text-decoration: underline\"> profesional 2021-2022<\/span><\/a><\/span><\/strong><\/h4>\n<\/td>\n<\/tr>\n<\/tbody>\n<\/table>\n<p style=\"text-align: center\"><span style=\"text-decoration: underline;font-size: 18pt\"><span style=\"color: #800000;text-decoration: underline\"><strong><em>DEPARTAMENTO DE ORIENTACI\u00d3N<\/em><\/strong><\/span><\/span><\/p>\n<p style=\"text-align: center\"><a href=\"https:\/\/blogsaverroes.juntadeandalucia.es\/etpoepsevilla\/\" target=\"_blank\" rel=\"noopener\"><span style=\"color: #99cc00\"><em>A.- Equipo T\u00e9cnico Provincial de Orientaci\u00f3n Educativa y Profesional (ETPOET Sevilla)<\/em><\/span><\/a><\/p>\n<p style=\"text-align: center\"><a href=\"https:\/\/blogsaverroes.juntadeandalucia.es\/orientacionvocacionalyprofesional\/\" target=\"_blank\" rel=\"noopener noreferrer\"><span style=\"color: #008000\"><em>B.- BLOG DE ORIENTACI\u00d3N VOCACIONAL Y PROFESIONAL DE ANDALUCIA<\/em><\/span><\/a><\/p>\n<p>&#8212;&#8212;&#8212;&#8212;&#8212;&#8212;&#8212;&#8212;&#8212;&#8212;&#8212;&#8212;&#8212;&#8212;&#8212;&#8212;&#8212;&#8212;&#8212;&#8212;&#8212;&#8212;&#8212;&#8212;&#8212;&#8212;&#8212;&#8212;&#8212;&#8212;&#8212;&#8212;&#8212;&#8212;&#8212;&#8212;&#8212;&#8212;&#8212;&#8212;&#8212;&#8212;&#8212;&#8212;&#8212;&#8212;&#8212;&#8212;&#8212;&#8212;&#8212;&#8212;&#8212;&#8212;&#8212;&#8212;&#8212;&#8212;&#8212;&#8212;<\/p>\n<p style=\"text-align: center\"><span style=\"font-size: 14pt;color: #008000\"><em><a style=\"color: #008000\" href=\"http:\/\/ined21.com\/tecnicas-de-estudio-ii\/\" target=\"_blank\" rel=\"noopener noreferrer\">1.- T\u00c9CNICAS DE ESTUDIO<\/a><\/em><\/span><\/p>\n<p style=\"text-align: center\"><span style=\"font-size: 14pt;color: #008000\"><em><a style=\"color: #008000\" title=\"ORIENTACI\u00d3N PARA TUTOR\u00cdAS\" href=\"http:\/\/www.juntadeandalucia.es\/averroes\/centros-tic\/41008398\/helvia\/sitio\/administracion\/index.cgi?wid_item=129&amp;wid_seccion=33\" target=\"_blank\" rel=\"noopener noreferrer\">2.-MATERIAL DE APOYO A LAS TUTOR\u00cdAS <\/a><\/em><\/span><\/p>\n<p style=\"text-align: center\"><span style=\"font-size: 14pt;color: #800000\"><em><span style=\"color: #008000\"><a style=\"color: #008000\" href=\"https:\/\/docs.google.com\/document\/d\/1arf3rqaVD-TXSRuYqp81moYE21ggr--mp0khfwdplAE\/edit?usp=sharing\" target=\"_blank\" rel=\"noopener noreferrer\">3.-MATERIAL DE APOYO PARA ALUMNADO DE ATAL<\/a><span id=\"transmark\" style=\"width: 0px;height: 0px\">&nbsp;<\/span><\/span><a title=\"ORIENTACI\u00d3N PARA TUTOR\u00cdAS\" href=\"http:\/\/www.juntadeandalucia.es\/averroes\/centros-tic\/41008398\/helvia\/sitio\/administracion\/index.cgi?wid_item=129&amp;wid_seccion=33\" target=\"_blank\" rel=\"noopener noreferrer\"><br \/>\n<\/a><\/em><\/span><\/p>\n<p style=\"text-align: justify\"><span style=\"color: #008000\"><a style=\"color: #008000\" href=\"https:\/\/www.juntadeandalucia.es\/educacion\/portals\/web\/convivencia-escolar\/inicio\" target=\"_blank\" rel=\"noopener\"><span style=\"font-size: 14pt\"><em><em>4.-PORTAL DE PROTOCOLOS&nbsp;<\/em><\/em><em><em>ante posibles situaciones de acoso escolar, maltrato infantil, violencia de g\u00e9nero, posibles agresiones al profesorado o al personal laboral del centro, cuando el centro escolarice a alumnado que manifieste una identidad de g\u00e9nero no acorde con la asignada al nacer, as\u00ed como ante alumnado con posibles problemas o trastornos de conducta.<\/em><\/em><\/span><\/a><\/span><\/p>\n<hr>\n<p><strong><span style=\"text-decoration: underline\"><span style=\"color: #800000;text-decoration: underline\">ATAL<\/span><\/span><\/strong><\/p>\n<p><a href=\"https:\/\/drive.google.com\/drive\/u\/1\/folders\/1kV4Q2C3F7z5JZknvljJr1janKG58R_3v\" target=\"_blank\" rel=\"noopener noreferrer\"><span style=\"color: #0000ff\">MATERIAL UCRANIANO<\/span><\/a><\/p>\n<hr>\n<div id=\"title\" class=\"style-scope ytd-watch-metadata\">\n<h2 style=\"text-align: center\"><span style=\"text-decoration: underline\"><strong><em><span style=\"color: #800000;text-decoration: underline\">EL TRIPLE RETO DE LOS M\u00d3VILES EN EDUCACI\u00d3N<\/span><\/em><\/strong><\/span><\/h2>\n<p class=\"style-scope ytd-watch-metadata\"><a href=\"https:\/\/www.youtube.com\/live\/_ny68wHl1BY?si=uquYnzxUdtcKeTK_\" target=\"_blank\" rel=\"noopener noreferrer\"><span style=\"color: #0000ff\"><strong>RETO 1: SALUD \u00abImpacto del uso del m\u00f3vil en la salud y el rendimiento escolar del alumnado\u00bb<\/strong><\/span><\/a><\/p>\n<p class=\"style-scope ytd-watch-metadata\"><a href=\"https:\/\/www.youtube.com\/live\/J6OdS4WJ28Q?si=eMVbzyIQzuFNUohT\" target=\"_blank\" rel=\"noopener noreferrer\"><strong style=\"color: #0000ff\">RETO 2: SEGURIDAD: \u00abRiesgos de internet, protecci\u00f3n de datos y responsabilidad jur\u00eddica\u00bb.<\/strong><\/a><\/p>\n<p class=\"style-scope ytd-watch-metadata\"><a href=\"https:\/\/www.youtube.com\/live\/2YI6Lvi1K6o?si=uH1D5Lrvf3N10dRu\" target=\"_blank\" rel=\"noopener noreferrer\"><strong style=\"color: #0000ff\">RETO 3: CONVIVENCIA \u00bb Convivencia y regulaci\u00f3n del uso del m\u00f3vil en los centros educativos \u00ab<\/strong><\/a><\/p>\n<\/div>\n<div id=\"top-row\" class=\"style-scope ytd-watch-metadata\">\n<div id=\"owner\" class=\"item style-scope ytd-watch-metadata\">\n<div id=\"top-row\" class=\"style-scope ytd-watch-metadata\">\n<div id=\"owner\" class=\"item style-scope ytd-watch-metadata\">\n<div id=\"top-row\" class=\"style-scope ytd-watch-metadata\">\n<h3 id=\"owner\" class=\"item style-scope ytd-watch-metadata\">&nbsp;<\/h3>\n<\/div>\n<\/div>\n<\/div>\n<\/div>\n<\/div>\n<\/div>\n<\/div>\n<p><!-- \/contenido --><\/p>\n","protected":false},"excerpt":{"rendered":"<p>&nbsp;ORIENTACI\u00d3N ACAD\u00c9MICA Y PROFESIONAL. TR\u00c1NSITO PROGRAMA DE TR\u00c1NSITO DE 6\u00ba DE PRIMARIA A 1\u00ba ESO A) Gu\u00eda&nbsp;de orientaci\u00f3n para las familias de 6\u00ba de Primaria&hellip;<\/p>\n","protected":false},"author":1966,"featured_media":0,"parent":0,"menu_order":0,"comment_status":"closed","ping_status":"closed","template":"","meta":{"ngg_post_thumbnail":0,"footnotes":""},"aioseo_notices":[],"_links":{"self":[{"href":"https:\/\/blogsaverroes.juntadeandalucia.es\/ieslauretum\/wp-json\/wp\/v2\/pages\/3107"}],"collection":[{"href":"https:\/\/blogsaverroes.juntadeandalucia.es\/ieslauretum\/wp-json\/wp\/v2\/pages"}],"about":[{"href":"https:\/\/blogsaverroes.juntadeandalucia.es\/ieslauretum\/wp-json\/wp\/v2\/types\/page"}],"author":[{"embeddable":true,"href":"https:\/\/blogsaverroes.juntadeandalucia.es\/ieslauretum\/wp-json\/wp\/v2\/users\/1966"}],"replies":[{"embeddable":true,"href":"https:\/\/blogsaverroes.juntadeandalucia.es\/ieslauretum\/wp-json\/wp\/v2\/comments?post=3107"}],"version-history":[{"count":83,"href":"https:\/\/blogsaverroes.juntadeandalucia.es\/ieslauretum\/wp-json\/wp\/v2\/pages\/3107\/revisions"}],"predecessor-version":[{"id":8678,"href":"https:\/\/blogsaverroes.juntadeandalucia.es\/ieslauretum\/wp-json\/wp\/v2\/pages\/3107\/revisions\/8678"}],"wp:attachment":[{"href":"https:\/\/blogsaverroes.juntadeandalucia.es\/ieslauretum\/wp-json\/wp\/v2\/media?parent=3107"}],"curies":[{"name":"wp","href":"https:\/\/api.w.org\/{rel}","templated":true}]}}