{"id":3135,"date":"2020-04-24T03:14:44","date_gmt":"2020-04-24T03:14:44","guid":{"rendered":"https:\/\/blogsaverroes.juntadeandalucia.es\/ieslauretum\/?page_id=3135"},"modified":"2025-06-30T16:04:49","modified_gmt":"2025-06-30T16:04:49","slug":"plan-de-centro","status":"publish","type":"page","link":"https:\/\/blogsaverroes.juntadeandalucia.es\/ieslauretum\/plan-de-centro\/","title":{"rendered":"PLAN DE CENTRO"},"content":{"rendered":"<table align=\"center\">\n<tbody>\n<tr>\n<td>\n<h2 style=\"text-align: center\"><a title=\"Plan de centro 29-10-2013\" href=\"https:\/\/blogsaverroes.juntadeandalucia.es\/ieslauretum\/files\/2020\/05\/Plan_de_centro_actualizado_a_2910201314_1.pdf\" target=\"_blank\" rel=\"noopener noreferrer\"><span style=\"font-size: 18pt\"><span style=\"color: #0000ff\"><span style=\"text-decoration: underline\"><strong><em>PLAN DE CENTR<\/em><\/strong><\/span><\/span><\/span><\/a><a title=\"Plan de centro 29-10-2013\" href=\"https:\/\/blogsaverroes.juntadeandalucia.es\/ieslauretum\/files\/2020\/05\/Plan_de_centro_actualizado_a_2910201314_1.pdf\" target=\"_blank\" rel=\"noopener noreferrer\"><span style=\"font-size: 18pt\"><span style=\"color: #0000ff\"><span style=\"text-decoration: underline\"><strong><em>O<\/em><\/strong><\/span><\/span><\/span><\/a><\/h2>\n<p class=\"font_8\" style=\"text-align: justify\"><span style=\"color: #0000ff\">El Plan de Centro del IES \u00abLauretum\u00bb parte del an\u00e1lisis de la realidad del propio centro y su entorno. Pretendemos hacer del IES \u201cLauretum\u201d un elemento potenciador de la vida sociocultural de la poblaci\u00f3n, promoviendo el desarrollo integral de nuestros alumnado, promoviendo su participaci\u00f3n en la construcci\u00f3n de una sociedad m\u00e1s justa y solidaria.<\/span><\/p>\n<p class=\"font_8\"><span style=\"color: #0000ff\">El plan est\u00e1 constituido por tres documentos:<\/span><\/p>\n<ul>\n<li class=\"font_8\"><span style=\"color: #0000ff\"><span class=\"wixGuard\">\u200b<\/span><span class=\"color_20\" style=\"font-family: inherit;font-size: inherit\">El Proyecto Educativo<\/span><span style=\"font-family: inherit;font-size: inherit\">&nbsp;expresa las se\u00f1as de identidad de nuestro instituto. Recoge, entre otros elementos, nuestros objetivos educativos, los valores pedag\u00f3gicos, \u00e9ticos y culturales que presiden nuestra actividad docente, la organizaci\u00f3n de nuestras ense\u00f1anzas, nuestro plan de orientaci\u00f3n y acci\u00f3n tutorial y nuestro plan de convivencia.<\/span><\/span><\/li>\n<\/ul>\n<ul class=\"font_8\">\n<li>\n<p class=\"font_8\"><span style=\"color: #0000ff\"><span class=\"color_20\">El Reglamento de Organizaci\u00f3n y Funcionamiento<\/span>&nbsp;recoge las normas organizativas y funcionales con las que pretendemos alcanzar el clima adecuado para la consecuci\u00f3n de los objetivos educativos expresados en nuestro proyecto. Estas normas son las que propiciar\u00e1n la creaci\u00f3n de un ambiente de respeto, confianza y colaboraci\u00f3n entre todos los sectores de nuestra comunidad educativa.<\/span><\/p>\n<\/li>\n<li>\n<p class=\"font_8\"><span style=\"color: #0000ff\">Por \u00faltimo,&nbsp;<span class=\"color_20\">el Proyecto de Gesti\u00f3n<\/span>&nbsp;regula la ordenaci\u00f3n y utilizaci\u00f3n de los recursos de nuestro centro, tanto materiales como humanos.<\/span><\/p>\n<\/li>\n<\/ul>\n<h1 style=\"text-align: center\"><a href=\"https:\/\/drive.google.com\/file\/d\/1NyDofbohstoPdaBs5S8pp3n7pYX1no0W\/view?usp=sharing\" target=\"_blank\" rel=\"noopener noreferrer\"><span style=\"color: #993300\"><strong><em><span style=\"font-size: 12pt\">1.- Proyecto Educativo.<\/span><\/em><\/strong><\/span><\/a><\/h1>\n<p style=\"text-align: center\"><img loading=\"lazy\" decoding=\"async\" class=\"aligncenter wp-image-4648 size-medium\" src=\"https:\/\/blogsaverroes.juntadeandalucia.es\/ieslauretum\/files\/2021\/02\/Plan-del-centro-PE-PS-300x134.jpg\" alt=\"\" width=\"300\" height=\"134\" srcset=\"https:\/\/blogsaverroes.juntadeandalucia.es\/ieslauretum\/files\/2021\/02\/Plan-del-centro-PE-PS-300x134.jpg 300w, https:\/\/blogsaverroes.juntadeandalucia.es\/ieslauretum\/files\/2021\/02\/Plan-del-centro-PE-PS-768x342.jpg 768w, https:\/\/blogsaverroes.juntadeandalucia.es\/ieslauretum\/files\/2021\/02\/Plan-del-centro-PE-PS.jpg 1024w\" sizes=\"(max-width: 300px) 100vw, 300px\" \/><\/p>\n<p style=\"text-align: center\"><span style=\"color: #0000ff\"><a style=\"color: #0000ff\" href=\"https:\/\/drive.google.com\/file\/d\/0B1BXXVUmxngqZEFlM0RtcnlPa2M\/view?usp=drive_link&amp;resourcekey=0-PpTkBGmPXz4w8wGPy_faPQ\" target=\"_blank\" rel=\"noopener noreferrer\">1.0.-Plan de Convivencia del IES Lauretum<\/a><\/span><\/p>\n<p style=\"text-align: center\"><a href=\"https:\/\/drive.google.com\/file\/d\/1Rx_HxFWywXo0EUqnkOXytwbylxbN_Ka8\/view?usp=sharing\" target=\"_blank\" rel=\"noopener\"><span style=\"color: #0000ff\">1.1.-Plan de Actuaci\u00f3n Digital del Centro<\/span><\/a><\/p>\n<p style=\"text-align: center\"><span style=\"color: #0000ff\"><a style=\"color: #0000ff\" href=\"https:\/\/blogsaverroes.juntadeandalucia.es\/ieslauretum\/files\/2024\/10\/guia-proteccion-datos-centros-educativos-andalucia.pdf\" target=\"_blank\" rel=\"noopener\">1.2.- Gu\u00eda. Protecci\u00f3n de datos en Centros educativos de Andaluc\u00eda<\/a><\/span><\/p>\n<p style=\"text-align: center\"><span style=\"color: #0000ff\"><a style=\"color: #0000ff\" href=\"https:\/\/drive.google.com\/file\/d\/0B1BXXVUmxngqbW42cWlzUkp0dVE\/view?usp=sharing&amp;resourcekey=0-cO4Ql6pVt57PFYbXBQrrIQ\" target=\"_blank\" rel=\"noopener noreferrer\">1.3.-Proyecto Ling\u00fc\u00edstico de Centro<\/a><\/span><\/p>\n<p style=\"text-align: center\"><a href=\"https:\/\/drive.google.com\/file\/d\/1RHSZcJxBXz739gxryEOpilrsT2XUwQQJ\/view?usp=sharing\" target=\"_blank\" rel=\"noopener\"><span style=\"color: #0000ff\">1.4.- Plan de Razonamiento Matem\u00e1tico<\/span><\/a><\/p>\n<p style=\"text-align: center\"><span style=\"color: #0000ff\"><a style=\"color: #0000ff\" href=\"https:\/\/drive.google.com\/file\/d\/1_n3tdVHFyZu-g4YTREpjRt-oKj-FDerZ\/view?usp=sharing\" target=\"_blank\" rel=\"noopener noreferrer\">1.5.-Proyecto Biling\u00fce de Centro<\/a><\/span><\/p>\n<p style=\"text-align: center\"><span style=\"color: #0000ff\"><a style=\"color: #0000ff\" href=\"https:\/\/drive.google.com\/file\/d\/1R-JnsbIGOnM0j6ot-0t-vnwCfTo7fRaT\/view\" target=\"_blank\" rel=\"noopener noreferrer\">1.6.-Plan de Igualdad de G\u00e9nero<\/a><\/span><\/p>\n<p style=\"text-align: center\"><span style=\"color: #0000ff\"><a style=\"color: #0000ff\" href=\"https:\/\/drive.google.com\/file\/d\/1TFdor5ssvWqmACZnUAH8bu1O3ThqhfBq\/view?usp=sharing\" target=\"_blank\" rel=\"noopener noreferrer\">1.7.-Protocolo ante olas de calor<\/a><\/span><\/p>\n<p style=\"text-align: center\"><span style=\"color: #0000ff\"><a style=\"color: #0000ff\" href=\"https:\/\/blogsaverroes.juntadeandalucia.es\/ieslauretum\/files\/2023\/11\/Gu\u00eda-de-grabaci\u00f3n-_SdA_-en-S\u00e9neca-2023-2024.pdf\">1.8.-Gu\u00eda para las SdA en S\u00e9neca<\/a><\/span><\/p>\n<p style=\"text-align: center\"><span style=\"color: #0000ff\"><a style=\"color: #0000ff\" href=\"https:\/\/blogsaverroes.juntadeandalucia.es\/ieslauretum\/files\/2023\/11\/Plan-de-Actuaci\u00f3n-ante-emergencias-IES-LAURETUM.pdf\">1.9.- Plan de Actuaci\u00f3n ante emergencias<\/a><\/span><\/p>\n<h1 style=\"text-align: center\"><a href=\"https:\/\/drive.google.com\/file\/d\/18BSIxh6fTBkCcgyAyfnIyuMzcXdyfD_-\/view?usp=sharing\" target=\"_blank\" rel=\"noopener noreferrer\"><span style=\"color: #993300\"><strong><em><span style=\"font-size: 12pt\">&nbsp;<\/span><\/em><\/strong><\/span><span style=\"color: #993300\"><strong><em><span style=\"font-size: 12pt\">2.- Reglamento de Organizaci\u00f3n y Funcionamiento.<\/span><\/em><\/strong><\/span><\/a><\/h1>\n<p style=\"text-align: center\"><a href=\"https:\/\/drive.google.com\/file\/d\/18BSIxh6fTBkCcgyAyfnIyuMzcXdyfD_-\/view?usp=sharing\" target=\"_blank\" rel=\"noopener noreferrer\"><img loading=\"lazy\" decoding=\"async\" class=\"aligncenter wp-image-4650 size-medium\" src=\"https:\/\/blogsaverroes.juntadeandalucia.es\/ieslauretum\/files\/2021\/02\/Plan-del-centro-ROF-PS-300x134.jpg\" alt=\"\" width=\"300\" height=\"134\" srcset=\"https:\/\/blogsaverroes.juntadeandalucia.es\/ieslauretum\/files\/2021\/02\/Plan-del-centro-ROF-PS-300x134.jpg 300w, https:\/\/blogsaverroes.juntadeandalucia.es\/ieslauretum\/files\/2021\/02\/Plan-del-centro-ROF-PS-768x342.jpg 768w, https:\/\/blogsaverroes.juntadeandalucia.es\/ieslauretum\/files\/2021\/02\/Plan-del-centro-ROF-PS.jpg 1024w\" sizes=\"(max-width: 300px) 100vw, 300px\" \/><\/a><\/p>\n<h1 style=\"text-align: center\"><span style=\"color: #800000\"><strong><em><span style=\"font-size: 12pt\">&nbsp;<\/span><\/em><\/strong><a href=\"https:\/\/drive.google.com\/file\/d\/1jrWS446hFLJ1HMB5vQi8vTeQXBqtMLlF\/view?usp=sharing\" target=\"_blank\" rel=\"noopener noreferrer\"><strong><em><span style=\"font-size: 12pt\">3.- Proyecto de Gesti\u00f3n.<\/span><\/em><\/strong><\/a><\/span><\/h1>\n<p style=\"text-align: center\"><img loading=\"lazy\" decoding=\"async\" class=\"aligncenter wp-image-4649 size-medium\" src=\"https:\/\/blogsaverroes.juntadeandalucia.es\/ieslauretum\/files\/2021\/02\/Plan-del-centro-PG-PS-300x134.jpg\" alt=\"\" width=\"300\" height=\"134\" srcset=\"https:\/\/blogsaverroes.juntadeandalucia.es\/ieslauretum\/files\/2021\/02\/Plan-del-centro-PG-PS-300x134.jpg 300w, https:\/\/blogsaverroes.juntadeandalucia.es\/ieslauretum\/files\/2021\/02\/Plan-del-centro-PG-PS-768x342.jpg 768w, https:\/\/blogsaverroes.juntadeandalucia.es\/ieslauretum\/files\/2021\/02\/Plan-del-centro-PG-PS.jpg 1024w\" sizes=\"(max-width: 300px) 100vw, 300px\" \/><\/p>\n<p style=\"text-align: center\">&nbsp;<\/p>\n<h2 style=\"text-align: center\">&nbsp;<\/h2>\n<\/td>\n<td>&nbsp;<\/td>\n<\/tr>\n<\/tbody>\n<\/table>\n<p>Llame al Tlf: 955.622.161 o en nuestro correo electr\u00f3nico 41008398.edu@juntadeandalucia.es y nos pondremos en contacto con usted.<\/p>\n<p>&nbsp;<\/p>\n","protected":false},"excerpt":{"rendered":"<p>PLAN DE CENTRO El Plan de Centro del IES \u00abLauretum\u00bb parte del an\u00e1lisis de la realidad del propio centro y su entorno. Pretendemos hacer del&hellip;<\/p>\n","protected":false},"author":1966,"featured_media":0,"parent":0,"menu_order":0,"comment_status":"closed","ping_status":"closed","template":"","meta":{"ngg_post_thumbnail":0,"footnotes":""},"aioseo_notices":[],"_links":{"self":[{"href":"https:\/\/blogsaverroes.juntadeandalucia.es\/ieslauretum\/wp-json\/wp\/v2\/pages\/3135"}],"collection":[{"href":"https:\/\/blogsaverroes.juntadeandalucia.es\/ieslauretum\/wp-json\/wp\/v2\/pages"}],"about":[{"href":"https:\/\/blogsaverroes.juntadeandalucia.es\/ieslauretum\/wp-json\/wp\/v2\/types\/page"}],"author":[{"embeddable":true,"href":"https:\/\/blogsaverroes.juntadeandalucia.es\/ieslauretum\/wp-json\/wp\/v2\/users\/1966"}],"replies":[{"embeddable":true,"href":"https:\/\/blogsaverroes.juntadeandalucia.es\/ieslauretum\/wp-json\/wp\/v2\/comments?post=3135"}],"version-history":[{"count":85,"href":"https:\/\/blogsaverroes.juntadeandalucia.es\/ieslauretum\/wp-json\/wp\/v2\/pages\/3135\/revisions"}],"predecessor-version":[{"id":8656,"href":"https:\/\/blogsaverroes.juntadeandalucia.es\/ieslauretum\/wp-json\/wp\/v2\/pages\/3135\/revisions\/8656"}],"wp:attachment":[{"href":"https:\/\/blogsaverroes.juntadeandalucia.es\/ieslauretum\/wp-json\/wp\/v2\/media?parent=3135"}],"curies":[{"name":"wp","href":"https:\/\/api.w.org\/{rel}","templated":true}]}}