{"id":3143,"date":"2020-04-24T04:00:31","date_gmt":"2020-04-24T04:00:31","guid":{"rendered":"https:\/\/blogsaverroes.juntadeandalucia.es\/ieslauretum\/?page_id=3143"},"modified":"2025-11-17T13:20:07","modified_gmt":"2025-11-17T13:20:07","slug":"proyecto-bilingue","status":"publish","type":"page","link":"https:\/\/blogsaverroes.juntadeandalucia.es\/ieslauretum\/proyecto-bilingue\/","title":{"rendered":"PROYECTO BILING\u00dcE DEL IES LAURETUM"},"content":{"rendered":"<div id=\"contenido_sitio\" class=\"tiny_personalizado\" style=\"float: left\">\n<div>\n<table style=\"border-collapse: collapse;width: 100%\">\n<tbody>\n<tr>\n<td style=\"width: 33.3333%\">&nbsp;<\/td>\n<td style=\"width: 33.3333%\">&nbsp;<\/td>\n<td style=\"width: 33.3333%\">&nbsp;<\/td>\n<\/tr>\n<\/tbody>\n<\/table>\n<\/div>\n<div style=\"text-align: center\"><span style=\"text-decoration: underline\"><span style=\"font-size: 24pt\"><strong><em><span style=\"color: #0000ff;text-decoration: underline\">Proyecto Biling\u00fce del IES Lauretum<\/span><\/em><\/strong><\/span><br \/>\n<\/span><\/div>\n<div style=\"text-align: center\"><a href=\"https:\/\/sites.google.com\/g.educaand.es\/erasmus-del-ies-lauretum\/inicio?authuser=4\" target=\"_blank\" rel=\"noopener\"><img loading=\"lazy\" decoding=\"async\" class=\"alignnone wp-image-8317 size-medium\" src=\"https:\/\/blogsaverroes.juntadeandalucia.es\/ieslauretum\/files\/2024\/10\/Erasmus-Lauretum-1-300x300.jpg\" alt=\"\" width=\"300\" height=\"300\" srcset=\"https:\/\/blogsaverroes.juntadeandalucia.es\/ieslauretum\/files\/2024\/10\/Erasmus-Lauretum-1-300x300.jpg 300w, https:\/\/blogsaverroes.juntadeandalucia.es\/ieslauretum\/files\/2024\/10\/Erasmus-Lauretum-1-1024x1024.jpg 1024w, https:\/\/blogsaverroes.juntadeandalucia.es\/ieslauretum\/files\/2024\/10\/Erasmus-Lauretum-1-150x150.jpg 150w, https:\/\/blogsaverroes.juntadeandalucia.es\/ieslauretum\/files\/2024\/10\/Erasmus-Lauretum-1-768x768.jpg 768w, https:\/\/blogsaverroes.juntadeandalucia.es\/ieslauretum\/files\/2024\/10\/Erasmus-Lauretum-1-1536x1536.jpg 1536w, https:\/\/blogsaverroes.juntadeandalucia.es\/ieslauretum\/files\/2024\/10\/Erasmus-Lauretum-1-2048x2048.jpg 2048w\" sizes=\"(max-width: 300px) 100vw, 300px\" \/><\/a><\/div>\n<div style=\"text-align: center\">\n<table class=\" aligncenter\" style=\"width: 53.35%;border-style: solid;border-color: #590b0b;background-color: #f2d18a\" border=\"0\" width=\"53.35%\" align=\"center\">\n<tbody>\n<tr>\n<td style=\"width: 49.7727%\">\n<h3><span style=\"color: #0000ff\"><strong><a href=\"https:\/\/drive.google.com\/file\/d\/1d7hWpoYvnFG64wJfMyBtgSzo7g5JMpJ-\/view\" target=\"_blank\" rel=\"noopener noreferrer\">A.- PROGRAMACI\u00d3N BILING\u00dcE<\/a><a href=\"https:\/\/drive.google.com\/file\/d\/1d7hWpoYvnFG64wJfMyBtgSzo7g5JMpJ-\/view?usp=sharing\" target=\"_blank\" rel=\"noopener noreferrer\"><img loading=\"lazy\" decoding=\"async\" class=\"alignnone wp-image-4467 size-medium\" src=\"https:\/\/blogsaverroes.juntadeandalucia.es\/ieslauretum\/files\/2021\/01\/logo_programacion-300x161.png\" alt=\"\" width=\"300\" height=\"161\" srcset=\"https:\/\/blogsaverroes.juntadeandalucia.es\/ieslauretum\/files\/2021\/01\/logo_programacion-300x161.png 300w, https:\/\/blogsaverroes.juntadeandalucia.es\/ieslauretum\/files\/2021\/01\/logo_programacion-1024x550.png 1024w, https:\/\/blogsaverroes.juntadeandalucia.es\/ieslauretum\/files\/2021\/01\/logo_programacion-768x413.png 768w, https:\/\/blogsaverroes.juntadeandalucia.es\/ieslauretum\/files\/2021\/01\/logo_programacion-24x13.png 24w, https:\/\/blogsaverroes.juntadeandalucia.es\/ieslauretum\/files\/2021\/01\/logo_programacion-36x19.png 36w, https:\/\/blogsaverroes.juntadeandalucia.es\/ieslauretum\/files\/2021\/01\/logo_programacion-48x26.png 48w, https:\/\/blogsaverroes.juntadeandalucia.es\/ieslauretum\/files\/2021\/01\/logo_programacion.png 1165w\" sizes=\"(max-width: 300px) 100vw, 300px\" \/><\/a><\/strong><\/span><\/h3>\n<\/td>\n<td style=\"width: 58.524%\">\n<h3><span style=\"color: #0000ff\"><strong><a style=\"color: #0000ff\" href=\"https:\/\/padlet.com\/bibliotecafernandocanca\/Bookmarks\" target=\"_blank\" rel=\"noopener noreferrer\">B.- TAREAS INTEGRADAS<\/a><\/strong><\/span><\/h3>\n<h3><span style=\"color: #0000ff\"><strong><a href=\"https:\/\/padlet.com\/bibliotecafernandocanca\/Bookmarks\" target=\"_blank\" rel=\"noopener noreferrer\"><img loading=\"lazy\" decoding=\"async\" class=\"alignnone wp-image-4469 size-medium\" src=\"https:\/\/blogsaverroes.juntadeandalucia.es\/ieslauretum\/files\/2021\/01\/actividades-300x147.jpg\" alt=\"\" width=\"300\" height=\"147\" srcset=\"https:\/\/blogsaverroes.juntadeandalucia.es\/ieslauretum\/files\/2021\/01\/actividades-300x147.jpg 300w, https:\/\/blogsaverroes.juntadeandalucia.es\/ieslauretum\/files\/2021\/01\/actividades-24x12.jpg 24w, https:\/\/blogsaverroes.juntadeandalucia.es\/ieslauretum\/files\/2021\/01\/actividades-36x18.jpg 36w, https:\/\/blogsaverroes.juntadeandalucia.es\/ieslauretum\/files\/2021\/01\/actividades-48x24.jpg 48w, https:\/\/blogsaverroes.juntadeandalucia.es\/ieslauretum\/files\/2021\/01\/actividades.jpg 723w\" sizes=\"(max-width: 300px) 100vw, 300px\" \/><\/a><\/strong><\/span><\/h3>\n<\/td>\n<\/tr>\n<tr>\n<td style=\"width: 49.7727%\">\n<h3><span style=\"color: #0000ff\"><strong><a style=\"color: #0000ff\" href=\"https:\/\/drive.google.com\/drive\/folders\/11dzctmljmya9VjJucDiTjaR4IEspHWh8?usp=sharing\" target=\"_blank\" rel=\"noopener noreferrer\">&nbsp;C.- MATERIALES BILING\u00dcES<img loading=\"lazy\" decoding=\"async\" class=\"alignnone size-medium wp-image-4466\" src=\"https:\/\/blogsaverroes.juntadeandalucia.es\/ieslauretum\/files\/2021\/01\/Materiales_Bilinges-300x109.png\" alt=\"\" width=\"300\" height=\"109\" srcset=\"https:\/\/blogsaverroes.juntadeandalucia.es\/ieslauretum\/files\/2021\/01\/Materiales_Bilinges-300x109.png 300w, https:\/\/blogsaverroes.juntadeandalucia.es\/ieslauretum\/files\/2021\/01\/Materiales_Bilinges-24x9.png 24w, https:\/\/blogsaverroes.juntadeandalucia.es\/ieslauretum\/files\/2021\/01\/Materiales_Bilinges-36x13.png 36w, https:\/\/blogsaverroes.juntadeandalucia.es\/ieslauretum\/files\/2021\/01\/Materiales_Bilinges-48x17.png 48w, https:\/\/blogsaverroes.juntadeandalucia.es\/ieslauretum\/files\/2021\/01\/Materiales_Bilinges.png 425w\" sizes=\"(max-width: 300px) 100vw, 300px\" \/><\/a><\/strong><\/span><\/h3>\n<\/td>\n<td style=\"width: 58.524%\">\n<h3><span style=\"color: #0000ff\"><strong><a style=\"color: #0000ff\" href=\"https:\/\/ec.europa.eu\/programmes\/erasmus-plus\/about_es\" target=\"_blank\" rel=\"noopener noreferrer\">D.- ERASMUS +<img loading=\"lazy\" decoding=\"async\" class=\"alignnone size-medium wp-image-4463\" src=\"https:\/\/blogsaverroes.juntadeandalucia.es\/ieslauretum\/files\/2021\/01\/R8397ad28449c8f2ad1df547a43e6ba03-300x98.jpg\" alt=\"\" width=\"300\" height=\"98\" srcset=\"https:\/\/blogsaverroes.juntadeandalucia.es\/ieslauretum\/files\/2021\/01\/R8397ad28449c8f2ad1df547a43e6ba03-300x98.jpg 300w, https:\/\/blogsaverroes.juntadeandalucia.es\/ieslauretum\/files\/2021\/01\/R8397ad28449c8f2ad1df547a43e6ba03-24x8.jpg 24w, https:\/\/blogsaverroes.juntadeandalucia.es\/ieslauretum\/files\/2021\/01\/R8397ad28449c8f2ad1df547a43e6ba03-36x12.jpg 36w, https:\/\/blogsaverroes.juntadeandalucia.es\/ieslauretum\/files\/2021\/01\/R8397ad28449c8f2ad1df547a43e6ba03-48x16.jpg 48w, https:\/\/blogsaverroes.juntadeandalucia.es\/ieslauretum\/files\/2021\/01\/R8397ad28449c8f2ad1df547a43e6ba03.jpg 413w\" sizes=\"(max-width: 300px) 100vw, 300px\" \/><\/a><\/strong><\/span><\/h3>\n<\/td>\n<\/tr>\n<tr>\n<td style=\"width: 49.7727%\">\n<h3><strong><span style=\"color: #0000ff\"><a style=\"color: #0000ff\" href=\"http:\/\/www.juntadeandalucia.es\/educacion\/portals\/web\/plurilinguismo\/inicio\" target=\"_blank\" rel=\"noopener noreferrer\">E.- PORTAL DE PLURILING\u00dcISMO<\/a><\/span><\/strong><\/h3>\n<h3><strong><span style=\"color: #0000ff\"><a style=\"color: #0000ff\" href=\"http:\/\/www.juntadeandalucia.es\/averroes\/centros-tic\/41008398\/helvia\/sitio\/index.cgi?wAccion=banner&amp;wIdBanner=22\" target=\"_blank\" rel=\"noopener noreferrer\"><img loading=\"lazy\" decoding=\"async\" class=\"aligncenter wp-image-3504\" src=\"https:\/\/blogsaverroes.juntadeandalucia.es\/ieslauretum\/files\/2020\/05\/plurilinguismo-300x63.png\" alt=\"\" width=\"193\" height=\"41\" srcset=\"https:\/\/blogsaverroes.juntadeandalucia.es\/ieslauretum\/files\/2020\/05\/plurilinguismo-300x63.png 300w, https:\/\/blogsaverroes.juntadeandalucia.es\/ieslauretum\/files\/2020\/05\/plurilinguismo-24x5.png 24w, https:\/\/blogsaverroes.juntadeandalucia.es\/ieslauretum\/files\/2020\/05\/plurilinguismo-36x8.png 36w, https:\/\/blogsaverroes.juntadeandalucia.es\/ieslauretum\/files\/2020\/05\/plurilinguismo-48x10.png 48w, https:\/\/blogsaverroes.juntadeandalucia.es\/ieslauretum\/files\/2020\/05\/plurilinguismo.png 506w\" sizes=\"(max-width: 193px) 100vw, 193px\" \/><\/a><\/span><\/strong><\/h3>\n<\/td>\n<td style=\"width: 58.524%\">\n<h3><strong><span style=\"color: #0000ff\"><a style=\"color: #0000ff\" href=\"http:\/\/www.sepie.es\/\" target=\"_blank\" rel=\"noopener noreferrer\">F.- PORTAL SEPIE<\/a><\/span><\/strong><\/h3>\n<h3><strong><span style=\"color: #0000ff\"><a style=\"color: #0000ff\" href=\"http:\/\/www.sepie.es\/\" target=\"_blank\" rel=\"noopener noreferrer\"><img loading=\"lazy\" decoding=\"async\" class=\"aligncenter wp-image-4464 size-medium\" src=\"https:\/\/blogsaverroes.juntadeandalucia.es\/ieslauretum\/files\/2021\/01\/ScreenShot001_3-300x50.jpg\" alt=\"\" width=\"300\" height=\"50\" srcset=\"https:\/\/blogsaverroes.juntadeandalucia.es\/ieslauretum\/files\/2021\/01\/ScreenShot001_3-300x50.jpg 300w, https:\/\/blogsaverroes.juntadeandalucia.es\/ieslauretum\/files\/2021\/01\/ScreenShot001_3-24x4.jpg 24w, https:\/\/blogsaverroes.juntadeandalucia.es\/ieslauretum\/files\/2021\/01\/ScreenShot001_3-36x6.jpg 36w, https:\/\/blogsaverroes.juntadeandalucia.es\/ieslauretum\/files\/2021\/01\/ScreenShot001_3-48x8.jpg 48w, https:\/\/blogsaverroes.juntadeandalucia.es\/ieslauretum\/files\/2021\/01\/ScreenShot001_3.jpg 370w\" sizes=\"(max-width: 300px) 100vw, 300px\" \/><\/a><\/span><\/strong><\/h3>\n<\/td>\n<\/tr>\n<tr>\n<td style=\"width: 49.7727%\">\n<h3><strong><span style=\"color: #0000ff\"><a href=\"https:\/\/ecas.ec.europa.eu\/cas\/oauth2\/authorize?client_id=NQamcgbMiLrhLrRhChEpzZmQZTWSgtZPrMi2vxJr72CFZZzKitgLIkqdmADV5opSzzlUCcdPnWLazI8Fb4YAjTx-yntOf97TTHqY5m7PgqUSDq&amp;redirect_uri=https%3A%2F%2Fwebgate.ec.europa.eu%2Feac-bm%2F&amp;response_type=id_token&amp;scope=openid%20email%20profile%20hr%20authentication_factors&amp;state=acdfe69706f04e349871015bc9c344bd&amp;nonce=eac76a1a08784b3295a37de8c106ed83&amp;req_cnf=eyJrdHkiOiJFQyIsImNydiI6IlAtMjU2IiwieCI6Im5SeWNFdnNWOTZwLVdNUVd2b0dpWDJpNS1pYTQ0YXk3UjBVSUl2Nm5mS2ciLCJ5Ijoic0pSb285S3g2N3llQVdDMmc0cHhUelQyejV1U0VTZFNqSXB0SXluTWZVNCJ9\" target=\"_blank\" rel=\"noopener\"><img loading=\"lazy\" decoding=\"async\" class=\"alignnone wp-image-8814 size-medium\" src=\"https:\/\/blogsaverroes.juntadeandalucia.es\/ieslauretum\/files\/2025\/11\/Introduction-to-the-Beneficiary-Module-300x167.png\" alt=\"\" width=\"300\" height=\"167\" srcset=\"https:\/\/blogsaverroes.juntadeandalucia.es\/ieslauretum\/files\/2025\/11\/Introduction-to-the-Beneficiary-Module-300x167.png 300w, https:\/\/blogsaverroes.juntadeandalucia.es\/ieslauretum\/files\/2025\/11\/Introduction-to-the-Beneficiary-Module-1024x572.png 1024w, https:\/\/blogsaverroes.juntadeandalucia.es\/ieslauretum\/files\/2025\/11\/Introduction-to-the-Beneficiary-Module-768x429.png 768w, https:\/\/blogsaverroes.juntadeandalucia.es\/ieslauretum\/files\/2025\/11\/Introduction-to-the-Beneficiary-Module-1536x857.png 1536w, https:\/\/blogsaverroes.juntadeandalucia.es\/ieslauretum\/files\/2025\/11\/Introduction-to-the-Beneficiary-Module.png 1915w\" sizes=\"(max-width: 300px) 100vw, 300px\" \/><\/a><\/span><\/strong><\/h3>\n<\/td>\n<td style=\"width: 58.524%\">\n<h3><strong><span style=\"color: #0000ff\"><a href=\"https:\/\/sepie.erasmusplus.gob.es\/ulises\/\" target=\"_blank\" rel=\"noopener\"><img loading=\"lazy\" decoding=\"async\" class=\"alignnone wp-image-8813 size-medium\" src=\"https:\/\/blogsaverroes.juntadeandalucia.es\/ieslauretum\/files\/2025\/11\/Captura-de-pantalla-2025-11-17-141820-300x79.jpg\" alt=\"\" width=\"300\" height=\"79\" srcset=\"https:\/\/blogsaverroes.juntadeandalucia.es\/ieslauretum\/files\/2025\/11\/Captura-de-pantalla-2025-11-17-141820-300x79.jpg 300w, https:\/\/blogsaverroes.juntadeandalucia.es\/ieslauretum\/files\/2025\/11\/Captura-de-pantalla-2025-11-17-141820.jpg 422w\" sizes=\"(max-width: 300px) 100vw, 300px\" \/><\/a><\/span><\/strong><\/h3>\n<\/td>\n<\/tr>\n<\/tbody>\n<\/table>\n<\/div>\n<h3 style=\"text-align: center\"><a href=\"https:\/\/drive.google.com\/drive\/folders\/1RBU9pyhrlwA7jy6CYlOqvm58FjHA9SCd?usp=sharing\" target=\"_blank\" rel=\"noopener\"><img loading=\"lazy\" decoding=\"async\" class=\"alignnone wp-image-7795 size-medium\" src=\"https:\/\/blogsaverroes.juntadeandalucia.es\/ieslauretum\/files\/2023\/10\/Los-auxiliares-de-conversacion-300x141.png\" alt=\"\" width=\"300\" height=\"141\" srcset=\"https:\/\/blogsaverroes.juntadeandalucia.es\/ieslauretum\/files\/2023\/10\/Los-auxiliares-de-conversacion-300x141.png 300w, https:\/\/blogsaverroes.juntadeandalucia.es\/ieslauretum\/files\/2023\/10\/Los-auxiliares-de-conversacion-1024x480.png 1024w, https:\/\/blogsaverroes.juntadeandalucia.es\/ieslauretum\/files\/2023\/10\/Los-auxiliares-de-conversacion-768x360.png 768w, https:\/\/blogsaverroes.juntadeandalucia.es\/ieslauretum\/files\/2023\/10\/Los-auxiliares-de-conversacion-1536x720.png 1536w, https:\/\/blogsaverroes.juntadeandalucia.es\/ieslauretum\/files\/2023\/10\/Los-auxiliares-de-conversacion.png 1631w\" sizes=\"(max-width: 300px) 100vw, 300px\" \/><\/a><\/h3>\n<table style=\"border-collapse: collapse;width: 100%\">\n<tbody>\n<tr>\n<td style=\"width: 33.3333%\">&nbsp;<\/td>\n<td style=\"width: 33.3333%\"><div style=\"width: 843px;\" class=\"wp-video\"><!--[if lt IE 9]><script>document.createElement('video');<\/script><![endif]-->\n<video class=\"wp-video-shortcode\" id=\"video-3143-1\" width=\"843\" height=\"477\" preload=\"metadata\" controls=\"controls\"><source type=\"video\/mp4\" src=\"https:\/\/blogsaverroes.juntadeandalucia.es\/ieslauretum\/files\/2025\/05\/Video-de-WhatsApp-2025-05-23-a-las-09.50.33_b792e1ea.mp4?_=1\" \/><a href=\"https:\/\/blogsaverroes.juntadeandalucia.es\/ieslauretum\/files\/2025\/05\/Video-de-WhatsApp-2025-05-23-a-las-09.50.33_b792e1ea.mp4\">https:\/\/blogsaverroes.juntadeandalucia.es\/ieslauretum\/files\/2025\/05\/Video-de-WhatsApp-2025-05-23-a-las-09.50.33_b792e1ea.mp4<\/a><\/video><\/div><\/td>\n<td style=\"width: 33.3333%\">&nbsp;<\/td>\n<\/tr>\n<\/tbody>\n<\/table>\n<h3 style=\"text-align: center\"><a href=\"https:\/\/drive.google.com\/drive\/folders\/1RBU9pyhrlwA7jy6CYlOqvm58FjHA9SCd?usp=sharing\" target=\"_blank\" rel=\"noopener\"><em><span style=\"color: #0000ff\"><b><span dir=\"ltr\">1.- FICHA INFORMATIVA PARA EL PROCESO DE COLOCACI\u00d3N DE AUXILIARES DE CONVERSACI\u00d3N<\/span><\/b><\/span><\/em><\/a><\/h3>\n<h3 style=\"text-align: center\"><span style=\"color: #0000ff\"><strong><a style=\"color: #0000ff\" href=\"https:\/\/blogsaverroes.juntadeandalucia.es\/centrosbilinguessevilla\/2023\/09\/12\/primeros-dias-de-las-los-auxiliares-en-los-centros\/\" target=\"_blank\" rel=\"noopener\">2.- Primeros d\u00edas de las\/los auxiliares en los centros<\/a><\/strong><\/span><\/h3>\n<h3 style=\"text-align: center\"><span style=\"color: #0000ff\"><strong><a style=\"color: #0000ff\" href=\"https:\/\/blogsaverroes.juntadeandalucia.es\/centrosbilinguessevilla\/auxiliares-de-conversacion-gestion-del-programa-en-seneca\/\" target=\"_blank\" rel=\"noopener\">3.- AUXILIARES DE CONVERSACI\u00d3N. GESTI\u00d3N DEL PROGRAMA EN S\u00c9NECA<\/a><\/strong><\/span><\/h3>\n<div>&nbsp;<\/div>\n<div>&nbsp;<\/div>\n<\/div>\n<div>&nbsp;<\/div>\n<div id=\"contenido_sitio\" class=\"tiny_personalizado\" style=\"float: left\">\n<div style=\"text-align: left\"><span style=\"font-family: Arial,Helvetica,sans-serif;font-size: 10pt\">Llame al Tlf: 955.622.161 o fax: 955.622.167 o en nuestro correo electr\u00f3nico <a href=\"mailto:41008398.edu@juntadeandalucia.es\">41008398.edu@juntadeandalucia.es<\/a> y nos pondremos en contacto con usted.<\/span><\/div>\n<\/div>\n","protected":false},"excerpt":{"rendered":"<p>&nbsp; &nbsp; &nbsp; Proyecto Biling\u00fce del IES Lauretum A.- PROGRAMACI\u00d3N BILING\u00dcE B.- TAREAS INTEGRADAS &nbsp;C.- MATERIALES BILING\u00dcES D.- ERASMUS + E.- PORTAL DE PLURILING\u00dcISMO F.-&hellip;<\/p>\n","protected":false},"author":1966,"featured_media":0,"parent":0,"menu_order":0,"comment_status":"closed","ping_status":"closed","template":"","meta":{"ngg_post_thumbnail":0,"footnotes":""},"aioseo_notices":[],"_links":{"self":[{"href":"https:\/\/blogsaverroes.juntadeandalucia.es\/ieslauretum\/wp-json\/wp\/v2\/pages\/3143"}],"collection":[{"href":"https:\/\/blogsaverroes.juntadeandalucia.es\/ieslauretum\/wp-json\/wp\/v2\/pages"}],"about":[{"href":"https:\/\/blogsaverroes.juntadeandalucia.es\/ieslauretum\/wp-json\/wp\/v2\/types\/page"}],"author":[{"embeddable":true,"href":"https:\/\/blogsaverroes.juntadeandalucia.es\/ieslauretum\/wp-json\/wp\/v2\/users\/1966"}],"replies":[{"embeddable":true,"href":"https:\/\/blogsaverroes.juntadeandalucia.es\/ieslauretum\/wp-json\/wp\/v2\/comments?post=3143"}],"version-history":[{"count":44,"href":"https:\/\/blogsaverroes.juntadeandalucia.es\/ieslauretum\/wp-json\/wp\/v2\/pages\/3143\/revisions"}],"predecessor-version":[{"id":8815,"href":"https:\/\/blogsaverroes.juntadeandalucia.es\/ieslauretum\/wp-json\/wp\/v2\/pages\/3143\/revisions\/8815"}],"wp:attachment":[{"href":"https:\/\/blogsaverroes.juntadeandalucia.es\/ieslauretum\/wp-json\/wp\/v2\/media?parent=3143"}],"curies":[{"name":"wp","href":"https:\/\/api.w.org\/{rel}","templated":true}]}}