{"id":3158,"date":"2020-04-24T04:32:27","date_gmt":"2020-04-24T04:32:27","guid":{"rendered":"https:\/\/blogsaverroes.juntadeandalucia.es\/ieslauretum\/?page_id=3158"},"modified":"2024-07-15T06:43:19","modified_gmt":"2024-07-15T06:43:19","slug":"ampa-aljarafe","status":"publish","type":"page","link":"https:\/\/blogsaverroes.juntadeandalucia.es\/ieslauretum\/ampa-aljarafe\/","title":{"rendered":"AMPA ALJARAFE"},"content":{"rendered":"<div id=\"contenido\" class=\"contenido \">\n<div id=\"contenido_sitio\" class=\"tiny_personalizado\" style=\"float: left\">\n<p>&nbsp;<\/p>\n<p style=\"text-align: center\"><span style=\"font-size: 18pt;text-decoration: underline\"><strong><em><span style=\"color: #0000ff;text-decoration: underline\">AMPA ALJARAFE<\/span><\/em><\/strong><\/span><\/p>\n<p><a href=\"https:\/\/blogsaverroes.juntadeandalucia.es\/ieslauretum\/files\/2022\/06\/LOGO-AMPA-LAURETUM.jpg\"><img loading=\"lazy\" decoding=\"async\" class=\" wp-image-6752 aligncenter\" src=\"https:\/\/blogsaverroes.juntadeandalucia.es\/ieslauretum\/files\/2022\/06\/LOGO-AMPA-LAURETUM-300x197.jpg\" alt=\"\" width=\"463\" height=\"304\" srcset=\"https:\/\/blogsaverroes.juntadeandalucia.es\/ieslauretum\/files\/2022\/06\/LOGO-AMPA-LAURETUM-300x197.jpg 300w, https:\/\/blogsaverroes.juntadeandalucia.es\/ieslauretum\/files\/2022\/06\/LOGO-AMPA-LAURETUM-768x506.jpg 768w, https:\/\/blogsaverroes.juntadeandalucia.es\/ieslauretum\/files\/2022\/06\/LOGO-AMPA-LAURETUM.jpg 1024w\" sizes=\"(max-width: 463px) 100vw, 463px\" \/><\/a><\/p>\n<h4><strong><u><a href=\"https:\/\/forms.gle\/FLczroEAK5PDsJmT8\" target=\"_blank\" rel=\"noopener noreferrer\">FORMULARIO DE INSCRIPCI\u00d3N<\/a><\/u><\/strong><\/h4>\n<h4><span style=\"color: #800000\"><strong>\u00bfQui\u00e9nes somos?<\/strong><\/span><\/h4>\n<h4>Somos la asociaci\u00f3n sin \u00e1nimo de lucro que representa a las madres, los padres y las familias del alumnado del IES Lauretum de Espartinas.<\/h4>\n<h4>Estamos asociadas a la federaci\u00f3n <u><a href=\"https:\/\/fampasevilla.org\/\">FAMPA Sevilla Nueva Escuela<\/a><\/u>, que a su vez pertenece a:<\/h4>\n<ul>\n<li>\n<h4>La Confederaci\u00f3n andaluza de asociaciones de padres y madres del alumnado por la educaci\u00f3n p\u00fablica (<u><a href=\"https:\/\/www.codapa.org\/\">CODAPA<\/a><\/u>)<\/h4>\n<\/li>\n<li>\n<h4>La Confederaci\u00f3n Espa\u00f1ola de Asociaciones de Padres de alumnos (<u><a href=\"https:\/\/www.ceapa.es\/\">CEAPA<\/a><\/u>) a nivel estatal.<\/h4>\n<\/li>\n<\/ul>\n<h4><span style=\"color: #800000\"><strong>\u00bfC\u00f3mo puedes contactar con nosotros?<\/strong><\/span><\/h4>\n<ul>\n<li>\n<h4>A trav\u00e9s del correo electr\u00f3nico: <u><a href=\"mailto:ampaljarafe@gamil.com\">ampaljarafe@gmail.com<\/a><\/u><\/h4>\n<\/li>\n<li>\n<h4>A trav\u00e9s de <strong>Pasen<\/strong>: escribe un mensaje al presidente del AMPA.<\/h4>\n<\/li>\n<\/ul>\n<h4><span style=\"color: #800000\"><strong>\u00bfPor qu\u00e9 es importante vuestra participaci\u00f3n?<\/strong><\/span><\/h4>\n<h4>Existen TRES espacios fundamentales donde est\u00e1n representadas las familias en el centro: Los Delegados\/as de grupo, el <strong>Consejo Escolar<\/strong> y el <strong>AMPA, <\/strong>organismo aut\u00f3nomo que no depende del centro.<\/h4>\n<h4>Es importante asociarse y participar porque:<\/h4>\n<ul>\n<li>\n<h4>somos corresponsables de la educaci\u00f3n de nuestros hijos e hijas<\/h4>\n<\/li>\n<li>\n<h4>tenemos el derecho y el deber de aportar nuestras opiniones y nuestra colaboraci\u00f3n al centro donde estudian nuestros hijos e hijas<\/h4>\n<\/li>\n<\/ul>\n<h4><span style=\"color: #800000\"><strong>\u00bfC\u00f3mo puedes participar?<\/strong><\/span><\/h4>\n<h4>\u25cf&nbsp;&nbsp;&nbsp;&nbsp; <strong>As\u00f3ciate<\/strong>: a trav\u00e9s de este <u><a href=\"https:\/\/forms.gle\/EUK2yQBk8BUSexW47\" target=\"_blank\" rel=\"noopener\">formulario de inscripci\u00f3n<\/a><\/u> y el pago de una cuota anual por familia (20 euros).<\/h4>\n<h4>\u25cf&nbsp;&nbsp;&nbsp;&nbsp; <strong>Comun\u00edcate<\/strong>: expresa tu opini\u00f3n de forma constructiva en las asambleas y reuniones de familias socias.<\/h4>\n<h4>\u25cf&nbsp;&nbsp;&nbsp;&nbsp; <strong>Colabora<\/strong> en las distintas actividades que se organizan a lo largo del curso.<\/h4>\n<h4>\u25cf&nbsp;&nbsp;&nbsp;&nbsp; <strong>Organiza<\/strong> nuevas acciones que consideres que pueden aportar beneficios al alumnado y a sus familias.<\/h4>\n<h4>Como ves, hay muchas formas de participar y es muy importante que m\u00e1s padres, madres y familias pasemos a la acci\u00f3n, de forma activa, colectiva y con entusiasmo.<\/h4>\n<h4><span style=\"color: #800000\"><strong>\u00bfPara qu\u00e9 sirve?<\/strong><\/span><\/h4>\n<ul>\n<li>\n<h4>Para dar a conocer los deberes y derechos a una educaci\u00f3n de calidad, democr\u00e1tica, que atienda a las necesidades de todos los ni\u00f1os y ni\u00f1as.<\/h4>\n<\/li>\n<li>\n<h4>Para promover la participaci\u00f3n de padres, madres y familias en la vida del centro, defendiendo los intereses del alumnado y de toda la comunidad educativa.<\/h4>\n<\/li>\n<li>\n<h4>Para buscar soluciones de forma colectiva a temas relacionados con la ense\u00f1anza y formaci\u00f3n de nuestros hijos e hijas.<\/h4>\n<\/li>\n<li>\n<h4>Para crear espacios de encuentro y trabajo entre la comunidad educativa y el entorno.<\/h4>\n<\/li>\n<li>\n<h4>Para crear espacios de reflexi\u00f3n compartida sobre la educaci\u00f3n de nuestros hijos e hijas.<\/h4>\n<\/li>\n<li>\n<h4>Para implicarse y aportar de forma positiva y constructiva a la gesti\u00f3n del centro.<\/h4>\n<\/li>\n<\/ul>\n<h4><span style=\"color: #800000\"><strong>\u00bfQu\u00e9 hacemos desde el AMPA?<\/strong><\/span><\/h4>\n<ul>\n<li>\n<h4>Canalizamos las reivindicaciones, inquietudes y dificultades que puedan surgir al alumnado y a las familias.<\/h4>\n<\/li>\n<li>\n<h4>Formamos parte del Consejo Escolar, aportando soluciones a los problemas que pudieran plantearse y defendiendo los intereses de las familias con respecto al alumnado y al bienestar de todos los miembros de la comunidad educativa.<\/h4>\n<\/li>\n<li>\n<h4>Colaboramos en la organizaci\u00f3n de actividades que complementan la educaci\u00f3n de nuestros hijos e hijas.<\/h4>\n<\/li>\n<\/ul>\n<h4><span style=\"color: #800000\"><strong>\u00bfC\u00f3mo se financia el AMPA?<\/strong><\/span><\/h4>\n<h4>El AMPA se financia a trav\u00e9s de las <strong>cuotas de las familias<\/strong> socias.<\/h4>\n<h4>La cuota es el \u00fanico pago que realizan las familias y que gestiona el AMPA para el beneficio exclusivo de la comunidad educativa y en definitiva de la educaci\u00f3n que reciben nuestros hijos e hijas en el centro.<\/h4>\n<p>&nbsp;<\/p>\n<hr>\n<header class=\"portlet-topper\">\n<h1 class=\"portlet-title\"><a href=\"https:\/\/www.juntadeandalucia.es\/educacion\/portals\/web\/ced\/participacion-en-centros\" target=\"_blank\" rel=\"noopener noreferrer\"><span class=\"portlet-title-text\">Participaci\u00f3n en centros (PORTAL DE LA CONSEJER\u00cdA DE EDUCACI\u00d3N)<\/span><\/a><\/h1>\n<menu id=\"portlet-topper-toolbar_ABACO_WEB_WAR_abacoportlet_INSTANCE_stiDd03BUeJk\" class=\"portlet-topper-toolbar\" type=\"toolbar\"><\/menu>\n<\/header>\n<div class=\"portlet-content\">\n<div class=\" portlet-content-container\">\n<div class=\"portlet-body\">\n<div class=\"contenido_portlet \">\n<div class=\"portlet_web\">\n<div class=\"detalle web\">\n<div class=\"contenido_detalle\">\n<section class=\"cuerpo detalle_html\">\n<div class=\"inner_cuerpo\">\n<p>La participaci\u00f3n de la comunidad educativa y el esfuerzo compartido que deben realizar el alumnado, las familias, el profesorado, los centros, las Administraciones, las instituciones y la sociedad en su conjunto, constituyen el complemento necesario para asegurar una educaci\u00f3n de calidad con equidad.<\/p>\n<hr>\n<\/div>\n<\/section>\n<\/div>\n<\/div>\n<\/div>\n<\/div>\n<\/div>\n<\/div>\n<\/div>\n<\/div>\n<\/div>\n<div id=\"contenido\" class=\"contenido \">\n<div id=\"contenido_sitio\" class=\"tiny_personalizado\" style=\"float: left\">\n<h4 style=\"text-align: center\"><strong><em><span style=\"color: #993300\"><span style=\"color: #ff0000;font-size: 14pt\"><span style=\"text-decoration: underline\">DOCUMENTOS DE CONSULTA <\/span><\/span><\/span><\/em><\/strong><\/h4>\n<h5 style=\"padding-left: 40px;text-align: center\"><span style=\"text-decoration: underline\"><span style=\"font-size: 12pt;color: #333300;text-decoration: underline\"><strong><em><strong><em><a style=\"color: #333300;text-decoration: underline\" title=\"Estatutos del AMPA 2013-2014\" href=\"http:\/\/www.juntadeandalucia.es\/averroes\/centros-tic\/41008398\/helvia\/sitio\/upload\/estatutos_del_ampa_20132014.pdf\" target=\"_blank\" rel=\"noopener noreferrer\">1)&nbsp; ESTATUTOS DE LA ASOCIACI\u00d3N DE MADRES Y PADRES \u00abALJARAFE\u00bb<\/a><\/em><\/strong><\/em><\/strong><\/span><\/span><\/h5>\n<h5 style=\"padding-left: 40px;text-align: center\"><span style=\"text-decoration: underline\"><span style=\"color: #333300;text-decoration: underline\"><span style=\"font-size: 14pt\"><strong><em><strong><em><a style=\"color: #333300;text-decoration: underline\" title=\"Legislaci\u00f3n AMPA\" href=\"https:\/\/drive.google.com\/drive\/folders\/1r-HHk91h_XOjU2oKZRoYH3WDyM7tYm5o?usp=sharing\" target=\"_blank\" rel=\"noopener noreferrer\">2) LEGISLACI\u00d3N<\/a><\/em><\/strong><\/em><\/strong><\/span><\/span><\/span><\/h5>\n<\/div>\n<\/div>\n<p><!-- \/contenido --><\/p>\n","protected":false},"excerpt":{"rendered":"<p>&nbsp; AMPA ALJARAFE FORMULARIO DE INSCRIPCI\u00d3N \u00bfQui\u00e9nes somos? Somos la asociaci\u00f3n sin \u00e1nimo de lucro que representa a las madres, los padres y las familias&hellip;<\/p>\n","protected":false},"author":1966,"featured_media":0,"parent":0,"menu_order":0,"comment_status":"closed","ping_status":"closed","template":"","meta":{"ngg_post_thumbnail":0,"footnotes":""},"aioseo_notices":[],"_links":{"self":[{"href":"https:\/\/blogsaverroes.juntadeandalucia.es\/ieslauretum\/wp-json\/wp\/v2\/pages\/3158"}],"collection":[{"href":"https:\/\/blogsaverroes.juntadeandalucia.es\/ieslauretum\/wp-json\/wp\/v2\/pages"}],"about":[{"href":"https:\/\/blogsaverroes.juntadeandalucia.es\/ieslauretum\/wp-json\/wp\/v2\/types\/page"}],"author":[{"embeddable":true,"href":"https:\/\/blogsaverroes.juntadeandalucia.es\/ieslauretum\/wp-json\/wp\/v2\/users\/1966"}],"replies":[{"embeddable":true,"href":"https:\/\/blogsaverroes.juntadeandalucia.es\/ieslauretum\/wp-json\/wp\/v2\/comments?post=3158"}],"version-history":[{"count":19,"href":"https:\/\/blogsaverroes.juntadeandalucia.es\/ieslauretum\/wp-json\/wp\/v2\/pages\/3158\/revisions"}],"predecessor-version":[{"id":8188,"href":"https:\/\/blogsaverroes.juntadeandalucia.es\/ieslauretum\/wp-json\/wp\/v2\/pages\/3158\/revisions\/8188"}],"wp:attachment":[{"href":"https:\/\/blogsaverroes.juntadeandalucia.es\/ieslauretum\/wp-json\/wp\/v2\/media?parent=3158"}],"curies":[{"name":"wp","href":"https:\/\/api.w.org\/{rel}","templated":true}]}}