{"id":3171,"date":"2020-04-24T04:44:51","date_gmt":"2020-04-24T04:44:51","guid":{"rendered":"https:\/\/blogsaverroes.juntadeandalucia.es\/ieslauretum\/?page_id=3171"},"modified":"2024-02-15T08:42:39","modified_gmt":"2024-02-15T08:42:39","slug":"admision-2020-2021","status":"publish","type":"page","link":"https:\/\/blogsaverroes.juntadeandalucia.es\/ieslauretum\/admision-2020-2021\/","title":{"rendered":"PROCESO DE ADMISI\u00d3N \/ ESCOLARIZACI\u00d3N"},"content":{"rendered":"<p><strong style=\"color: #800000;font-size: 18pt;text-align: center\"><em><span style=\"text-decoration: underline\"><a href=\"https:\/\/blogsaverroes.juntadeandalucia.es\/ieslauretum\/files\/2022\/02\/Escolarizacion2021.gif\"><img loading=\"lazy\" decoding=\"async\" class=\"wp-image-6401 aligncenter\" src=\"https:\/\/blogsaverroes.juntadeandalucia.es\/ieslauretum\/files\/2022\/02\/Escolarizacion2021-300x167.gif\" alt=\"\" width=\"281\" height=\"157\" srcset=\"https:\/\/blogsaverroes.juntadeandalucia.es\/ieslauretum\/files\/2022\/02\/Escolarizacion2021-300x167.gif 300w, https:\/\/blogsaverroes.juntadeandalucia.es\/ieslauretum\/files\/2022\/02\/Escolarizacion2021-768x427.gif 768w\" sizes=\"(max-width: 281px) 100vw, 281px\" \/><\/a><\/span><\/em><\/strong><\/p>\n<p style=\"text-align: center\"><strong style=\"color: #800000;font-size: 18pt;text-align: center\"><em><span style=\"text-decoration: underline\">COMISI\u00d3N TERRITORIAL DE GARANT\u00cdA DE ADMISI\u00d3N DE ESPARTINAS<\/span><\/em><\/strong><\/p>\n<div id=\"contenido\" class=\"contenido \">\n<div id=\"contenido_sitio\" class=\"tiny_personalizado\" style=\"float: left;text-align: justify\">\n<p style=\"text-align: justify\"><span style=\"color: #0000ff\"><strong><span style=\"font-family: book antiqua,palatino\"><em><span style=\"text-decoration: underline\"><span style=\"font-size: 12pt\">COMPOSICI\u00d3N DE LA COMISI\u00d3N. <a href=\"https:\/\/www.youtube.com\/watch?v=HHPoC72AAmY\" target=\"_blank\" rel=\"noopener noreferrer\">(<span style=\"color: #800000;text-decoration: underline\">V\u00cdDEO TUTORIAL SOBRE LA ADMISI\u00d3N PARA SECUNDARIA)<\/span><\/a><\/span><\/span><\/em><\/span><\/strong><\/span><\/p>\n<pre style=\"text-align: justify\"><span style=\"color: #0000ff\"><span style=\"font-family: book antiqua,palatino\"><em><span style=\"color: #0000ff;font-family: book antiqua, palatino\"><b>a) Presidencia: Directora del CEIP Natalia <\/b><\/span><span style=\"color: #0000ff;font-family: book antiqua, palatino\"><b>Alban\u00e9s<\/b><\/span><b> <\/b><\/em><\/span><\/span>\r\n<span style=\"color: #0000ff\"><strong><span style=\"font-family: book antiqua,palatino\"><em>b) Secretaria: Secretaria del CEIP Natalia <\/em><\/span><\/strong><\/span><span style=\"color: #0000ff;font-family: book antiqua, palatino\"><b><i>Alban\u00e9s<\/i><\/b><\/span> \r\n<span style=\"color: #0000ff\"><strong><span style=\"font-family: book antiqua,palatino\"><em>c) Las personas titulares de la direcci\u00f3n de los centros docentes p\u00fablicos.<\/em><\/span><\/strong><\/span>&nbsp;\r\n<span style=\"color: #0000ff\"><strong><span style=\"font-family: book antiqua,palatino\"><em><span style=\"font-family: 'book antiqua', palatino\">-CEI <\/span><span style=\"font-family: 'book antiqua', palatino\">Mar\u00eda<\/span><span style=\"font-family: 'book antiqua', palatino\">&nbsp;Carmen&nbsp;<\/span><\/em><\/span><span style=\"font-family: 'book antiqua', palatino\"><i>Guti\u00e9rrez<\/i><\/span><\/strong><\/span>\r\n<span style=\"color: #0000ff\"><strong><span style=\"font-family: book antiqua,palatino\"><em>-CEIP Cerro Alto<\/em><\/span><\/strong><\/span>\r\n<span style=\"color: #0000ff\"><strong><span style=\"font-family: book antiqua,palatino\"><em>-CEP Espartinas<\/em><\/span><\/strong><\/span>\r\n<span style=\"color: #0000ff\"><strong><span style=\"font-family: book antiqua,palatino\"><em>-CEIP Natalia Alban\u00e9s \r\n-IES Lauretum<\/em><\/span><\/strong><\/span>\r\n<span style=\"color: #0000ff\"><strong><span style=\"font-family: book antiqua,palatino\"><em>d) Un concejal o representante del Ayuntamiento<\/em><\/span><\/strong><\/span>\r\n<span style=\"color: #0000ff\"><strong><span style=\"font-family: book antiqua,palatino\"><em>e) Un miembro del Equipo de Orientaci\u00f3n Educativa del municipio<\/em><\/span><\/strong><\/span>\r\n<span style=\"color: #0000ff\"><strong><span style=\"font-family: book antiqua,palatino\"><em>f) Una persona representante de las madres o padres del alumnado de cada uno de los centros docentes p\u00fablicos<\/em><\/span><\/strong><\/span>\r\n<span style=\"color: #0000ff\"><strong><span style=\"font-family: book antiqua,palatino\"><em>g) Una persona representante de la federaci\u00f3n de asociaciones de padres y madres del alumnado de la ense\u00f1anza \r\np\u00fablica m\u00e1s representativa en la provincia, designado por la misma.<\/em><\/span><\/strong><\/span><\/pre>\n<div>\n<hr>\n<h4 style=\"text-align: justify\"><span style=\"font-size: 12pt\"><strong>La Consejer\u00eda de Desarrollo Educativo y Formaci\u00f3n Profesional, convoca el procedimiento de admisi\u00f3n del alumnado en los centros docentes p\u00fablicos para cursar las ense\u00f1anzas de educaci\u00f3n especial, educaci\u00f3n secundaria obligatoria y bachillerato.<\/strong><\/span><\/h4>\n<p style=\"text-align: center\"><span style=\"font-size: 18pt;color: #800000\"><strong>SOLO PARA EL ALUMNADO QUE DESEE CAMBIAR DE CENTRO O PROVENGA DE OTRAS LOCALIDADES&nbsp;<\/strong><\/span><\/p>\n<h3><strong>Entre los d\u00edas 1 y 31 de Marzo se realizar\u00e1 la admisi\u00f3n, <a href=\"https:\/\/www.juntadeandalucia.es\/educacion\/secretariavirtual\/\" target=\"_blank\" rel=\"noopener noreferrer\">a trav\u00e9s de la Secretar\u00eda Virtual,<\/a> con la clave iANDE.<\/strong><\/h3>\n<div id=\"contenido\" class=\"contenido \">\n<div id=\"contenido_sitio\" class=\"tiny_personalizado\">\n<h3><strong>Entre los d\u00edas 1 y 10 de Julio se realizar\u00e1 la matricula, de todos los alumnos\/as del IES Lauretum, a trav\u00e9s de <a href=\"https:\/\/www.juntadeandalucia.es\/educacion\/secretariavirtual\/\" target=\"_blank\" rel=\"noopener noreferrer\">la Secretar\u00eda Virtual.<\/a><\/strong><\/h3>\n<h3 style=\"text-align: center\"><em style=\"color: #ff0000;font-size: 16px\"><strong>El alumnado MATRICULADO EN EL IES Lauretum o en los Colegios de Espartinas NO deben presentar la ADMISI\u00d3N.<\/strong><\/em><\/h3>\n<\/div>\n<\/div>\n<\/div>\n<div style=\"text-align: center\"><span style=\"color: #800000;font-size: 18pt;font-family: book antiqua,palatino\"><strong><em><span style=\"text-decoration: underline\">ENLACES<\/span><\/em><\/strong><\/span><\/div>\n<div>\n<p><a href=\"https:\/\/www.juntadeandalucia.es\/educacion\/secretariavirtual\/\" target=\"_blank\" rel=\"noopener noreferrer\"><img loading=\"lazy\" decoding=\"async\" class=\"wp-image-3551 alignleft\" src=\"https:\/\/blogsaverroes.juntadeandalucia.es\/ieslauretum\/files\/2020\/05\/images.png\" alt=\"\" width=\"210\" height=\"139\" srcset=\"https:\/\/blogsaverroes.juntadeandalucia.es\/ieslauretum\/files\/2020\/05\/images.png 275w, https:\/\/blogsaverroes.juntadeandalucia.es\/ieslauretum\/files\/2020\/05\/images-24x16.png 24w, https:\/\/blogsaverroes.juntadeandalucia.es\/ieslauretum\/files\/2020\/05\/images-36x24.png 36w, https:\/\/blogsaverroes.juntadeandalucia.es\/ieslauretum\/files\/2020\/05\/images-48x32.png 48w\" sizes=\"(max-width: 210px) 100vw, 210px\" \/><\/a><\/p>\n<\/div>\n<h5 style=\"text-align: justify\"><span style=\"color: #008000;font-size: 14pt;font-family: 'book antiqua', palatino\"><em><strong><a style=\"color: #008000\" href=\"https:\/\/www.juntadeandalucia.es\/educacion\/secretariavirtual\/accesoTramite\/303\/\" target=\"_blank\" rel=\"noopener noreferrer\">1.- SECRETARIA VIRTUAL DE LOS CENTROS EDUCATIVOS. <\/a><\/strong><\/em><\/span><\/h5>\n<p><span style=\"color: #0000ff\">1.1.- <a style=\"color: #0000ff\" href=\"https:\/\/www.youtube.com\/watch?v=p8bqMdBsLd4\" target=\"_blank\" rel=\"noopener noreferrer\">V\u00cdDEO TUTORIAL PARA LA ADMISI\u00d3N CON LA CLAVE iANDE<\/a><\/span><\/p>\n<p><span style=\"color: #0000ff\"><a style=\"color: #0000ff\" href=\"https:\/\/www.youtube.com\/watch?v=0jzsoje-GyQ\" target=\"_blank\" rel=\"noopener noreferrer\">1.2.- V\u00cdDEO TUTORIAL PARA EL PROCEDIMIENTO DE ADMISI\u00d3N EN CENTROS ANDALUCES , SIN CERTIFICADO DIGITAL.<\/a><\/span><\/p>\n<p><span style=\"color: #0000ff\"><a style=\"color: #0000ff\" href=\"https:\/\/www.youtube.com\/watch?v=p8bqMdBsLd4\" target=\"_blank\" rel=\"noopener noreferrer\">1.3.- V\u00cdDEO TUTORIAL PARA OBTENER CLAVE iANDE SI NO ES ALUMNADO ANDALUZ. (IDENTIFICADOR ANDALUZ EDUCATIVO. Recuerde que si ya es alumno del sistema educativo andaluz puede disponer de la clave iANDE a trav\u00e9s de iPASEN).&nbsp;&nbsp;<\/a><a href=\"https:\/\/www.juntadeandalucia.es\/educacion\/secretariavirtual\/autenticacion\/registroUsuarioIANDE\/\" target=\"_blank\" rel=\"noopener noreferrer\"><span style=\"color: #008000\">ENLACE A LA SECRETARIA VIRTUAL PARA DICHO PROCEDIMIENTO&nbsp;<\/span><\/a><\/span><\/p>\n<h5 style=\"text-align: justify\"><span style=\"color: #008000;font-size: 14pt;font-family: 'book antiqua', palatino\"><em><strong><a style=\"color: #008000\" href=\"http:\/\/www.juntadeandalucia.es\/educacion\/portals\/web\/escolarizacion\" target=\"_blank\" rel=\"noopener noreferrer\">2.- PORTAL DE ESCOLARIZACI\u00d3N Y MATRICULA.<\/a><\/strong><\/em><\/span><\/h5>\n<p><a href=\"https:\/\/www.juntadeandalucia.es\/educacion\/portals\/web\/escolarizacion\" target=\"_blank\" rel=\"noopener noreferrer\"><img loading=\"lazy\" decoding=\"async\" class=\"aligncenter wp-image-4778 size-medium\" src=\"https:\/\/blogsaverroes.juntadeandalucia.es\/ieslauretum\/files\/2021\/02\/layout_set_logo-300x90.png\" alt=\"\" width=\"300\" height=\"90\" srcset=\"https:\/\/blogsaverroes.juntadeandalucia.es\/ieslauretum\/files\/2021\/02\/layout_set_logo-300x90.png 300w, https:\/\/blogsaverroes.juntadeandalucia.es\/ieslauretum\/files\/2021\/02\/layout_set_logo.png 395w\" sizes=\"(max-width: 300px) 100vw, 300px\" \/><\/a><\/p>\n<h5 style=\"text-align: justify\"><a href=\"https:\/\/www.juntadeandalucia.es\/educacion\/educasig\/escolarizacion\/\" target=\"_blank\" rel=\"noopener noreferrer\"><span style=\"color: #008000\"><strong><span style=\"font-size: 14pt;font-family: 'book antiqua', palatino\"><em>3.- CONSULTA DE CENTROS Y \u00c1REAS DE INFLUENCIA.<\/em><\/span><\/strong><\/span><\/a><\/h5>\n<h5 style=\"text-align: justify\"><a href=\"https:\/\/www.juntadeandalucia.es\/educacion\/portals\/web\/escolarizacion\/infantil-a-bachillerato\/calendario\" target=\"_blank\" rel=\"noopener noreferrer\"><span style=\"font-family: 'book antiqua', palatino;color: #008000\"><strong><em><span style=\"font-size: 14pt\">4.- CALENDARIO DE ESCOLARIZACI\u00d3N.<\/span><\/em><\/strong><\/span><\/a><\/h5>\n<h5 style=\"text-align: justify\"><a href=\"https:\/\/www.juntadeandalucia.es\/educacion\/portals\/web\/escolarizacion\/infantil-a-bachillerato\/normativa\" target=\"_blank\" rel=\"noopener noreferrer\"><span style=\"font-family: 'book antiqua', palatino;color: #008000\"><strong><em><span style=\"font-size: 14pt\">5.- NORMATIVA DE ESCOLARIZACI\u00d3N.<\/span><\/em><\/strong><\/span><\/a><\/h5>\n<h5 style=\"text-align: justify\"><a href=\"https:\/\/www.juntadeandalucia.es\/educacion\/portals\/web\/escolarizacion\/infantil-a-bachillerato\/autobaremo\" target=\"_blank\" rel=\"noopener noreferrer\"><span style=\"font-family: 'book antiqua', palatino;color: #008000\"><strong><em><span style=\"font-size: 14pt\">6.- AUTOBAREMACI\u00d3N.<\/span><\/em><\/strong><\/span><\/a><\/h5>\n<h5 style=\"text-align: justify\"><span style=\"color: #008000;font-size: 14pt;font-family: 'book antiqua', palatino\"><em><a style=\"color: #008000\" href=\"https:\/\/www.juntadeandalucia.es\/educacion\/portals\/delegate\/content\/7e1d7b27-eaa4-42e7-bfa3-ac436db80ed6\/ANEXO%20III\" target=\"_blank\" rel=\"noopener noreferrer\">7.- <strong>SOLICITUD DE ADMISI\u00d3N. ANEXO III.<\/strong><\/a><span style=\"font-size: 8pt\">(V\u00c1LIDA DEL 1 DE MARZO AL 31 DE MARZO)<\/span><\/em><\/span><\/h5>\n<h5 style=\"text-align: justify\"><span style=\"color: #008000;font-size: 14pt;font-family: 'book antiqua', palatino\"><em>8.- RESULTADO DEL SORTEO PARA EL PROCESO DE ADMISI\u00d3N. <\/em><\/span><\/h5>\n<h5 style=\"text-align: justify\"><span style=\"color: #0000ff\">Decreto 21\/2020, de 17 de febrero, por el que se regulan los criterios y el procedimiento de admisi\u00f3n del alumnado en los centros docentes p\u00fablicos y privados concertados para cursar las ense\u00f1anzas de segundo ciclo de educaci\u00f3n infantil, educaci\u00f3n primaria, educaci\u00f3n especial, educaci\u00f3n secundaria obligatoria y bachillerato. <\/span><\/h5>\n<h5 style=\"text-align: justify\"><span style=\"color: #0000ff\">Art\u00edculo 30. Sorteo p\u00fablico. <\/span><\/h5>\n<h5 style=\"text-align: justify\"><span style=\"color: #0000ff\">3. Cada vez que sea necesario aplicar el resultado del sorteo se elaborar\u00e1 una relaci\u00f3n ordenada alfab\u00e9ticamente con los alumnos o alumnas que est\u00e1n en situaci\u00f3n de empate y se le asignar\u00e1 a cada uno de ellos correlativamente un n\u00famero natural, comenzando por el 1 y terminando por el \u00faltimo de las solicitudes empatadas. <\/span><\/h5>\n<h5 style=\"text-align: justify\"><span style=\"color: #0000ff\">4. Se determinar\u00e1 el n\u00famero natural que resulta al ignorar las cifras decimales de aqu\u00e9l que se obtiene sumando uno al producto del resultado del sorteo por el n\u00famero total de solicitudes empatadas. <\/span><\/h5>\n<h5 style=\"text-align: justify\"><span style=\"color: #0000ff\">5. Las vacantes se otorgar\u00e1n comenzando por la solicitud de la relaci\u00f3n a la que se refiere el apartado 3, correspondiente con el n\u00famero que se determine conforme a lo dispuesto en el apartado 4 y continuando, hasta agotar las plazas vacantes, por aquellas solicitudes a las que corresponden los siguientes n\u00fameros seg\u00fan el orden creciente de la serie num\u00e9rica<\/span><\/h5>\n<h2 style=\"text-align: left\"><span style=\"text-decoration: underline\"><span style=\"font-family: 'book antiqua', palatino;color: #800000;text-decoration: underline\"><strong><em><span style=\"font-size: 14pt\">UTILIZA LA APP iESCOLARIZA PARA ESTAR INFORMADO.<\/span><\/em><\/strong><\/span><\/span><\/h2>\n<h4><span style=\"color: #008000\"><a style=\"color: #008000\" href=\"https:\/\/play.google.com\/store\/apps\/details?id=es.juntadeandalucia.ced.escolarizacion&amp;hl=es&amp;gl=US\" target=\"_blank\" rel=\"noopener noreferrer\"><img loading=\"lazy\" decoding=\"async\" class=\"wp-image-4686 alignleft\" src=\"https:\/\/blogsaverroes.juntadeandalucia.es\/ieslauretum\/files\/2021\/02\/unnamed-180x300.jpg\" alt=\"\" width=\"230\" height=\"383\" srcset=\"https:\/\/blogsaverroes.juntadeandalucia.es\/ieslauretum\/files\/2021\/02\/unnamed-180x300.jpg 180w, https:\/\/blogsaverroes.juntadeandalucia.es\/ieslauretum\/files\/2021\/02\/unnamed.jpg 480w\" sizes=\"(max-width: 230px) 100vw, 230px\" \/><\/a><\/span><\/h4>\n<h4 style=\"text-align: justify\"><span style=\"color: #800000\"><strong>La Consejer\u00eda de Educaci\u00f3n y Deporte convoca el procedimiento de admisi\u00f3n del alumnado en los centros docentes p\u00fablicos y privados concertados para cursar las ense\u00f1anzas de segundo ciclo de educaci\u00f3n infantil, educaci\u00f3n primaria, educaci\u00f3n especial, educaci\u00f3n secundaria obligatoria y bachillerato.<\/strong><\/span><\/h4>\n<h3 style=\"text-align: center\"><strong><span style=\"color: #0000ff\">Entre los d\u00edas 1 y 10 de Julio se realizar\u00e1 la matricula, de todos los alumnos\/as, a trav\u00e9s de la Secretar\u00eda Virtual, con la clave iANDE.<\/span><\/strong><\/h3>\n<h3 style=\"text-align: center\"><span style=\"color: #ff0000\"><em><strong>El alumnado MATRICULADO EN EL IES Lauretum o en los Colegios de Espartinas NO deben presentar la ADMISI\u00d3N.<\/strong><\/em><\/span><\/h3>\n<\/div>\n<\/div>\n<h4>&nbsp;<\/h4>\n<p><span style=\"color: #0000ff;font-size: 14pt;font-family: book antiqua,palatino\"><em><span style=\"font-size: 8pt;color: #ff0000\">&nbsp;<\/span><\/em><\/span><\/p>\n<p><!-- \/contenido --><\/p>\n","protected":false},"excerpt":{"rendered":"<p>COMISI\u00d3N TERRITORIAL DE GARANT\u00cdA DE ADMISI\u00d3N DE ESPARTINAS COMPOSICI\u00d3N DE LA COMISI\u00d3N. (V\u00cdDEO TUTORIAL SOBRE LA ADMISI\u00d3N PARA SECUNDARIA) a) Presidencia: Directora del CEIP Natalia&hellip;<\/p>\n","protected":false},"author":1966,"featured_media":0,"parent":0,"menu_order":0,"comment_status":"closed","ping_status":"closed","template":"","meta":{"ngg_post_thumbnail":0,"footnotes":""},"aioseo_notices":[],"_links":{"self":[{"href":"https:\/\/blogsaverroes.juntadeandalucia.es\/ieslauretum\/wp-json\/wp\/v2\/pages\/3171"}],"collection":[{"href":"https:\/\/blogsaverroes.juntadeandalucia.es\/ieslauretum\/wp-json\/wp\/v2\/pages"}],"about":[{"href":"https:\/\/blogsaverroes.juntadeandalucia.es\/ieslauretum\/wp-json\/wp\/v2\/types\/page"}],"author":[{"embeddable":true,"href":"https:\/\/blogsaverroes.juntadeandalucia.es\/ieslauretum\/wp-json\/wp\/v2\/users\/1966"}],"replies":[{"embeddable":true,"href":"https:\/\/blogsaverroes.juntadeandalucia.es\/ieslauretum\/wp-json\/wp\/v2\/comments?post=3171"}],"version-history":[{"count":51,"href":"https:\/\/blogsaverroes.juntadeandalucia.es\/ieslauretum\/wp-json\/wp\/v2\/pages\/3171\/revisions"}],"predecessor-version":[{"id":7992,"href":"https:\/\/blogsaverroes.juntadeandalucia.es\/ieslauretum\/wp-json\/wp\/v2\/pages\/3171\/revisions\/7992"}],"wp:attachment":[{"href":"https:\/\/blogsaverroes.juntadeandalucia.es\/ieslauretum\/wp-json\/wp\/v2\/media?parent=3171"}],"curies":[{"name":"wp","href":"https:\/\/api.w.org\/{rel}","templated":true}]}}