{"id":3259,"date":"2020-04-28T16:21:41","date_gmt":"2020-04-28T16:21:41","guid":{"rendered":"https:\/\/blogsaverroes.juntadeandalucia.es\/ieslauretum\/?page_id=3259"},"modified":"2024-07-11T10:27:06","modified_gmt":"2024-07-11T10:27:06","slug":"director","status":"publish","type":"page","link":"https:\/\/blogsaverroes.juntadeandalucia.es\/ieslauretum\/director\/","title":{"rendered":"Direcci\u00f3n"},"content":{"rendered":"<div id=\"contenido\" class=\"contenido \">\n<div class=\"seccion\">&nbsp;<\/div>\n<div id=\"contenido_sitio\" class=\"tiny_personalizado\" style=\"float: left\">\n<p style=\"text-align: center\"><span style=\"background-color: #c5f5c1\"><em><strong><span style=\"text-decoration: underline\"><span style=\"color: #993300\"><span style=\"font-family: Thorndale,serif\"><span style=\"font-size: 18pt\"><strong><span style=\"text-decoration: none\">Bienvenidos al IES Lauretum<\/span><\/strong><\/span><\/span><\/span><\/span><\/strong><\/em><\/span><\/p>\n<p style=\"text-align: justify\"><em><span style=\"color: #0000ff\"><span style=\"background-color: #ffffff;font-family: verdana,geneva;font-size: 10pt\"><strong>Quiero daros a todos y a todas la bienvenida a la p\u00e1gina Web de nuestro centro.<\/strong><\/span><\/span><\/em><\/p>\n<p style=\"text-align: justify\"><em><span style=\"color: #0000ff\"><strong><span style=\"background-color: #ffffff\"><span style=\"font-family: verdana,geneva;font-size: 10pt\">En julio de 2005 empezamos a trabajar en&nbsp;la apertura del primer Instituto de Educaci\u00f3n Secundaria de Espartinas (Sevilla). Desde ese&nbsp;momento todo nuestro empe\u00f1o ha sido el de configurar un gran&nbsp;centro, abierto al intercambio y a la comunicaci\u00f3n con el exterior y, en particular, con nuestro entorno m\u00e1s cercano. La idea de crear nuestra propia p\u00e1gina web forma parte de esta filosof\u00eda. <\/span><\/span><\/strong><\/span><\/em><\/p>\n<p style=\"text-align: justify\"><em><span style=\"color: #0000ff\"><span style=\"background-color: #ffffff;font-family: verdana,geneva;font-size: 10pt\"><strong>Me siento orgulloso de dirigir un centro p\u00fablico con una calidad de ense\u00f1anza excelente, debida al trabajo de unos magn\u00edficos profesionales, as\u00ed como a la inestimable colaboraci\u00f3n tanto de nuestro alumnado y&nbsp;de sus familias como de las administraciones local y p\u00fablica, con las que mantenemos unas excelentes relaciones.<\/strong><\/span><\/span><\/em><\/p>\n<p style=\"text-align: justify\"><em><span style=\"color: #0000ff\"><span style=\"background-color: #ffffff;font-family: verdana,geneva;font-size: 10pt\"><strong>Todo es mejorable siempre y nunca hay que ser conformista.<\/strong><\/span><\/span><\/em><\/p>\n<div style=\"text-align: justify\">\n<ul>\n<li><em><span style=\"color: #0000ff\"><span style=\"background-color: #ffffff;font-family: verdana,geneva;font-size: 10pt\"><strong>Somos un centro con el 100% de las l\u00edneas de educaci\u00f3n biling\u00fce espa\u00f1ol-ingles.<\/strong><\/span><\/span><\/em><\/li>\n<li><em><span style=\"color: #0000ff\"><span style=\"background-color: #ffffff;font-family: verdana,geneva;font-size: 10pt\"><strong>Hemos dotado de&nbsp;muchos recursos materiales a los departamentos did\u00e1cticos, al alumnado y al centro en general, y lo seguiremos haciendo.<\/strong><\/span><\/span><\/em><\/li>\n<li><em><span style=\"color: #0000ff\"><span style=\"background-color: #ffffff;font-family: verdana,geneva;font-size: 10pt\"><strong>Disponemos de biblioteca escolar, gimnasio y cafeter\u00eda.<\/strong><\/span><\/span><\/em><\/li>\n<li><em><span style=\"color: #0000ff\"><span style=\"background-color: #ffffff;font-family: verdana,geneva;font-size: 10pt\"><strong>Aula de m\u00fasica.<\/strong><\/span><\/span><\/em><\/li>\n<li><em><span style=\"color: #0000ff\"><span style=\"background-color: #ffffff;font-family: verdana,geneva;font-size: 10pt\"><strong>Aula de Dibujo T\u00e9cnico.<\/strong><\/span><\/span><\/em><\/li>\n<li><em><span style=\"color: #0000ff\"><span style=\"background-color: #ffffff;font-family: verdana,geneva;font-size: 10pt\"><strong>Aula taller de Tecnolog\u00eda (ATECA).<\/strong><\/span><\/span><\/em><\/li>\n<li><em><span style=\"color: #0000ff\"><span style=\"background-color: #ffffff;font-family: verdana,geneva;font-size: 10pt\"><strong>Aula de inform\u00e1tica.<\/strong><\/span><\/span><\/em><\/li>\n<li><em><span style=\"color: #0000ff\"><span style=\"background-color: #ffffff;font-family: verdana,geneva;font-size: 10pt\"><b style=\"color: #0000ff;font-family: verdana, geneva;font-size: 10pt\">Laboratorio de F\u00edsica y qu\u00edmica.<\/b><\/span><\/span><\/em><\/li>\n<li><em><span style=\"color: #0000ff\"><span style=\"background-color: #ffffff;font-family: verdana,geneva;font-size: 10pt\"><span style=\"color: #0000ff;font-family: verdana, geneva\"><span style=\"font-size: 13.3333px\"><b>Laboratorio<\/b><\/span><\/span><b style=\"color: #0000ff;font-family: verdana, geneva;font-size: 10pt\"> de Biolog\u00eda y Geolog\u00eda.<\/b><\/span><\/span><\/em><\/li>\n<li><em><span style=\"color: #0000ff\"><span style=\"background-color: #ffffff;font-family: verdana,geneva;font-size: 10pt\"><b style=\"color: #0000ff;font-family: verdana, geneva;font-size: 10pt\">Laboratorio de Computaci\u00f3n y Rob\u00f3tica.<\/b><\/span><\/span><\/em>&nbsp;<\/li>\n<li><em><span style=\"color: #0000ff\"><span style=\"background-color: #ffffff;font-family: verdana,geneva;font-size: 10pt\"><strong>Realizamos intercambios con el alumnado a diversos pa\u00edses Europeos.<\/strong><\/span><\/span><\/em><\/li>\n<li><em><span style=\"color: #0000ff\"><span style=\"background-color: #ffffff;font-family: verdana,geneva;font-size: 10pt\"><strong>Hemos cedido nuestras instalaciones deportivas para su uso por las escuelas deportivas municipales de la localidad.<\/strong><\/span><\/span><\/em><\/li>\n<li><em><span style=\"color: #0000ff\"><span style=\"background-color: #ffffff;font-family: verdana,geneva;font-size: 10pt\"><strong>Somos un Centro TIC desde el 2008 y contamos con 42 aulas con pizarras digitales o TV interactivos con conexi\u00f3n a internet.<\/strong><\/span><\/span><\/em><\/li>\n<li><em><span style=\"color: #0000ff\"><span style=\"background-color: #ffffff;font-family: verdana,geneva;font-size: 10pt\"><strong>Conexi\u00f3n a internet por medio de fibra \u00f3ptica, con una ancho de banda de 1000Mb.<\/strong><\/span><\/span><\/em><\/li>\n<li><em><span style=\"color: #0000ff\"><span style=\"background-color: #ffffff;font-family: verdana,geneva;font-size: 10pt\"><strong>Hemos consensuado nuestro Plan de Centro con todos los sectores de la comunidad educativa y todos los a\u00f1os lo evaluamos con el fin de mejorarlo.<br \/>\n<\/strong><\/span><\/span><\/em><\/li>\n<li><em><span style=\"color: #0000ff\"><span style=\"background-color: #ffffff;font-family: verdana,geneva;font-size: 10pt\"><strong>Hemos establecido estrategias de mediaci\u00f3n para solucionar conflictos.<\/strong><\/span><\/span><\/em><\/li>\n<li><em><span style=\"color: #0000ff\"><span style=\"background-color: #ffffff;font-family: verdana,geneva;font-size: 10pt\"><strong>Hemos logrado un nivel de aprobados y unas cualificaciones del alumnado envidiables, ejemplo de ellos nuestros alumnos son becados a Centros de<\/strong><\/span><\/span><span style=\"color: #0000ff\"><span style=\"background-color: #ffffff;font-family: verdana,geneva;font-size: 10pt\"><strong> Hong Kong, prosigues estudios en Centro de Canad\u00e1, Irlanda, Estados Unidos, estudian carreras de Ingenier\u00eda, Biotecnolog\u00eda, Aeron\u00e1utica, Telecomunicaciones, Ciencias de los Materiales, Derecho, entre otras&#8230;<\/strong><\/span><\/span><\/em><\/li>\n<li><em><strong><span style=\"color: #0000ff\"><span style=\"background-color: #ffffff;font-family: verdana,geneva;font-size: 10pt\">Igualmente tenemos alumnado estudiando Ciclos Formativos de Grado Medio y Superior en las ramas <strong><em>Administrativas<\/em><\/strong>, Peluquer\u00eda, Inform\u00e1tica, Soldadura, Jardiner\u00eda, entre otras&#8230;<\/span><\/span><\/strong><\/em><\/li>\n<li><em><strong><span style=\"color: #0000ff\"><span style=\"font-family: verdana,geneva\"><span style=\"font-size: 10pt\">Y por supuesto tambi\u00e9n tenemos alumnos\/as que trabajan en Escuelas Talleres, o Empresas familiares o de la localidad. <\/span><\/span><\/span><\/strong><\/em><\/li>\n<\/ul>\n<\/div>\n<p style=\"text-align: justify\"><em><span style=\"color: #0000ff\"><span style=\"background-color: #ffffff;font-family: verdana,geneva;font-size: 10pt\"><strong>y tantos otros objetivos que ser\u00eda absurdo tratar de relacionarlos en su totalidad.<\/strong><\/span><\/span><\/em><\/p>\n<p style=\"text-align: justify\"><em><span style=\"color: #0000ff\"><span style=\"background-color: #ffffff;font-family: verdana,geneva;font-size: 10pt\"><b style=\"color: #0000ff;font-family: verdana, geneva;font-size: 10pt\">Pero todo es mejorable, por supuesto tenemos objetivos para el futuro como es el de <\/b><span style=\"color: #0000ff;font-family: verdana, geneva\"><span style=\"font-size: 13.3333px\"><b>conseguir<\/b><\/span><\/span><b style=\"color: #0000ff;font-family: verdana, geneva;font-size: 10pt\"> Ciclos <\/b><span style=\"color: #0000ff;font-family: verdana, geneva\"><span style=\"font-size: 13.3333px\"><b>Formativos<\/b><\/span><\/span><b style=\"color: #0000ff;font-family: verdana, geneva;font-size: 10pt\"> para la Comunidad Educativa de Espartinas.<\/b><\/span><\/span><\/em><\/p>\n<p style=\"text-align: justify\"><em><span style=\"color: #0000ff\"><span style=\"background-color: #ffffff;font-family: verdana,geneva;font-size: 10pt\"><strong>Y queremos contar con vuestra colaboraci\u00f3n para mejorar todo lo que sea susceptible de serlo.<\/strong><\/span><\/span><\/em><\/p>\n<p style=\"text-align: justify\"><em><span style=\"color: #0000ff\"><span style=\"background-color: #ffffff;font-family: verdana,geneva;font-size: 10pt\"><strong>Un cordial saludo.<\/strong><\/span><\/span><\/em><\/p>\n<p style=\"text-align: center\"><em><span style=\"color: #008000\"><span style=\"background-color: #ffffff;font-family: verdana,geneva;font-size: 10pt\"><strong>Espartinas, 01 de Septiembre de 2024<\/strong><\/span><\/span><\/em><\/p>\n<p style=\"text-align: center\"><em><span style=\"color: #008000\"><span style=\"background-color: #ffffff;font-family: verdana,geneva;font-size: 10pt\"><strong>Juan Francisco Soto Garc\u00eda<\/strong><\/span><\/span><\/em><\/p>\n<p style=\"text-align: center\"><span style=\"background-color: #ffffff;font-family: verdana,geneva;font-size: 10pt\"><strong><span style=\"color: #008000\"><em>Director del IES Lauretum<\/em><br \/>\n<\/span><\/strong><\/span><\/p>\n<p style=\"text-align: center\"><iframe loading=\"lazy\" src=\"https:\/\/www.youtube.com\/embed\/l8WKbDf6y64?si=qHcWc99ho82-6Ufe\" width=\"560\" height=\"315\" frameborder=\"0\"><\/iframe><\/p>\n<p>Direcci\u00f3n: D. Juan Fr\u00ba Soto Garc\u00eda<\/p>\n<p>Jefatura de estudios: D\u00aa. Mar\u00eda Jos\u00e9 Somet Fern\u00e1ndez<\/p>\n<p>Jefatura de estudios Adjunta: D\u00aa Silvia Barrera Fern\u00e1ndez<\/p>\n<p>Secretar\u00eda: D. Javier Vidal Prada<\/p>\n<p>Jefatura Adjunta a la Direcci\u00f3n: D\u00aa Milagros Gonz\u00e1lez<\/p>\n<\/div>\n<div style=\"clear: both\">&nbsp;<\/div>\n<\/div>\n","protected":false},"excerpt":{"rendered":"<p>&nbsp; Bienvenidos al IES Lauretum Quiero daros a todos y a todas la bienvenida a la p\u00e1gina Web de nuestro centro. En julio de 2005&hellip;<\/p>\n","protected":false},"author":1966,"featured_media":0,"parent":0,"menu_order":0,"comment_status":"closed","ping_status":"closed","template":"","meta":{"ngg_post_thumbnail":0,"footnotes":""},"aioseo_notices":[],"_links":{"self":[{"href":"https:\/\/blogsaverroes.juntadeandalucia.es\/ieslauretum\/wp-json\/wp\/v2\/pages\/3259"}],"collection":[{"href":"https:\/\/blogsaverroes.juntadeandalucia.es\/ieslauretum\/wp-json\/wp\/v2\/pages"}],"about":[{"href":"https:\/\/blogsaverroes.juntadeandalucia.es\/ieslauretum\/wp-json\/wp\/v2\/types\/page"}],"author":[{"embeddable":true,"href":"https:\/\/blogsaverroes.juntadeandalucia.es\/ieslauretum\/wp-json\/wp\/v2\/users\/1966"}],"replies":[{"embeddable":true,"href":"https:\/\/blogsaverroes.juntadeandalucia.es\/ieslauretum\/wp-json\/wp\/v2\/comments?post=3259"}],"version-history":[{"count":11,"href":"https:\/\/blogsaverroes.juntadeandalucia.es\/ieslauretum\/wp-json\/wp\/v2\/pages\/3259\/revisions"}],"predecessor-version":[{"id":8184,"href":"https:\/\/blogsaverroes.juntadeandalucia.es\/ieslauretum\/wp-json\/wp\/v2\/pages\/3259\/revisions\/8184"}],"wp:attachment":[{"href":"https:\/\/blogsaverroes.juntadeandalucia.es\/ieslauretum\/wp-json\/wp\/v2\/media?parent=3259"}],"curies":[{"name":"wp","href":"https:\/\/api.w.org\/{rel}","templated":true}]}}