{"id":3366,"date":"2020-05-07T03:22:33","date_gmt":"2020-05-07T03:22:33","guid":{"rendered":"https:\/\/blogsaverroes.juntadeandalucia.es\/ieslauretum\/?page_id=3366"},"modified":"2020-05-07T03:24:53","modified_gmt":"2020-05-07T03:24:53","slug":"programa-andalucia-profundiza","status":"publish","type":"page","link":"https:\/\/blogsaverroes.juntadeandalucia.es\/ieslauretum\/programa-andalucia-profundiza\/","title":{"rendered":"PROGRAMA ANDALUCIA PROFUNDIZA"},"content":{"rendered":"<div id=\"contenido_sitio\" class=\"tiny_personalizado\" style=\"float: left\"><a href=\"http:\/\/profundiza.org\/\" target=\"_blank\" rel=\"noopener noreferrer\"><img loading=\"lazy\" decoding=\"async\" src=\"http:\/\/www.juntadeandalucia.es\/averroes\/centros-tic\/41008398\/helvia\/sitio\/upload\/img\/logoprofundiza.jpg\" width=\"123\" height=\"92\" border=\"0\"><\/a><\/p>\n<div style=\"text-align: center\"><span style=\"color: #008000\"><span style=\"font-size: 24pt\"><span style=\"text-decoration: underline\"><strong><em>PROGRAMA ANDALUCIA PROFUNDIZA<\/em><\/strong><\/span><\/span><\/span><\/div>\n<p>&nbsp;<\/p>\n<div style=\"text-align: center\"><a title=\"Calendario Profundiza 2011-2012\" href=\"http:\/\/www.juntadeandalucia.es\/averroes\/centros-tic\/41008398\/helvia\/sitio\/upload\/Calendario_20112012.pdf\" target=\"_blank\" rel=\"noopener noreferrer\">&nbsp;<\/a><\/div>\n<div style=\"text-align: justify\"><span style=\"color: #0000ff\"><span style=\"font-size: 14pt\"><em>El programa de profundizaci\u00f3n de conocimientos \u201cAndaluc\u00eda&nbsp; Profundiza\u201d consiste en la realizaci\u00f3n de proyectos de investigaci\u00f3n en los centros educativos en horario extraescolar.<br \/>\nEstos proyectos se dirigen a la estimulaci\u00f3n del aprendizaje y de la iniciativa en aquellos alumnos y alumnas que se destacan por su inter\u00e9s y motivaci\u00f3n hacia la realizaci\u00f3n de actividades que supongan una profundizaci\u00f3n con respecto al curr\u00edculo ordinario.<\/em><\/span><\/span><\/div>\n<div style=\"text-align: justify\"><span style=\"color: #0000ff\"><span style=\"font-size: 14pt\"><em>M\u00e1s de 5.700 alumnos y alumnas participan este curso en el programa &#8216;Andaluc\u00eda Profundiza&#8217;, una iniciativa que se desarrolla fuera del horario lectivo para fomentar el inter\u00e9s por la ciencia y la investigaci\u00f3n del alumnado. El consejero de Educaci\u00f3n, Cultura y Deporte, Luciano Alonso, ha asistido en C\u00f3rdoba a la apertura del programa y ha destacado que \u201cse trata de uno de los proyectos m\u00e1s constructivos que tenemos en marcha desde la educaci\u00f3n p\u00fablica andaluza porque programas como este son la semilla para impulsar la cultura investigadora e innovadora y el af\u00e1n por conocer desde los primeros d\u00edas en la escuela.\u201d<\/em><\/span><\/span><\/div>\n<div style=\"text-align: justify\"><span style=\"color: #0000ff\"><span style=\"font-size: 14pt\"><em>El consejero ha informado que, a partir de ahora, este programa pretende \u201cdar el salto al aula ordinaria de forma que lo que comenz\u00f3 como algo excepcional pase a ser algo cotidiano y natural dentro de un concepto de escuela inclusiva y en equidad\u201d. As\u00ed, \u201cse puede considerar Profundiza como un ensayo general donde se ha comprobado que es posible ense\u00f1ar de otra manera, m\u00e1s activa, donde el alumnado se convierte en el constructor de su propio aprendizaje\u201d, ha explicado.<\/p>\n<p>&#8216;Andaluc\u00eda Profundiza&#8217;, est\u00e1 dirigido a alumnos de entre 3\u00ba de Educaci\u00f3n Primaria hasta 4\u00ba de la ESO que participan de manera voluntaria en proyectos de investigaci\u00f3n dirigidos por docentes en horario extraescolar. Durante su intervenci\u00f3n, el consejero ha elogiado el papel del profesorado y su implicaci\u00f3n en programas de estas caracter\u00edsticas donde alumnos con m\u00e1s inquietudes por aprender pueden seguir profundizando m\u00e1s all\u00e1 de lo obligatorio. Desde su puesta en marcha en 2010, este programa ha pasado de 119 grupos a 380.<br \/>\nLos alumnos que participan en el programa pueden acudir al centro educativo a trabajar en sus proyectos cualquier d\u00eda de la semana en horario de tarde y pueden desarrollar tambi\u00e9n proyectos de investigaci\u00f3n que se centren en cualquier \u00e1mbito del conocimiento, no solo el cient\u00edfico-tecnol\u00f3gico-matem\u00e1tico.<\/em><\/span><\/span><\/div>\n<div style=\"text-align: justify\"><span style=\"color: #0000ff\"><span style=\"font-size: 14pt\"><em>&nbsp;<\/em><\/span><\/span><\/div>\n<div style=\"text-align: justify\"><span style=\"font-size: 14pt\"><em><strong><span style=\"color: #008000\">1.- <\/span><a title=\"dossier del profundiza\" href=\"http:\/\/www.juntadeandalucia.es\/averroes\/centros-tic\/41008398\/helvia\/sitio\/upload\/1385478873104_dossier_profundiza_1314.pdf\" target=\"_blank\" rel=\"noopener noreferrer\"><span style=\"color: #008000\">Dossier informativo<\/span><\/a><\/strong><\/em><\/span><\/div>\n<div style=\"text-align: justify\"><span style=\"font-size: 14pt\"><em><strong><span style=\"color: #008000\">&nbsp;<\/span><\/strong><\/em><\/span><\/div>\n<div style=\"text-align: justify\"><span style=\"font-size: 14pt\"><em><strong><span style=\"color: #008000\">2.- <\/span><a title=\"SOLICITUD DEL alumnado\" href=\"http:\/\/www.juntadeandalucia.es\/averroes\/centros-tic\/41008398\/helvia\/sitio\/upload\/1385478820934_solicitud_alumnado_20132014.pdf\" target=\"_blank\" rel=\"noopener noreferrer\"><span style=\"color: #008000\">Solicitud del alumno\/a<\/span><\/a><\/strong><\/em><\/span><\/div>\n<p><span style=\"font-size: 14pt\"><em><strong><span style=\"color: #008000\"> 3.- <a href=\"http:\/\/profundiza.org\/\" target=\"_blank\" rel=\"noopener noreferrer\">Web Andalucia Profundiza<\/a><br \/>\n<\/span><\/strong><\/em><\/span><\/p>\n<div style=\"text-align: left\">\n<hr>\n<\/div>\n<div style=\"text-align: left\"><span style=\"color: #008000\"><strong><em>&nbsp;<\/em><\/strong><\/span><\/div>\n<\/div>\n","protected":false},"excerpt":{"rendered":"<p>PROGRAMA ANDALUCIA PROFUNDIZA &nbsp; &nbsp; El programa de profundizaci\u00f3n de conocimientos \u201cAndaluc\u00eda&nbsp; Profundiza\u201d consiste en la realizaci\u00f3n de proyectos de investigaci\u00f3n en los centros educativos&hellip;<\/p>\n","protected":false},"author":1966,"featured_media":0,"parent":0,"menu_order":0,"comment_status":"closed","ping_status":"closed","template":"","meta":{"ngg_post_thumbnail":0,"footnotes":""},"aioseo_notices":[],"_links":{"self":[{"href":"https:\/\/blogsaverroes.juntadeandalucia.es\/ieslauretum\/wp-json\/wp\/v2\/pages\/3366"}],"collection":[{"href":"https:\/\/blogsaverroes.juntadeandalucia.es\/ieslauretum\/wp-json\/wp\/v2\/pages"}],"about":[{"href":"https:\/\/blogsaverroes.juntadeandalucia.es\/ieslauretum\/wp-json\/wp\/v2\/types\/page"}],"author":[{"embeddable":true,"href":"https:\/\/blogsaverroes.juntadeandalucia.es\/ieslauretum\/wp-json\/wp\/v2\/users\/1966"}],"replies":[{"embeddable":true,"href":"https:\/\/blogsaverroes.juntadeandalucia.es\/ieslauretum\/wp-json\/wp\/v2\/comments?post=3366"}],"version-history":[{"count":3,"href":"https:\/\/blogsaverroes.juntadeandalucia.es\/ieslauretum\/wp-json\/wp\/v2\/pages\/3366\/revisions"}],"predecessor-version":[{"id":3370,"href":"https:\/\/blogsaverroes.juntadeandalucia.es\/ieslauretum\/wp-json\/wp\/v2\/pages\/3366\/revisions\/3370"}],"wp:attachment":[{"href":"https:\/\/blogsaverroes.juntadeandalucia.es\/ieslauretum\/wp-json\/wp\/v2\/media?parent=3366"}],"curies":[{"name":"wp","href":"https:\/\/api.w.org\/{rel}","templated":true}]}}