{"id":3377,"date":"2020-05-07T03:29:48","date_gmt":"2020-05-07T03:29:48","guid":{"rendered":"https:\/\/blogsaverroes.juntadeandalucia.es\/ieslauretum\/?page_id=3377"},"modified":"2020-05-07T03:30:52","modified_gmt":"2020-05-07T03:30:52","slug":"programa-innicia-miniempresa-educativa","status":"publish","type":"page","link":"https:\/\/blogsaverroes.juntadeandalucia.es\/ieslauretum\/programa-innicia-miniempresa-educativa\/","title":{"rendered":"PROGRAMA INNICIA MINIEMPRESA EDUCATIVA"},"content":{"rendered":"<div id=\"contenido_sitio\" class=\"tiny_personalizado\" style=\"float: left\">\n<p><span style=\"text-decoration: underline;font-family: book antiqua,palatino\"><strong><em><span id=\"aui_3_2_0_1196\" class=\"titulo\" style=\"color: #ff0000;font-size: 18pt\">MINIEMPRESAS EDUCATIVAS<\/span><\/em><\/strong><\/span><\/p>\n<p style=\"text-align: justify\"><span style=\"font-family: book antiqua,palatino;font-size: 14pt\"><strong><em><span class=\"titulo\" style=\"color: #ff0000\"><span style=\"color: #0000ff\">Dentro del Plan de Fomento de Cultura Emprendedora se establece la&nbsp;creaci\u00f3n de un&nbsp;itinerario de proyectos educativos para fomentar la educaci\u00f3n emprendedora a trav\u00e9s de la generaci\u00f3n de&nbsp;miniempresas y otras&nbsp;propuestas did\u00e1cticas&nbsp;de generaci\u00f3n de valor, impulsando la colaboraci\u00f3n de los equipos docentes, la dinamizaci\u00f3n de la comunidad educativa y la conexi\u00f3n con el entorno, todo ello potenciando las competencias profesionales y personales del alumnado.&nbsp;&nbsp;<\/span><\/span><\/em><\/strong><\/span><\/p>\n<p style=\"text-align: center\"><span style=\"font-family: book antiqua,palatino;font-size: 14pt\"><strong><em><span class=\"titulo\" style=\"color: #ff0000\"><span style=\"color: #0000ff\"><span style=\"text-decoration: underline;font-size: 18pt\"><span style=\"color: #ff0000\">DESCRIPCI\u00d3N DEL PROGRAMA <\/span><\/span><br \/>\n<\/span><\/span><\/em><\/strong><\/span><\/p>\n<p><a href=\"http:\/\/www.juntadeandalucia.es\/educacion\/webportal\/web\/cultura-emprendedora\/miniempresas\" target=\"_blank\" rel=\"noopener noreferrer\"><img decoding=\"async\" style=\"margin-left: auto;margin-right: auto\" src=\"http:\/\/www.juntadeandalucia.es\/averroes\/centros-tic\/41008398\/helvia\/sitio\/upload\/img\/Miniempresaeducativa.JPG\" border=\"0\"><\/a><\/p>\n<p style=\"text-align: center\"><span style=\"font-size: 18pt\"><strong><em><span style=\"text-decoration: underline\"><span style=\"color: #ff0000\">PORTAL DEL PROGRAMA MINIEMPRESA EDUCATIVA<\/span><\/span><\/em><\/strong><\/span><\/p>\n<p><a href=\"http:\/\/www.juntadeandalucia.es\/AndaluciaEmprende\/miniempresaeducativa\/\" target=\"_blank\" rel=\"noopener noreferrer\"><img decoding=\"async\" style=\"margin-left: auto;margin-right: auto\" src=\"http:\/\/www.juntadeandalucia.es\/averroes\/centros-tic\/41008398\/helvia\/sitio\/upload\/img\/logotipo.png\" border=\"0\"><\/a><\/p>\n<p style=\"text-align: justify\"><span style=\"text-decoration: underline;font-family: book antiqua,palatino\"><strong><em><span class=\"titulo\" style=\"color: #ff0000;font-size: 18pt\">&nbsp;<\/span><\/em><\/strong><\/span><\/p>\n<\/div>\n","protected":false},"excerpt":{"rendered":"<p>MINIEMPRESAS EDUCATIVAS Dentro del Plan de Fomento de Cultura Emprendedora se establece la&nbsp;creaci\u00f3n de un&nbsp;itinerario de proyectos educativos para fomentar la educaci\u00f3n emprendedora a trav\u00e9s&hellip;<\/p>\n","protected":false},"author":1966,"featured_media":0,"parent":0,"menu_order":0,"comment_status":"closed","ping_status":"closed","template":"","meta":{"ngg_post_thumbnail":0,"footnotes":""},"aioseo_notices":[],"_links":{"self":[{"href":"https:\/\/blogsaverroes.juntadeandalucia.es\/ieslauretum\/wp-json\/wp\/v2\/pages\/3377"}],"collection":[{"href":"https:\/\/blogsaverroes.juntadeandalucia.es\/ieslauretum\/wp-json\/wp\/v2\/pages"}],"about":[{"href":"https:\/\/blogsaverroes.juntadeandalucia.es\/ieslauretum\/wp-json\/wp\/v2\/types\/page"}],"author":[{"embeddable":true,"href":"https:\/\/blogsaverroes.juntadeandalucia.es\/ieslauretum\/wp-json\/wp\/v2\/users\/1966"}],"replies":[{"embeddable":true,"href":"https:\/\/blogsaverroes.juntadeandalucia.es\/ieslauretum\/wp-json\/wp\/v2\/comments?post=3377"}],"version-history":[{"count":2,"href":"https:\/\/blogsaverroes.juntadeandalucia.es\/ieslauretum\/wp-json\/wp\/v2\/pages\/3377\/revisions"}],"predecessor-version":[{"id":3380,"href":"https:\/\/blogsaverroes.juntadeandalucia.es\/ieslauretum\/wp-json\/wp\/v2\/pages\/3377\/revisions\/3380"}],"wp:attachment":[{"href":"https:\/\/blogsaverroes.juntadeandalucia.es\/ieslauretum\/wp-json\/wp\/v2\/media?parent=3377"}],"curies":[{"name":"wp","href":"https:\/\/api.w.org\/{rel}","templated":true}]}}