{"id":3396,"date":"2020-05-07T03:42:30","date_gmt":"2020-05-07T03:42:30","guid":{"rendered":"https:\/\/blogsaverroes.juntadeandalucia.es\/ieslauretum\/?page_id=3396"},"modified":"2025-05-22T03:47:29","modified_gmt":"2025-05-22T03:47:29","slug":"programa-de-gratuidad-de-libros-de-texto","status":"publish","type":"page","link":"https:\/\/blogsaverroes.juntadeandalucia.es\/ieslauretum\/programa-de-gratuidad-de-libros-de-texto\/","title":{"rendered":"PROGRAMA DE GRATUIDAD DE LIBROS DE TEXTO"},"content":{"rendered":"<div id=\"contenido_sitio\" class=\"tiny_personalizado\" style=\"float: left\">\n<p style=\"text-align: center\"><span style=\"color: #008000\"><span style=\"font-size: 18pt\"><span style=\"text-decoration: underline\"><strong><em>LISTADO DE LIBROS DE TEXTO<\/em><\/strong><\/span><\/span><\/span><\/p>\n<p style=\"text-align: center\"><a href=\"https:\/\/drive.google.com\/file\/d\/1pT0JHXSKVU6aF3jmQRXsSemRMXtXuXN2\/view?usp=sharing\" target=\"_blank\" rel=\"noopener noreferrer\"><span style=\"font-size: 14pt\">Listado de Libros de texto de 1\u00ba, 2\u00ba, 3\u00ba y 4\u00ba de ESO<\/span><\/a><\/p>\n<p style=\"text-align: center\"><a href=\"https:\/\/drive.google.com\/file\/d\/1pSvPpEo8VF7PQhPSiRZkZERUjwQVJfro\/view?usp=sharing\" target=\"_blank\" rel=\"noopener noreferrer\"><span style=\"font-size: 14pt\">&nbsp;<\/span><span style=\"font-size: 14pt\">Listado de Libros de Texto de 1\u00ba y 2\u00ba de Bachillerato<\/span><\/a><\/p>\n<p style=\"text-align: center\"><span style=\"font-size: 14pt\"><span style=\"color: #0000ff\"><span style=\"text-decoration: underline\"><em><strong><span style=\"font-family: 'Verdana','sans-serif'\">PLAN DE GRATUIDAD DE LIBROS DE TEXTO <\/span><\/strong><\/em><\/span><\/span><\/span><strong><span style=\"font-family: comic sans ms,sans-serif\"><span style=\"font-size: 14pt\"><em>&nbsp;<\/em><\/span><\/span><\/strong><\/p>\n<p style=\"text-align: left\"><a href=\"https:\/\/www.juntadeandalucia.es\/boja\/2005\/92\/d6.pdf\" target=\"_blank\" rel=\"noopener noreferrer\"><span style=\"font-size: 12pt\">Anexo I: Renuncia al Programa de Gratuidad de <\/span><span style=\"font-size: 12pt\">Libros <\/span><span style=\"font-size: 12pt\">de Texto<\/span><\/a><\/p>\n<p style=\"text-align: left\"><a href=\"https:\/\/drive.google.com\/file\/d\/1nIuEVFEwvExHOh-OelU5kGX29NfaP1CM\/view?usp=sharing\" target=\"_blank\" rel=\"noopener noreferrer\"><span style=\"font-size: 12pt\">Anexo II: Comunicado del deber de reposici\u00f3n de libros extraviados o deteriorados.<\/span><\/a><\/p>\n<p style=\"text-align: left\"><a href=\"https:\/\/drive.google.com\/file\/d\/1Yxu4vJDJ_a2Xx3tzlimqiWTZu3An_RdW\/view?usp=sharing\" target=\"_blank\" rel=\"noopener noreferrer\"><span style=\"font-size: 12pt\">Anexo IV: Certificado de entrega de Libros de texto por alumnado trasladado.<\/span><\/a><\/p>\n<p style=\"text-align: center\"><strong><span style=\"font-family: comic sans ms,sans-serif\"><span style=\"font-size: 14pt\"><em><span style=\"text-decoration: underline\"><span style=\"font-family: 'Comic Sans MS';color: black;font-size: 14pt\">Normas a respetar con los libros de texto.<\/span><\/span><\/em><\/span><\/span><\/strong><\/p>\n<p style=\"text-align: justify\"><em><span style=\"font-family: comic sans ms,sans-serif\"><span style=\"font-size: 14pt\"><span style=\"font-family: 'Comic Sans MS';color: black;font-size: 14pt\">1) Los libros de texto deben ser plastificados, para poder soportar los cuatro a\u00f1os del programa de gratuidad.<\/span><\/span><\/span><\/em><\/p>\n<p style=\"text-align: justify\"><em><span style=\"font-family: comic sans ms,sans-serif\"><span style=\"font-size: 14pt\"><span style=\"font-family: 'Comic Sans MS';color: black;font-size: 14pt\">2) Todos deben ir identificados con la etiqueta del programa de gratuidad, basada en un c\u00f3digo de barras y situada en la primera p\u00e1gina.<\/span><\/span><\/span><\/em><\/p>\n<p style=\"text-align: justify\"><em><span style=\"font-family: comic sans ms,sans-serif\"><span style=\"font-size: 14pt\"><span style=\"font-family: 'Comic Sans MS';color: black;font-size: 14pt\">3) Debe concienciarse, por parte de las familias, &nbsp;al alumnado de que son los libros de texto que van a ir heredando de un curso para otro, de ah\u00ed la importancia de su cuidado y conservaci\u00f3n.<\/span><\/span><\/span><\/em><\/p>\n<p style=\"text-align: justify\"><em><span style=\"font-family: comic sans ms,sans-serif\"><span style=\"font-size: 14pt\"><span style=\"font-family: 'Comic Sans MS';color: black;font-size: 14pt\">4) La devoluci\u00f3n se realizara en dos fechas:<\/span><\/span><\/span><\/em><\/p>\n<p style=\"text-align: justify\"><em><span style=\"font-family: 'Comic Sans MS';color: black;font-size: 14pt\">&nbsp;&nbsp;&nbsp;&nbsp;a) En la \u00faltima semana del curso escolar para&nbsp;aquellos alumnos\/as que promocionen de curso.<\/span><\/em><\/p>\n<p style=\"text-align: justify\"><em><span style=\"font-family: 'Comic Sans MS';color: black;font-size: 14pt\">&nbsp;&nbsp;&nbsp;&nbsp;b) En los primeros d\u00edas de septiembre para todo el alumnado que se presente a alg\u00fan examen de septiembre.<\/span><\/em><\/p>\n<p class=\"MsoNormal\" style=\"margin: 0cm 0cm 0pt;text-align: justify\"><span style=\"font-family: Times New Roman;color: #00b050;font-size: 10pt\">&nbsp;<\/span><em><span style=\"font-family: comic sans ms,sans-serif\"><span style=\"font-size: 14pt\">&nbsp;5) <em>Todo aquel padre, madre o tutor legal no desee disfrutar del programa de gratuidad de libros de texto deber\u00e1n presentar el anexo de renuncia&nbsp;<a title=\"http:\/\/www.juntadeandalucia.es\/averroes\/centros-tic\/41008398\/helvia\/sitio\/upload\/anexo_I_renuncia_al_PGLT.pdf\" href=\"http:\/\/www.juntadeandalucia.es\/averroes\/centros-tic\/41008398\/helvia\/sitio\/upload\/anexo_I_renuncia_al_PGLT.pdf\"><img decoding=\"async\" src=\"http:\/\/www.juntadeandalucia.es\/averroes\/centros-tic\/41008398\/helvia\/sitio\/upload\/img\/pdf.gif\" border=\"0\"><\/a> al programa de gratuidad en la secretaria del centro.<\/em><\/span><\/span><\/em><\/p>\n<p class=\"MsoNormal\" style=\"margin: 0cm 0cm 0pt\"><em><span style=\"font-family: comic sans ms,sans-serif\"><span style=\"font-size: 14pt\"><em>&nbsp;<\/em><\/span><\/span><\/em><\/p>\n<p><span style=\"font-size: 14pt\"><strong><em><span style=\"color: #0000ff\">&nbsp;&nbsp;&nbsp;&nbsp;&nbsp;&nbsp;&nbsp;&nbsp;&nbsp;&nbsp;&nbsp;&nbsp;&nbsp;&nbsp;&nbsp;&nbsp;&nbsp;&nbsp;&nbsp;&nbsp;&nbsp;&nbsp;&nbsp;&nbsp;&nbsp;&nbsp;&nbsp;&nbsp;&nbsp;&nbsp;&nbsp;&nbsp;&nbsp;&nbsp;&nbsp; <\/span><span style=\"text-decoration: underline\"><span style=\"color: #0000ff\">NORMATIVA LEGAL<\/span><\/span><\/em><\/strong><\/span><\/p>\n<ul>\n<li>\n<p style=\"text-align: justify\"><span style=\"color: #0000ff\"><em><strong><a style=\"color: #0000ff\" title=\"DECRETO 227\/2011 de 5 de julio, por el que se regula el dep\u00f3sito, el registro y la supervisi\u00f3n de los libros de texto,\" href=\"https:\/\/www.juntadeandalucia.es\/boja\/2011\/142\/d1.pdf\" target=\"_blank\" rel=\"noopener\">DECRETO 227\/2011 de 5 de julio, por el que se regula el dep\u00f3sito, el registro y la supervisi\u00f3n de los libros de texto, as\u00ed como el procedimiento de selecci\u00f3n de los mismos por los centros docentes p\u00fablicos de Andaluc\u00eda.<\/a><\/strong><\/em><\/span><\/p>\n<\/li>\n<li>\n<p style=\"text-align: justify\"><span style=\"color: #0000ff\"><em><strong><a style=\"color: #0000ff\" title=\"Orden de 2005 del PROGRAMA DE GRATUIDAD DE LIBROS DE TEXTO\" href=\"https:\/\/www.juntadeandalucia.es\/boja\/2005\/92\/d6.pdf\" target=\"_blank\" rel=\"noopener\">ORDEN de 27 de abril de 2005, por la que se regula el programa de gratuidad de los libros de texto dirigido al alumnado que curse ense\u00f1anzas obligatorias en los centros docentes sostenidos con fondos p\u00fablicos<\/a><\/strong><\/em><\/span><\/p>\n<\/li>\n<\/ul>\n<p style=\"text-decoration: none;text-align: center\">&nbsp;<\/p>\n<p style=\"text-decoration: none;text-align: justify\"><span style=\"font-family: Arial,Helvetica,sans-serif;font-size: 10pt\">&nbsp;Llame al Tlf: 955.622.161 o en nuestro correo electr\u00f3nico <a href=\"mailto:41008398.averroes@juntadeandalucia.es\">41008398.edu@juntadeandalucia.es<\/a> y nos pondremos en contacto con usted.<\/span><\/p>\n<\/div>\n","protected":false},"excerpt":{"rendered":"<p>LISTADO DE LIBROS DE TEXTO Listado de Libros de texto de 1\u00ba, 2\u00ba, 3\u00ba y 4\u00ba de ESO &nbsp;Listado de Libros de Texto de 1\u00ba&hellip;<\/p>\n","protected":false},"author":1966,"featured_media":0,"parent":0,"menu_order":0,"comment_status":"closed","ping_status":"closed","template":"","meta":{"ngg_post_thumbnail":0,"footnotes":""},"aioseo_notices":[],"_links":{"self":[{"href":"https:\/\/blogsaverroes.juntadeandalucia.es\/ieslauretum\/wp-json\/wp\/v2\/pages\/3396"}],"collection":[{"href":"https:\/\/blogsaverroes.juntadeandalucia.es\/ieslauretum\/wp-json\/wp\/v2\/pages"}],"about":[{"href":"https:\/\/blogsaverroes.juntadeandalucia.es\/ieslauretum\/wp-json\/wp\/v2\/types\/page"}],"author":[{"embeddable":true,"href":"https:\/\/blogsaverroes.juntadeandalucia.es\/ieslauretum\/wp-json\/wp\/v2\/users\/1966"}],"replies":[{"embeddable":true,"href":"https:\/\/blogsaverroes.juntadeandalucia.es\/ieslauretum\/wp-json\/wp\/v2\/comments?post=3396"}],"version-history":[{"count":13,"href":"https:\/\/blogsaverroes.juntadeandalucia.es\/ieslauretum\/wp-json\/wp\/v2\/pages\/3396\/revisions"}],"predecessor-version":[{"id":8622,"href":"https:\/\/blogsaverroes.juntadeandalucia.es\/ieslauretum\/wp-json\/wp\/v2\/pages\/3396\/revisions\/8622"}],"wp:attachment":[{"href":"https:\/\/blogsaverroes.juntadeandalucia.es\/ieslauretum\/wp-json\/wp\/v2\/media?parent=3396"}],"curies":[{"name":"wp","href":"https:\/\/api.w.org\/{rel}","templated":true}]}}