{"id":3422,"date":"2020-05-07T05:12:12","date_gmt":"2020-05-07T05:12:12","guid":{"rendered":"https:\/\/blogsaverroes.juntadeandalucia.es\/ieslauretum\/?page_id=3422"},"modified":"2021-08-29T16:55:38","modified_gmt":"2021-08-29T16:55:38","slug":"dpto-de-filosofia","status":"publish","type":"page","link":"https:\/\/blogsaverroes.juntadeandalucia.es\/ieslauretum\/dpto-de-filosofia\/","title":{"rendered":"DEPARTAMENTO de Filosof\u00eda y Cultura Cl\u00e1sica"},"content":{"rendered":"<div id=\"contenido_sitio\" class=\"tiny_personalizado\" style=\"float: left\">\n<h2 style=\"text-align: center\"><span style=\"text-decoration: underline\"><span style=\"color: #800000\"><strong>DEPARTAMENTO de Filosof\u00eda y Cultura Cl\u00e1sica<\/strong><\/span><\/span><\/h2>\n<p><span style=\"color: #800000\"><span style=\"font-size: 18.6667px\"><strong><em>RECURSOS EDUCATIVOS&nbsp;<\/em><\/strong><\/span><\/span><\/p>\n<h2 class=\"article-main-title\"><a href=\"http:\/\/www.educaciontrespuntocero.com\/recursos\/recursos-asignatura-filosofia\/18376.html\" target=\"_blank\" rel=\"noopener noreferrer\">1.- 30 recursos para la asignatura de Filosof\u00eda en Bachillerato.<\/a><\/h2>\n<p><strong><em><span style=\"font-size: 18pt\"><span style=\"color: #000080\">2<\/span><a href=\"https:\/\/sites.google.com\/site\/valoreseticos2esolauretum\/\" target=\"_blank\" rel=\"noopener noreferrer\"><span style=\"color: #000080\">.- Valores \u00c9ticos de 2\u00ba ESO<\/span><\/a><\/span><\/em><\/strong><\/p>\n<p><span style=\"color: #800000\"><span style=\"font-size: 18.6667px\"><strong><em>&nbsp;<\/em><\/strong><\/span><\/span><\/p>\n<\/div>\n","protected":false},"excerpt":{"rendered":"<p>DEPARTAMENTO de Filosof\u00eda y Cultura Cl\u00e1sica RECURSOS EDUCATIVOS&nbsp; 1.- 30 recursos para la asignatura de Filosof\u00eda en Bachillerato. 2.- Valores \u00c9ticos de 2\u00ba ESO &nbsp;<\/p>\n","protected":false},"author":1966,"featured_media":0,"parent":0,"menu_order":0,"comment_status":"closed","ping_status":"closed","template":"","meta":{"ngg_post_thumbnail":0,"footnotes":""},"aioseo_notices":[],"_links":{"self":[{"href":"https:\/\/blogsaverroes.juntadeandalucia.es\/ieslauretum\/wp-json\/wp\/v2\/pages\/3422"}],"collection":[{"href":"https:\/\/blogsaverroes.juntadeandalucia.es\/ieslauretum\/wp-json\/wp\/v2\/pages"}],"about":[{"href":"https:\/\/blogsaverroes.juntadeandalucia.es\/ieslauretum\/wp-json\/wp\/v2\/types\/page"}],"author":[{"embeddable":true,"href":"https:\/\/blogsaverroes.juntadeandalucia.es\/ieslauretum\/wp-json\/wp\/v2\/users\/1966"}],"replies":[{"embeddable":true,"href":"https:\/\/blogsaverroes.juntadeandalucia.es\/ieslauretum\/wp-json\/wp\/v2\/comments?post=3422"}],"version-history":[{"count":4,"href":"https:\/\/blogsaverroes.juntadeandalucia.es\/ieslauretum\/wp-json\/wp\/v2\/pages\/3422\/revisions"}],"predecessor-version":[{"id":5649,"href":"https:\/\/blogsaverroes.juntadeandalucia.es\/ieslauretum\/wp-json\/wp\/v2\/pages\/3422\/revisions\/5649"}],"wp:attachment":[{"href":"https:\/\/blogsaverroes.juntadeandalucia.es\/ieslauretum\/wp-json\/wp\/v2\/media?parent=3422"}],"curies":[{"name":"wp","href":"https:\/\/api.w.org\/{rel}","templated":true}]}}