{"id":3715,"date":"2020-06-27T09:44:35","date_gmt":"2020-06-27T09:44:35","guid":{"rendered":"https:\/\/blogsaverroes.juntadeandalucia.es\/ieslauretum\/?page_id=3715"},"modified":"2024-06-01T06:43:22","modified_gmt":"2024-06-01T06:43:22","slug":"matriculacion-ee","status":"publish","type":"page","link":"https:\/\/blogsaverroes.juntadeandalucia.es\/ieslauretum\/matriculacion-ee\/","title":{"rendered":"Matriculaci\u00f3n EE"},"content":{"rendered":"<h2 style=\"text-align: center\"><a href=\"https:\/\/www.juntadeandalucia.es\/educacion\/secretariavirtual\/solicitudes\/\" target=\"_blank\" rel=\"noopener noreferrer\"><img loading=\"lazy\" decoding=\"async\" class=\"aligncenter wp-image-3551\" src=\"https:\/\/blogsaverroes.juntadeandalucia.es\/ieslauretum\/files\/2020\/05\/images.png\" alt=\"\" width=\"312\" height=\"208\" srcset=\"https:\/\/blogsaverroes.juntadeandalucia.es\/ieslauretum\/files\/2020\/05\/images.png 275w, https:\/\/blogsaverroes.juntadeandalucia.es\/ieslauretum\/files\/2020\/05\/images-24x16.png 24w, https:\/\/blogsaverroes.juntadeandalucia.es\/ieslauretum\/files\/2020\/05\/images-36x24.png 36w, https:\/\/blogsaverroes.juntadeandalucia.es\/ieslauretum\/files\/2020\/05\/images-48x32.png 48w\" sizes=\"(max-width: 312px) 100vw, 312px\" \/><\/a><\/h2>\n<div class=\"ii gt adO\">\n<div class=\"a3s aXjCH \">\n<div dir=\"ltr\" style=\"text-align: justify\">\n<h2 style=\"text-align: center\"><a href=\"https:\/\/www.juntadeandalucia.es\/educacion\/secretariavirtual\/solicitudes\/\" target=\"_blank\" rel=\"noopener noreferrer\"><span style=\"color: #800000\">MATRICULA DE EDUCACI\u00d3N ESPECIAL<\/span><\/a><\/h2>\n<h3 class=\"MsoBodyText\"><strong><span style=\"color: #800000\">1.- PASO PREVIO:&nbsp; DOCUMENTACI\u00d3N NECESARIA DIGITALIZADA<\/span><\/strong><\/h3>\n<h4><a href=\"https:\/\/drive.google.com\/file\/d\/1z7u71Ab_PCMq7S_xosVz4WREFvmqSsBx\/view?usp=sharing\" target=\"_blank\" rel=\"noopener\"><span style=\"color: #008000\">i) <\/span><span style=\"color: #008000\">CARNET DE ESTUDIANTE y SEGURO ESCOLAR para Ed. Especial<\/span><\/a><\/h4>\n<h3><strong><span style=\"color: #800000\">2.- SEGUNDO PASO: SUBIR LA DOCUMENTACI\u00d3N DIGITALIZADA A LA SECRETARIA VIRTUAL.&nbsp;<\/span><\/strong><\/h3>\n<h4><a href=\"https:\/\/www.juntadeandalucia.es\/educacion\/secretariavirtual\/accesoTramite\/462\/\" target=\"_blank\" rel=\"noopener noreferrer\"><strong><span style=\"color: #008000\">Tr\u00e1mites Generales + Acceso a Presentaci\u00f3n Electr\u00f3nica General en Centros Educativos.<\/span><\/strong><\/a><\/h4>\n<hr>\n<p>&nbsp;<\/p>\n<p><strong><a href=\"https:\/\/drive.google.com\/file\/d\/1UpCD5uNPuyC0sCPfwK6qoXLLNvpS6D-Y\/view?usp=sharing\" target=\"_blank\" rel=\"noopener noreferrer\">A)Donde obtener el c\u00f3digo iANDE en iPASEN<\/a><\/strong><\/p>\n<p><a href=\"https:\/\/www.youtube.com\/watch?v=NNpBF548YsY\" target=\"_blank\" rel=\"noopener noreferrer\"><strong>B) Donde obtener el C\u00f3digo iANDE si no perteneces a la comunidad educativa de ning\u00fan centro educativo p\u00fablico Andaluz.<\/strong><\/a><\/p>\n<p><strong><a href=\"https:\/\/drive.google.com\/file\/d\/1crTG2MZyft-6nrr4555CUZoxciAbdPtA\/view?usp=sharing\" target=\"_blank\" rel=\"noopener noreferrer\">C) V\u00eddeo tutoriales para la matriculaci\u00f3n, obtenci\u00f3n de la clave iANDE y tramites.<\/a><\/strong><\/p>\n<\/div>\n<\/div>\n<\/div>\n","protected":false},"excerpt":{"rendered":"<p>MATRICULA DE EDUCACI\u00d3N ESPECIAL 1.- PASO PREVIO:&nbsp; DOCUMENTACI\u00d3N NECESARIA DIGITALIZADA i) CARNET DE ESTUDIANTE y SEGURO ESCOLAR para Ed. Especial 2.- SEGUNDO PASO: SUBIR LA&hellip;<\/p>\n","protected":false},"author":1966,"featured_media":0,"parent":0,"menu_order":0,"comment_status":"closed","ping_status":"closed","template":"","meta":{"ngg_post_thumbnail":0,"footnotes":""},"aioseo_notices":[],"_links":{"self":[{"href":"https:\/\/blogsaverroes.juntadeandalucia.es\/ieslauretum\/wp-json\/wp\/v2\/pages\/3715"}],"collection":[{"href":"https:\/\/blogsaverroes.juntadeandalucia.es\/ieslauretum\/wp-json\/wp\/v2\/pages"}],"about":[{"href":"https:\/\/blogsaverroes.juntadeandalucia.es\/ieslauretum\/wp-json\/wp\/v2\/types\/page"}],"author":[{"embeddable":true,"href":"https:\/\/blogsaverroes.juntadeandalucia.es\/ieslauretum\/wp-json\/wp\/v2\/users\/1966"}],"replies":[{"embeddable":true,"href":"https:\/\/blogsaverroes.juntadeandalucia.es\/ieslauretum\/wp-json\/wp\/v2\/comments?post=3715"}],"version-history":[{"count":18,"href":"https:\/\/blogsaverroes.juntadeandalucia.es\/ieslauretum\/wp-json\/wp\/v2\/pages\/3715\/revisions"}],"predecessor-version":[{"id":8122,"href":"https:\/\/blogsaverroes.juntadeandalucia.es\/ieslauretum\/wp-json\/wp\/v2\/pages\/3715\/revisions\/8122"}],"wp:attachment":[{"href":"https:\/\/blogsaverroes.juntadeandalucia.es\/ieslauretum\/wp-json\/wp\/v2\/media?parent=3715"}],"curies":[{"name":"wp","href":"https:\/\/api.w.org\/{rel}","templated":true}]}}