{"id":3780,"date":"2020-07-18T15:09:52","date_gmt":"2020-07-18T15:09:52","guid":{"rendered":"https:\/\/blogsaverroes.juntadeandalucia.es\/ieslauretum\/?page_id=3780"},"modified":"2025-03-25T15:03:37","modified_gmt":"2025-03-25T15:03:37","slug":"programa-de-digitalizacion-para-el-alumnado","status":"publish","type":"page","link":"https:\/\/blogsaverroes.juntadeandalucia.es\/ieslauretum\/programa-de-digitalizacion-para-el-alumnado\/","title":{"rendered":"TDE. PROGRAMA DE DIGITALIZACI\u00d3N PARA EL ALUMNADO"},"content":{"rendered":"<div id=\"contenido\" class=\"contenido \">\n<h2 style=\"text-align: center\"><a href=\"https:\/\/www.juntadeandalucia.es\/educacion\/portals\/web\/transformacion-digital-educativa\" target=\"_blank\" rel=\"noopener noreferrer\"><span style=\"text-decoration: underline\"><span style=\"color: #800000;text-decoration: underline\">TDE &#8211; TRANSFORMACI\u00d3N DIGITAL EDUCATIVA<\/span><\/span><\/a><\/h2>\n<div class=\"seccion\" style=\"text-align: center\"><a href=\"https:\/\/blogsaverroes.juntadeandalucia.es\/ieslauretum\/programa-de-digitalizacion-de-centros\/\" target=\"_blank\" rel=\"noopener noreferrer\"><strong style=\"font-family: 'book antiqua', palatino;color: #ff0000;font-size: 18pt;text-align: center\"><em>Programa de Digitalizaci\u00f3n de Centro para el Alumnado<\/em><\/strong><\/a><\/div>\n<\/div>\n<h3 style=\"text-align: center\">&nbsp;<\/h3>\n<div id=\"contenido\" class=\"contenido \">\n<div id=\"contenido_sitio\" class=\"tiny_personalizado\" style=\"float: left\">\n<table style=\"width: 100%\" border=\"0\">\n<tbody>\n<tr style=\"height: 276px\">\n<td style=\"height: 276px;width: 38.0197%\">\n<p style=\"text-align: center\"><span style=\"text-decoration: underline;color: #800000;font-size: 14pt\"><strong><a href=\"https:\/\/educacionadistancia.juntadeandalucia.es\/centros\/login\/index.php\" target=\"_blank\" rel=\"noopener noreferrer\"><span style=\"color: #800000;text-decoration: underline\">ACCESO A MOODLE CENTRO<\/span><\/a><\/strong><\/span><\/p>\n<p><img loading=\"lazy\" decoding=\"async\" class=\"size-full wp-image-3973 aligncenter\" src=\"https:\/\/blogsaverroes.juntadeandalucia.es\/ieslauretum\/files\/2020\/10\/nuevo-logo-moodle.jpg\" alt=\"\" width=\"300\" height=\"127\" srcset=\"https:\/\/blogsaverroes.juntadeandalucia.es\/ieslauretum\/files\/2020\/10\/nuevo-logo-moodle.jpg 300w, https:\/\/blogsaverroes.juntadeandalucia.es\/ieslauretum\/files\/2020\/10\/nuevo-logo-moodle-24x10.jpg 24w, https:\/\/blogsaverroes.juntadeandalucia.es\/ieslauretum\/files\/2020\/10\/nuevo-logo-moodle-36x15.jpg 36w, https:\/\/blogsaverroes.juntadeandalucia.es\/ieslauretum\/files\/2020\/10\/nuevo-logo-moodle-48x20.jpg 48w\" sizes=\"(max-width: 300px) 100vw, 300px\" \/><\/p>\n<h2 style=\"text-align: justify\"><a href=\"https:\/\/www.juntadeandalucia.es\/educacion\/eaprendizaje\/moodle-centros\/\" target=\"_blank\" rel=\"noopener\">Encuentra aqu\u00ed todo lo que necesitas para sacar el m\u00e1ximo partido a la plataforma<\/a><\/h2>\n<h4>&nbsp;<\/h4>\n<hr>\n<h4>&nbsp;<\/h4>\n<\/td>\n<td style=\"text-align: center;height: 276px;width: 61.6024%\"><img loading=\"lazy\" decoding=\"async\" class=\"alignnone size-medium wp-image-3788\" src=\"https:\/\/blogsaverroes.juntadeandalucia.es\/ieslauretum\/files\/2020\/07\/unnamed-300x153.jpg\" alt=\"\" width=\"300\" height=\"153\" srcset=\"https:\/\/blogsaverroes.juntadeandalucia.es\/ieslauretum\/files\/2020\/07\/unnamed-300x153.jpg 300w, https:\/\/blogsaverroes.juntadeandalucia.es\/ieslauretum\/files\/2020\/07\/unnamed-24x12.jpg 24w, https:\/\/blogsaverroes.juntadeandalucia.es\/ieslauretum\/files\/2020\/07\/unnamed-36x18.jpg 36w, https:\/\/blogsaverroes.juntadeandalucia.es\/ieslauretum\/files\/2020\/07\/unnamed-48x25.jpg 48w, https:\/\/blogsaverroes.juntadeandalucia.es\/ieslauretum\/files\/2020\/07\/unnamed.jpg 480w\" sizes=\"(max-width: 300px) 100vw, 300px\" \/>&nbsp;<\/p>\n<h4><strong><span style=\"color: #0000ff\"><a style=\"color: #0000ff\" href=\"https:\/\/drive.google.com\/file\/d\/1kmwRnQp3zk6ODonYODOM44N4Hi47eziQ\/view?usp=sharing\" target=\"_blank\" rel=\"noopener noreferrer\"><span style=\"text-decoration: underline\">1. RUTA IPASEN (TUTORES LEGALES): COMUNICACIONES + RECIBIDAS.<\/span><\/a><\/span><\/strong><\/h4>\n<h4><strong><span style=\"color: #0000ff\">&nbsp;2. <\/span><\/strong><strong style=\"color: #0000ff;font-family: inherit;font-size: inherit\"><a style=\"color: #0000ff\" href=\"https:\/\/drive.google.com\/file\/d\/1kmwRnQp3zk6ODonYODOM44N4Hi47eziQ\/view?usp=sharing\" target=\"_blank\" rel=\"noopener noreferrer\">MANUAL PARA RESTABLECER CONTRASE\u00d1A PARA EL ALUMNADO (MOODLE Y PASEN<\/a><\/strong><a style=\"color: #0000ff\" href=\"https:\/\/drive.google.com\/file\/d\/1d7xZiaRf8fvecq1iCxfvuD4lRiXes_ob\/view?usp=sharing\" target=\"_blank\" rel=\"noopener noreferrer\">)<\/a><\/h4>\n<h3><strong><a href=\"https:\/\/youtu.be\/70L0N0kXVXA?feature=shared\" target=\"_blank\" rel=\"noopener\"><span style=\"font-family: inherit;font-size: inherit;color: #0000ff\">3. Actualizar correo electr\u00f3nico en PASEN<\/span><\/a><\/strong><\/h3>\n<h4><a href=\"https:\/\/youtu.be\/K3LZkfI7LPc?feature=shared\" target=\"_blank\" rel=\"noopener\"><strong><span style=\"color: #0000ff\">4. Acceder a Ipasen es f\u00e1cil<\/span><\/strong><\/a><\/h4>\n<div id=\"top-row\" class=\"style-scope ytd-watch-metadata\">\n<div id=\"owner\" class=\"item style-scope ytd-watch-metadata\">&nbsp;<\/div>\n<\/div>\n<\/td>\n<\/tr>\n<tr style=\"height: 168px\">\n<td style=\"text-align: center;height: 168px;width: 38.0197%\">\n<h3><span style=\"text-decoration: underline\"><span style=\"font-size: 14pt;color: #800000;text-decoration: underline\"><strong><em>APP &#8211; MOODLE PARA M\u00d3VIL<\/em><\/strong><\/span><\/span><\/h3>\n<h3 class=\"title style-scope ytd-video-primary-info-renderer\"><strong><span style=\"color: #0000ff\"><a style=\"color: #0000ff\" href=\"https:\/\/www.youtube.com\/watch?v=Z6jvtJyAdow&amp;feature=emb_logo\" target=\"_blank\" rel=\"noopener noreferrer\">1. App Moodle para m\u00f3vil: uso para el alumnado<\/a><\/span><\/strong><\/h3>\n<h3><span style=\"text-decoration: underline\"><span style=\"font-size: 14pt;color: #800000;text-decoration: underline\"><strong><em><img loading=\"lazy\" decoding=\"async\" class=\"alignnone size-full wp-image-4201\" src=\"https:\/\/blogsaverroes.juntadeandalucia.es\/ieslauretum\/files\/2020\/12\/unnamed.png\" alt=\"\" width=\"250\" height=\"250\" srcset=\"https:\/\/blogsaverroes.juntadeandalucia.es\/ieslauretum\/files\/2020\/12\/unnamed.png 250w, https:\/\/blogsaverroes.juntadeandalucia.es\/ieslauretum\/files\/2020\/12\/unnamed-150x150.png 150w, https:\/\/blogsaverroes.juntadeandalucia.es\/ieslauretum\/files\/2020\/12\/unnamed-100x100.png 100w, https:\/\/blogsaverroes.juntadeandalucia.es\/ieslauretum\/files\/2020\/12\/unnamed-24x24.png 24w, https:\/\/blogsaverroes.juntadeandalucia.es\/ieslauretum\/files\/2020\/12\/unnamed-36x36.png 36w, https:\/\/blogsaverroes.juntadeandalucia.es\/ieslauretum\/files\/2020\/12\/unnamed-48x48.png 48w\" sizes=\"(max-width: 250px) 100vw, 250px\" \/><\/em><\/strong><\/span><\/span><\/h3>\n<h2><span style=\"text-decoration: underline\"><span style=\"color: #800000;text-decoration: underline\"><strong>INTERNET Y RESPONSABILIDAD DIGITAL<\/strong><\/span><\/span><\/h2>\n<p style=\"text-align: left\"><a href=\"https:\/\/view.genial.ly\/619e27d77ea89a0ddd2634f0\/learning-experience-didactic-unit-internet-y-responsabilidad-digital\" target=\"_blank\" rel=\"noopener noreferrer\"><span style=\"color: #0000ff\"><strong>1.- Internet y responsabilidad digital<\/strong><\/span><\/a><\/p>\n<hr>\n<h2><span style=\"text-decoration: underline;color: #800000\">BIBLIOTECA FERNANDO CANCA<\/span><\/h2>\n<ol>\n<li style=\"text-align: left\">\n<h3><strong><a href=\"https:\/\/youtu.be\/rEi4iBpdZTg?feature=shared\" target=\"_blank\" rel=\"noopener\"><span style=\"font-family: inherit;font-size: inherit;color: #0000ff\">Renovar un libro de la biblioteca en PASEN<\/span><\/a><\/strong><\/h3>\n<\/li>\n<\/ol>\n<div id=\"top-row\" class=\"style-scope ytd-watch-metadata\">\n<div id=\"owner\" class=\"item style-scope ytd-watch-metadata\">&nbsp;<\/div>\n<\/div>\n<hr>\n<\/td>\n<td style=\"height: 168px;width: 61.6024%\">\n<h3 style=\"text-align: center\"><span style=\"color: #800000\"><strong><em><span style=\"font-family: 'book antiqua', palatino\"><span style=\"font-size: 14pt\"><span style=\"text-decoration: underline\"><img loading=\"lazy\" decoding=\"async\" class=\"size-medium wp-image-3788 aligncenter\" src=\"https:\/\/blogsaverroes.juntadeandalucia.es\/ieslauretum\/files\/2020\/07\/unnamed-300x153.jpg\" alt=\"\" width=\"300\" height=\"153\" srcset=\"https:\/\/blogsaverroes.juntadeandalucia.es\/ieslauretum\/files\/2020\/07\/unnamed-300x153.jpg 300w, https:\/\/blogsaverroes.juntadeandalucia.es\/ieslauretum\/files\/2020\/07\/unnamed-24x12.jpg 24w, https:\/\/blogsaverroes.juntadeandalucia.es\/ieslauretum\/files\/2020\/07\/unnamed-36x18.jpg 36w, https:\/\/blogsaverroes.juntadeandalucia.es\/ieslauretum\/files\/2020\/07\/unnamed-48x25.jpg 48w, https:\/\/blogsaverroes.juntadeandalucia.es\/ieslauretum\/files\/2020\/07\/unnamed.jpg 480w\" sizes=\"(max-width: 300px) 100vw, 300px\" \/><\/span><\/span><\/span><\/em><\/strong><\/span><\/h3>\n<h4><a href=\"https:\/\/youtu.be\/7ShGT1uK_Wg\" target=\"_blank\" rel=\"noopener noreferrer\"><span style=\"color: #0000ff\"><strong>1.- \u00bfQU\u00c9 ES PASEN?<\/strong><\/span><\/a><\/h4>\n<h4><span style=\"color: #0000ff\"><strong><a style=\"color: #0000ff\" href=\"https:\/\/www.youtube.com\/watch?v=3z6eWjQWnuc&amp;feature=youtu.be\" target=\"_blank\" rel=\"noopener noreferrer\">2.- VIDEO TUTORIAL: AUTOLOGIN <\/a>(GENERAR NUEVA CLAVE PARA PASEN E IPASEN)<\/strong><\/span><\/h4>\n<h4><span style=\"color: #0000ff\"><strong><a style=\"color: #0000ff\" href=\"https:\/\/www.youtube.com\/watch?v=4wpfNUIgK6k\" target=\"_blank\" rel=\"noopener noreferrer\">3.- C\u00d3MO RESTABLECER CONTRASE\u00d1A DE IPASEN<\/a><\/strong><\/span><\/h4>\n<h4><span style=\"color: #0000ff\"><strong>&nbsp;<a style=\"color: #0000ff\" href=\"https:\/\/drive.google.com\/file\/d\/1Judy4lXOSiCF32mP45SdG0DsdywLuxsM\/view?usp=sharing\" target=\"_blank\" rel=\"noopener noreferrer\">4.- MANUAL DE PASEN.<\/a><\/strong><\/span><\/h4>\n<hr>\n<h2 style=\"text-align: center\"><span style=\"text-decoration: underline\"><strong><em><span style=\"color: #800000;text-decoration: underline\">MANUAL DEL BUEN USO DE LAS TECNOLOG\u00cdAS<\/span><\/em><\/strong><\/span><\/h2>\n<p style=\"text-align: justify\"><a href=\"https:\/\/drive.google.com\/file\/d\/1Hmo56Z_p135bTuHO2dyiv_szK8SXmII2\/view?usp=sharing\" target=\"_blank\" rel=\"noopener noreferrer\"><span style=\"color: #0000ff\"><strong>1. Manual de uso de la inform\u00e1tica<\/strong><\/span><\/a><\/p>\n<p><a href=\"https:\/\/blogsaverroes.juntadeandalucia.es\/ieslauretum\/files\/2023\/03\/Captura.jpg\"><img loading=\"lazy\" decoding=\"async\" class=\"alignnone size-medium wp-image-7425\" src=\"https:\/\/blogsaverroes.juntadeandalucia.es\/ieslauretum\/files\/2023\/03\/Captura-300x156.jpg\" alt=\"\" width=\"300\" height=\"156\" srcset=\"https:\/\/blogsaverroes.juntadeandalucia.es\/ieslauretum\/files\/2023\/03\/Captura-300x156.jpg 300w, https:\/\/blogsaverroes.juntadeandalucia.es\/ieslauretum\/files\/2023\/03\/Captura-1024x533.jpg 1024w, https:\/\/blogsaverroes.juntadeandalucia.es\/ieslauretum\/files\/2023\/03\/Captura-768x400.jpg 768w, https:\/\/blogsaverroes.juntadeandalucia.es\/ieslauretum\/files\/2023\/03\/Captura-1536x799.jpg 1536w, https:\/\/blogsaverroes.juntadeandalucia.es\/ieslauretum\/files\/2023\/03\/Captura.jpg 1557w\" sizes=\"(max-width: 300px) 100vw, 300px\" \/><\/a><\/p>\n<p><a href=\"https:\/\/view.genial.ly\/5c63e8b07a5d8d76230ea4d0\/interactive-content-seguridad-y-uso-responsable-de-internet\" target=\"_blank\" rel=\"noopener noreferrer\"><span style=\"color: #0000ff\"><strong>2.- Pautas de seguridad y uso responsable de Internet<\/strong><\/span><\/a><\/td>\n<\/tr>\n<tr>\n<td style=\"text-align: center;width: 38.0197%\">\n<h2><a href=\"https:\/\/view.genial.ly\/601a9ccdc4cdec0d1c750f04\" target=\"_blank\" rel=\"noopener noreferrer\"><img loading=\"lazy\" decoding=\"async\" class=\"alignnone wp-image-4741 \" src=\"https:\/\/blogsaverroes.juntadeandalucia.es\/ieslauretum\/files\/2021\/02\/Captura-3-300x193.jpg\" alt=\"\" width=\"261\" height=\"168\" srcset=\"https:\/\/blogsaverroes.juntadeandalucia.es\/ieslauretum\/files\/2021\/02\/Captura-3-300x193.jpg 300w, https:\/\/blogsaverroes.juntadeandalucia.es\/ieslauretum\/files\/2021\/02\/Captura-3.jpg 458w\" sizes=\"(max-width: 261px) 100vw, 261px\" \/><\/a><\/h2>\n<p><strong><span style=\"color: #0000ff\"><a style=\"color: #0000ff\" href=\"https:\/\/view.genial.ly\/601a9ccdc4cdec0d1c750f04\">a) GOOGLE SITES por el maestro mallo en Genially<\/a><\/span><\/strong><\/p>\n<p><strong><span style=\"color: #0000ff\"><a style=\"color: #0000ff\" href=\"https:\/\/drive.google.com\/file\/d\/1LqJTzYWHWiPJgifEtXLxT1gNEO7snRxt\/view?usp=sharing\" target=\"_blank\" rel=\"noopener noreferrer\">b) Entremos en las clases de Classroom con el usuario de Moodle y Pasen<\/a><\/span><\/strong><\/p>\n<hr>\n<h2><span style=\"text-decoration: underline\"><span style=\"font-size: 14pt;color: #800000;text-decoration: underline\"><strong><em>ESCANEAR DOCUMENTOS<\/em><\/strong><\/span><\/span><\/h2>\n<h4 class=\"title style-scope ytd-video-primary-info-renderer\"><strong style=\"font-family: inherit;font-size: inherit\"><a href=\"https:\/\/www.youtube.com\/watch?v=Ex9Uws4YkNc&amp;feature=youtu.be\" target=\"_blank\" rel=\"noopener noreferrer\"><span style=\"color: #0000ff\">1.- Digitalizar con CamScanner<\/span><\/a><\/strong><\/h4>\n<p><a href=\"https:\/\/www.youtube.com\/watch?v=Ex9Uws4YkNc&amp;feature=youtu.be\" target=\"_blank\" rel=\"noopener noreferrer\"><img loading=\"lazy\" decoding=\"async\" class=\"alignnone wp-image-4742 size-medium\" src=\"https:\/\/blogsaverroes.juntadeandalucia.es\/ieslauretum\/files\/2021\/02\/hqdefault-300x225.jpg\" alt=\"\" width=\"300\" height=\"225\" srcset=\"https:\/\/blogsaverroes.juntadeandalucia.es\/ieslauretum\/files\/2021\/02\/hqdefault-300x225.jpg 300w, https:\/\/blogsaverroes.juntadeandalucia.es\/ieslauretum\/files\/2021\/02\/hqdefault.jpg 480w\" sizes=\"(max-width: 300px) 100vw, 300px\" \/><\/a><\/p>\n<div id=\"info\" class=\"style-scope ytd-video-primary-info-renderer\">\n<div id=\"info\" class=\"style-scope ytd-video-primary-info-renderer\">\n<h4 class=\"title style-scope ytd-video-primary-info-renderer\"><strong><a href=\"https:\/\/www.youtube.com\/watch?v=eeidiEjX8ok&amp;feature=youtu.be\" target=\"_blank\" rel=\"noopener noreferrer\"><span style=\"color: #0000ff\">2.-V\u00eddeo tutorial para escanear documentos con la aplicaci\u00f3n de Google Drive<\/span><\/a><\/strong><\/h4>\n<hr>\n<h4 class=\"title style-scope ytd-video-primary-info-renderer\"><span style=\"color: #800000;font-family: inherit;font-size: inherit\">ALUMNADO AYUDANTE DIGITAL ANDALUZ<\/span><\/h4>\n<\/div>\n<ol>\n<li style=\"text-align: left\">\n<p style=\"text-align: justify\"><strong><span style=\"color: #808000\">Realizada por alumnado voluntario de 1\u00ba y 2\u00ba de ESO que trabajan, desde las tutor\u00edas entre iguales, la actividad&nbsp;que desarrolla dentro de los&nbsp;espacios online&nbsp;y las&nbsp;relaciones&nbsp;que mantienen en los&nbsp;entornos virtuales. <\/span><\/strong><\/p>\n<p style=\"text-align: justify\"><strong><span style=\"color: #808000\"><em>\u201cUna buena ciberconvivencia hace de Internet un lugar agradable<\/em>.\u201d<\/span><\/strong><\/p>\n<p><strong>4.1.- <\/strong><a href=\"https:\/\/view.genially.com\/65acc2b930396b0014c678ed\/presentation-ciberconvivenvia-programa-ada-2324\"><strong>CIBERCONVIVENCIA<\/strong><\/a><\/p>\n<p><strong>4.2.- <a href=\"https:\/\/www.canva.com\/design\/DAGereAda0I\/Ul2nrKGx-x5xeCO5yiMJkw\/edit\">CIBERACOSO<\/a><\/strong><\/li>\n<\/ol>\n<\/div>\n<\/td>\n<td style=\"width: 61.6024%\">\n<h2 style=\"text-align: center\"><span style=\"text-decoration: underline\"><em><strong><span style=\"color: #800000;text-decoration: underline\">GU\u00cdA DE HERRAMIENTAS B\u00c1SICAS PARA ESTUDIANTES: APPS Y WEBS<\/span><\/strong><\/em><\/span><\/h2>\n<h2 style=\"text-align: center\"><span style=\"text-decoration: underline\"><span style=\"color: #800080;text-decoration: underline\">WEBS<\/span><\/span><\/h2>\n<h4><span style=\"color: #0000ff\"><a style=\"color: #0000ff\" href=\"https:\/\/www.bing.com\/images\/search?sp=-1&amp;pq=i&amp;sc=8-1&amp;cvid=95AC4B7875614B9A8D8F491129D12F4B&amp;q=I&amp;qft=+filterui:license-L2_L3_L4_L5_L6_L7&amp;form=IRFLTR&amp;first=1&amp;tsc=ImageBasicHover\" target=\"_blank\" rel=\"noopener noreferrer\"><strong>1.- Bing Im\u00e1genes <span style=\"color: #008000\">(Filtros de licencias, pudiendo ser de dominio p\u00fablico.)<\/span><\/strong><\/a><\/span><\/h4>\n<h4><strong><span style=\"color: #008000\"><span style=\"color: #0000ff\">2.- <\/span><a style=\"color: #008000\" href=\"https:\/\/www.genial.ly\/login\" target=\"_blank\" rel=\"noopener noreferrer\"><span style=\"color: #0000ff\">Genially.<\/span><\/a><\/span><span style=\"color: #008000\"><a style=\"color: #008000\" href=\"https:\/\/www.genial.ly\/login\" target=\"_blank\" rel=\"noopener noreferrer\"> (P<\/a><\/span><span style=\"color: #008000\"><a style=\"color: #008000\" href=\"https:\/\/www.genial.ly\/login\" target=\"_blank\" rel=\"noopener noreferrer\">resentaciones, infograf\u00edas u otros dise\u00f1os de forma sencilla. Web<\/a><a style=\"color: #008000\" href=\"https:\/\/www.xataka.com\/empresas-y-economia\/genially-startup-cordobesa-que-aspira-a-ser-alternativa-a-powerpoint-sus-contenidos-interactivos\" target=\"_top\" rel=\"noopener noreferrer\"> cordobesa<\/a><a style=\"color: #008000\" href=\"https:\/\/www.genial.ly\/login\" target=\"_blank\" rel=\"noopener noreferrer\">.)<\/a><\/span><\/strong><\/h4>\n<h4><a href=\"https:\/\/www.ilovepdf.com\/\" target=\"_blank\" rel=\"noopener noreferrer\"><span style=\"color: #008000\"><strong><span style=\"color: #0000ff\">3.- ILovePDF.<\/span> (Todo lo que puedas querer hacer con un PDF lo tienes aqu\u00ed, convertir a todos los formatos Word, PowerPoint o Excel,&nbsp; im\u00e1genes JPG o convertir las im\u00e1genes en PDF,&nbsp;unir o separara varios archivos PDF, descomprimir, editar, a\u00f1adir marcas de agua, desbloquearlos o bloquearlos.)<\/strong><\/span><\/a><\/h4>\n<h4><a href=\"https:\/\/create.kahoot.it\/auth\/login\" target=\"_blank\" rel=\"noopener noreferrer\"><span style=\"color: #0000ff\"><strong>4.- Kahoot. <span style=\"color: #008000\">(Gamificaci\u00f3n del aprendizaje, permitiendo hacer cuestionarios en formato de juegos con los que ganas puntos por las respuestas correctas.)<\/span><\/strong><\/span><\/a><\/h4>\n<h4><a href=\"https:\/\/mega.io\/\" target=\"_blank\" rel=\"noopener noreferrer\"><strong><span style=\"color: #008000\"><span style=\"color: #0000ff\">5.- Mega.<\/span> (Comunicaci\u00f3n y almacenamiento 50 GB GRATIS*seguros en la nube.)<\/span><\/strong><\/a><\/h4>\n<h4><a href=\"https:\/\/www.mystudylife.com\/\" target=\"_blank\" rel=\"noopener noreferrer\"><strong><span style=\"color: #0000ff\">6. -My Study Life.<\/span> <span style=\"color: #008000\">(Organice clases, tareas y ex\u00e1menes y conferencias)<\/span><\/strong><\/a><\/h4>\n<h4><span style=\"color: #0000ff\"><strong>7.- <a style=\"color: #0000ff\" href=\"https:\/\/obsproject.com\/es\" target=\"_blank\" rel=\"noopener noreferrer\">Open Broadcaster Software | OBS <span style=\"color: #008000\">(<\/span><\/a><span style=\"color: #008000\"><span style=\"font-family: inherit;font-size: inherit\">Software libre y de c\u00f3digo abierto para grabaci\u00f3n de video y transmisi\u00f3n en vivo en<\/span><span style=\"font-family: inherit;font-size: inherit\">&nbsp;Windows, Mac o Linux.<\/span><\/span><\/strong><\/span><\/h4>\n<h4 id=\"forwardForm\"><strong><span style=\"color: #0000ff\"><a style=\"color: #0000ff\" href=\"https:\/\/www.youtube.com\/education\" target=\"_blank\" rel=\"noopener noreferrer\">8.- Yotube aprendizaje.<span style=\"color: #008000\"> (Plataforma que ofrece contenido educativo para adolescentes)<\/span><\/a><\/span><\/strong><\/h4>\n<p><a href=\"https:\/\/wuolah.com\/\" target=\"_blank\" rel=\"noopener noreferrer\"><strong><span style=\"color: #0000ff\">9.- Apuntes de ESO-Bachillerato-Universidad (Wuolah)<\/span><\/strong><\/a><\/p>\n<h2 style=\"text-align: center\"><span style=\"text-decoration: underline;color: #800080\"><strong>APPS<\/strong><\/span><\/h2>\n<h4><strong><span style=\"color: #0000ff\"><a style=\"color: #0000ff\" href=\"https:\/\/www.google.es\/drive\/\" target=\"_blank\" rel=\"noopener noreferrer\">1.- Drive Google. <span style=\"color: #008000\">(<\/span><\/a><\/span><\/strong><span style=\"color: #0000ff\"><a style=\"color: #0000ff\" href=\"https:\/\/www.google.es\/drive\/\" target=\"_blank\" rel=\"noopener noreferrer\"><span style=\"color: #008000\">Incluye una suite ofim\u00e1tica gratuita<\/span><\/a><\/span><span style=\"color: #0000ff\"><a style=\"color: #0000ff\" href=\"https:\/\/www.google.es\/drive\/\" target=\"_blank\" rel=\"noopener noreferrer\"><span style=\"color: #008000\">&nbsp; Documentos, Hojas de Calculo y Presentaciones)<\/span><\/a><\/span><\/h4>\n<h4><a href=\"https:\/\/lens.google.com\/intl\/es-419\/#!#download\" target=\"_blank\" rel=\"noopener noreferrer\"><span style=\"color: #008000\"><strong><span style=\"color: #0000ff\">2.- Lens Google<\/span>. <\/strong>(Digitalizar textos hasta traducirlos con realidad aumentada&nbsp; y mucho m\u00e1s)<\/span><\/a><\/h4>\n<h3 style=\"text-align: center\"><span style=\"color: #008000\">&nbsp;<\/span><\/h3>\n<\/td>\n<\/tr>\n<\/tbody>\n<\/table>\n<p><span style=\"font-family: Arial,Helvetica,sans-serif;font-size: 10pt\">Llame al Tlf: 955.622.161 o en nuestro correo electr\u00f3nico <a href=\"mailto:41008398.averroes@juntadeandalucia.es\">41008398.edu@juntadeandalucia.es<\/a> y nos pondremos en contacto con usted.<\/span><\/p>\n<\/div>\n<div style=\"clear: both\">&nbsp;<\/div>\n<\/div>\n","protected":false},"excerpt":{"rendered":"<p>TDE &#8211; TRANSFORMACI\u00d3N DIGITAL EDUCATIVA Programa de Digitalizaci\u00f3n de Centro para el Alumnado &nbsp; ACCESO A MOODLE CENTRO Encuentra aqu\u00ed todo lo que necesitas para&hellip;<\/p>\n","protected":false},"author":1966,"featured_media":0,"parent":0,"menu_order":0,"comment_status":"closed","ping_status":"closed","template":"","meta":{"ngg_post_thumbnail":0,"footnotes":""},"aioseo_notices":[],"_links":{"self":[{"href":"https:\/\/blogsaverroes.juntadeandalucia.es\/ieslauretum\/wp-json\/wp\/v2\/pages\/3780"}],"collection":[{"href":"https:\/\/blogsaverroes.juntadeandalucia.es\/ieslauretum\/wp-json\/wp\/v2\/pages"}],"about":[{"href":"https:\/\/blogsaverroes.juntadeandalucia.es\/ieslauretum\/wp-json\/wp\/v2\/types\/page"}],"author":[{"embeddable":true,"href":"https:\/\/blogsaverroes.juntadeandalucia.es\/ieslauretum\/wp-json\/wp\/v2\/users\/1966"}],"replies":[{"embeddable":true,"href":"https:\/\/blogsaverroes.juntadeandalucia.es\/ieslauretum\/wp-json\/wp\/v2\/comments?post=3780"}],"version-history":[{"count":49,"href":"https:\/\/blogsaverroes.juntadeandalucia.es\/ieslauretum\/wp-json\/wp\/v2\/pages\/3780\/revisions"}],"predecessor-version":[{"id":8536,"href":"https:\/\/blogsaverroes.juntadeandalucia.es\/ieslauretum\/wp-json\/wp\/v2\/pages\/3780\/revisions\/8536"}],"wp:attachment":[{"href":"https:\/\/blogsaverroes.juntadeandalucia.es\/ieslauretum\/wp-json\/wp\/v2\/media?parent=3780"}],"curies":[{"name":"wp","href":"https:\/\/api.w.org\/{rel}","templated":true}]}}